{"id":6352,"date":"2025-11-17T17:10:49","date_gmt":"2025-11-17T17:10:49","guid":{"rendered":"https:\/\/waboom.net\/?page_id=6352"},"modified":"2025-11-19T13:16:37","modified_gmt":"2025-11-19T13:16:37","slug":"6352-2","status":"publish","type":"page","link":"https:\/\/waboom.net\/sv\/6352-2\/","title":{"rendered":"WABOOM VS WATI"},"content":{"rendered":"<h1 class=\"wp-block-heading\">Sluta sl\u00f6sa pengar p\u00e5 meddelandeplattformar som l\u00e5ter dig g\u00f6ra allt arbete<\/h1>\n\n\n\n<p>L\u00e5t oss g\u00e5 rakt p\u00e5 sak: de flesta WhatsApp-plattformar ser fantastiska ut p\u00e5 papper med blanka dashboards, bots och automatisering. Men n\u00e4r det g\u00e4ller att skala upp din verksamhet, l\u00e4mnar de flesta av dem dig med huvuddelen: att hantera kostnader, optimera annonser, bygga fl\u00f6den och fels\u00f6ka supportproblem.<\/p>\n\n\n\n<p>Om du vill <strong>f\u00f6ruts\u00e4gbar priss\u00e4ttning, praktisk tillv\u00e4xtimplementering och en sann partner i din verksamhet<\/strong>, du m\u00e5ste se skillnaden mellan <strong>WABOOM<\/strong> och <strong>WATI<\/strong>  Plattformen kontra fullservicepartnern f\u00f6r tillv\u00e4xt. H\u00e4r \u00e4r f\u00f6rdelningen.<\/p>\n\n\n\n<h2 class=\"wp-block-heading\">WABOOM vs. WATI: J\u00e4mf\u00f6relse funktion f\u00f6r funktion<\/h2>\n\n\n\n<figure class=\"wp-block-table\"><table class=\"has-fixed-layout\"><thead><tr><th>S\u00e4rdrag<\/th><th><strong>WABOOM (fullservicepartner f\u00f6r tillv\u00e4xt)<\/strong><\/th><th><strong>WATI (sj\u00e4lvbetj\u00e4ningsplattform)<\/strong><\/th><\/tr><\/thead><tbody><tr><td><strong>Metakonversation \/ Meddelandekostnad<\/strong><\/td><td><strong>0%-markering<\/strong>  fast plattformsavgift + faktisk Meta-kostnad. Transparent.<\/td><td>Betala per meddelande (mall + session). Avgifter tillkommer ut\u00f6ver Meta-kostnaderna.<\/td><\/tr><tr><td><strong>Priss\u00e4ttningstransparens<\/strong><\/td><td>Enkelt, f\u00f6ruts\u00e4gbart, inga \u00f6verraskningar.<\/td><td>Prenumeration + krediter f\u00f6r meddelanden. Kostnaderna varierar beroende p\u00e5 meddelandetyp och volym.<\/td><\/tr><tr><td><strong>Agent-\/Teaminloggningar<\/strong><\/td><td>Obegr\u00e4nsade agentinloggningar p\u00e5 de flesta planer.<\/td><td>Inkluderar flera anv\u00e4ndare\/platser; extra anv\u00e4ndare kostar.<\/td><\/tr><tr><td><strong>Annonsstrategi och exekvering<\/strong><\/td><td>Fullservice: WABOOM hanterar Click-to-WhatsApp-annonser, segmentering och optimering.<\/td><td>Tillhandah\u00e5ller annonsverktyg, men strategi och optimering hanteras av anv\u00e4ndaren.<\/td><\/tr><tr><td><strong>Klicka-f\u00f6r-att-WhatsApp-annonser<\/strong><\/td><td>Avancerad segmentering + CAPI-nativ integration + routing till r\u00e4tt fl\u00f6den.<\/td><td>St\u00f6ds av Campaign Manager; kr\u00e4ver manuell konfiguration f\u00f6r djup optimering.<\/td><\/tr><tr><td><strong>Chatbot \/ Automationsbyggare<\/strong><\/td><td>Helt uppl\u00e5st dra-och-sl\u00e4pp utan &quot;funktionsskatt&quot;.\u201c<\/td><td>Chatbot-byggaren st\u00f6der AI-svar, automatisering av s\u00f6kord och formul\u00e4r. Det finns begr\u00e4nsningar f\u00f6r antalet sessioner per plan.<\/td><\/tr><tr><td><strong>API\/Webhook-\u00e5tkomst<\/strong><\/td><td>Obegr\u00e4nsad, obegr\u00e4nsad, enkel CRM- och backend-integration.<\/td><td>Fullst\u00e4ndig API-\u00e5tkomst, webhook-st\u00f6d, integrationsklar men kr\u00e4ver teknisk installation.<\/td><\/tr><tr><td><strong>St\u00f6dmodell<\/strong><\/td><td>Dedikerad kontoansvarig + proaktiv support via Zoom, telefon, chatt.<\/td><td>Standardchatt-\/e-postsupport; f\u00f6retags-\/f\u00f6retagsabonnemang f\u00e5r mer praktisk hj\u00e4lp.<\/td><\/tr><tr><td><strong>S\u00e4ndning \/ Meddelanden i h\u00f6g volym<\/strong><\/td><td>Hastighet, tillf\u00f6rlitlighet och leverans i f\u00f6retagsklass.<\/td><td>St\u00f6der stora volymer, men kostnaden skalas med meddelandekrediter.<\/td><\/tr><\/tbody><\/table><\/figure>\n\n\n\n<h2 class=\"wp-block-heading\">De verkliga skillnaderna som spelar roll<\/h2>\n\n\n\n<h3 class=\"wp-block-heading\">1. Dolda kostnader och f\u00f6ruts\u00e4gbar avkastning p\u00e5 investeringen<\/h3>\n\n\n\n<ul class=\"wp-block-list\">\n<li><strong>WABOOM-f\u00f6rdel<\/strong><br>Noll p\u00e5slag = full transparens. Allt eftersom du skalar upp skalas dina kostnader f\u00f6ruts\u00e4gbart med Metas avgifter. Inga krediter att fylla p\u00e5, inget gissningslek.<\/li>\n\n\n\n<li><strong>WATI-avv\u00e4gning<\/strong><br>Betala per meddelande-system g\u00f6r prognoser sv\u00e5rare. Du m\u00e5ste sp\u00e5ra kreditanv\u00e4ndning, meddelandetyper och volym f\u00f6r att undvika \u00f6verraskningar.<\/li>\n<\/ul>\n\n\n\n<h3 class=\"wp-block-heading\">2. Verktyg kontra sann tillv\u00e4xtpartner<\/h3>\n\n\n\n<ul class=\"wp-block-list\">\n<li><strong>WABOOM-f\u00f6rdel<\/strong><br>Vi ger dig inte bara verktyg, vi driver kampanjer, optimerar fl\u00f6den och hanterar konverteringstrattar \u00e5t dig. Du fokuserar p\u00e5 tillv\u00e4xt; vi hanterar genomf\u00f6randet.<\/li>\n\n\n\n<li><strong>WATI-avv\u00e4gning<\/strong><br>Perfekt f\u00f6r g\u00f6r-det-sj\u00e4lvare eller team med utvecklingsresurser. Men om du vill ha f\u00e4rdig strategi och kampanjoptimering? Det \u00e4r upp till dig.<\/li>\n<\/ul>\n\n\n\n<h3 class=\"wp-block-heading\">3. St\u00f6d du faktiskt kan lita p\u00e5<\/h3>\n\n\n\n<ul class=\"wp-block-list\">\n<li><strong>WABOOM-f\u00f6rdel<\/strong><br>Dedikerad kontoansvarig, Zoom, telefon och chatt. Proaktiv \u00f6vervakning s\u00e4kerst\u00e4ller att problem l\u00f6ses innan de p\u00e5verkar int\u00e4kterna.<\/li>\n\n\n\n<li><strong>WATI-avv\u00e4gning<\/strong><br>Supporten \u00e4r gedigen, s\u00e4rskilt p\u00e5 mer avancerade planer, men den dagliga fels\u00f6kningen kan vara l\u00e5ngsammare. Du f\u00f6rlitar dig mer p\u00e5 dokumentation och sj\u00e4lvbetj\u00e4ning.<\/li>\n<\/ul>\n\n\n\n<h2 class=\"wp-block-heading\"> WABOOM vs. WATI: F\u00f6r- och nackdelar<\/h2>\n\n\n\n<figure class=\"wp-block-table\"><table class=\"has-fixed-layout\"><thead><tr><th>Kategori<\/th><th><strong>WABOOM (Tillv\u00e4xtpartner)<\/strong><\/th><th><strong>WATI (Plattform)<\/strong><\/th><\/tr><\/thead><tbody><tr><td><strong>F\u00f6rdelar<\/strong><\/td><td>Noll p\u00e5slag p\u00e5 Meta-kostnader. Fullst\u00e4ndig annonsk\u00f6rning. Obegr\u00e4nsat antal agenter. H\u00f6gpresterande support. F\u00f6ruts\u00e4gbar, skalbar kostnadsmodell.<\/td><td>Flexibel priss\u00e4ttning per anv\u00e4ndning. Stark chatbotbyggare och automatisering. API och integrationer. St\u00f6der meddelanden med h\u00f6g volym.<\/td><\/tr><tr><td><strong>Nackdelar \/ Avv\u00e4gningar<\/strong><\/td><td>Fast plattformsavgift kr\u00e4vs. Kr\u00e4ver f\u00f6rtroende f\u00f6r en partner.<\/td><td>Kostnadsprognoser kan vara komplexa. Mer teknisk installation kr\u00e4vs. Support mindre proaktiv om det inte finns i f\u00f6retagsplanen.<\/td><\/tr><\/tbody><\/table><\/figure>\n\n\n\n<h2 class=\"wp-block-heading\"> Vanliga fr\u00e5gor<\/h2>\n\n\n\n<p><strong>F: Har WABOOM verkligen 0%-m\u00e4rkning?<\/strong><br><strong>A:<\/strong> Ja, du betalar exakt den kostnaden f\u00f6r Meta plus en fast plattformsavgift. Inga \u00f6verraskningar.<\/p>\n\n\n\n<p><strong>F: Kan WATI k\u00f6ra Click-to-WhatsApp-kampanjer?<\/strong><br><strong>A:<\/strong> Ja, men du hanterar exekvering och optimering. WABOOM k\u00f6r och optimerar kampanjer \u00e5t dig.<\/p>\n\n\n\n<p><strong>F: Vem \u00e4r b\u00e4st p\u00e5 att skala upp stora meddelanden?<\/strong><br><strong>A:<\/strong> B\u00e5da kan tekniskt sett hantera h\u00f6g volym, men WABOOMs metod \u00e4r optimerad f\u00f6r <strong>hastighet, routing och tillf\u00f6rlitlighet<\/strong> f\u00e4rdig.<\/p>\n\n\n\n<p><strong>F: Erbjuder WATI obegr\u00e4nsat med agenter?<\/strong><br><strong>A:<\/strong> Inga agentplatser \u00e4r begr\u00e4nsade enligt plan. Extra platser kostar mer.<\/p>\n\n\n\n<h1 class=\"wp-block-heading\">Vem vinner?<\/h1>\n\n\n\n<ul class=\"wp-block-list\">\n<li>V\u00e4lja <strong>WABOOM<\/strong> om du vill:<br>\u2714 F\u00f6ruts\u00e4gbara kostnader med <strong>0%-markering<\/strong><br>\u2714 Fullst\u00e4ndig hantering av annonser och WhatsApp-kampanjer<br>\u2714 Obegr\u00e4nsat med agenter och automatisering<br>\u2714 Praktiskt, proaktivt st\u00f6d<\/li>\n\n\n\n<li>V\u00e4lja <strong>WATI<\/strong> om du:<br>\u2714 Ha ett teknikteam som hanterar automatisering och annonsoptimering<br>\u2714 Vill du ha flexibel priss\u00e4ttning per meddelande<br>\u2714 \u00c4r bekv\u00e4m med att hantera krediter och prognostisera kostnader<\/li>\n<\/ul>\n\n\n\n<p>F\u00f6r <strong>f\u00f6retag som vill skala upp utan \u00f6verraskningar<\/strong>, <strong>WABOOM \u00e4r den klara vinnaren<\/strong>. Det handlar inte bara om verktyg, det handlar om <strong>resultat, f\u00f6ruts\u00e4gbarhet och tillv\u00e4xtgenomf\u00f6rande<\/strong>.<\/p>","protected":false},"excerpt":{"rendered":"<p>Stop Wasting Money on Messaging Platforms That Leave You Doing All the Work Let\u2019s cut to the chase: most WhatsApp platforms look great on paper shiny dashboards, bots, automation. But when it comes to scaling your business, most of them leave you holding the bag: managing costs, optimizing ads, building flows, and troubleshooting support issues&#8230;.<\/p>","protected":false},"author":1,"featured_media":0,"parent":0,"menu_order":0,"comment_status":"closed","ping_status":"closed","template":"","meta":{"_bbp_topic_count":0,"_bbp_reply_count":0,"_bbp_total_topic_count":0,"_bbp_total_reply_count":0,"_bbp_voice_count":0,"_bbp_anonymous_reply_count":0,"_bbp_topic_count_hidden":0,"_bbp_reply_count_hidden":0,"_bbp_forum_subforum_count":0,"_monsterinsights_skip_tracking":false,"_monsterinsights_sitenote_active":false,"_monsterinsights_sitenote_note":"","_monsterinsights_sitenote_category":0,"footnotes":""},"class_list":["post-6352","page","type-page","status-publish","hentry"],"_links":{"self":[{"href":"https:\/\/waboom.net\/sv\/wp-json\/wp\/v2\/pages\/6352","targetHints":{"allow":["GET"]}}],"collection":[{"href":"https:\/\/waboom.net\/sv\/wp-json\/wp\/v2\/pages"}],"about":[{"href":"https:\/\/waboom.net\/sv\/wp-json\/wp\/v2\/types\/page"}],"author":[{"embeddable":true,"href":"https:\/\/waboom.net\/sv\/wp-json\/wp\/v2\/users\/1"}],"replies":[{"embeddable":true,"href":"https:\/\/waboom.net\/sv\/wp-json\/wp\/v2\/comments?post=6352"}],"version-history":[{"count":0,"href":"https:\/\/waboom.net\/sv\/wp-json\/wp\/v2\/pages\/6352\/revisions"}],"wp:attachment":[{"href":"https:\/\/waboom.net\/sv\/wp-json\/wp\/v2\/media?parent=6352"}],"curies":[{"name":"wp","href":"https:\/\/api.w.org\/{rel}","templated":true}]}}