{"id":6357,"date":"2025-11-17T17:29:00","date_gmt":"2025-11-17T17:29:00","guid":{"rendered":"https:\/\/waboom.net\/?page_id=6357"},"modified":"2025-11-19T13:14:23","modified_gmt":"2025-11-19T13:14:23","slug":"waboom-vs-360dialog","status":"publish","type":"page","link":"https:\/\/waboom.net\/sv\/waboom-vs-360dialog\/","title":{"rendered":"WABOOM VS 360DIALOG"},"content":{"rendered":"<p>Perfekt! Jag har inf\u00f6rlivat <strong>F\u00f6r alltid gratisplan med 10 000 gratismeddelanden<\/strong> in i j\u00e4mf\u00f6relsen mellan WABOOM och 360dialog, och allt annat bibeh\u00e5lls intakt i det l\u00e5sta Neil Patel-formatet:<\/p>\n\n\n\n<h1 class=\"wp-block-heading\">Sluta n\u00f6ja dig med meddelandeverktyg som l\u00e5ter dig lista ut allting<\/h1>\n\n\n\n<p>L\u00e5t oss vara \u00e4rliga: bara f\u00f6r att en WhatsApp API-leverant\u00f6r \u00e4r kraftfull betyder det inte att den hj\u00e4lper dig. <em>v\u00e4xa<\/em>. M\u00e5nga plattformar ger dig r\u00e5a verktyg, men n\u00e4r du verkligen vill skala upp beh\u00f6ver du bara <strong>utf\u00f6rande<\/strong>, inte bara \u00e5tkomst.<\/p>\n\n\n\n<p>H\u00e4r \u00e4r varf\u00f6r <strong>WABOOM<\/strong> (din fullservicepartner f\u00f6r tillv\u00e4xt) sticker ut bredvid <strong>360-dialog<\/strong> (en robust API-leverant\u00f6r): den verkliga skillnaden i kostnad, strategi och support.<\/p>\n\n\n\n<h2 class=\"wp-block-heading\">WABOOM vs. 360dialog: J\u00e4mf\u00f6relse funktion f\u00f6r funktion<\/h2>\n\n\n\n<figure class=\"wp-block-table\"><table class=\"has-fixed-layout\"><thead><tr><th>S\u00e4rdrag<\/th><th><strong>WABOOM (fullservicepartner f\u00f6r tillv\u00e4xt)<\/strong><\/th><th><strong>360dialog (API\/BSP-leverant\u00f6r)<\/strong><\/th><\/tr><\/thead><tbody><tr><td><strong>Metakonversation \/ Meddelandekostnad<\/strong><\/td><td><strong>0%-markering<\/strong>  fast plattformsavgift + exakt Meta-konversationskostnad. Transparent. Erbjuder \u00e4ven en <strong>Gratisabonnemang f\u00f6r alltid<\/strong> till\u00e5ter <strong>10 000 meddelanden gratis<\/strong>.<\/td><td>Konversationsbaserad priss\u00e4ttning: 360dialog \u00e5terfakturerar Metas konversationsavgifter utan p\u00e5slag.<\/td><\/tr><tr><td><strong>Priss\u00e4ttningstransparens<\/strong><\/td><td>Enkelt och f\u00f6ruts\u00e4gbart: fast avgift + vidarebefordrade Meta-kostnader.<\/td><td>Transparent uppdelning: m\u00e5nadslicens per nummer + faktiska Meta-konversationsavgifter. Prognoser kan vara komplexa om volymen varierar.<\/td><\/tr><tr><td><strong>Agent-\/Teaminloggningar<\/strong><\/td><td>Obegr\u00e4nsat antal agenter p\u00e5 de flesta abonnemang, vilket m\u00f6jligg\u00f6r skalning utan \u00f6verraskningar med kostnader per plats.<\/td><td>L\u00e5ter dig integrera med externa teaminkorgar; agentplatser kommer via partnerintegration.<\/td><\/tr><tr><td><strong>Annonsstrategi och exekvering<\/strong><\/td><td>Fullst\u00e4ndig service: WABOOM driver och optimerar dina Click-to-WhatsApp-kampanjer utan gissningslek.<\/td><td>Tillhandah\u00e5ller API-verktyg; du f\u00f6rv\u00e4ntas bygga, optimera och hantera dina egna annonsdrivna fl\u00f6den.<\/td><\/tr><tr><td><strong>Klicka-f\u00f6r-att-WhatsApp-annonser<\/strong><\/td><td>Avancerad fl\u00f6desdesign + CAPI-nativa integrationer + routing till r\u00e4tt agenter eller botar.<\/td><td>St\u00f6ds: 360dialog st\u00f6der annonsdrivna konversationer via sitt API, men installationen \u00e4r manuell.<\/td><\/tr><tr><td><strong>Chatbot \/ Automationsbyggare<\/strong><\/td><td>Helt uppl\u00e5st dra-och-sl\u00e4pp-byggare med omfattande logik och betalv\u00e4ggar utan n\u00e5gra funktioner.<\/td><td>Du kan bygga chattautomation, men det \u00e4r beroende av externa system. 360dialog handlar mer om att tillhandah\u00e5lla API-byggstenar \u00e4n en inbyggd chatbotbyggare utan kod.<\/td><\/tr><tr><td><strong>API\/Webhook-\u00e5tkomst<\/strong><\/td><td>Obegr\u00e4nsad, obegr\u00e4nsad djupintegrering med CRM-system, backend-system eller dina egna verktyg.<\/td><td>API-f\u00f6rst-l\u00f6sning: fullst\u00e4ndigt webhook-st\u00f6d, h\u00f6g datafl\u00f6de, skalbar. Kr\u00e4ver teknisk expertis f\u00f6r avancerade arbetsfl\u00f6den.<\/td><\/tr><tr><td><strong>St\u00f6dmodell<\/strong><\/td><td>Dedikerad kontoansvarig + proaktiv support via flera kanaler (Zoom, telefon, chatt).<\/td><td>Supporten beror p\u00e5 licensen: standardplanen har reaktivt st\u00f6d, premiumniv\u00e5n erbjuder h\u00f6gre serviceniv\u00e5avtal.<\/td><\/tr><tr><td><strong>S\u00e4ndning \/ Meddelanden i h\u00f6g volym<\/strong><\/td><td>Optimerad f\u00f6r f\u00f6retagsniv\u00e5, h\u00f6gvolymss\u00e4ndningar och transaktionsmeddelanden.<\/td><td>Alternativ f\u00f6r h\u00f6gt datafl\u00f6de finns tillg\u00e4ngliga, men prestandan beror p\u00e5 plan och infrastrukturkonfiguration.<\/td><\/tr><\/tbody><\/table><\/figure>\n\n\n\n<h2 class=\"wp-block-heading\"> Varf\u00f6r dessa skillnader faktiskt spelar roll<\/h2>\n\n\n\n<h3 class=\"wp-block-heading\">1. Verklig kostnadsstruktur och transparens<\/h3>\n\n\n\n<ul class=\"wp-block-list\">\n<li><strong>WABOOM-f\u00f6rdel<\/strong><br>Noll p\u00e5slag = f\u00f6ruts\u00e4gbara kostnader. Allt eftersom du skalar upp vet du exakt vad du betalar, inga dolda avgifter. Dessutom kan du b\u00f6rja gratis med <strong>10 000 meddelanden ing\u00e5r<\/strong>, vilket g\u00f6r det riskfritt att prova.<\/li>\n\n\n\n<li><strong>360-dialogstyrka<\/strong><br>Skickar \u00e4ven igenom Meta-konversationsavgifter utan p\u00e5slag. Licens- och anv\u00e4ndningsmodellen \u00e4r API-trogen men prognoser kr\u00e4ver \u00f6vervakning av meddelandevolymen.<\/li>\n<\/ul>\n\n\n\n<h3 class=\"wp-block-heading\">2. Verktyg kontra tillv\u00e4xtexekveringspartner<\/h3>\n\n\n\n<ul class=\"wp-block-list\">\n<li><strong>WABOOM-f\u00f6rdel<\/strong><br>Vi tillhandah\u00e5ller inte bara verktyg som vi <strong>k\u00f6r dina kampanjer<\/strong>, bygg din automatisering och optimera f\u00f6r konverteringar. Du beh\u00f6ver inte anst\u00e4lla eller hantera varje del.<\/li>\n\n\n\n<li><strong>360dialog-avv\u00e4gning<\/strong><br>Extremt kraftfullt f\u00f6r utvecklare och f\u00f6retag som vill <strong>r\u00e5 API-\u00e5tkomst<\/strong>. Men om du inte har ett team som k\u00f6r annonser eller automatiserar fl\u00f6den, ligger b\u00f6rdan p\u00e5 dig.<\/li>\n<\/ul>\n\n\n\n<h3 class=\"wp-block-heading\">3. Support och leveranss\u00e4kerhet<\/h3>\n\n\n\n<ul class=\"wp-block-list\">\n<li><strong>WABOOM-f\u00f6rdel<\/strong><br>Proaktiv support med h\u00f6g ber\u00f6ring s\u00e4kerst\u00e4ller att alla problem l\u00f6ses snabbt. Supporten i flera kanaler inkluderar Zoom, telefon och chatt.<\/li>\n\n\n\n<li><strong>360dialog-avv\u00e4gning<\/strong><br>Supporten \u00e4r stabil men mer reaktiv, s\u00e4rskilt p\u00e5 grundplanen. Verksamhetskritiska meddelanden kan kr\u00e4va premiumniv\u00e5 f\u00f6r garanterade svarstider.<\/li>\n<\/ul>\n\n\n\n<h2 class=\"wp-block-heading\"> WABOOM vs. 360-dialog: F\u00f6r- och nackdelar<\/h2>\n\n\n\n<figure class=\"wp-block-table\"><table class=\"has-fixed-layout\"><thead><tr><th>Kategori<\/th><th><strong>WABOOM (Tillv\u00e4xtpartner)<\/strong><\/th><th><strong>360dialog (API-leverant\u00f6r)<\/strong><\/th><\/tr><\/thead><tbody><tr><td><strong>F\u00f6rdelar<\/strong><\/td><td>Noll p\u00e5slag p\u00e5 metakonversationer. Fullst\u00e4ndig kampanj + annonsk\u00f6rning. Obegr\u00e4nsat antal agenter. Proaktiv support med h\u00f6g kontakt. F\u00f6ruts\u00e4gbar kostnadsskalning.<strong>Gratisabonnemang f\u00f6r alltid<\/strong> med 10 000 meddelanden inkluderade.<\/td><td>Transparent API-fakturering. Flexibla licensniv\u00e5er. Verklig API-f\u00f6rst-l\u00f6sning. H\u00f6g datafl\u00f6deskapacitet. Ingen p\u00e5slagning p\u00e5 kostnader f\u00f6r metakonversationer.<\/td><\/tr><tr><td><strong>Nackdelar \/ Avv\u00e4gningar<\/strong><\/td><td>Kr\u00e4ver f\u00f6rtroende f\u00f6r en partner. Fast plattforms-\/serviceavgift. Du kan komma att outsourca en del av utf\u00f6randet ist\u00e4llet f\u00f6r att \u00e4ga det.<\/td><td>Mer teknisk installation kr\u00e4vs. Du hanterar kampanjk\u00f6rning\/automatisering. Supportkvaliteten beror p\u00e5 din licensplan. Licenskostnad + anv\u00e4ndning kan vara sv\u00e5rare att prognostisera.<\/td><\/tr><\/tbody><\/table><\/figure>\n\n\n\n<h2 class=\"wp-block-heading\"> Vanliga fr\u00e5gor<\/h2>\n\n\n\n<p><strong>F: Tar 360dialog ut p\u00e5slag p\u00e5 avgifter f\u00f6r Meta-konversationer?<\/strong><br><strong>A:<\/strong> Nej. De \u00e5terfakturerar den exakta kostnaden f\u00f6r Meta-konversationen; det tillkommer inget extra p\u00e5slag.<\/p>\n\n\n\n<p><strong>F: Kan 360dialog k\u00f6ra Click-to-WhatsApp-marknadsf\u00f6ringskampanjer?<\/strong><br><strong>A:<\/strong> De tillhandah\u00e5ller API-st\u00f6d f\u00f6r annonsdrivna konversationer, men du bygger och optimerar fl\u00f6den sj\u00e4lv.<\/p>\n\n\n\n<p><strong>F: Vem \u00e4r b\u00e4st l\u00e4mpad f\u00f6r s\u00e4ndning av meddelanden med h\u00f6g volym?<\/strong><br><strong>A:<\/strong> B\u00e5da kan skalas upp, men f\u00f6r stora kampanjer som kr\u00e4ver strategisk optimering och tillf\u00f6rlitlighet ger WABOOMs fullservicemodell mer praktisk support.<\/p>\n\n\n\n<p><strong>F: Erbjuder 360dialog en teaminkorg \/ st\u00f6d f\u00f6r flera agenter?<\/strong><br><strong>A:<\/strong> Ja, via integrationer med inkorgspartners eller konfigurationer av teaminkorgar.<\/p>\n\n\n\n<p><strong>F: Har WABOOM ett gratisabonnemang?<\/strong><br><strong>A:<\/strong> Ja! WABOOM erbjuder en <strong>Gratisabonnemang f\u00f6r alltid<\/strong> s\u00e5 att du kan skicka <strong>10 000 meddelanden gratis<\/strong>, s\u00e5 att du kan b\u00f6rja testa utan n\u00e5gon initial kostnad.<\/p>\n\n\n\n<h2 class=\"wp-block-heading\"> Vem vinner?<\/h2>\n\n\n\n<ul class=\"wp-block-list\">\n<li>V\u00e4lja <strong>WABOOM<\/strong> om du:<br>\u2714 Vill ha f\u00f6ruts\u00e4gbara, p\u00e5slagfria kostnader<br>\u2714 Beh\u00f6ver n\u00e5gon som <em>k\u00f6r din WhatsApp-tillv\u00e4xtmotor<\/em> (annonser + automatisering)<br>\u2714 F\u00f6redrar att en partner hanterar utf\u00f6rande + optimering<br>\u2714 Vill du ha proaktivt och effektivt st\u00f6d?<br>\u2714 Vill du b\u00f6rja gratis med 10 000 meddelanden<\/li>\n\n\n\n<li>V\u00e4lja <strong>360-dialog<\/strong> om du:<br>\u2714 Ha en utvecklare eller ett driftteam redo att bygga fl\u00f6den och annonser<br>\u2714 Vill ha \u00e4kta API-\u00e5tkomst utan p\u00e5slag p\u00e5 meddelandekostnader<br>\u2714 \u00c4r bekv\u00e4m med att hantera infrastruktur och kampanjlogik<br>\u2714 Beh\u00f6ver h\u00f6g data\u00f6verf\u00f6ringshastighet och kontroll \u00f6ver meddelanden<\/li>\n<\/ul>\n\n\n\n<p><strong>Slutsats:<\/strong><br>Om du skalar upp snabbt och vill att en partner ska ta sig an strategi + genomf\u00f6rande, <strong>WABOOM<\/strong> \u00e4r det smartare valet.<br>Om du \u00e4r tekniskt kunnig och vill ha r\u00e5 API-kraft + kontroll, <strong>360-dialog<\/strong> \u00e4r en solid grund.<\/p>","protected":false},"excerpt":{"rendered":"<p>Perfect! I\u2019ve incorporated the forever free plan with 10,000 free messages into the WABOOM vs 360dialog comparison, keeping everything else intact in the locked Neil Patel-style format: Stop Settling for Messaging Tools That Leave You to Figure Everything Out Let\u2019s be real: just because a WhatsApp API provider is powerful doesn\u2019t mean it helps you&#8230;<\/p>","protected":false},"author":1,"featured_media":0,"parent":0,"menu_order":0,"comment_status":"closed","ping_status":"closed","template":"","meta":{"_bbp_topic_count":0,"_bbp_reply_count":0,"_bbp_total_topic_count":0,"_bbp_total_reply_count":0,"_bbp_voice_count":0,"_bbp_anonymous_reply_count":0,"_bbp_topic_count_hidden":0,"_bbp_reply_count_hidden":0,"_bbp_forum_subforum_count":0,"_monsterinsights_skip_tracking":false,"_monsterinsights_sitenote_active":false,"_monsterinsights_sitenote_note":"","_monsterinsights_sitenote_category":0,"footnotes":""},"class_list":["post-6357","page","type-page","status-publish","hentry"],"_links":{"self":[{"href":"https:\/\/waboom.net\/sv\/wp-json\/wp\/v2\/pages\/6357","targetHints":{"allow":["GET"]}}],"collection":[{"href":"https:\/\/waboom.net\/sv\/wp-json\/wp\/v2\/pages"}],"about":[{"href":"https:\/\/waboom.net\/sv\/wp-json\/wp\/v2\/types\/page"}],"author":[{"embeddable":true,"href":"https:\/\/waboom.net\/sv\/wp-json\/wp\/v2\/users\/1"}],"replies":[{"embeddable":true,"href":"https:\/\/waboom.net\/sv\/wp-json\/wp\/v2\/comments?post=6357"}],"version-history":[{"count":0,"href":"https:\/\/waboom.net\/sv\/wp-json\/wp\/v2\/pages\/6357\/revisions"}],"wp:attachment":[{"href":"https:\/\/waboom.net\/sv\/wp-json\/wp\/v2\/media?parent=6357"}],"curies":[{"name":"wp","href":"https:\/\/api.w.org\/{rel}","templated":true}]}}