{"id":6361,"date":"2025-11-17T17:32:03","date_gmt":"2025-11-17T17:32:03","guid":{"rendered":"https:\/\/waboom.net\/?page_id=6361"},"modified":"2025-11-19T13:09:13","modified_gmt":"2025-11-19T13:09:13","slug":"waboom-vs-sleekflow","status":"publish","type":"page","link":"https:\/\/waboom.net\/sv\/waboom-vs-sleekflow\/","title":{"rendered":"WABOOM vs. SleekFlow"},"content":{"rendered":"<p>J\u00e4ttebra h\u00e4r \u00e4r en <strong>WABOOM vs. SleekFlow<\/strong> j\u00e4mf\u00f6relse i ditt l\u00e5sta format i Neil Patel-stil, som visar var varje plattform lyser, var de kompromisser och n\u00e4r du kan t\u00e4nkas v\u00e4lja den ena framf\u00f6r den andra.<\/p>\n\n\n\n<h1 class=\"wp-block-heading\">Sluta sl\u00f6sa pengar p\u00e5 meddelandeplattformar som l\u00e5ter dig g\u00f6ra allt arbete<\/h1>\n\n\n\n<p>M\u00e5nga WhatsApp-verktyg k\u00e4nns som kraftfulla AI-agenter, automatiseringar, inkorgar men de flesta l\u00e4mnar <em>du<\/em> ansvarig f\u00f6r tillv\u00e4xt, kampanjstrategi och kostnads\u00f6verraskningar. Om du menar allvar med att skala upp med tydlighet och prestanda f\u00f6rtj\u00e4nar du mer \u00e4n bara en chattapplikation.<\/p>\n\n\n\n<p>Det \u00e4r d\u00e4rf\u00f6r man j\u00e4mf\u00f6r <strong>WABOOM<\/strong> (en sann tillv\u00e4xtpartner) med <strong>SleekFlow<\/strong> (en fullfunktionell API-driven plattform) \u00e4r avg\u00f6rande. Det h\u00e4r handlar inte bara om funktionskontroll, det handlar om exekvering, f\u00f6ruts\u00e4gbarhet och l\u00e5ngsiktig avkastning p\u00e5 investeringen.<\/p>\n\n\n\n<h2 class=\"wp-block-heading\">\ud83d\udd25 WABOOM vs. SleekFlow: J\u00e4mf\u00f6relse funktion f\u00f6r funktion<\/h2>\n\n\n\n<figure class=\"wp-block-table\"><table class=\"has-fixed-layout\"><thead><tr><th>S\u00e4rdrag<\/th><th><strong>WABOOM (fullservicepartner f\u00f6r tillv\u00e4xt)<\/strong><\/th><th><strong>SleekFlow (API + automatiseringsplattform)<\/strong><\/th><\/tr><\/thead><tbody><tr><td><strong>Metakonversation \/ Meddelandekostnad<\/strong><\/td><td><strong>0%-markering<\/strong> p\u00e5 Meta-konversationskostnader + fast plattformsavgift. F\u00f6r alltid gratisplan med <strong>10 000 gratismeddelanden<\/strong> g\u00f6r det riskfritt att komma ig\u00e5ng.<\/td><td>Anv\u00e4nder priss\u00e4ttning per meddelande: mallmeddelanden debiteras baserat p\u00e5 kategori (marknadsf\u00f6ring, nytta, autentisering). <\/td><\/tr><tr><td><strong>Priss\u00e4ttningstransparens<\/strong><\/td><td>Enkelt, f\u00f6ruts\u00e4gbart: fast plattformskostnad + verkliga Meta-avgifter.<\/td><td>Tydlig struktur: modell f\u00f6r m\u00e5natliga aktiva kontakter (MAC) + avgifter per meddelande. <\/td><\/tr><tr><td><strong>Agent-\/Teaminloggningar<\/strong><\/td><td>Obegr\u00e4nsade agenter p\u00e5 de flesta planer skalar upp ditt support- eller s\u00e4ljteam fritt.<\/td><td>Inkorg f\u00f6r flera agenter + routing; du kan tilldela roller och team f\u00f6r att hantera WhatsApp-konversationer. <\/td><\/tr><tr><td><strong>Annonsstrategi och exekvering<\/strong><\/td><td>WABOOM driver dina Click-to-WhatsApp-annonskampanjer, optimerar dem och kopplar dem till dina bot- och agentfl\u00f6den.<\/td><td>SleekFlow ger dig <strong>Fl\u00f6desbyggare<\/strong> (dra och sl\u00e4pp) f\u00f6r att bygga automatisering, men du styr hur du driver och konverterar konversationer. <\/td><\/tr><tr><td><strong>Klicka-f\u00f6r-att-WhatsApp-annonser<\/strong><\/td><td>Avancerad segmentering, CAPI-nativ routing och fl\u00f6desbaserad attribution.<\/td><td>Med st\u00f6d av dess BSP-funktioner konfigurerar du fl\u00f6deslogik, men annonsstrategin \u00e4r ditt ansvar.<\/td><\/tr><tr><td><strong>Chatbot \/ Automationsbyggare<\/strong><\/td><td>Helt uppl\u00e5st dra-och-sl\u00e4pp-verktyg. Ingen funktionsbegr\u00e4nsning, inga artificiella begr\u00e4nsningar.<\/td><td>En mycket kraftfull Flow Builder + AI-agenter f\u00f6r att bygga konversationsautomationer och intelligent dirigera. <\/td><\/tr><tr><td><strong>API\/Webhook-\u00e5tkomst<\/strong><\/td><td>Obegr\u00e4nsad API-\u00e5tkomst f\u00f6r CRM, backend eller anpassade integrationer.<\/td><td>Robust API + webhook-st\u00f6d, byggt f\u00f6r integration med CRM, e-handel med mera. <\/td><\/tr><tr><td><strong>St\u00f6dmodell<\/strong><\/td><td>Dedikerad kontoansvarig + proaktiv support med h\u00f6g kontakt (Zoom, telefon, chatt).<\/td><td>Supporten beror p\u00e5 planen; du kan l\u00e4gga till en Customer Success Manager f\u00f6r mer strategisk hj\u00e4lp. <\/td><\/tr><tr><td><strong>S\u00e4ndning \/ Meddelanden i h\u00f6g volym<\/strong><\/td><td>Optimerad f\u00f6r meddelanden, kampanjer och h\u00f6g datafl\u00f6deshastighet i f\u00f6retagsskala.<\/td><td>St\u00f6det f\u00f6r h\u00f6ga volymer \u00e4r starkt; du kan k\u00f6ra automatiserade arbetsfl\u00f6den, kampanjer och s\u00e4nda via deras API + fl\u00f6desbyggare.<\/td><\/tr><tr><td><strong>Kostnadseffektivitet f\u00f6r servicemeddelanden<\/strong><\/td><td>P\u00e5 grund av 0%-markup och gratisniv\u00e5 \u00e4r startkostnaden \u00f6verkomlig och skalningen f\u00f6ruts\u00e4gbar.<\/td><td>Mallar f\u00f6r verktyg <em>inuti<\/em> Kundtj\u00e4nstens \u00f6ppet dygnet runt \u00e4r gratis. <\/td><\/tr><\/tbody><\/table><\/figure>\n\n\n\n<h2 class=\"wp-block-heading\"> Varf\u00f6r dessa skillnader faktiskt spelar roll<\/h2>\n\n\n\n<h3 class=\"wp-block-heading\">1. F\u00f6ruts\u00e4gbarhet och riskfri skalning<\/h3>\n\n\n\n<ul class=\"wp-block-list\">\n<li><strong>WABOOM-f\u00f6rdel<\/strong>: Den <strong>gratisplan + ingen p\u00e5slagning<\/strong> inneb\u00e4r att du kan testa din WhatsApp-automatisering utan att riskera stora r\u00e4kningar. Allt eftersom du skalar upp v\u00e4xer dina kostnader med volymen p\u00e5 ett transparent s\u00e4tt.<\/li>\n\n\n\n<li><strong>SleekFlow-avv\u00e4gning<\/strong>Du betalar per mallmeddelande, beroende p\u00e5 ditt anv\u00e4ndningsfall (marknadsf\u00f6ring, verktyg etc.). \u00c4ven om de erbjuder en MAC-baserad modell som kopplar kostnaden till verkligt engagemang, m\u00e5ste du noggrant uppskatta din anv\u00e4ndning. <\/li>\n<\/ul>\n\n\n\n<h3 class=\"wp-block-heading\">2. Automatisering och exekveringskraft<\/h3>\n\n\n\n<ul class=\"wp-block-list\">\n<li><strong>WABOOM-f\u00f6rdel<\/strong>De ger dig inte bara de verktyg de <strong>utf\u00f6ra<\/strong> din tillv\u00e4xtstrategi: att k\u00f6ra annonskampanjer, bygga fl\u00f6den och optimera f\u00f6r konvertering.<\/li>\n\n\n\n<li><strong>SleekFlow-avv\u00e4gning<\/strong>Utm\u00e4rkt flexibilitet med deras Flow Builder, AI-agenter och API. Men f\u00f6r att maximera den kraften beh\u00f6ver du designa och \u00e4ga dina fl\u00f6den, mer \u00e4garskap och mer arbete fr\u00e5n din sida.<\/li>\n<\/ul>\n\n\n\n<h3 class=\"wp-block-heading\">3. St\u00f6d, teamskala och samarbete<\/h3>\n\n\n\n<ul class=\"wp-block-list\">\n<li><strong>WABOOM-f\u00f6rdel<\/strong>En dedikerad kontoansvarig s\u00e4kerst\u00e4ller att du inte l\u00e4mnas ensam medan du v\u00e4xer. De hj\u00e4lper dig proaktivt att optimera ditt budskap, dina kampanjer och din ruttering.<\/li>\n\n\n\n<li><strong>SleekFlow-avv\u00e4gning<\/strong>Stabil support, men strategisk och konsultativ support kostar extra. Deras plattform \u00e4r utformad f\u00f6r att operativa team ska kunna bygga och skala upp mindre gjort f\u00f6r dig, mer g\u00f6r-det-sj\u00e4lv med v\u00e4gledning.<\/li>\n<\/ul>\n\n\n\n<h2 class=\"wp-block-heading\"> F\u00f6r- och nackdelar: WABOOM vs. SleekFlow<\/h2>\n\n\n\n<figure class=\"wp-block-table\"><table class=\"has-fixed-layout\"><thead><tr><th>Kategori<\/th><th><strong>WABOOM (Tillv\u00e4xtpartner)<\/strong><\/th><th><strong>SleekFlow (plattform)<\/strong><\/th><\/tr><\/thead><tbody><tr><td><strong>F\u00f6rdelar<\/strong><\/td><td>\u2013 Noll p\u00e5slag p\u00e5 Meta-kostnader \u2013 10 000 gratis meddelanden till att b\u00f6rja med \u2013 Fullst\u00e4ndig annons- och chatbot-k\u00f6rning \u2013 Obegr\u00e4nsat antal agenter \u2013 F\u00f6ruts\u00e4gbar, skalbar kostnad<\/td><td>\u2013 Verkligt API + automatiseringskraft \u2013 Intuitiv Flow Builder + AI-agenter \u2013 Inkorg och routing f\u00f6r flera agenter \u2013 Anslutning till CRM och e-handel \u2013 Flexibel priss\u00e4ttning kopplad till engagemang<\/td><\/tr><tr><td><strong>Nackdelar \/ Avv\u00e4gningar<\/strong><\/td><td>\u2013 Kr\u00e4ver f\u00f6rtroende f\u00f6r en partner f\u00f6r att driva dina kampanjer \u2013 En fast plattformsavgift kan tillkomma n\u00e4r du skalar upp<\/td><td>\u2013 Meddelandekostnaden beror p\u00e5 mallar \u2013 Du m\u00e5ste designa och optimera fl\u00f6den \u2013 Strategisk support kan kosta mer \u2013 Kr\u00e4ver mer interna anstr\u00e4ngningar f\u00f6r att maximera ROI<\/td><\/tr><\/tbody><\/table><\/figure>\n\n\n\n<hr class=\"wp-block-separator has-alpha-channel-opacity\"\/>\n\n\n\n<h2 class=\"wp-block-heading\">\u2753 Vanliga fr\u00e5gor (FAQ)<\/h2>\n\n\n\n<p><strong>F: Kan ni svara kunder &quot;gratis&quot; i Windows med SleekFlow?<\/strong><br><strong>A:<\/strong> Ja. N\u00e4r en kund skickar ett meddelande till dig \u00f6ppnas en kundtj\u00e4nst dygnet runt, under vilken du kan skicka fritt formulerade svar. <br>Om det initieras via Click-to-WhatsApp eller liknande kan det ocks\u00e5 g\u00e4lla ett 72-timmars &quot;gratis intr\u00e4desf\u00f6nster&quot;. <\/p>\n\n\n\n<p><strong>F: Hur debiteras mallmeddelanden (som marknadsf\u00f6ring eller verktyg) p\u00e5 SleekFlow?<\/strong><br><strong>A:<\/strong> De anv\u00e4nder en prismodell per meddelandemall. Priserna beror p\u00e5 meddelandekategori (marknadsf\u00f6ring, verktyg etc.).<\/p>\n\n\n\n<p><strong>F: Kan jag integrera mitt CRM (som HubSpot eller Shopify) med SleekFlow?<\/strong><br><strong>A:<\/strong> Ja, SleekFlow st\u00f6der CRM- och e-handelsintegrationer, vilket m\u00f6jligg\u00f6r djupg\u00e5ende automatisering och datasynkronisering. <\/p>\n\n\n\n<p><strong>F: St\u00f6der SleekFlow flera agenter p\u00e5 WhatsApp?<\/strong><br><strong>A:<\/strong> Ja. Den har en inkorg f\u00f6r flera agenter med routningsregler och funktioner f\u00f6r teamsamarbete. <\/p>\n\n\n\n<p><strong>F: Hur flexibel \u00e4r deras automatiseringsbyggare?<\/strong><br><strong>A:<\/strong> V\u00e4ldigt. Deras Flow Builder \u00e4r visuell och kraftfull, vilket l\u00e5ter dig designa anpassade arbetsfl\u00f6den, AI-drivna fl\u00f6den och triggerbaserad routing. <\/p>\n\n\n\n<h2 class=\"wp-block-heading\">Vem vinner?<\/h2>\n\n\n\n<ul class=\"wp-block-list\">\n<li>V\u00e4lja <strong>WABOOM<\/strong> om du:<br>\u2714 Vill du <strong>avlastningsstrategi, annonsexekvering och tillv\u00e4xt till en partner<\/strong><br>\u2714 Uppskatta <strong>f\u00f6ruts\u00e4gbar priss\u00e4ttning<\/strong> utan p\u00e5slag + en gratis meddelandeniv\u00e5<br>\u2714 F\u00f6redrar en kontaktfull relation: n\u00e5gon som \u00e4r investerad i din konvertering och skalning<br>\u2714 Vill testa och skala upp riskfritt med riktiga anv\u00e4ndare<\/li>\n\n\n\n<li>V\u00e4lja <strong>SleekFlow<\/strong> om du:<br>\u2714 Ha interna strategi- eller driftsteam redo att bygga och k\u00f6ra automatiseringar<br>\u2714 Beh\u00f6ver djupg\u00e5ende kontroll via Flow Builder + AI-agenter<br>\u2714 Vill du ha samarbete mellan flera agenter och hantering av inkorgar?<br>\u2714 \u00c4r fokuserade p\u00e5 att integrera WhatsApp djupt med ert CRM eller e-handel<\/li>\n<\/ul>\n\n\n\n<p><strong>Slutsats:<\/strong><br>Om du skalar upp snabbt, vill ha en partner som genomf\u00f6r och bryr dig om kostnadstransparens, <strong>WABOOM<\/strong> \u00e4r ett kraftfullt val med l\u00e5g risk.<br>Om du vill ha maximal flexibilitet, kontroll och djupg\u00e5ende automatisering, <strong>SleekFlow<\/strong> ger dig verktygen men <strong>du driver tillv\u00e4xten<\/strong>.<\/p>","protected":false},"excerpt":{"rendered":"<p>Great here\u2019s a WABOOM vs. SleekFlow comparison in your locked, Neil\u202fPatel\u2013style format, showing where each platform shines, where they trade off, and when you might pick one over the other. Stop Wasting Money on Messaging Platforms That Leave You Doing All the Work Many WhatsApp tools feel powerful AI agents, automations, inboxes but most leave&#8230;<\/p>","protected":false},"author":1,"featured_media":0,"parent":0,"menu_order":0,"comment_status":"closed","ping_status":"closed","template":"","meta":{"_bbp_topic_count":0,"_bbp_reply_count":0,"_bbp_total_topic_count":0,"_bbp_total_reply_count":0,"_bbp_voice_count":0,"_bbp_anonymous_reply_count":0,"_bbp_topic_count_hidden":0,"_bbp_reply_count_hidden":0,"_bbp_forum_subforum_count":0,"_monsterinsights_skip_tracking":false,"_monsterinsights_sitenote_active":false,"_monsterinsights_sitenote_note":"","_monsterinsights_sitenote_category":0,"footnotes":""},"class_list":["post-6361","page","type-page","status-publish","hentry"],"_links":{"self":[{"href":"https:\/\/waboom.net\/sv\/wp-json\/wp\/v2\/pages\/6361","targetHints":{"allow":["GET"]}}],"collection":[{"href":"https:\/\/waboom.net\/sv\/wp-json\/wp\/v2\/pages"}],"about":[{"href":"https:\/\/waboom.net\/sv\/wp-json\/wp\/v2\/types\/page"}],"author":[{"embeddable":true,"href":"https:\/\/waboom.net\/sv\/wp-json\/wp\/v2\/users\/1"}],"replies":[{"embeddable":true,"href":"https:\/\/waboom.net\/sv\/wp-json\/wp\/v2\/comments?post=6361"}],"version-history":[{"count":0,"href":"https:\/\/waboom.net\/sv\/wp-json\/wp\/v2\/pages\/6361\/revisions"}],"wp:attachment":[{"href":"https:\/\/waboom.net\/sv\/wp-json\/wp\/v2\/media?parent=6361"}],"curies":[{"name":"wp","href":"https:\/\/api.w.org\/{rel}","templated":true}]}}