{"id":18,"date":"2024-06-27T10:50:41","date_gmt":"2024-06-27T10:50:41","guid":{"rendered":"http:\/\/localhost:10022\/?page_id=18"},"modified":"2025-11-12T17:07:00","modified_gmt":"2025-11-12T17:07:00","slug":"about","status":"publish","type":"page","link":"https:\/\/waboom.net\/tr\/about\/","title":{"rendered":"About"},"content":{"rendered":"<div data-elementor-type=\"wp-page\" data-elementor-id=\"18\" class=\"elementor elementor-18\">\n\t\t\t\t<div class=\"elementor-element elementor-element-0a35e3f e-flex e-con-boxed e-con e-parent\" data-id=\"0a35e3f\" data-element_type=\"container\" data-e-type=\"container\" data-settings=\"{&quot;background_background&quot;:&quot;classic&quot;,&quot;shape_divider_bottom&quot;:&quot;tilt&quot;}\">\n\t\t\t\t\t<div class=\"e-con-inner\">\n\t\t\t\t<div class=\"elementor-shape elementor-shape-bottom\" aria-hidden=\"true\" data-negative=\"false\">\n\t\t\t<svg xmlns=\"http:\/\/www.w3.org\/2000\/svg\" viewbox=\"0 0 1000 100\" preserveaspectratio=\"none\">\n\t<path class=\"elementor-shape-fill\" d=\"M0,6V0h1000v100L0,6z\"\/>\n<\/svg>\t\t<\/div>\n\t\t<div class=\"elementor-element elementor-element-6e92aed e-con-full e-flex e-con e-child\" data-id=\"6e92aed\" data-element_type=\"container\" data-e-type=\"container\">\n\t\t\t\t<div class=\"elementor-element elementor-element-589b8e7 elementor-widget elementor-widget-text-editor\" data-id=\"589b8e7\" data-element_type=\"widget\" data-e-type=\"widget\" data-widget_type=\"text-editor.default\">\n\t\t\t\t\t\t\t\t\t<p data-start=\"266\" data-end=\"335\"><span style=\"font-weight: 400; color: #ffffff;\">\u0130leti\u015fimi basitle\u015ftirin. Anla\u015fma d\u00f6ng\u00fclerini h\u0131zland\u0131r\u0131n<\/span><\/p>\t\t\t\t\t\t\t\t<\/div>\n\t\t\t\t<div class=\"elementor-element elementor-element-6c1e90b elementor-widget elementor-widget-heading\" data-id=\"6c1e90b\" data-element_type=\"widget\" data-e-type=\"widget\" data-widget_type=\"heading.default\">\n\t\t\t\t\t<h2 class=\"elementor-heading-title elementor-size-default\">WABOOM Hakk\u0131nda<\/h2>\t\t\t\t<\/div>\n\t\t\t\t<div class=\"elementor-element elementor-element-c21be9e elementor-widget elementor-widget-text-editor\" data-id=\"c21be9e\" data-element_type=\"widget\" data-e-type=\"widget\" data-widget_type=\"text-editor.default\">\n\t\t\t\t\t\t\t\t\t<p data-start=\"383\" data-end=\"547\"><span style=\"color: #ffffff;\">B\u00fcy\u00fck fikirleri olan k\u00fc\u00e7\u00fck bir ekibiz ve bu durumu seviyoruz. Yal\u0131n olmak, h\u0131zl\u0131 hareket edebilmemiz, m\u00fc\u015fterilerimize yak\u0131n kalabilmemiz ve ger\u00e7ekten \u00f6nemli \u00e7\u00f6z\u00fcmler \u00fcretebilmemiz anlam\u0131na geliyor.<\/span><\/p><ul data-start=\"549\" data-end=\"809\"><li data-start=\"549\" data-end=\"634\"><p data-start=\"551\" data-end=\"634\"><span style=\"color: #ffffff;\">\u00a0Her proje varsay\u0131mlarla de\u011fil, konu\u015fmalarla ba\u015flar.<\/span><\/p><\/li><li data-start=\"635\" data-end=\"722\"><p data-start=\"637\" data-end=\"722\"><span style=\"color: #ffffff;\">\u00a0Gereksiz ayr\u0131nt\u0131lar yok; sadece ger\u00e7ek sorunlar\u0131 \u00e7\u00f6zen ara\u00e7lar.<\/span><\/p><\/li><li data-start=\"723\" data-end=\"809\"><p data-start=\"725\" data-end=\"809\"><span style=\"color: #ffffff;\">S\u0131k\u0131 s\u0131k\u0131ya ba\u011fl\u0131 bir ekip olarak her ba\u015far\u0131 bizim i\u00e7in ki\u015fiseldir.<\/span><\/p><\/li><\/ul><p data-start=\"811\" data-end=\"885\"><span style=\"color: #ffffff;\">Waboom&#039;da sadece yaz\u0131l\u0131m \u00fcretmiyoruz; ortakl\u0131klar da kuruyoruz.<\/span><\/p>\t\t\t\t\t\t\t\t<\/div>\n\t\t\t\t<\/div>\n\t\t<div class=\"elementor-element elementor-element-0be43aa e-con-full e-flex e-con e-child\" data-id=\"0be43aa\" data-element_type=\"container\" data-e-type=\"container\">\n\t\t\t\t<div class=\"elementor-element elementor-element-4fc6bc8 elementor-hidden-desktop elementor-widget elementor-widget-image\" data-id=\"4fc6bc8\" data-element_type=\"widget\" data-e-type=\"widget\" data-widget_type=\"image.default\">\n\t\t\t\t\t\t\t\t\t\t\t\t\t\t\t<img fetchpriority=\"high\" decoding=\"async\" width=\"992\" height=\"1056\" src=\"https:\/\/waboom.net\/wp-content\/uploads\/2025\/09\/Gemini_Generated_Image_xmfva4xmfva4xmfv.png\" class=\"attachment-2048x2048 size-2048x2048 wp-image-4709\" alt=\"\" srcset=\"https:\/\/waboom.net\/wp-content\/uploads\/2025\/09\/Gemini_Generated_Image_xmfva4xmfva4xmfv.png 992w, https:\/\/waboom.net\/wp-content\/uploads\/2025\/09\/Gemini_Generated_Image_xmfva4xmfva4xmfv-282x300.png 282w, https:\/\/waboom.net\/wp-content\/uploads\/2025\/09\/Gemini_Generated_Image_xmfva4xmfva4xmfv-962x1024.png 962w, https:\/\/waboom.net\/wp-content\/uploads\/2025\/09\/Gemini_Generated_Image_xmfva4xmfva4xmfv-768x818.png 768w\" sizes=\"(max-width: 992px) 100vw, 992px\" title=\"\">\t\t\t\t\t\t\t\t\t\t\t\t\t\t\t<\/div>\n\t\t\t\t<\/div>\n\t\t\t\t\t<\/div>\n\t\t\t\t<\/div>\n\t\t<div class=\"elementor-element elementor-element-426c9e0 e-flex e-con-boxed e-con e-parent\" data-id=\"426c9e0\" data-element_type=\"container\" data-e-type=\"container\">\n\t\t\t\t\t<div class=\"e-con-inner\">\n\t\t<div class=\"elementor-element elementor-element-c877285 e-con-full animated-slow e-flex elementor-invisible e-con e-child\" data-id=\"c877285\" data-element_type=\"container\" data-e-type=\"container\" data-settings=\"{&quot;animation&quot;:&quot;fadeInRight&quot;}\">\n\t\t\t\t<div class=\"elementor-element elementor-element-0402fb1 elementor-widget elementor-widget-text-editor\" data-id=\"0402fb1\" data-element_type=\"widget\" data-e-type=\"widget\" data-widget_type=\"text-editor.default\">\n\t\t\t\t\t\t\t\t\t<h1>De\u011ferlerimiz<\/h1>\t\t\t\t\t\t\t\t<\/div>\n\t\t\t\t<div class=\"elementor-element elementor-element-7b13c96 elementor-widget elementor-widget-heading\" data-id=\"7b13c96\" data-element_type=\"widget\" data-e-type=\"widget\" data-widget_type=\"heading.default\">\n\t\t\t\t\t<h2 class=\"elementor-heading-title elementor-size-default\">B\u00fcy\u00fckl\u00fc\u011f\u00fcm\u00fcz g\u00fcc\u00fcm\u00fczd\u00fcr. Her sesin ve her karar\u0131n \u00f6nemi vard\u0131r.   <\/h2>\t\t\t\t<\/div>\n\t\t\t\t<\/div>\n\t\t<div class=\"elementor-element elementor-element-eaca005 e-con-full animated-slow e-flex elementor-invisible e-con e-child\" data-id=\"eaca005\" data-element_type=\"container\" data-e-type=\"container\" data-settings=\"{&quot;animation&quot;:&quot;fadeInLeft&quot;}\">\n\t\t\t\t<div class=\"elementor-element elementor-element-d15c530 elementor-widget elementor-widget-text-editor\" data-id=\"d15c530\" data-element_type=\"widget\" data-e-type=\"widget\" data-widget_type=\"text-editor.default\">\n\t\t\t\t\t\t\t\t\t<ul data-start=\"1050\" data-end=\"1509\"><li data-start=\"1050\" data-end=\"1125\"><p data-start=\"1052\" data-end=\"1125\"><strong data-start=\"1052\" data-end=\"1066\">Yenilik<\/strong> \u2013 Taze fikirler ve yarat\u0131c\u0131 problem \u00e7\u00f6zme becerileriyle b\u00fcy\u00fcyoruz.<\/p><\/li><li data-start=\"1126\" data-end=\"1205\"><p data-start=\"1128\" data-end=\"1205\"><strong data-start=\"1128\" data-end=\"1141\">B\u00fct\u00fcnl\u00fck<\/strong> \u2013 G\u00fcvenin, d\u00fcr\u00fcst bir etkile\u015fimle tek seferde in\u015fa edilebilece\u011fine inan\u0131yoruz.<\/p><\/li><li data-start=\"1206\" data-end=\"1287\"><p data-start=\"1208\" data-end=\"1287\"><strong data-start=\"1208\" data-end=\"1226\">M\u00fc\u015fteri odakl\u0131<\/strong> \u2013 M\u00fc\u015fterilerimize bir i\u015flem gibi de\u011fil, tak\u0131m arkada\u015f\u0131 gibi davran\u0131yoruz.<\/p><\/li><li data-start=\"1288\" data-end=\"1363\"><p data-start=\"1290\" data-end=\"1363\"><strong data-start=\"1290\" data-end=\"1307\">\u0130\u015fbirli\u011fi<\/strong> \u2013 Tek bir ekip olarak \u00e7al\u0131\u015f\u0131yoruz, birlikte \u00f6\u011freniyor ve b\u00fcy\u00fcyoruz.<\/p><\/li><li data-start=\"1364\" data-end=\"1440\"><p data-start=\"1366\" data-end=\"1440\"><strong data-start=\"1366\" data-end=\"1380\">M\u00fckemmellik<\/strong> \u2013 Biz bir startup olarak bile kendimize y\u00fcksek standartlar koyuyoruz.<\/p><\/li><li data-start=\"1441\" data-end=\"1509\"><p data-start=\"1443\" data-end=\"1509\"><strong data-start=\"1443\" data-end=\"1461\">Gelece\u011fe odakl\u0131<\/strong> \u2013 Yar\u0131n\u0131 d\u00fc\u015f\u00fcnerek bug\u00fcn\u00fc in\u015fa ediyoruz.<\/p><\/li><\/ul>\t\t\t\t\t\t\t\t<\/div>\n\t\t\t\t<\/div>\n\t\t\t\t\t<\/div>\n\t\t\t\t<\/div>\n\t\t<div class=\"elementor-element elementor-element-a3d1d50 e-flex e-con-boxed e-con e-parent\" data-id=\"a3d1d50\" data-element_type=\"container\" data-e-type=\"container\">\n\t\t\t\t\t<div class=\"e-con-inner\">\n\t\t<div class=\"elementor-element elementor-element-6435388 e-con-full e-flex e-con e-child\" data-id=\"6435388\" data-element_type=\"container\" data-e-type=\"container\">\n\t\t<div class=\"elementor-element elementor-element-e43e524 animated-slow e-con-full e-flex elementor-invisible e-con e-child\" data-id=\"e43e524\" data-element_type=\"container\" data-e-type=\"container\" data-settings=\"{&quot;animation&quot;:&quot;fadeIn&quot;}\">\n\t\t\t\t<div class=\"elementor-element elementor-element-ccc942f elementor-widget elementor-widget-heading\" data-id=\"ccc942f\" data-element_type=\"widget\" data-e-type=\"widget\" data-widget_type=\"heading.default\">\n\t\t\t\t\t<div class=\"elementor-heading-title elementor-size-default\">\t\n\u015eirketlerin G\u00fcvenini Kazand\u0131\n<\/div>\t\t\t\t<\/div>\n\t\t\t\t<div class=\"elementor-element elementor-element-beadc31 elementor-widget elementor-widget-image-carousel\" data-id=\"beadc31\" data-element_type=\"widget\" data-e-type=\"widget\" data-settings=\"{&quot;slides_to_show&quot;:&quot;5&quot;,&quot;navigation&quot;:&quot;none&quot;,&quot;image_spacing_custom&quot;:{&quot;unit&quot;:&quot;px&quot;,&quot;size&quot;:75,&quot;sizes&quot;:[]},&quot;autoplay&quot;:&quot;yes&quot;,&quot;pause_on_hover&quot;:&quot;yes&quot;,&quot;pause_on_interaction&quot;:&quot;yes&quot;,&quot;autoplay_speed&quot;:5000,&quot;infinite&quot;:&quot;yes&quot;,&quot;speed&quot;:500,&quot;image_spacing_custom_tablet&quot;:{&quot;unit&quot;:&quot;px&quot;,&quot;size&quot;:&quot;&quot;,&quot;sizes&quot;:[]},&quot;image_spacing_custom_mobile&quot;:{&quot;unit&quot;:&quot;px&quot;,&quot;size&quot;:&quot;&quot;,&quot;sizes&quot;:[]}}\" data-widget_type=\"image-carousel.default\">\n\t\t\t\t\t\t\t<div class=\"elementor-image-carousel-wrapper swiper\" role=\"region\" aria-roledescription=\"carousel\" aria-label=\"Resim D\u00f6ng\u00fcs\u00fc\" dir=\"ltr\">\n\t\t\t<div class=\"elementor-image-carousel swiper-wrapper\" aria-live=\"off\">\n\t\t\t\t\t\t\t\t<div class=\"swiper-slide\" role=\"group\" aria-roledescription=\"slide\" aria-label=\"6&#039;dan 1&#039;i\"><figure class=\"swiper-slide-inner\"><img decoding=\"async\" class=\"swiper-slide-image\" src=\"https:\/\/waboom.net\/wp-content\/uploads\/2025\/10\/logo-colored.png\" alt=\"logo renkli\" title=\"\"><\/figure><\/div><div class=\"swiper-slide\" role=\"group\" aria-roledescription=\"slide\" aria-label=\"6&#039;dan 2&#039;si\"><figure class=\"swiper-slide-inner\"><img decoding=\"async\" class=\"swiper-slide-image\" src=\"https:\/\/waboom.net\/wp-content\/uploads\/2025\/10\/AlZumuruda_Logo-e1755865598669.png\" alt=\"AlZumuruda_Logo-e1755865598669\" title=\"\"><\/figure><\/div><div class=\"swiper-slide\" role=\"group\" aria-roledescription=\"slide\" aria-label=\"6&#039;dan 3&#039;\u00fc\"><figure class=\"swiper-slide-inner\"><img decoding=\"async\" class=\"swiper-slide-image\" src=\"https:\/\/waboom.net\/wp-content\/uploads\/2025\/10\/KJ1mZX10VAoPDgX7fHUvtzfqhKPXi1lL7cKlL4xl.png\" alt=\"KJ1mZX10VAoPDgX7fHUvtzfqhKPXi1lL7cKlL4xl\" title=\"\"><\/figure><\/div><div class=\"swiper-slide\" role=\"group\" aria-roledescription=\"slide\" aria-label=\"6&#039;dan 4&#039;\u00fc\"><figure class=\"swiper-slide-inner\"><img decoding=\"async\" class=\"swiper-slide-image\" src=\"https:\/\/waboom.net\/wp-content\/uploads\/2025\/10\/images-e1755865264479.png\" alt=\"resimler-e1755865264479\" title=\"\"><\/figure><\/div><div class=\"swiper-slide\" role=\"group\" aria-roledescription=\"slide\" aria-label=\"6&#039;dan 5&#039;i\"><figure class=\"swiper-slide-inner\"><img decoding=\"async\" class=\"swiper-slide-image\" src=\"https:\/\/waboom.net\/wp-content\/uploads\/2025\/10\/faces-canada.jpg\" alt=\"Kanada&#039;ya y\u00fczler\" title=\"\"><\/figure><\/div><div class=\"swiper-slide\" role=\"group\" aria-roledescription=\"slide\" aria-label=\"6&#039;dan 6\"><figure class=\"swiper-slide-inner\"><img decoding=\"async\" class=\"swiper-slide-image\" src=\"https:\/\/waboom.net\/wp-content\/uploads\/2025\/10\/logo.png\" alt=\"logo\" title=\"\"><\/figure><\/div>\t\t\t<\/div>\n\t\t\t\t\t\t\t\n\t\t\t\t\t\t\t\t\t<\/div>\n\t\t\t\t\t\t<\/div>\n\t\t\t\t<\/div>\n\t\t\t\t<\/div>\n\t\t\t\t\t<\/div>\n\t\t\t\t<\/div>\n\t\t<div class=\"elementor-element elementor-element-f263ff9 e-flex e-con-boxed e-con e-parent\" data-id=\"f263ff9\" data-element_type=\"container\" data-e-type=\"container\">\n\t\t\t\t\t<div class=\"e-con-inner\">\n\t\t<div class=\"elementor-element elementor-element-3376a7d e-con-full animated-slow e-flex elementor-invisible e-con e-child\" data-id=\"3376a7d\" data-element_type=\"container\" data-e-type=\"container\" data-settings=\"{&quot;animation&quot;:&quot;fadeInRight&quot;}\">\n\t\t\t\t<div class=\"elementor-element elementor-element-06250af elementor-widget elementor-widget-image\" data-id=\"06250af\" data-element_type=\"widget\" data-e-type=\"widget\" data-widget_type=\"image.default\">\n\t\t\t\t\t\t\t\t\t\t\t\t\t\t\t<img decoding=\"async\" width=\"1025\" height=\"925\" src=\"https:\/\/waboom.net\/wp-content\/uploads\/2024\/07\/img-04.svg\" class=\"attachment-full size-full wp-image-641\" alt=\"\" title=\"\">\t\t\t\t\t\t\t\t\t\t\t\t\t\t\t<\/div>\n\t\t\t\t<\/div>\n\t\t<div class=\"elementor-element elementor-element-62d75ce e-con-full animated-slow e-flex elementor-invisible e-con e-child\" data-id=\"62d75ce\" data-element_type=\"container\" data-e-type=\"container\" data-settings=\"{&quot;animation&quot;:&quot;fadeInLeft&quot;}\">\n\t\t\t\t<div class=\"elementor-element elementor-element-914f407 elementor-widget elementor-widget-heading\" data-id=\"914f407\" data-element_type=\"widget\" data-e-type=\"widget\" data-widget_type=\"heading.default\">\n\t\t\t\t\t<h2 class=\"elementor-heading-title elementor-size-default\">Etkimiz<\/h2>\t\t\t\t<\/div>\n\t\t\t\t<div class=\"elementor-element elementor-element-4eda682 elementor-widget elementor-widget-text-editor\" data-id=\"4eda682\" data-element_type=\"widget\" data-e-type=\"widget\" data-widget_type=\"text-editor.default\">\n\t\t\t\t\t\t\t\t\t<p data-start=\"1535\" data-end=\"1590\">K\u00fc\u00e7\u00fck olabiliriz ama \u00e7al\u0131\u015fmalar\u0131m\u0131z fark yarat\u0131yor.<\/p><ul data-start=\"1592\" data-end=\"1856\"><li data-start=\"1592\" data-end=\"1658\"><p data-start=\"1594\" data-end=\"1658\">\ud83d\ude80 Yard\u0131m etmek <strong data-start=\"1605\" data-end=\"1631\">y\u00fczlerce i\u015fletme<\/strong> ileti\u015fimi kolayla\u015ft\u0131rmak<\/p><\/li><li data-start=\"1659\" data-end=\"1722\"><p data-start=\"1661\" data-end=\"1722\">\ud83d\udcac G\u00fc\u00e7lendirme <strong data-start=\"1673\" data-end=\"1710\">milyonlarca m\u00fc\u015fteri etkile\u015fimi<\/strong> kolayl\u0131kla<\/p><\/li><li data-start=\"1723\" data-end=\"1787\"><p data-start=\"1725\" data-end=\"1787\">\ud83c\udf31 Yal\u0131n ve verimli uygulamalarla i\u015fleri s\u00fcrd\u00fcr\u00fclebilir k\u0131lmak<\/p><\/li><li data-start=\"1788\" data-end=\"1856\"><p data-start=\"1790\" data-end=\"1856\">\ud83c\udf10 G\u00fc\u00e7l\u00fc ili\u015fkilere ba\u011fl\u0131 kalarak k\u00fcresel olarak b\u00fcy\u00fcmek<\/p><\/li><\/ul><p data-start=\"1858\" data-end=\"1949\">Bizim i\u00e7in etki b\u00fcy\u00fckl\u00fckle ilgili de\u011fil, her bir m\u00fc\u015fteri i\u00e7in yaratt\u0131\u011f\u0131m\u0131z de\u011ferle ilgilidir.<\/p>\t\t\t\t\t\t\t\t<\/div>\n\t\t\t\t<\/div>\n\t\t\t\t\t<\/div>\n\t\t\t\t<\/div>\n\t\t<div class=\"elementor-element elementor-element-81182fe animated-slow e-flex e-con-boxed elementor-invisible e-con e-parent\" data-id=\"81182fe\" data-element_type=\"container\" data-e-type=\"container\" data-settings=\"{&quot;animation&quot;:&quot;fadeInUp&quot;}\">\n\t\t\t\t\t<div class=\"e-con-inner\">\n\t\t\t\t<div class=\"elementor-element elementor-element-6ef2281 elementor-widget elementor-widget-heading\" data-id=\"6ef2281\" data-element_type=\"widget\" data-e-type=\"widget\" data-widget_type=\"heading.default\">\n\t\t\t\t\t<h1 class=\"elementor-heading-title elementor-size-default\">Ekibimiz<\/h1>\t\t\t\t<\/div>\n\t\t\t\t\t<\/div>\n\t\t\t\t<\/div>\n\t\t<div class=\"elementor-element elementor-element-8ffc829 rt-team-member e-flex e-con-boxed e-con e-parent\" data-id=\"8ffc829\" data-element_type=\"container\" data-e-type=\"container\">\n\t\t\t\t\t<div class=\"e-con-inner\">\n\t\t<div class=\"elementor-element elementor-element-1b09ad1 e-con-full animated-slow e-flex elementor-invisible e-con e-child\" data-id=\"1b09ad1\" data-element_type=\"container\" data-e-type=\"container\" data-settings=\"{&quot;animation&quot;:&quot;fadeInUp&quot;}\">\n\t\t<div class=\"elementor-element elementor-element-a7689ef e-con-full team-item e-flex e-con e-child\" data-id=\"a7689ef\" data-element_type=\"container\" data-e-type=\"container\">\n\t\t\t\t<div class=\"elementor-element elementor-element-43565f5 elementor-widget elementor-widget-heading\" data-id=\"43565f5\" data-element_type=\"widget\" data-e-type=\"widget\" data-widget_type=\"heading.default\">\n\t\t\t\t\t<h3 class=\"elementor-heading-title elementor-size-default\">Osman Safdar<\/h3>\t\t\t\t<\/div>\n\t\t\t\t<div class=\"elementor-element elementor-element-89f070e elementor-widget elementor-widget-text-editor\" data-id=\"89f070e\" data-element_type=\"widget\" data-e-type=\"widget\" data-widget_type=\"text-editor.default\">\n\t\t\t\t\t\t\t\t\tKurucusu ve CEO&#039;su\t\t\t\t\t\t\t\t<\/div>\n\t\t\t\t<\/div>\n\t\t<div class=\"elementor-element elementor-element-a17a448 e-con-full team-item e-flex e-con e-child\" data-id=\"a17a448\" data-element_type=\"container\" data-e-type=\"container\">\n\t\t\t\t<div class=\"elementor-element elementor-element-a7e16c3 elementor-widget elementor-widget-heading\" data-id=\"a7e16c3\" data-element_type=\"widget\" data-e-type=\"widget\" data-widget_type=\"heading.default\">\n\t\t\t\t\t<h3 class=\"elementor-heading-title elementor-size-default\">Jaime Fletcher<\/h3>\t\t\t\t<\/div>\n\t\t\t\t<div class=\"elementor-element elementor-element-bac4f00 elementor-widget elementor-widget-text-editor\" data-id=\"bac4f00\" data-element_type=\"widget\" data-e-type=\"widget\" data-widget_type=\"text-editor.default\">\n\t\t\t\t\t\t\t\t\tK\u0131demli Yaz\u0131l\u0131m Geli\u015ftiricisi\t\t\t\t\t\t\t\t<\/div>\n\t\t\t\t<\/div>\n\t\t<div class=\"elementor-element elementor-element-f2a915f e-con-full team-item e-flex e-con e-child\" data-id=\"f2a915f\" data-element_type=\"container\" data-e-type=\"container\">\n\t\t\t\t<div class=\"elementor-element elementor-element-145f1cd elementor-widget elementor-widget-heading\" data-id=\"145f1cd\" data-element_type=\"widget\" data-e-type=\"widget\" data-widget_type=\"heading.default\">\n\t\t\t\t\t<h3 class=\"elementor-heading-title elementor-size-default\">Les Bakker<\/h3>\t\t\t\t<\/div>\n\t\t\t\t<div class=\"elementor-element elementor-element-c24140b elementor-widget elementor-widget-text-editor\" data-id=\"c24140b\" data-element_type=\"widget\" data-e-type=\"widget\" data-widget_type=\"text-editor.default\">\n\t\t\t\t\t\t\t\t\tYaz\u0131l\u0131m M\u00fchendisi\t\t\t\t\t\t\t\t<\/div>\n\t\t\t\t<\/div>\n\t\t<div class=\"elementor-element elementor-element-c6a47d6 e-con-full team-item e-flex e-con e-child\" data-id=\"c6a47d6\" data-element_type=\"container\" data-e-type=\"container\">\n\t\t\t\t<div class=\"elementor-element elementor-element-2800f62 elementor-widget elementor-widget-heading\" data-id=\"2800f62\" data-element_type=\"widget\" data-e-type=\"widget\" data-widget_type=\"heading.default\">\n\t\t\t\t\t<h3 class=\"elementor-heading-title elementor-size-default\">Alyssa Garnizon<\/h3>\t\t\t\t<\/div>\n\t\t\t\t<div class=\"elementor-element elementor-element-c3f9ae2 elementor-widget elementor-widget-text-editor\" data-id=\"c3f9ae2\" data-element_type=\"widget\" data-e-type=\"widget\" data-widget_type=\"text-editor.default\">\n\t\t\t\t\t\t\t\t\t<p>Web Geli\u015ftirme<\/p>\t\t\t\t\t\t\t\t<\/div>\n\t\t\t\t<\/div>\n\t\t\t\t<\/div>\n\t\t<div class=\"elementor-element elementor-element-66db302 e-con-full animated-slow e-flex elementor-invisible e-con e-child\" data-id=\"66db302\" data-element_type=\"container\" data-e-type=\"container\" data-settings=\"{&quot;animation&quot;:&quot;fadeInUp&quot;}\">\n\t\t<div class=\"elementor-element elementor-element-eab0b88 e-con-full team-item e-flex e-con e-child\" data-id=\"eab0b88\" data-element_type=\"container\" data-e-type=\"container\">\n\t\t\t\t<div class=\"elementor-element elementor-element-3d93564 elementor-widget elementor-widget-heading\" data-id=\"3d93564\" data-element_type=\"widget\" data-e-type=\"widget\" data-widget_type=\"heading.default\">\n\t\t\t\t\t<h3 class=\"elementor-heading-title elementor-size-default\">Charlotte Johnson<\/h3>\t\t\t\t<\/div>\n\t\t\t\t<div class=\"elementor-element elementor-element-5aa8132 elementor-widget elementor-widget-text-editor\" data-id=\"5aa8132\" data-element_type=\"widget\" data-e-type=\"widget\" data-widget_type=\"text-editor.default\">\n\t\t\t\t\t\t\t\t\t\u0130\u00e7erik Y\u00f6neticisi\t\t\t\t\t\t\t\t<\/div>\n\t\t\t\t<\/div>\n\t\t<div class=\"elementor-element elementor-element-40854e4 e-con-full team-item e-flex e-con e-child\" data-id=\"40854e4\" data-element_type=\"container\" data-e-type=\"container\">\n\t\t\t\t<div class=\"elementor-element elementor-element-17b58b2 elementor-widget elementor-widget-heading\" data-id=\"17b58b2\" data-element_type=\"widget\" data-e-type=\"widget\" data-widget_type=\"heading.default\">\n\t\t\t\t\t<h3 class=\"elementor-heading-title elementor-size-default\">Olivia Steiner<\/h3>\t\t\t\t<\/div>\n\t\t\t\t<div class=\"elementor-element elementor-element-fc87f05 elementor-widget elementor-widget-text-editor\" data-id=\"fc87f05\" data-element_type=\"widget\" data-e-type=\"widget\" data-widget_type=\"text-editor.default\">\n\t\t\t\t\t\t\t\t\tM\u00fc\u015fteri Y\u00f6neticisi\t\t\t\t\t\t\t\t<\/div>\n\t\t\t\t<\/div>\n\t\t<div class=\"elementor-element elementor-element-9f2192e e-con-full team-item e-flex e-con e-child\" data-id=\"9f2192e\" data-element_type=\"container\" data-e-type=\"container\">\n\t\t\t\t<div class=\"elementor-element elementor-element-ef0bc4b elementor-widget elementor-widget-heading\" data-id=\"ef0bc4b\" data-element_type=\"widget\" data-e-type=\"widget\" data-widget_type=\"heading.default\">\n\t\t\t\t\t<h3 class=\"elementor-heading-title elementor-size-default\">Charles Fairless<\/h3>\t\t\t\t<\/div>\n\t\t\t\t<div class=\"elementor-element elementor-element-f0c6266 elementor-widget elementor-widget-text-editor\" data-id=\"f0c6266\" data-element_type=\"widget\" data-e-type=\"widget\" data-widget_type=\"text-editor.default\">\n\t\t\t\t\t\t\t\t\tM\u00fc\u015fteri Y\u00f6neticisi\t\t\t\t\t\t\t\t<\/div>\n\t\t\t\t<\/div>\n\t\t<div class=\"elementor-element elementor-element-0d9ba42 e-con-full team-item e-flex e-con e-child\" data-id=\"0d9ba42\" data-element_type=\"container\" data-e-type=\"container\">\n\t\t\t\t<div class=\"elementor-element elementor-element-39a1568 elementor-widget elementor-widget-heading\" data-id=\"39a1568\" data-element_type=\"widget\" data-e-type=\"widget\" data-widget_type=\"heading.default\">\n\t\t\t\t\t<h3 class=\"elementor-heading-title elementor-size-default\">Nancy Taylor<\/h3>\t\t\t\t<\/div>\n\t\t\t\t<div class=\"elementor-element elementor-element-ed1a954 elementor-widget elementor-widget-text-editor\" data-id=\"ed1a954\" data-element_type=\"widget\" data-e-type=\"widget\" data-widget_type=\"text-editor.default\">\n\t\t\t\t\t\t\t\t\tPazarlama M\u00fcd\u00fcr\u00fc\t\t\t\t\t\t\t\t<\/div>\n\t\t\t\t<\/div>\n\t\t\t\t<\/div>\n\t\t<div class=\"elementor-element elementor-element-bd57f61 e-con-full animated-slow e-flex elementor-invisible e-con e-child\" data-id=\"bd57f61\" data-element_type=\"container\" data-e-type=\"container\" data-settings=\"{&quot;animation&quot;:&quot;fadeInUp&quot;}\">\n\t\t<div class=\"elementor-element elementor-element-acde582 e-con-full e-flex e-con e-child\" data-id=\"acde582\" data-element_type=\"container\" data-e-type=\"container\">\n\t\t\t\t<\/div>\n\t\t\t\t<\/div>\n\t\t\t\t\t<\/div>\n\t\t\t\t<\/div>\n\t\t\t\t<\/div>","protected":false},"excerpt":{"rendered":"<p>Simplify communication. Accelerate deal cycles About WABOOM We\u2019re a small team with big ideas\u2014and we like it that way. Being lean means we can move fast, stay close to our customers, and build solutions that really matter. \u00a0Every project starts with conversations, not assumptions. \u00a0No unnecessary fluff\u2014just tools that solve real problems. As a tight-knit&#8230;<\/p>","protected":false},"author":1,"featured_media":0,"parent":0,"menu_order":0,"comment_status":"closed","ping_status":"closed","template":"elementor_header_footer","meta":{"_bbp_topic_count":0,"_bbp_reply_count":0,"_bbp_total_topic_count":0,"_bbp_total_reply_count":0,"_bbp_voice_count":0,"_bbp_anonymous_reply_count":0,"_bbp_topic_count_hidden":0,"_bbp_reply_count_hidden":0,"_bbp_forum_subforum_count":0,"_monsterinsights_skip_tracking":false,"_monsterinsights_sitenote_active":false,"_monsterinsights_sitenote_note":"","_monsterinsights_sitenote_category":0,"footnotes":""},"class_list":["post-18","page","type-page","status-publish","hentry"],"_links":{"self":[{"href":"https:\/\/waboom.net\/tr\/wp-json\/wp\/v2\/pages\/18","targetHints":{"allow":["GET"]}}],"collection":[{"href":"https:\/\/waboom.net\/tr\/wp-json\/wp\/v2\/pages"}],"about":[{"href":"https:\/\/waboom.net\/tr\/wp-json\/wp\/v2\/types\/page"}],"author":[{"embeddable":true,"href":"https:\/\/waboom.net\/tr\/wp-json\/wp\/v2\/users\/1"}],"replies":[{"embeddable":true,"href":"https:\/\/waboom.net\/tr\/wp-json\/wp\/v2\/comments?post=18"}],"version-history":[{"count":0,"href":"https:\/\/waboom.net\/tr\/wp-json\/wp\/v2\/pages\/18\/revisions"}],"wp:attachment":[{"href":"https:\/\/waboom.net\/tr\/wp-json\/wp\/v2\/media?parent=18"}],"curies":[{"name":"wp","href":"https:\/\/api.w.org\/{rel}","templated":true}]}}