{"id":6304,"date":"2025-11-16T19:38:18","date_gmt":"2025-11-16T19:38:18","guid":{"rendered":"https:\/\/waboom.net\/?page_id=6304"},"modified":"2025-11-19T13:23:06","modified_gmt":"2025-11-19T13:23:06","slug":"frequently-asked-question","status":"publish","type":"page","link":"https:\/\/waboom.net\/tr\/frequently-asked-question\/","title":{"rendered":"Frequently Asked Question"},"content":{"rendered":"<div data-elementor-type=\"wp-page\" data-elementor-id=\"6304\" class=\"elementor elementor-6304\">\n\t\t\t\t<div class=\"elementor-element elementor-element-4b701d2 e-flex e-con-boxed e-con e-parent\" data-id=\"4b701d2\" data-element_type=\"container\" data-e-type=\"container\">\n\t\t\t\t\t<div class=\"e-con-inner\">\n\t\t\t\t<div class=\"elementor-element elementor-element-104c09c elementor-widget elementor-widget-heading\" data-id=\"104c09c\" data-element_type=\"widget\" data-e-type=\"widget\" data-widget_type=\"heading.default\">\n\t\t\t\t\t<h2 class=\"elementor-heading-title elementor-size-default\">S\u0131k\u00e7a Sorulan Sorular<\/h2>\t\t\t\t<\/div>\n\t\t\t\t\t<\/div>\n\t\t\t\t<\/div>\n\t\t<div class=\"elementor-element elementor-element-3238c81 e-flex e-con-boxed e-con e-parent\" data-id=\"3238c81\" data-element_type=\"container\" data-e-type=\"container\">\n\t\t\t\t\t<div class=\"e-con-inner\">\n\t\t\t\t<div class=\"elementor-element elementor-element-d85c86f elementor-widget elementor-widget-elementskit-faq\" data-id=\"d85c86f\" data-element_type=\"widget\" data-e-type=\"widget\" data-widget_type=\"elementskit-faq.default\">\n\t\t\t\t\t<div class=\"ekit-wid-con\" >\n                <div class=\"elementskit-single-faq elementor-repeater-item-aae44e8\">\n            <div class=\"elementskit-faq-header\">\n                <h2 class=\"elementskit-faq-title\">S1: Sadece yaz\u0131l\u0131m\u0131 m\u0131 sa\u011fl\u0131yorsunuz, yoksa pazarlama stratejimiz konusunda da bize yard\u0131mc\u0131 olabilir misiniz?<\/h2>\n            <\/div>\n            <div class=\"elementskit-faq-body\">\n                Biz her ikisini de sa\u011fl\u0131yoruz. WABOOM sadece bir yaz\u0131l\u0131m platformu de\u011fil; stratejik bir ortakt\u0131r. WhatsApp ba\u015far\u0131s\u0131 i\u00e7in \u00f6zel hizmetler sunuyoruz: Strateji Geli\u015ftirme: Potansiyel m\u00fc\u015fteri yakalamadan d\u00f6n\u00fc\u015f\u00fcme kadar eksiksiz WhatsApp etkile\u015fim huninizi tasarlaman\u0131za yard\u0131mc\u0131 oluyoruz. Uygulama Planlamas\u0131: Sekt\u00f6r\u00fcn\u00fcze \u00f6zel olarak Chatbot&#039;lar\u0131n, Damla Kampanyalar\u0131n\u0131n ve Toplu Yay\u0131nlar\u0131n en iyi \u015fekilde nas\u0131l kullan\u0131laca\u011f\u0131 konusunda size tavsiyelerde bulunuyoruz.            <\/div>\n        <\/div>\n                <div class=\"elementskit-single-faq elementor-repeater-item-ca72e17\">\n            <div class=\"elementskit-faq-header\">\n                <h2 class=\"elementskit-faq-title\">S2: WABOOM bizim i\u00e7in T\u0131kla-WhatsApp Reklamlar\u0131m\u0131z\u0131 kurup y\u00f6netebilir mi?<\/h2>\n            <\/div>\n            <div class=\"elementskit-faq-body\">\n                Evet. \u0130ste\u011fe ba\u011fl\u0131, \u00f6zel reklam hizmetleri sunuyoruz. Uzmanlar\u0131m\u0131z, t\u0131klama-WhatsApp reklam kampanyalar\u0131n\u0131z\u0131n t\u00fcm ya\u015fam d\u00f6ng\u00fcs\u00fcn\u00fc sizin ad\u0131n\u0131za y\u00f6netebilir; buna \u015funlar dahildir: Yarat\u0131c\u0131 strateji ve reklam metni. Meta Ads Manager i\u00e7inde hedefleme ve optimizasyon. WABOOM&#039;da otomatik y\u00f6nlendirme ve an\u0131nda potansiyel m\u00fc\u015fteri nitelendirmesi.            <\/div>\n        <\/div>\n                <div class=\"elementskit-single-faq elementor-repeater-item-102b84e\">\n            <div class=\"elementskit-faq-header\">\n                <h2 class=\"elementskit-faq-title\">S3: Kay\u0131t olmadan \u00f6nce WhatsApp stratejim i\u00e7in \u00fccretsiz dan\u0131\u015fmanl\u0131k hizmeti sunuyor musunuz?<\/h2>\n            <\/div>\n            <div class=\"elementskit-faq-body\">\n                Kesinlikle. WhatsApp stratejistlerimizden biriyle \u00fccretsiz dan\u0131\u015fmanl\u0131k g\u00f6r\u00fc\u015fmesi sunuyoruz. Bu hi\u00e7bir y\u00fck\u00fcml\u00fcl\u00fck gerektirmeyen g\u00f6r\u00fc\u015fme, mevcut sat\u0131\u015f huninizi analiz etmek ve WABOOM platformunu kullanarak \u00f6zel bir uygulama plan\u0131 sunmak i\u00e7in tasarlanm\u0131\u015ft\u0131r.            <\/div>\n        <\/div>\n                <div class=\"elementskit-single-faq elementor-repeater-item-572dcf2\">\n            <div class=\"elementskit-faq-header\">\n                <h2 class=\"elementskit-faq-title\">S4: WABOOM&#039;un fiyat\u0131 ne kadar ve gizli \u00fccretler var m\u0131?<\/h2>\n            <\/div>\n            <div class=\"elementskit-faq-body\">\n                WABOOM&#039;un toplam maliyeti \u015feffaft\u0131r ve iki bile\u015fenden olu\u015fur: Platform Aboneli\u011fi: WABOOM CRM, Chatbot Builder, Canl\u0131 Sohbet Paneli ve t\u00fcm otomasyon ara\u00e7lar\u0131na eri\u015fim i\u00e7in sabit bir ayl\u0131k veya y\u0131ll\u0131k \u00fccret. WhatsApp Konu\u015fma \u00dccretleri: Bunlar, i\u015fletmeniz veya bir m\u00fc\u015fteri taraf\u0131ndan ba\u015flat\u0131lan her 24 saatlik konu\u015fma dizisi i\u00e7in Meta (WhatsApp) taraf\u0131ndan al\u0131nan \u00fccretlerdir. WABOOM, bu Meta konu\u015fma \u00fccretlerine herhangi bir ek \u00fccret eklemez.            <\/div>\n        <\/div>\n                <div class=\"elementskit-single-faq elementor-repeater-item-0be5efd\">\n            <div class=\"elementskit-faq-header\">\n                <h2 class=\"elementskit-faq-title\">S5: \u00d6demem ba\u015far\u0131s\u0131z olursa ve mesaj\u0131 tekrar g\u00f6ndermeyi denemem gerekirse \u00fccretler nelerdir?<\/h2>\n            <\/div>\n            <div class=\"elementskit-faq-body\">\n                Mesaj iletimi Meta&#039;n\u0131n altyap\u0131s\u0131na dayanmaktad\u0131r. Bir mesaj ba\u015far\u0131s\u0131z olursa, WABOOM, y\u00fcksek teslimat ba\u015far\u0131s\u0131 sa\u011flamak i\u00e7in mesaj\u0131 3 defaya kadar yeniden g\u00f6ndermeyi deneyen bir Ba\u015far\u0131s\u0131z Yeniden Deneme \u00f6zelli\u011fi i\u00e7erir. Yaln\u0131zca Meta taraf\u0131ndan tan\u0131mlanan bir zaman dilimi i\u00e7inde ba\u015far\u0131yla teslim edilen mesajlar i\u00e7in \u00fccretlendirilirsiniz.            <\/div>\n        <\/div>\n                <div class=\"elementskit-single-faq elementor-repeater-item-064998e\">\n            <div class=\"elementskit-faq-header\">\n                <h2 class=\"elementskit-faq-title\">Y\u00fcksek hacimli bir kullan\u0131c\u0131y\u0131m. Bana \u00f6zel bir fiyatland\u0131rma plan\u0131 alabilir miyim?<\/h2>\n            <\/div>\n            <div class=\"elementskit-faq-body\">\n                Evet. \u00c7ok y\u00fcksek mesaj hacmine veya \u00e7ok say\u0131da temsilciye sahip i\u015fletmeler i\u00e7in, platform aboneli\u011finizde daha iyi maliyet verimlili\u011fi sa\u011flayan, \u00f6l\u00e7e\u011finize \u00f6zel olarak uyarlanm\u0131\u015f Kurumsal Planlar sunuyoruz.            <\/div>\n        <\/div>\n                <div class=\"elementskit-single-faq elementor-repeater-item-b6d77c1\">\n            <div class=\"elementskit-faq-header\">\n                <h2 class=\"elementskit-faq-title\">WhatsApp numaram\u0131 ne kadar h\u0131zl\u0131 aktif hale getirebilir ve mesaj g\u00f6ndermeye ba\u015flayabilirim?<\/h2>\n            <\/div>\n            <div class=\"elementskit-faq-body\">\n                Kaydolduktan hemen sonra WABOOM platformuna eri\u015febilir ve Chatbot ak\u0131\u015flar\u0131n\u0131z\u0131 olu\u015fturmaya ba\u015flayabilirsiniz. Numaran\u0131z\u0131n resmi Cloud API&#039;ye tamamen ba\u011flanmas\u0131 (Facebook \u0130\u015fletme Do\u011frulamas\u0131n\u0131 da i\u00e7erir) genellikle 3-5 i\u015f g\u00fcn\u00fc s\u00fcrer.            <\/div>\n        <\/div>\n                <div class=\"elementskit-single-faq elementor-repeater-item-98d1cf5\">\n            <div class=\"elementskit-faq-header\">\n                <h2 class=\"elementskit-faq-title\">S8: Mevcut WhatsApp numaram\u0131 WABOOM ile kullanabilir miyim ve sohbet ge\u00e7mi\u015fime ne olur?<\/h2>\n            <\/div>\n            <div class=\"elementskit-faq-body\">\n                Evet, mevcut WhatsApp Business uygulama numaran\u0131z\u0131 ta\u015f\u0131yabilirsiniz. Ta\u015f\u0131ma i\u015flemi s\u0131ras\u0131nda, WhatsApp gizlilik politikalar\u0131 nedeniyle ge\u00e7mi\u015f sohbet ge\u00e7mi\u015finiz yeni API platformuna otomatik olarak aktar\u0131lmaz. Ancak, gelecekteki t\u00fcm sohbetleriniz WABOOM CRM&#039;de kal\u0131c\u0131 olarak kaydedilecektir.            <\/div>\n        <\/div>\n                <div class=\"elementskit-single-faq elementor-repeater-item-f60365d\">\n            <div class=\"elementskit-faq-header\">\n                <h2 class=\"elementskit-faq-title\">Y\u00f6netici panelinden foto\u011fraf\u0131m\u0131 nas\u0131l de\u011fi\u015ftirebilirim?<\/h2>\n            <\/div>\n            <div class=\"elementskit-faq-body\">\n                Uzaklarda, kelime da\u011flar\u0131n\u0131n ard\u0131nda, Vokalia ve Consonantia \u00fclkelerinden \u00e7ok uzakta, k\u00f6r metinler ya\u015far. Ayr\u0131 ayr\u0131, k\u0131y\u0131 \u015feridinde, Bookmarksgrove&#039;da ya\u015farlar.            <\/div>\n        <\/div>\n                <div class=\"elementskit-single-faq elementor-repeater-item-b1445ce\">\n            <div class=\"elementskit-faq-header\">\n                <h2 class=\"elementskit-faq-title\">S9: Ye\u015fil Onayl\u0131 Tik&#039;i nas\u0131l alabilirim ve WABOOM bu konuda nas\u0131l yard\u0131mc\u0131 olur?<\/h2>\n            <\/div>\n            <div class=\"elementskit-faq-body\">\n                Ye\u015fil Tik (Resmi \u0130\u015fletme Hesab\u0131), Meta taraf\u0131ndan i\u015fletmenizin \u00f6ne \u00e7\u0131kan konumuna g\u00f6re verilir. WABOOM, vazge\u00e7ilmez bir teknik \u00f6n ko\u015ful olan Resmi Bulut API&#039;sinde yer alman\u0131z\u0131 sa\u011flar ve ba\u015far\u0131l\u0131 bir ba\u015fvuru i\u00e7in uygunlu\u011funuzu en \u00fcst d\u00fczeye \u00e7\u0131karman\u0131z konusunda size tavsiyelerde bulunur.            <\/div>\n        <\/div>\n                <div class=\"elementskit-single-faq elementor-repeater-item-1bfc044\">\n            <div class=\"elementskit-faq-header\">\n                <h2 class=\"elementskit-faq-title\">S10: WABOOM&#039;u mobil cihaz\u0131mda kullanabilir miyim, yoksa sadece PC uygulamas\u0131 m\u0131?<\/h2>\n            <\/div>\n            <div class=\"elementskit-faq-body\">\n                WABOOM, herhangi bir bilgisayar taray\u0131c\u0131s\u0131ndan eri\u015filebilen web tabanl\u0131 bir uygulamad\u0131r. \u0130ndirilebilecek ayr\u0131 bir &quot;mobil taray\u0131c\u0131 uygulamam\u0131z&quot; olmamas\u0131na ra\u011fmen, platform, hareket halindeyken temel y\u00f6netim ve izleme i\u015flemleri i\u00e7in mobil cihazlara uyumlu olacak \u015fekilde tasarlanm\u0131\u015ft\u0131r.            <\/div>\n        <\/div>\n                <div class=\"elementskit-single-faq elementor-repeater-item-49ad8ee\">\n            <div class=\"elementskit-faq-header\">\n                <h2 class=\"elementskit-faq-title\">S11: \u00d6demeleri nas\u0131l yapar\u0131m? M\u00fc\u015fteriler do\u011frudan sohbet \u00fczerinden \u00f6deme yapabilir mi?<\/h2>\n            <\/div>\n            <div class=\"elementskit-faq-body\">\n                Evet. WABOOM, g\u00fcvenli \u00f6deme ba\u011flant\u0131lar\u0131 g\u00f6ndermenize veya WhatsApp&#039;\u0131n yerle\u015fik \u00f6deme \u00f6zelliklerini (varsa) kullanman\u0131za olanak tan\u0131yarak WhatsApp \u00fczerinden \u00f6demeleri m\u00fcmk\u00fcn k\u0131lar. Bu, m\u00fc\u015fterilerin katalo\u011funuzu inceleyip \u00f6demelerini sohbet aray\u00fcz\u00fcnden ayr\u0131lmadan tamamlayabilecekleri anlam\u0131na gelir.            <\/div>\n        <\/div>\n                <div class=\"elementskit-single-faq elementor-repeater-item-87f33e3\">\n            <div class=\"elementskit-faq-header\">\n                <h2 class=\"elementskit-faq-title\">S12: Sohbet ge\u00e7mi\u015fi de dahil olmak \u00fczere bir sohbeti bir temsilciden di\u011ferine g\u00fcvenli bir \u015fekilde nas\u0131l aktarabilirim?<\/h2>\n            <\/div>\n            <div class=\"elementskit-faq-body\">\n                Canl\u0131 Sohbet Paneli&#039;nde, sohbetler tek bir t\u0131klamayla an\u0131nda aktar\u0131l\u0131r. Temsilci B aktar\u0131lan sohbeti kabul etti\u011finde, WhatsApp CRM taraf\u0131ndan sa\u011flanan t\u00fcm sohbet ge\u00e7mi\u015fine ve m\u00fc\u015fteri profiline (\u00d6zellikler, segmentasyon etiketleri) tam eri\u015fime sahip olur.            <\/div>\n        <\/div>\n                <div class=\"elementskit-single-faq elementor-repeater-item-9afca5d\">\n            <div class=\"elementskit-faq-header\">\n                <h2 class=\"elementskit-faq-title\">S13: Hedefli kampanyalar i\u00e7in m\u00fc\u015fteri verileri nas\u0131l b\u00f6l\u00fcmlere ayr\u0131l\u0131yor?<\/h2>\n            <\/div>\n            <div class=\"elementskit-faq-body\">\n                WABOOM CRM&#039;de m\u00fc\u015fteri verileri Nitelikler kullan\u0131larak saklan\u0131r. Bu nitelikler, temsilciler taraf\u0131ndan manuel olarak veya Chatbot taraf\u0131ndan otomatik olarak ayarlanabilir (\u00f6rne\u011fin, product_interest: coffee, lead_score: high). Daha sonra bu nitelikleri kullanarak listenizi filtreleyebilir ve segmentlere ay\u0131rarak son derece hedefli WhatsApp Toplu Yay\u0131nlar\u0131 veya Damla Kampanyalar\u0131 olu\u015fturabilirsiniz.            <\/div>\n        <\/div>\n                <div class=\"elementskit-single-faq elementor-repeater-item-8fea547\">\n            <div class=\"elementskit-faq-header\">\n                <h2 class=\"elementskit-faq-title\">S14: WABOOM hesab\u0131mdan ki\u015fileri veya temsilcileri nas\u0131l silerim?<\/h2>\n            <\/div>\n            <div class=\"elementskit-faq-body\">\n                WABOOM kontrol panelinde hem ki\u015fi hem de temsilci y\u00f6netimi g\u00fcvenli bir \u015fekilde ger\u00e7ekle\u015ftirilir. Temsilci Kurallar\u0131 ve Ki\u015filer ayarlar\u0131 sayfalar\u0131 arac\u0131l\u0131\u011f\u0131yla tek tek ki\u015fileri kolayca silebilir veya temsilci eri\u015fimini kald\u0131rabilirsiniz.            <\/div>\n        <\/div>\n                \n    <\/div>\t\t\t\t<\/div>\n\t\t\t\t\t<\/div>\n\t\t\t\t<\/div>\n\t\t\t\t<\/div>","protected":false},"excerpt":{"rendered":"<p>Frequently Asked Questions Q1: Do you only provide the software, or can you help us with our marketing strategy? We provide both. WABOOM is not just a software platform; we are a strategic partner. We offer specialized services for WhatsApp success: Strategy Development: We help design your complete WhatsApp engagement funnel, from lead capture to&#8230;<\/p>","protected":false},"author":1,"featured_media":0,"parent":0,"menu_order":0,"comment_status":"closed","ping_status":"closed","template":"","meta":{"_bbp_topic_count":0,"_bbp_reply_count":0,"_bbp_total_topic_count":0,"_bbp_total_reply_count":0,"_bbp_voice_count":0,"_bbp_anonymous_reply_count":0,"_bbp_topic_count_hidden":0,"_bbp_reply_count_hidden":0,"_bbp_forum_subforum_count":0,"_monsterinsights_skip_tracking":false,"_monsterinsights_sitenote_active":false,"_monsterinsights_sitenote_note":"","_monsterinsights_sitenote_category":0,"footnotes":""},"class_list":["post-6304","page","type-page","status-publish","hentry"],"_links":{"self":[{"href":"https:\/\/waboom.net\/tr\/wp-json\/wp\/v2\/pages\/6304","targetHints":{"allow":["GET"]}}],"collection":[{"href":"https:\/\/waboom.net\/tr\/wp-json\/wp\/v2\/pages"}],"about":[{"href":"https:\/\/waboom.net\/tr\/wp-json\/wp\/v2\/types\/page"}],"author":[{"embeddable":true,"href":"https:\/\/waboom.net\/tr\/wp-json\/wp\/v2\/users\/1"}],"replies":[{"embeddable":true,"href":"https:\/\/waboom.net\/tr\/wp-json\/wp\/v2\/comments?post=6304"}],"version-history":[{"count":0,"href":"https:\/\/waboom.net\/tr\/wp-json\/wp\/v2\/pages\/6304\/revisions"}],"wp:attachment":[{"href":"https:\/\/waboom.net\/tr\/wp-json\/wp\/v2\/media?parent=6304"}],"curies":[{"name":"wp","href":"https:\/\/api.w.org\/{rel}","templated":true}]}}