{"id":6333,"date":"2025-11-16T21:06:58","date_gmt":"2025-11-16T21:06:58","guid":{"rendered":"https:\/\/waboom.net\/?page_id=6333"},"modified":"2025-11-19T13:20:58","modified_gmt":"2025-11-19T13:20:58","slug":"waboom-vs-interakt","status":"publish","type":"page","link":"https:\/\/waboom.net\/tr\/waboom-vs-interakt\/","title":{"rendered":"WABOOM ve Interakt"},"content":{"rendered":"<p><\/p>\n\n\n\n<p>WABOOM&#039;un fiyatland\u0131rma karma\u015fas\u0131n\u0131 nas\u0131l ortadan kald\u0131rd\u0131\u011f\u0131n\u0131, \u00fcst\u00fcn otomasyonun \u00f6n\u00fcn\u00fc nas\u0131l a\u00e7t\u0131\u011f\u0131n\u0131 ve i\u015fletmenizin WhatsApp&#039;ta ger\u00e7ekten \u00f6l\u00e7eklenebilmesi i\u00e7in ihtiya\u00e7 duydu\u011fu stratejik ortakl\u0131\u011f\u0131 nas\u0131l sa\u011flad\u0131\u011f\u0131n\u0131 ke\u015ffedin.<\/p>\n\n\n\n<h1 class=\"wp-block-heading\">\u00d6zellik Bazl\u0131 Kar\u015f\u0131la\u015ft\u0131rma: WABOOM ve Interakt<\/h1>\n\n\n\n<p>A\u015fa\u011f\u0131da, d\u00f6n\u00fc\u015f\u00fcmleri ve yat\u0131r\u0131m getirisini art\u0131ran \u00f6zelliklerin yan yana net bir d\u00f6k\u00fcm\u00fc yer almaktad\u0131r.<\/p>\n\n\n\n<figure class=\"wp-block-table\"><table class=\"has-fixed-layout\"><thead><tr><th><strong>\u00d6zellik<\/strong><\/th><th><strong>WABOOM<\/strong><\/th><th><strong>Etkile\u015fim<\/strong><\/th><\/tr><\/thead><tbody><tr><td><strong>Fiyatland\u0131rma Modeli<\/strong><\/td><td>\u015eeffaf Ayl\u0131k\/Y\u0131ll\u0131k Planlar<\/td><td>Karma\u015f\u0131k \u00c7eyrek Y\u0131ll\u0131k\/Katmanl\u0131 Planlar<\/td><\/tr><tr><td><strong>Meta Konu\u015fma \u0130\u015faretlemesi<\/strong><\/td><td>0% Kar Marj\u0131 (Ge\u00e7i\u015f Maliyeti)<\/td><td>De\u011fi\u015fken Kar Marj\u0131 (Daha Y\u00fcksek Toplam Maliyet)<\/td><\/tr><tr><td><strong>\u00dccretsiz Temsilci Giri\u015fleri<\/strong><\/td><td>S\u0131n\u0131rs\u0131z<\/td><td>Planlara g\u00f6re de\u011fi\u015fir; genellikle s\u0131n\u0131rl\u0131d\u0131r.<\/td><\/tr><tr><td><strong>Sohbet Botu Olu\u015fturucu<\/strong><\/td><td>S\u00fcr\u00fckle ve B\u0131rak G\u00f6rsel Olu\u015fturucu (T\u00fcm Seviyeler)<\/td><td>GPT destekli sistemler yaln\u0131zca \u00fcst kademelerde mevcuttur.<\/td><\/tr><tr><td><strong>WhatsApp \u00d6demeleri<\/strong><\/td><td>Dahili, Tek T\u0131kla Etkinle\u015ftirme<\/td><td>Daha \u00dcst D\u00fczey Plan veya Karma\u015f\u0131k Kurulum Gerektirir<\/td><\/tr><tr><td><strong>API\/Webhook Entegrasyonlar\u0131<\/strong><\/td><td>\u00dccretsiz ve S\u0131n\u0131rs\u0131z (T\u00fcm Seviyeler)<\/td><td>Ba\u015flang\u0131\u00e7 planlar\u0131nda s\u0131n\u0131rl\u0131; daha \u00fcst seviyelerde pahal\u0131.<\/td><\/tr><tr><td><strong>Reklam Stratejisi ve Kurulum Hizmeti<\/strong><\/td><td>\u0130ste\u011fe ba\u011fl\u0131 Tam Reklam Stratejisi ve Uygulamas\u0131<\/td><td>Yok; Sadece Self Servis<\/td><\/tr><tr><td><strong>M\u00fc\u015fteri Deste\u011fi<\/strong><\/td><td>\u00d6zel M\u00fc\u015fteri Temsilcisi + Telefon, Zoom ve Sohbet<\/td><td>Sadece e-posta yoluyla ileti\u015fim; Yan\u0131t s\u00fcrelerinin yava\u015f oldu\u011fu bildirildi.<\/td><\/tr><tr><td><strong>Yay\u0131n Performans\u0131<\/strong><\/td><td>Optimize Edilmi\u015f, Y\u00fcksek H\u0131zl\u0131 Teslimat<\/td><td>Plana ba\u011fl\u0131 olarak; daha yava\u015f olabilir.<\/td><\/tr><tr><td><strong>Ye\u015fil Onay Do\u011frulamas\u0131<\/strong><\/td><td>\u00d6zel Teknik ve Stratejik Rehberlik<\/td><td>Sadece Temel Teknik Uyumluluk<\/td><\/tr><\/tbody><\/table><\/figure>\n\n\n\n<h1 class=\"wp-block-heading\">Detayl\u0131 Kar\u015f\u0131la\u015ft\u0131rma: WABOOM&#039;un Kazand\u0131\u011f\u0131 Noktalar<\/h1>\n\n\n\n<h2 class=\"wp-block-heading\">I. Fiyatland\u0131rma ve Toplam Sahip Olma Maliyeti (TCO)<\/h2>\n\n\n\n<p>\u00d6l\u00e7eklendirme \u00f6n\u00fcndeki en b\u00fcy\u00fck engeliniz \u015fudur: <strong>beklenmedik maliyetler<\/strong> Genellikle karma\u015f\u0131k fiyatland\u0131rma yap\u0131lar\u0131n\u0131n i\u00e7inde gizlidir.<\/p>\n\n\n\n<h3 class=\"wp-block-heading\"><strong>WABOOM Avantaj\u0131<\/strong><\/h3>\n\n\n\n<ul class=\"wp-block-list\">\n<li><strong>0% \u0130\u015faretleme S\u00f6z\u00fc:<\/strong><br>WABOOM sald\u0131r\u0131lar\u0131 <strong>s\u0131f\u0131r kar marj\u0131<\/strong> Meta&#039;n\u0131n resmi konu\u015fma \u00fccretleri \u00fczerinden.<br>Meta&#039;n\u0131n talep etti\u011fi fiyattan daha fazlas\u0131n\u0131 \u00f6demezsiniz.<br>B\u00fcy\u00fcmenizi do\u011fru bir \u015fekilde tahmin etmenin tek yolu budur.<\/li>\n\n\n\n<li><strong>Basit Planlar:<\/strong><br>API eri\u015fimi, chatbot olu\u015fturucu, segmentasyon ve i\u015f ak\u0131\u015flar\u0131 gibi temel \u00f6zellikler, sizi pahal\u0131 paketlere zorlamadan sunulmaktad\u0131r.<\/li>\n<\/ul>\n\n\n\n<h3 class=\"wp-block-heading\"><strong>Etkile\u015fim Zay\u0131fl\u0131\u011f\u0131<\/strong><\/h3>\n\n\n\n<ul class=\"wp-block-list\">\n<li>Interakt genellikle \u015funu kullan\u0131r: <strong>\u00d6n \u00f6demeli c\u00fczdan sistemi<\/strong> ve \u015fu durumlarda uygulanabilir:\n<ul class=\"wp-block-list\">\n<li>Daha y\u00fcksek mesaj fiyatland\u0131rmas\u0131<\/li>\n\n\n\n<li>Ek fiyatland\u0131rma<\/li>\n\n\n\n<li>Alt kademe planlara ili\u015fkin k\u0131s\u0131tlamalar<\/li>\n<\/ul>\n<\/li>\n\n\n\n<li>Bu durum, potansiyel m\u00fc\u015fteri edinme maliyetini art\u0131r\u0131r ve b\u00fct\u00e7eleme karma\u015f\u0131kl\u0131\u011f\u0131n\u0131 y\u00fckseltir.<\/li>\n\n\n\n<li>Alt seviye planlar\u0131, temel ara\u00e7lar\u0131 daha \u00fcst seviye y\u00fckseltmelerin ard\u0131na kilitliyor.<\/li>\n<\/ul>\n\n\n\n<h2 class=\"wp-block-heading\">II. Otomasyon, Sohbet Robotu ve Potansiyel M\u00fc\u015fteri Y\u00f6netimi<\/h2>\n\n\n\n<p>WhatsApp platformu, sat\u0131\u015flar\u0131 haftalar sonra de\u011fil, an\u0131nda otomatik hale getirmelidir.<\/p>\n\n\n\n<h3 class=\"wp-block-heading\"><strong>WABOOM Avantaj\u0131<\/strong><\/h3>\n\n\n\n<ul class=\"wp-block-list\">\n<li><strong>Ger\u00e7ek S\u00fcr\u00fckle ve B\u0131rak Sohbet Botu Olu\u015fturucu:<\/strong><br>T\u00fcm planlarda mevcuttur. An\u0131nda i\u015f ak\u0131\u015flar\u0131, ko\u015fullu mant\u0131k, men\u00fcler, analizler ve CRM ba\u011flant\u0131lar\u0131 olu\u015fturun.<\/li>\n\n\n\n<li><strong>Tam \u00d6zellik Eri\u015fimi:<\/strong><br>Damla kampanyalar\u0131, geli\u015fmi\u015f segmentasyon ve ger\u00e7ek zamanl\u0131 analizler ilk g\u00fcnden itibaren dahildir.<\/li>\n<\/ul>\n\n\n\n<h3 class=\"wp-block-heading\"><strong>Etkile\u015fim Zay\u0131fl\u0131\u011f\u0131<\/strong><\/h3>\n\n\n\n<ul class=\"wp-block-list\">\n<li>Interakt&#039;\u0131n en de\u011ferli otomasyon \u00f6zelliklerinin \u00e7o\u011fu, \u00f6zellikle yapay zek\u00e2 destekli sohbet botlar\u0131 ve geli\u015fmi\u015f analitikler, \u015funlard\u0131r: <strong>\u00fcst d\u00fczey planlar\u0131n ard\u0131nda kilitli<\/strong>, Bu durum, i\u015flevsel bir sat\u0131\u015f hunisi olu\u015fturmak i\u00e7in gereken toplam maliyeti art\u0131r\u0131r.<\/li>\n<\/ul>\n\n\n\n<h2 class=\"wp-block-heading\">III. Stratejik Ortakl\u0131k ve Reklam Deste\u011fi<\/h2>\n\n\n\n<p>Biz size sadece yaz\u0131l\u0131m vermiyoruz. Ger\u00e7ek gelir elde etmenize yard\u0131mc\u0131 oluyoruz.<\/p>\n\n\n\n<h3 class=\"wp-block-heading\"><strong>WABOOM Avantaj\u0131<\/strong><\/h3>\n\n\n\n<ul class=\"wp-block-list\">\n<li><strong>Sizin \u0130\u00e7in Haz\u0131r Reklam Uygulamas\u0131:<\/strong><br>WABOOM, planlama, ba\u015flatma, optimizasyon ve \u00f6l\u00e7eklendirme konular\u0131nda size yard\u0131mc\u0131 olabilir. <strong>T\u0131kla-WhatsApp Reklamlar\u0131<\/strong>.<br>Deneme yan\u0131lma y\u00f6ntemi yerine uzmanlar taraf\u0131ndan y\u00f6netilen kampanya y\u00fcr\u00fctme hizmeti al\u0131rs\u0131n\u0131z.<\/li>\n\n\n\n<li><strong>\u00dccretsiz Strateji Dan\u0131\u015fmanl\u0131\u011f\u0131:<\/strong><br>Her i\u015fletme, WhatsApp sat\u0131\u015f hunisini planlamak ve kurulumunuzun gelir elde etmeye y\u00f6nelik olarak optimize edildi\u011finden emin olmak i\u00e7in \u00fccretsiz bir oturum hakk\u0131 kazan\u0131r.<\/li>\n<\/ul>\n\n\n\n<h3 class=\"wp-block-heading\"><strong>Etkile\u015fim Zay\u0131fl\u0131\u011f\u0131<\/strong><\/h3>\n\n\n\n<ul class=\"wp-block-list\">\n<li>Interakt bir <strong>Self servis<\/strong> platform.<\/li>\n\n\n\n<li>Ara\u00e7lar\u0131 sunarken, ayn\u0131 zamanda \u015funlar\u0131 da yap\u0131yorlar: <strong>Olumsuz<\/strong> Yat\u0131r\u0131m getirisini en \u00fcst d\u00fczeye \u00e7\u0131karmak i\u00e7in gereken stratejik deste\u011fi, sat\u0131\u015f hunisi planlamas\u0131n\u0131 veya reklam uygulamas\u0131n\u0131 sa\u011flay\u0131n.<\/li>\n<\/ul>\n\n\n\n<h1 class=\"wp-block-heading\">WABOOM Neden \u00dcst\u00fcn Bir Se\u00e7im?<\/h1>\n\n\n\n<p>WABOOM, \u015feffafl\u0131k, g\u00fc\u00e7 ve ortakl\u0131k talep eden y\u00fcksek b\u00fcy\u00fcme potansiyeline sahip i\u015fletmeler i\u00e7in tasarlanm\u0131\u015ft\u0131r.<\/p>\n\n\n\n<h3 class=\"wp-block-heading\">\u2714 Maliyet Verimlili\u011fi<\/h3>\n\n\n\n<p>Meta \u00fccretlerinde 0% kar marj\u0131 = \u00f6l\u00e7eklendik\u00e7e binlerce tasarruf.<\/p>\n\n\n\n<h3 class=\"wp-block-heading\">\u2714 H\u0131z ve Destek<\/h3>\n\n\n\n<p>WhatsApp, arama, Zoom \u00fczerinden ger\u00e7ek insan deste\u011fiyle \u00fcr\u00fcnlerinizi piyasaya s\u00fcrmenize, optimize etmenize ve \u00e7evrimi\u00e7i kalman\u0131za yard\u0131mc\u0131 oluyoruz.<\/p>\n\n\n\n<h3 class=\"wp-block-heading\">\u2714 S\u0131n\u0131rs\u0131z Otomasyon<\/h3>\n\n\n\n<p>S\u00fcr\u00fckle ve b\u0131rak \u00f6zellikli sohbet botu + s\u0131n\u0131rs\u0131z API entegrasyonu ba\u015ftan itibaren dahildir.<\/p>\n\n\n\n<h3 class=\"wp-block-heading\">\u2714 Tam Kapsaml\u0131 B\u00fcy\u00fcme Orta\u011f\u0131<\/h3>\n\n\n\n<p>Kurulumdan reklamlara ve stratejiye kadar WABOOM, an\u0131nda gelir elde etmenize yard\u0131mc\u0131 olur.<\/p>\n\n\n\n<h1 class=\"wp-block-heading\">Gizli \u00fccretlerden kurtulmaya ve WhatsApp stratejinizi do\u011fru \u015fekilde \u00f6l\u00e7eklendirmeye haz\u0131r m\u0131s\u0131n\u0131z?<\/h1>\n\n\n\n<h3 class=\"wp-block-heading\"><strong>\u015eimdi \u00dcCRETS\u0130Z WABOOM Hesab\u0131n\u0131z\u0131 Olu\u015fturun!<\/strong><\/h3>\n\n\n\n<p>Kredi kart\u0131 gerekmez. Temel \u00f6zelliklere tam eri\u015fim.<\/p>","protected":false},"excerpt":{"rendered":"<p>WABOOM&#039;un fiyatland\u0131rma karma\u015fas\u0131n\u0131 nas\u0131l ortadan kald\u0131rd\u0131\u011f\u0131n\u0131, \u00fcst\u00fcn otomasyonun kilidini nas\u0131l a\u00e7t\u0131\u011f\u0131n\u0131 ve i\u015fletmenizin WhatsApp&#039;ta ger\u00e7ekten \u00f6l\u00e7eklenmesi i\u00e7in ihtiya\u00e7 duydu\u011fu stratejik ortakl\u0131\u011f\u0131 nas\u0131l sa\u011flad\u0131\u011f\u0131n\u0131 ke\u015ffedin. \u00d6zellik Kar\u015f\u0131la\u015ft\u0131rmas\u0131: WABOOM ve Interakt A\u015fa\u011f\u0131da, d\u00f6n\u00fc\u015f\u00fcmleri ve yat\u0131r\u0131m getirisini art\u0131ran \u00f6zelliklerin net bir yan yana d\u00f6k\u00fcm\u00fc bulunmaktad\u0131r. \u00d6zellik WABOOM Interakt Fiyatland\u0131rma Modeli \u015eeffaf Ayl\u0131k\/Y\u0131ll\u0131k Planlar Karma\u015f\u0131k \u00c7eyreklik\/Kademeli Planlar Meta Konu\u015fma \u0130\u015faretlemesi\u2026<\/p>","protected":false},"author":1,"featured_media":0,"parent":0,"menu_order":0,"comment_status":"closed","ping_status":"closed","template":"","meta":{"_bbp_topic_count":0,"_bbp_reply_count":0,"_bbp_total_topic_count":0,"_bbp_total_reply_count":0,"_bbp_voice_count":0,"_bbp_anonymous_reply_count":0,"_bbp_topic_count_hidden":0,"_bbp_reply_count_hidden":0,"_bbp_forum_subforum_count":0,"_monsterinsights_skip_tracking":false,"_monsterinsights_sitenote_active":false,"_monsterinsights_sitenote_note":"","_monsterinsights_sitenote_category":0,"footnotes":""},"class_list":["post-6333","page","type-page","status-publish","hentry"],"_links":{"self":[{"href":"https:\/\/waboom.net\/tr\/wp-json\/wp\/v2\/pages\/6333","targetHints":{"allow":["GET"]}}],"collection":[{"href":"https:\/\/waboom.net\/tr\/wp-json\/wp\/v2\/pages"}],"about":[{"href":"https:\/\/waboom.net\/tr\/wp-json\/wp\/v2\/types\/page"}],"author":[{"embeddable":true,"href":"https:\/\/waboom.net\/tr\/wp-json\/wp\/v2\/users\/1"}],"replies":[{"embeddable":true,"href":"https:\/\/waboom.net\/tr\/wp-json\/wp\/v2\/comments?post=6333"}],"version-history":[{"count":0,"href":"https:\/\/waboom.net\/tr\/wp-json\/wp\/v2\/pages\/6333\/revisions"}],"wp:attachment":[{"href":"https:\/\/waboom.net\/tr\/wp-json\/wp\/v2\/media?parent=6333"}],"curies":[{"name":"wp","href":"https:\/\/api.w.org\/{rel}","templated":true}]}}