{"id":6335,"date":"2025-11-16T21:11:26","date_gmt":"2025-11-16T21:11:26","guid":{"rendered":"https:\/\/waboom.net\/?page_id=6335"},"modified":"2025-11-19T13:18:31","modified_gmt":"2025-11-19T13:18:31","slug":"waboom-vs-aisensy","status":"publish","type":"page","link":"https:\/\/waboom.net\/tr\/waboom-vs-aisensy\/","title":{"rendered":"WABOOM ve AiSensy"},"content":{"rendered":"<p>Basit otomasyon ve g\u00fcvenilmez destekle yetinmeyi b\u0131rak\u0131n. Kesin kar\u015f\u0131la\u015ft\u0131rmaya dal\u0131n ve WABOOM&#039;un neden \u00fcst\u00fcn d\u00f6n\u00fc\u015f\u00fcm stratejisi, \u015feffaf fiyatland\u0131rma ve sizinle birlikte b\u00fcy\u00fcyen benzersiz destek sundu\u011funu ke\u015ffedin.<\/p>\n\n\n\n<h2 class=\"wp-block-heading\"><strong>\u00d6zellik Bazl\u0131 Kar\u015f\u0131la\u015ft\u0131rma: WABOOM ve AiSensy<\/strong><\/h2>\n\n\n\n<figure class=\"wp-block-table\"><table class=\"has-fixed-layout\"><thead><tr><th>\u00d6zellik<\/th><th><strong>WABOOM (Tam Hizmet B\u00fcy\u00fcme Orta\u011f\u0131)<\/strong><\/th><th><strong>AiSensy (Kendi Kendine Hizmet Platformu)<\/strong><\/th><\/tr><\/thead><tbody><tr><td><strong>Meta Konu\u015fma \u0130\u015faretlemesi<\/strong><\/td><td><strong>0% Kar Marj\u0131 (Ger\u00e7ek Ge\u00e7i\u015f Maliyeti)<\/strong><\/td><td>Genellikle faturaland\u0131rmada gizli fiyat art\u0131\u015f\u0131 i\u00e7erir.<\/td><\/tr><tr><td><strong>Fiyatland\u0131rma \u015eeffafl\u0131\u011f\u0131<\/strong><\/td><td>Basit, sabit platform \u00fccreti + <strong>ger\u00e7ek Meta maliyeti<\/strong><\/td><td>Kademeli\/karma\u015f\u0131k fiyatland\u0131rma; \u00f6zellik k\u0131s\u0131tlamas\u0131 yayg\u0131n.<\/td><\/tr><tr><td><strong>Temsilci Giri\u015fleri<\/strong><\/td><td><strong>S\u0131n\u0131rs\u0131z Temsilci Giri\u015fi (T\u00fcm Planlar)<\/strong><\/td><td>S\u0131n\u0131rs\u0131z (Standart)<\/td><\/tr><tr><td><strong>Reklam Stratejisi ve Uygulamas\u0131<\/strong><\/td><td><strong>\u00d6zel, tam kapsaml\u0131 reklam y\u00f6netimi hizmeti mevcuttur.<\/strong><\/td><td>Sadece kendi kendine hizmet; kullan\u0131c\u0131 uzmanl\u0131\u011f\u0131 gerektirir.<\/td><\/tr><tr><td><strong>T\u0131kla-WhatsApp Reklamlar\u0131<\/strong><\/td><td><strong>Geli\u015fmi\u015f segmentasyon + CAPI yerel entegrasyonu<\/strong><\/td><td>Evet, ancak daha geli\u015fmi\u015f otomasyon ve ili\u015fkilendirme ara\u00e7lar\u0131ndan yoksun.<\/td><\/tr><tr><td><strong>Sohbet Botu Olu\u015fturucu<\/strong><\/td><td><strong>Tamamen kilidi a\u00e7\u0131lm\u0131\u015f s\u00fcr\u00fckle-b\u0131rak olu\u015fturucu (T\u00fcm seviyeler)<\/strong><\/td><td>Yapay zeka\/GPT ve geli\u015fmi\u015f ak\u0131\u015flar genellikle premium planlar\u0131n ard\u0131nda gizlenmi\u015f durumdad\u0131r.<\/td><\/tr><tr><td><strong>API\/Webhook Eri\u015fimi<\/strong><\/td><td><strong>S\u0131n\u0131rs\u0131z, \u00fccretsiz, k\u0131s\u0131tlamas\u0131z (T\u00fcm kademeler)<\/strong><\/td><td>Ba\u015flang\u0131\u00e7 planlar\u0131nda s\u0131n\u0131rl\u0131 veya k\u0131s\u0131tl\u0131<\/td><\/tr><tr><td><strong>Destek Modeli<\/strong><\/td><td><strong>\u00d6zel M\u00fc\u015fteri Temsilcisi + \u00c7a\u011fr\u0131, Zoom ve Sohbet Deste\u011fi<\/strong><\/td><td>Standart e-posta\/sohbet; daha yava\u015f \u00e7\u00f6z\u00fcm s\u00fcreci bildirildi.<\/td><\/tr><tr><td><strong>WhatsApp \u00d6demeleri<\/strong><\/td><td><strong>Tek t\u0131kla aktivasyon ve sorunsuz sohbet i\u00e7i \u00f6deme<\/strong><\/td><td>Mevcut, ancak uygulamas\u0131 zahmetli olabilir.<\/td><\/tr><tr><td><strong>Yay\u0131n Teslim H\u0131z\u0131<\/strong><\/td><td><strong>Y\u00fcksek hacimli kurumsal teslimat i\u00e7in optimize edilmi\u015ftir.<\/strong><\/td><td>Performans, plana ve Meta kuyru\u011funa ba\u011fl\u0131 olarak de\u011fi\u015fir.<\/td><\/tr><\/tbody><\/table><\/figure>\n\n\n\n<h2 class=\"wp-block-heading\"><strong>Detayl\u0131 Analiz: WABOOM Neden Kesin Y\u00fckseltme Se\u00e7ene\u011fi?<\/strong><\/h2>\n\n\n\n<h3 class=\"wp-block-heading\"><strong>I. \u00d6l\u00e7eklendirmenin Ger\u00e7ek Maliyeti: Fiyat Art\u0131\u015flar\u0131 ve Gizli \u00dccretler<\/strong><\/h3>\n\n\n\n<p>AiSensy ilk bak\u0131\u015fta uygun fiyatl\u0131 gibi g\u00f6r\u00fcnse de, g\u00f6r\u00fc\u015fmenin ger\u00e7ek maliyeti \u00f6nemli farkl\u0131l\u0131klar\u0131 ortaya koyuyor.<\/p>\n\n\n\n<h4 class=\"wp-block-heading\"><strong>WABOOM Avantaj\u0131<\/strong><\/h4>\n\n\n\n<ul class=\"wp-block-list\">\n<li><strong>0% Kar Marj\u0131 Garantisi:<\/strong> Ge\u00e7iyoruz <strong>Meta Konu\u015fma \u00dccretleri<\/strong> Size tam maliyetle. Ek masraf yok, s\u00fcrpriz yok. Hacminiz artt\u0131k\u00e7a yat\u0131r\u0131m\u0131n\u0131z\u0131n geri d\u00f6n\u00fc\u015f\u00fc de artar.<\/li>\n\n\n\n<li><strong>T\u00fcm Temel \u00d6zellikler A\u00e7\u0131ld\u0131:<\/strong> Giri\u015f seviyesi planlar hari\u00e7 t\u00fcm planlarda tam \u00f6zellikli chatbot olu\u015fturucu, s\u0131n\u0131rs\u0131z API ve s\u0131n\u0131rs\u0131z temsilci koltu\u011fu; b\u00fcy\u00fcme i\u00e7in &quot;\u00f6zellik vergisi&quot; yok.<\/li>\n<\/ul>\n\n\n\n<h4 class=\"wp-block-heading\"><strong>AiSensy Zay\u0131fl\u0131\u011f\u0131<\/strong><\/h4>\n\n\n\n<ul class=\"wp-block-list\">\n<li>Meta \u00fccretlerine uygulanan ince fiyat art\u0131\u015flar\u0131 yayg\u0131nd\u0131r. Ayl\u0131k 100.000 mesaj i\u00e7in 5%&#039;lik bir fiyat art\u0131\u015f\u0131, &quot;daha ucuz&quot; planlar\u0131 ger\u00e7ekte daha pahal\u0131 hale getirebilir ve \u00f6ng\u00f6r\u00fclebilirli\u011fi ve karl\u0131l\u0131\u011f\u0131 olumsuz etkileyebilir.<\/li>\n<\/ul>\n\n\n\n<h3 class=\"wp-block-heading\"><strong>II. Ortakl\u0131k m\u0131, Platform mu: Reklam Stratejisi ve Uygulamas\u0131<\/strong><\/h3>\n\n\n\n<p>AiSensy bir ara\u00e7t\u0131r. WABOOM ise bir b\u00fcy\u00fcme orta\u011f\u0131d\u0131r.<\/p>\n\n\n\n<h4 class=\"wp-block-heading\"><strong>WABOOM Avantaj\u0131<\/strong><\/h4>\n\n\n\n<ul class=\"wp-block-list\">\n<li><strong>Tam Kapsaml\u0131 Reklam Y\u00f6netimi:<\/strong> Tasar\u0131m, i\u015fletme ve optimizasyon hizmetlerimizi sunuyoruz. <strong>T\u0131kla-WhatsApp kampanyalar\u0131<\/strong> AiSensy&#039;nin sunmad\u0131\u011f\u0131 bir \u00f6zellik. Bu, maksimum yat\u0131r\u0131m getirisi sa\u011flar ve tahmine dayal\u0131 i\u015flemleri ortadan kald\u0131r\u0131r.<\/li>\n\n\n\n<li><strong>Daha Derin Reklam Entegrasyonlar\u0131:<\/strong> Geli\u015fmi\u015f <strong>CAPI<\/strong> Segmentasyon ak\u0131\u015flar\u0131, do\u011fru atamay\u0131 ve do\u011fru temsilciye veya i\u015f ak\u0131\u015f\u0131na an\u0131nda y\u00f6nlendirmeyi garanti eder.<\/li>\n<\/ul>\n\n\n\n<h4 class=\"wp-block-heading\"><strong>AiSensy Zay\u0131fl\u0131\u011f\u0131<\/strong><\/h4>\n\n\n\n<ul class=\"wp-block-list\">\n<li>T\u0131kla-WhatsApp \u00f6zelli\u011fi mevcut olsa da, stratejik optimizasyon genellikle kullan\u0131c\u0131ya b\u0131rak\u0131l\u0131yor ve bu da daha d\u00fc\u015f\u00fck d\u00f6n\u00fc\u015f\u00fcm oranlar\u0131na ve bo\u015fa harcanan reklam harcamalar\u0131na yol a\u00e7\u0131yor.<\/li>\n<\/ul>\n\n\n\n<h3 class=\"wp-block-heading\"><strong>III. Destek, G\u00fcvenilirlik ve \u00c7\u00f6z\u00fcm H\u0131z\u0131<\/strong><\/h3>\n\n\n\n<p>Mesajla\u015fma sisteminiz \u00e7\u00f6kt\u00fc\u011f\u00fcnde i\u015fler durur. Sizi bekletmeyen bir deste\u011fe ihtiyac\u0131n\u0131z var.<\/p>\n\n\n\n<h4 class=\"wp-block-heading\"><strong>WABOOM Avantaj\u0131<\/strong><\/h4>\n\n\n\n<ul class=\"wp-block-list\">\n<li><strong>Proaktif, \u00c7ok Kanall\u0131 Destek:<\/strong> Telefon, Zoom, sohbet ve e-posta yoluyla bir ki\u015fi taraf\u0131ndan y\u00f6netiliyor. <strong>\u00d6zel M\u00fc\u015fteri Temsilcisi<\/strong> orta seviye planlar\u0131n \u00e7o\u011fu i\u00e7in.<\/li>\n\n\n\n<li><strong>Kurumsal D\u00fczeyde \u0130stikrar:<\/strong> Y\u00fcksek hacimli teslimat i\u00e7in optimize edilmi\u015ftir ve kritik i\u015flem mesajlar\u0131n\u0131n m\u00fc\u015fterilere gecikmeden ula\u015fmas\u0131n\u0131 sa\u011flar.<\/li>\n<\/ul>\n\n\n\n<h4 class=\"wp-block-heading\"><strong>AiSensy Zay\u0131fl\u0131\u011f\u0131<\/strong><\/h4>\n\n\n\n<ul class=\"wp-block-list\">\n<li>Destek sistemi i\u015flevsel ancak teknik veya acil sorunlarda genellikle yava\u015f \u00e7al\u0131\u015f\u0131yor ve yo\u011fun talep d\u00f6nemlerinde maliyetli olan e-postaya b\u00fcy\u00fck \u00f6l\u00e7\u00fcde ba\u011f\u0131ml\u0131.<\/li>\n<\/ul>\n\n\n\n<h3 class=\"wp-block-heading\"><strong>IV. S\u0131n\u0131rs\u0131z Otomasyon: Sohbet Botlar\u0131 ve \u00d6demeler<\/strong><\/h3>\n\n\n\n<p>Modern WhatsApp otomasyonlar\u0131, premium planlara ba\u011fl\u0131 kalmay\u0131 gerektirmemeli.<\/p>\n\n\n\n<h4 class=\"wp-block-heading\"><strong>WABOOM Avantaj\u0131<\/strong><\/h4>\n\n\n\n<ul class=\"wp-block-list\">\n<li><strong>\u00d6deme Kapatma \u0130\u015flemi:<\/strong> WhatsApp \u00d6deme ve Sipari\u015f s\u00fcre\u00e7lerimiz, sohbetten \u00f6demeye kadar kusursuz bir deneyim yaratarak, sipari\u015ften vazge\u00e7me oranlar\u0131n\u0131 \u00f6nemli \u00f6l\u00e7\u00fcde azalt\u0131r.<\/li>\n\n\n\n<li><strong>Kodsuz, Tam G\u00fc\u00e7:<\/strong> S\u00fcr\u00fckle b\u0131rak \u00f6zellikli chatbot&#039;umuz, herhangi bir y\u00fckseltme gerektirmeden her t\u00fcrl\u00fc mant\u0131k blo\u011funu, ko\u015fulu, API \u00e7a\u011fr\u0131s\u0131n\u0131 ve otomasyonu sunar.<\/li>\n<\/ul>\n\n\n\n<h2 class=\"wp-block-heading\"><strong>G\u00fcvenle \u00f6l\u00e7eklendirin, gizli maliyetlere katlanmay\u0131n.<\/strong><\/h2>\n\n\n\n<p>Sadece temel d\u00fczeyde kendi kendine hizmet otomasyonuna ihtiyac\u0131n\u0131z varsa, AiSensy ihtiya\u00e7lar\u0131n\u0131z\u0131 kar\u015f\u0131layabilir.<\/p>\n\n\n\n<p>Ama e\u011fer bu konuda ciddiyseniz <strong>Gelirleri art\u0131rmak, fiyat art\u0131\u015flar\u0131n\u0131 ortadan kald\u0131rmak ve uzman stratejik deste\u011finden yararlanmak.<\/strong> Reklam yat\u0131r\u0131m getirisini ve otomasyon performans\u0131n\u0131 en \u00fcst d\u00fczeye \u00e7\u0131karmak i\u00e7in, <strong>WABOOM a\u00e7\u0131k ara kazanan.<\/strong>.<\/p>\n\n\n\n<p><strong>Gizli fiyat art\u0131\u015flar\u0131ndan kurtulmaya ve ak\u0131ll\u0131ca \u00f6l\u00e7eklendirmeye haz\u0131r m\u0131s\u0131n\u0131z?<\/strong><\/p>\n\n\n\n<h3 class=\"wp-block-heading\"><strong>\u00dcCRETS\u0130Z WABOOM Hesab\u0131n\u0131z\u0131 Ba\u015flat\u0131n<\/strong><\/h3>\n\n\n\n<p><em>Sohbet robotu olu\u015fturucuya tam eri\u015fim ve s\u0131n\u0131rs\u0131z temsilci giri\u015fi.<\/em><\/p>","protected":false},"excerpt":{"rendered":"<p>Stop settling for basic automation and unreliable support. Dive into the definitive comparison and discover why WABOOM delivers superior conversion strategy, transparent pricing, and unmatched support that scales with you. Feature-by-Feature Comparison: WABOOM vs. AiSensy Feature WABOOM (Full-Service Growth Partner) AiSensy (Self-Service Platform) Meta Conversation Markup 0% Markup (True Pass-Through Cost) Often includes hidden markup&#8230;<\/p>","protected":false},"author":1,"featured_media":0,"parent":0,"menu_order":0,"comment_status":"closed","ping_status":"closed","template":"","meta":{"_bbp_topic_count":0,"_bbp_reply_count":0,"_bbp_total_topic_count":0,"_bbp_total_reply_count":0,"_bbp_voice_count":0,"_bbp_anonymous_reply_count":0,"_bbp_topic_count_hidden":0,"_bbp_reply_count_hidden":0,"_bbp_forum_subforum_count":0,"_monsterinsights_skip_tracking":false,"_monsterinsights_sitenote_active":false,"_monsterinsights_sitenote_note":"","_monsterinsights_sitenote_category":0,"footnotes":""},"class_list":["post-6335","page","type-page","status-publish","hentry"],"_links":{"self":[{"href":"https:\/\/waboom.net\/tr\/wp-json\/wp\/v2\/pages\/6335","targetHints":{"allow":["GET"]}}],"collection":[{"href":"https:\/\/waboom.net\/tr\/wp-json\/wp\/v2\/pages"}],"about":[{"href":"https:\/\/waboom.net\/tr\/wp-json\/wp\/v2\/types\/page"}],"author":[{"embeddable":true,"href":"https:\/\/waboom.net\/tr\/wp-json\/wp\/v2\/users\/1"}],"replies":[{"embeddable":true,"href":"https:\/\/waboom.net\/tr\/wp-json\/wp\/v2\/comments?post=6335"}],"version-history":[{"count":0,"href":"https:\/\/waboom.net\/tr\/wp-json\/wp\/v2\/pages\/6335\/revisions"}],"wp:attachment":[{"href":"https:\/\/waboom.net\/tr\/wp-json\/wp\/v2\/media?parent=6335"}],"curies":[{"name":"wp","href":"https:\/\/api.w.org\/{rel}","templated":true}]}}