{"id":6352,"date":"2025-11-17T17:10:49","date_gmt":"2025-11-17T17:10:49","guid":{"rendered":"https:\/\/waboom.net\/?page_id=6352"},"modified":"2025-11-19T13:16:37","modified_gmt":"2025-11-19T13:16:37","slug":"6352-2","status":"publish","type":"page","link":"https:\/\/waboom.net\/tr\/6352-2\/","title":{"rendered":"WABOOM VS WATI"},"content":{"rendered":"<h1 class=\"wp-block-heading\">T\u00fcm \u0130\u015fi Size B\u0131rakan Mesajla\u015fma Platformlar\u0131na Para Harcamay\u0131 B\u0131rak\u0131n<\/h1>\n\n\n\n<p>Laf\u0131 uzatmadan s\u00f6yleyelim: WhatsApp platformlar\u0131n\u0131n \u00e7o\u011fu ka\u011f\u0131t \u00fczerinde harika g\u00f6r\u00fcn\u00fcyor; parlak kontrol panelleri, botlar, otomasyon. Ancak i\u015finizi b\u00fcy\u00fctmeye gelince, \u00e7o\u011fu sizi ba\u015f ba\u015fa b\u0131rak\u0131yor: maliyetleri y\u00f6netmek, reklamlar\u0131 optimize etmek, i\u015f ak\u0131\u015flar\u0131 olu\u015fturmak ve destek sorunlar\u0131n\u0131 gidermek.<\/p>\n\n\n\n<p>E\u011fer istersen <strong>\u00d6ng\u00f6r\u00fclebilir fiyatland\u0131rma, uygulamal\u0131 b\u00fcy\u00fcme y\u00f6netimi ve i\u015fletmenizin ger\u00e7ek bir orta\u011f\u0131.<\/strong>, Aradaki fark\u0131 g\u00f6rmeniz gerekiyor. <strong>WABOOM<\/strong> Ve <strong>WATI<\/strong>  Platform ile tam hizmet sunan b\u00fcy\u00fcme orta\u011f\u0131 aras\u0131ndaki fark. \u0130\u015fte detaylar.<\/p>\n\n\n\n<h2 class=\"wp-block-heading\">WABOOM ve WATI: \u00d6zellik Bazl\u0131 Kar\u015f\u0131la\u015ft\u0131rma<\/h2>\n\n\n\n<figure class=\"wp-block-table\"><table class=\"has-fixed-layout\"><thead><tr><th>\u00d6zellik<\/th><th><strong>WABOOM (Tam Hizmet B\u00fcy\u00fcme Orta\u011f\u0131)<\/strong><\/th><th><strong>WATI (\u00d6z Hizmet Platformu)<\/strong><\/th><\/tr><\/thead><tbody><tr><td><strong>Meta Konu\u015fma \/ Mesaj Maliyeti<\/strong><\/td><td><strong>0% i\u015faretlemesi<\/strong>  Sabit platform \u00fccreti + Meta&#039;n\u0131n ger\u00e7ek maliyeti. \u015eeffaf.<\/td><td>Mesaj ba\u015f\u0131na \u00f6deme (\u015fablon + oturum). \u00dccretler Meta maliyetlerine eklenir.<\/td><\/tr><tr><td><strong>Fiyatland\u0131rma \u015eeffafl\u0131\u011f\u0131<\/strong><\/td><td>Basit, tahmin edilebilir, s\u00fcrprizsiz.<\/td><td>Mesaj aboneli\u011fi + mesaj ba\u015f\u0131na kredi. \u00dccretler mesaj t\u00fcr\u00fcne ve hacmine g\u00f6re de\u011fi\u015fir.<\/td><\/tr><tr><td><strong>Temsilci \/ Ekip Giri\u015fleri<\/strong><\/td><td>\u00c7o\u011fu planda s\u0131n\u0131rs\u0131z temsilci giri\u015fi mevcuttur.<\/td><td>Birden fazla kullan\u0131c\u0131\/koltuk i\u00e7erir; ek kullan\u0131c\u0131lar \u00fccretlidir.<\/td><\/tr><tr><td><strong>Reklam Stratejisi ve Uygulamas\u0131<\/strong><\/td><td>Tam hizmet: WABOOM, WhatsApp&#039;a t\u0131klama reklamlar\u0131, segmentasyon ve optimizasyon i\u015flemlerini ger\u00e7ekle\u015ftirir.<\/td><td>Reklam ara\u00e7lar\u0131 sunar, ancak strateji ve optimizasyon kullan\u0131c\u0131 taraf\u0131ndan y\u00f6netilir.<\/td><\/tr><tr><td><strong>T\u0131kla-WhatsApp Reklamlar\u0131<\/strong><\/td><td>Geli\u015fmi\u015f segmentasyon + CAPI entegrasyonu + do\u011fru ak\u0131\u015flara y\u00f6nlendirme.<\/td><td>Kampanya Y\u00f6neticisi ile desteklenmektedir; kapsaml\u0131 optimizasyon i\u00e7in manuel kurulum gerektirir.<\/td><\/tr><tr><td><strong>Chatbot \/ Otomasyon Olu\u015fturucu<\/strong><\/td><td>&quot;\u00d6zellik vergisi&quot; olmadan, tamamen kilitsiz s\u00fcr\u00fckle-b\u0131rak \u00f6zelli\u011fi.\u201c<\/td><td>Sohbet botu olu\u015fturucu, yapay zeka yan\u0131tlar\u0131n\u0131, anahtar kelime otomasyonunu ve formlar\u0131 destekler. Plan ba\u015f\u0131na oturum say\u0131s\u0131nda s\u0131n\u0131rlamalar mevcuttur.<\/td><\/tr><tr><td><strong>API \/ Webhook Eri\u015fimi<\/strong><\/td><td>S\u0131n\u0131rs\u0131z, k\u0131s\u0131tlamas\u0131z, kolay CRM ve arka u\u00e7 entegrasyonu.<\/td><td>Tam API eri\u015fimi, webhook deste\u011fi, entegrasyona haz\u0131r ancak teknik kurulum gerektiriyor.<\/td><\/tr><tr><td><strong>Destek Modeli<\/strong><\/td><td>Size \u00f6zel atanm\u0131\u015f M\u00fc\u015fteri Temsilcisi + Zoom, telefon, sohbet yoluyla proaktif destek.<\/td><td>Standart sohbet\/e-posta deste\u011fi; kurumsal\/i\u015fletme planlar\u0131 daha uygulamal\u0131 yard\u0131m i\u00e7erir.<\/td><\/tr><tr><td><strong>Yay\u0131n \/ Y\u00fcksek Hacimli Mesajla\u015fma<\/strong><\/td><td>Kurumsal d\u00fczeyde h\u0131z, g\u00fcvenilirlik ve teslimat.<\/td><td>B\u00fcy\u00fck hacimli mesajlar\u0131 destekler, ancak maliyet mesaj kredileriyle do\u011fru orant\u0131l\u0131 olarak artar.<\/td><\/tr><\/tbody><\/table><\/figure>\n\n\n\n<h2 class=\"wp-block-heading\">\u00d6nemli Olan Ger\u00e7ek Farklar<\/h2>\n\n\n\n<h3 class=\"wp-block-heading\">1. Gizli Maliyetler ve \u00d6ng\u00f6r\u00fclebilir Yat\u0131r\u0131m Getirisi<\/h3>\n\n\n\n<ul class=\"wp-block-list\">\n<li><strong>WABOOM Avantaj\u0131<\/strong><br>S\u0131f\u0131r kar marj\u0131 = tam \u015feffafl\u0131k. B\u00fcy\u00fcd\u00fck\u00e7e, maliyetleriniz Meta&#039;n\u0131n \u00fccretleriyle birlikte \u00f6ng\u00f6r\u00fclebilir \u015fekilde artar. Ek kredi gerekmez, tahmine dayal\u0131 i\u015flem yok.<\/li>\n\n\n\n<li><strong>WATI Takas Anla\u015fmas\u0131<\/strong><br>Mesaj ba\u015f\u0131na \u00f6deme sistemi, tahmin yapmay\u0131 zorla\u015ft\u0131r\u0131r. S\u00fcrprizlerden ka\u00e7\u0131nmak i\u00e7in kredi kullan\u0131m\u0131n\u0131, mesaj t\u00fcrlerini ve hacmini takip etmelisiniz.<\/li>\n<\/ul>\n\n\n\n<h3 class=\"wp-block-heading\">2. Ara\u00e7 m\u0131, Ger\u00e7ek B\u00fcy\u00fcme Orta\u011f\u0131 m\u0131?<\/h3>\n\n\n\n<ul class=\"wp-block-list\">\n<li><strong>WABOOM Avantaj\u0131<\/strong><br>Size sadece ara\u00e7lar sa\u011flamakla kalm\u0131yoruz, kampanyalar y\u00fcr\u00fct\u00fcyoruz, ak\u0131\u015flar\u0131 optimize ediyoruz ve d\u00f6n\u00fc\u015f\u00fcm hunilerini sizin i\u00e7in y\u00f6netiyoruz. Siz b\u00fcy\u00fcmeye odaklan\u0131n; biz uygulamay\u0131 \u00fcstleniyoruz.<\/li>\n\n\n\n<li><strong>WATI Takas Anla\u015fmas\u0131<\/strong><br>Kendi i\u015fini kendi yapanlar veya geli\u015ftirme kaynaklar\u0131na sahip ekipler i\u00e7in harika. Ama e\u011fer sizin i\u00e7in haz\u0131r strateji ve kampanya optimizasyonu istiyorsan\u0131z? O zaman bu size kalm\u0131\u015f.<\/li>\n<\/ul>\n\n\n\n<h3 class=\"wp-block-heading\">3. Ger\u00e7ekten G\u00fcvenebilece\u011finiz Destek<\/h3>\n\n\n\n<ul class=\"wp-block-list\">\n<li><strong>WABOOM Avantaj\u0131<\/strong><br>M\u00fc\u015fteri temsilcisi, Zoom, telefon ve sohbet deste\u011fi. Proaktif izleme, sorunlar\u0131n geliri etkilemeden \u00f6nce \u00e7\u00f6z\u00fclmesini sa\u011flar.<\/li>\n\n\n\n<li><strong>WATI Takas Anla\u015fmas\u0131<\/strong><br>Destek, \u00f6zellikle \u00fcst d\u00fczey planlarda sa\u011flamd\u0131r, ancak g\u00fcnl\u00fck sorun giderme daha yava\u015f olabilir. Daha \u00e7ok dok\u00fcmantasyona ve kendi kendine \u00e7\u00f6z\u00fcm bulmaya g\u00fcvenmeniz gerekir.<\/li>\n<\/ul>\n\n\n\n<h2 class=\"wp-block-heading\"> WABOOM ve WATI: Art\u0131lar\u0131 ve Eksileri<\/h2>\n\n\n\n<figure class=\"wp-block-table\"><table class=\"has-fixed-layout\"><thead><tr><th>Kategori<\/th><th><strong>WABOOM (B\u00fcy\u00fcme Orta\u011f\u0131)<\/strong><\/th><th><strong>WATI (Platform)<\/strong><\/th><\/tr><\/thead><tbody><tr><td><strong>Art\u0131lar\u0131<\/strong><\/td><td>Meta maliyetlerinde s\u0131f\u0131r kar marj\u0131. Tam kapsaml\u0131 reklam y\u00fcr\u00fctme. S\u0131n\u0131rs\u0131z temsilci. Y\u00fcksek kaliteli destek. \u00d6ng\u00f6r\u00fclebilir, \u00f6l\u00e7eklenebilir maliyet modeli.<\/td><td>Esnek, kulland\u0131k\u00e7a \u00f6de fiyatland\u0131rmas\u0131. G\u00fc\u00e7l\u00fc chatbot olu\u015fturucu ve otomasyon. API ve entegrasyonlar. Y\u00fcksek hacimli mesajla\u015fmay\u0131 destekler.<\/td><\/tr><tr><td><strong>Eksiler \/ \u00d6d\u00fcnler<\/strong><\/td><td>Sabit platform \u00fccreti gereklidir. \u0130\u015f orta\u011f\u0131na g\u00fcven duyulmas\u0131 \u015fartt\u0131r.<\/td><td>Maliyet tahmini karma\u015f\u0131k olabilir. Daha fazla teknik kurulum gereklidir. Kurumsal plana dahil olunmad\u0131\u011f\u0131 s\u00fcrece destek daha az proaktiftir.<\/td><\/tr><\/tbody><\/table><\/figure>\n\n\n\n<h2 class=\"wp-block-heading\"> SSS<\/h2>\n\n\n\n<p><strong>S: WABOOM&#039;un ger\u00e7ekten 0% kar marj\u0131 var m\u0131?<\/strong><br><strong>A:<\/strong> Evet, Meta&#039;n\u0131n tam maliyetini art\u0131 sabit bir platform \u00fccreti \u00f6d\u00fcyorsunuz. Hi\u00e7bir s\u00fcrpriz yok.<\/p>\n\n\n\n<p><strong>S: WATI, T\u0131kla-WhatsApp kampanyalar\u0131 y\u00fcr\u00fctebilir mi?<\/strong><br><strong>A:<\/strong> Evet, ancak y\u00fcr\u00fctme ve optimizasyonu siz y\u00f6netiyorsunuz. WABOOM sizin i\u00e7in kampanyalar\u0131 y\u00fcr\u00fct\u00fcyor ve optimize ediyor.<\/p>\n\n\n\n<p><strong>S: Y\u00fcksek hacimli mesajla\u015fmay\u0131 \u00f6l\u00e7eklendirmek i\u00e7in hangisi daha iyi?<\/strong><br><strong>A:<\/strong> Her ikisi de teknik olarak y\u00fcksek hacimli i\u015flemleri y\u00f6netebilir, ancak WABOOM&#039;un yakla\u015f\u0131m\u0131 daha \u00e7ok \u015fu ama\u00e7lar i\u00e7in optimize edilmi\u015ftir: <strong>h\u0131z, rota belirleme ve g\u00fcvenilirlik<\/strong> kutudan \u00e7\u0131kar \u00e7\u0131kmaz.<\/p>\n\n\n\n<p><strong>S: WATI s\u0131n\u0131rs\u0131z say\u0131da temsilciye izin veriyor mu?<\/strong><br><strong>A:<\/strong> Acente koltuklar\u0131 planla s\u0131n\u0131rl\u0131 de\u011fildir. Ek koltuklar daha pahal\u0131d\u0131r.<\/p>\n\n\n\n<h1 class=\"wp-block-heading\">Kim Kazan\u0131r?<\/h1>\n\n\n\n<ul class=\"wp-block-list\">\n<li>Se\u00e7mek <strong>WABOOM<\/strong> e\u011fer istersen:<br>\u2714 \u00d6ng\u00f6r\u00fclebilir maliyetler ile <strong>0% i\u015faretlemesi<\/strong><br>\u2714 Tam kapsaml\u0131 reklam ve WhatsApp kampanya y\u00f6netimi<br>\u2714 S\u0131n\u0131rs\u0131z temsilci ve otomasyon<br>\u2714 Uygulamal\u0131, proaktif destek<\/li>\n\n\n\n<li>Se\u00e7mek <strong>WATI<\/strong> e\u011fer sen:<br>\u2714 Otomasyon ve reklam optimizasyonunu y\u00f6netecek bir teknik ekibe sahibiz.<br>\u2714 Esnek, mesaj ba\u015f\u0131na \u00f6deme se\u00e7ene\u011fi mi istiyorsunuz?<br>\u2714 Kredileri y\u00f6netme ve maliyetleri tahmin etme konusunda yetkinler.<\/li>\n<\/ul>\n\n\n\n<p>\u0130\u00e7in <strong>S\u00fcrprizlerden uzak bir \u015fekilde b\u00fcy\u00fcmeyi hedefleyen i\u015fletmeler<\/strong>, <strong>WABOOM a\u00e7\u0131k ara kazanan.<\/strong>. Mesele sadece aletler de\u011fil, ayn\u0131 zamanda... <strong>sonu\u00e7lar, \u00f6ng\u00f6r\u00fclebilirlik ve b\u00fcy\u00fcme uygulamas\u0131<\/strong>.<\/p>","protected":false},"excerpt":{"rendered":"<p>Stop Wasting Money on Messaging Platforms That Leave You Doing All the Work Let\u2019s cut to the chase: most WhatsApp platforms look great on paper shiny dashboards, bots, automation. But when it comes to scaling your business, most of them leave you holding the bag: managing costs, optimizing ads, building flows, and troubleshooting support issues&#8230;.<\/p>","protected":false},"author":1,"featured_media":0,"parent":0,"menu_order":0,"comment_status":"closed","ping_status":"closed","template":"","meta":{"_bbp_topic_count":0,"_bbp_reply_count":0,"_bbp_total_topic_count":0,"_bbp_total_reply_count":0,"_bbp_voice_count":0,"_bbp_anonymous_reply_count":0,"_bbp_topic_count_hidden":0,"_bbp_reply_count_hidden":0,"_bbp_forum_subforum_count":0,"_monsterinsights_skip_tracking":false,"_monsterinsights_sitenote_active":false,"_monsterinsights_sitenote_note":"","_monsterinsights_sitenote_category":0,"footnotes":""},"class_list":["post-6352","page","type-page","status-publish","hentry"],"_links":{"self":[{"href":"https:\/\/waboom.net\/tr\/wp-json\/wp\/v2\/pages\/6352","targetHints":{"allow":["GET"]}}],"collection":[{"href":"https:\/\/waboom.net\/tr\/wp-json\/wp\/v2\/pages"}],"about":[{"href":"https:\/\/waboom.net\/tr\/wp-json\/wp\/v2\/types\/page"}],"author":[{"embeddable":true,"href":"https:\/\/waboom.net\/tr\/wp-json\/wp\/v2\/users\/1"}],"replies":[{"embeddable":true,"href":"https:\/\/waboom.net\/tr\/wp-json\/wp\/v2\/comments?post=6352"}],"version-history":[{"count":0,"href":"https:\/\/waboom.net\/tr\/wp-json\/wp\/v2\/pages\/6352\/revisions"}],"wp:attachment":[{"href":"https:\/\/waboom.net\/tr\/wp-json\/wp\/v2\/media?parent=6352"}],"curies":[{"name":"wp","href":"https:\/\/api.w.org\/{rel}","templated":true}]}}