{"id":6354,"date":"2025-11-17T17:13:21","date_gmt":"2025-11-17T17:13:21","guid":{"rendered":"https:\/\/waboom.net\/?page_id=6354"},"modified":"2025-11-19T13:15:36","modified_gmt":"2025-11-19T13:15:36","slug":"waboom-vs-gallabox","status":"publish","type":"page","link":"https:\/\/waboom.net\/tr\/waboom-vs-gallabox\/","title":{"rendered":"WABOOM ve GALLABOX"},"content":{"rendered":"<h1 class=\"wp-block-heading\">T\u00fcm \u0130\u015fi Size B\u0131rakan Mesajla\u015fma Platformlar\u0131na Para Harcamay\u0131 B\u0131rak\u0131n<\/h1>\n\n\n\n<p>WhatsApp platformlar\u0131n\u0131n \u00e7o\u011fu ka\u011f\u0131t \u00fczerinde harika g\u00f6r\u00fcn\u00fcyor: parlak kontrol panelleri, otomasyon ve sohbet botlar\u0131. Ancak i\u015finizi b\u00fcy\u00fctmeye gelince, \u00e7o\u011fu size t\u00fcm a\u011f\u0131r i\u015fleri b\u0131rak\u0131yor: maliyetleri y\u00f6netmek, i\u015f ak\u0131\u015flar\u0131 olu\u015fturmak, kampanyalar\u0131 optimize etmek ve destek sorunlar\u0131n\u0131 gidermek.<\/p>\n\n\n\n<p>E\u011fer istersen <strong>\u00d6ng\u00f6r\u00fclebilir fiyatland\u0131rma, uygulamal\u0131 b\u00fcy\u00fcme y\u00f6netimi ve i\u015fletmenizin ger\u00e7ek bir orta\u011f\u0131.<\/strong>, Aradaki fark\u0131 g\u00f6rmeniz gerekiyor. <strong>WABOOM<\/strong> Ve <strong>GALLABOX<\/strong>  Tam kapsaml\u0131 b\u00fcy\u00fcme orta\u011f\u0131 ile kendi kendine hizmet veren platform aras\u0131ndaki fark. \u0130\u015fte detaylar.<\/p>\n\n\n\n<h2 class=\"wp-block-heading\">WABOOM ve GALLABOX: \u00d6zellik Bazl\u0131 Kar\u015f\u0131la\u015ft\u0131rma<\/h2>\n\n\n\n<figure class=\"wp-block-table\"><table class=\"has-fixed-layout\"><thead><tr><th>\u00d6zellik<\/th><th><strong>WABOOM (Tam Hizmet B\u00fcy\u00fcme Orta\u011f\u0131)<\/strong><\/th><th><strong>GALLABOX (Kendi Kendine Hizmet Platformu)<\/strong><\/th><\/tr><\/thead><tbody><tr><td><strong>Meta Konu\u015fma \/ Mesaj Maliyeti<\/strong><\/td><td><strong>0% i\u015faretlemesi<\/strong>  Sabit platform \u00fccreti + Meta&#039;n\u0131n ger\u00e7ek maliyeti. \u015eeffaf.<\/td><td>Mesaj ba\u015f\u0131na \u00f6deme (\u015fablon + oturum) ve bunun \u00fczerine platform \u00fccretleri eklenir.<\/td><\/tr><tr><td><strong>Fiyatland\u0131rma \u015eeffafl\u0131\u011f\u0131<\/strong><\/td><td>Basit, tahmin edilebilir, s\u00fcrprizsiz.<\/td><td>Abonelik tabanl\u0131 planlar, s\u0131n\u0131rl\u0131 say\u0131da mesaj i\u00e7erir; ek kullan\u0131m \u00fccrete tabidir.<\/td><\/tr><tr><td><strong>Temsilci \/ Ekip Giri\u015fleri<\/strong><\/td><td>\u00c7o\u011fu planda s\u0131n\u0131rs\u0131z temsilci giri\u015fi mevcuttur.<\/td><td>Plan ba\u015f\u0131na s\u0131n\u0131rl\u0131 say\u0131da temsilci koltu\u011fu mevcuttur; ek koltuklar i\u00e7in ek \u00fccret al\u0131n\u0131r.<\/td><\/tr><tr><td><strong>Reklam Stratejisi ve Uygulamas\u0131<\/strong><\/td><td>Tam hizmet: WABOOM, WhatsApp&#039;a t\u0131klama reklamlar\u0131 yay\u0131nlar, kampanyalar\u0131 optimize eder ve ili\u015fkilendirme i\u015flemlerini y\u00f6netir.<\/td><td>T\u0131klama ile WhatsApp&#039;a y\u00f6nlendirme kampanyalar\u0131 i\u00e7in ara\u00e7lar sa\u011flar, ancak strateji, kurulum ve optimizasyon kullan\u0131c\u0131 taraf\u0131ndan y\u00f6netilir.<\/td><\/tr><tr><td><strong>T\u0131kla-WhatsApp Reklamlar\u0131<\/strong><\/td><td>Geli\u015fmi\u015f segmentasyon + CAPI entegrasyonu + hassas y\u00f6nlendirme.<\/td><td>Destekleniyor, ancak derin ili\u015fkilendirme ve otomatik y\u00f6nlendirme manuel kurulum gerektiriyor.<\/td><\/tr><tr><td><strong>Chatbot \/ Otomasyon Olu\u015fturucu<\/strong><\/td><td>Herhangi bir \u00f6zellik k\u0131s\u0131tlamas\u0131 olmayan, tamamen serbest s\u00fcr\u00fckle-b\u0131rak tasar\u0131m arac\u0131.<\/td><td>Sohbet botu olu\u015fturucu mevcuttur, temel otomasyonu destekler ancak geli\u015fmi\u015f i\u015f ak\u0131\u015flar\u0131 ve yapay zeka \u00f6zellikleri plana ba\u011fl\u0131 olarak k\u0131s\u0131tlanabilir veya s\u0131n\u0131rland\u0131r\u0131labilir.<\/td><\/tr><tr><td><strong>API \/ Webhook Eri\u015fimi<\/strong><\/td><td>S\u0131n\u0131rs\u0131z, k\u0131s\u0131tlamas\u0131z, kolay CRM ve arka u\u00e7 entegrasyonu.<\/td><td>API ve webhook entegrasyonlar\u0131n\u0131 destekler, ancak karma\u015f\u0131k i\u015f ak\u0131\u015flar\u0131 i\u00e7in teknik uzmanl\u0131k gerektirebilir.<\/td><\/tr><tr><td><strong>Destek Modeli<\/strong><\/td><td>\u00d6zel M\u00fc\u015fteri Temsilcisi + proaktif \u00e7ok kanall\u0131 destek (Zoom, telefon, sohbet).<\/td><td>Standart sohbet\/e-posta deste\u011fi; yan\u0131t s\u00fcreleri de\u011fi\u015fkenlik g\u00f6sterir ve proaktif hesap y\u00f6netimi s\u0131n\u0131rl\u0131d\u0131r.<\/td><\/tr><tr><td><strong>Yay\u0131n \/ Y\u00fcksek Hacimli Mesajla\u015fma<\/strong><\/td><td>Kurumsal d\u00fczeyde h\u0131z, g\u00fcvenilirlik ve teslimat.<\/td><td>Y\u00fcksek hacimli mesajla\u015fmay\u0131 destekler, ancak performans ve h\u0131z plan ve kuyruk s\u0131n\u0131rlamalar\u0131na g\u00f6re de\u011fi\u015fiklik g\u00f6sterebilir.<\/td><\/tr><\/tbody><\/table><\/figure>\n\n\n\n<h2 class=\"wp-block-heading\">\u00d6nemli Olan Ger\u00e7ek Farklar<\/h2>\n\n\n\n<h3 class=\"wp-block-heading\">1. Maliyet \u015eeffafl\u0131\u011f\u0131 ve Yat\u0131r\u0131m Getirisi<\/h3>\n\n\n\n<ul class=\"wp-block-list\">\n<li><strong>WABOOM Avantaj\u0131<\/strong><br>S\u0131f\u0131r kar marj\u0131 = \u00f6ng\u00f6r\u00fclebilir maliyetler. Mesajla\u015fma hacminizi art\u0131rd\u0131k\u00e7a, tam olarak ne kadar \u00f6deyece\u011finizi bilirsiniz; gizli \u00fccret yok, ek kredi y\u00fcklemenize gerek yok.<\/li>\n\n\n\n<li><strong>GALLABOX Takas<\/strong><br>Fiyatland\u0131rma, plan\u0131n\u0131za ve ek mesaj kullan\u0131m\u0131n\u0131za ba\u011fl\u0131d\u0131r. \u0130\u015fletmeniz b\u00fcy\u00fcd\u00fck\u00e7e maliyetler tahmin edilemez hale gelebilir.<\/li>\n<\/ul>\n\n\n\n<h3 class=\"wp-block-heading\">2. Platform mu, B\u00fcy\u00fcme Orta\u011f\u0131 m\u0131?<\/h3>\n\n\n\n<ul class=\"wp-block-list\">\n<li><strong>WABOOM Avantaj\u0131<\/strong><br>Biz sadece ara\u00e7lar sa\u011flamakla kalm\u0131yoruz, kampanyalar y\u00fcr\u00fct\u00fcyoruz, ak\u0131\u015flar\u0131 optimize ediyoruz ve d\u00f6n\u00fc\u015f\u00fcm hunilerini y\u00f6netiyoruz. Siz b\u00fcy\u00fcmeye odaklan\u0131n; biz uygulamay\u0131 \u00fcstleniyoruz.<\/li>\n\n\n\n<li><strong>GALLABOX Takas<\/strong><br>Esasen bir platform. Strateji, reklam optimizasyonu ve kampanya y\u00f6netimini kendiniz halletmeniz gerekiyor.<\/li>\n<\/ul>\n\n\n\n<h3 class=\"wp-block-heading\">3. G\u00fcvenebilece\u011finiz Destek<\/h3>\n\n\n\n<ul class=\"wp-block-list\">\n<li><strong>WABOOM Avantaj\u0131<\/strong><br>\u00d6zel M\u00fc\u015fteri Temsilcisi ve proaktif izleme, her t\u00fcrl\u00fc sorunun h\u0131zl\u0131 bir \u015fekilde \u00e7\u00f6z\u00fclmesini sa\u011flar. \u00c7ok kanall\u0131 destek; Zoom, telefon ve sohbeti i\u00e7erir.<\/li>\n\n\n\n<li><strong>GALLABOX Takas<\/strong><br>Destek standart sohbet\/e-posta yoluyla sa\u011flan\u0131r; daha \u00fcst d\u00fczey planlar daha iyi hizmet sunabilir, ancak g\u00fcnl\u00fck sorun giderme b\u00fcy\u00fck \u00f6l\u00e7\u00fcde kendi kendine yap\u0131l\u0131r.<\/li>\n<\/ul>\n\n\n\n<h2 class=\"wp-block-heading\">WABOOM ve GALLABOX: Art\u0131lar\u0131 ve Eksileri<\/h2>\n\n\n\n<figure class=\"wp-block-table\"><table class=\"has-fixed-layout\"><thead><tr><th>Kategori<\/th><th><strong>WABOOM (B\u00fcy\u00fcme Orta\u011f\u0131)<\/strong><\/th><th><strong>GALLABOX (Platform)<\/strong><\/th><\/tr><\/thead><tbody><tr><td><strong>Art\u0131lar\u0131<\/strong><\/td><td>Meta maliyetlerinde s\u0131f\u0131r kar marj\u0131.<br>Tam kapsaml\u0131 reklam uygulama hizmeti.<br>S\u0131n\u0131rs\u0131z say\u0131da temsilci.<br>Y\u00fcksek temasl\u0131 destek.<br>\u00d6ng\u00f6r\u00fclebilir, \u00f6l\u00e7eklenebilir maliyet modeli.<\/td><td>Uygun fiyatl\u0131 giri\u015f planlar\u0131.<br>Temel chatbot otomasyonu.<br>Entegrasyonlar i\u00e7in API deste\u011fi.<br>Y\u00fcksek hacimli mesajla\u015fmay\u0131 destekler.<\/td><\/tr><tr><td><strong>Eksiler \/ \u00d6d\u00fcnler<\/strong><\/td><td>Sabit platform \u00fccreti gereklidir.<br>Partnere g\u00fcven gerektirir.<\/td><td>Temsilciler ve mesajlar i\u00e7in ek \u00fccretler.<br>Daha fazla teknik kurulum gereklidir.<br>S\u0131n\u0131rl\u0131 proaktif destek.<br>Kampanya optimizasyonundan sorumlu kullan\u0131c\u0131.<\/td><\/tr><\/tbody><\/table><\/figure>\n\n\n\n<h2 class=\"wp-block-heading\"> SSS<\/h2>\n\n\n\n<p><strong>S: WABOOM&#039;un ger\u00e7ekten 0% kar marj\u0131 var m\u0131?<\/strong><br><strong>A:<\/strong> Evet, Meta&#039;n\u0131n maliyetine ek olarak sabit bir platform \u00fccreti \u00f6d\u00fcyorsunuz. Hi\u00e7bir s\u00fcrpriz yok.<\/p>\n\n\n\n<p><strong>S: GALLABOX, T\u0131kla-WhatsApp kampanyalar\u0131 y\u00fcr\u00fctebilir mi?<\/strong><br><strong>A:<\/strong> Evet, ancak uygulama, optimizasyon ve raporlamay\u0131 kendiniz y\u00f6netiyorsunuz.<\/p>\n\n\n\n<p><strong>S: Y\u00fcksek hacimli mesajla\u015fmay\u0131 \u00f6l\u00e7eklendirmek i\u00e7in hangisi daha iyi?<\/strong><br><strong>A:<\/strong> Her ikisi de teknik olarak y\u00fcksek hacimli i\u015flemleri kald\u0131rabilir, ancak WABOOM ba\u015ftan itibaren h\u0131z, y\u00f6nlendirme ve g\u00fcvenilirlik a\u00e7\u0131s\u0131ndan optimize edilmi\u015ftir.<\/p>\n\n\n\n<p><strong>S: GALLABOX s\u0131n\u0131rs\u0131z say\u0131da temsilciye izin veriyor mu?<\/strong><br><strong>A:<\/strong> Plan ba\u015f\u0131na acente koltuklar\u0131 s\u0131n\u0131rl\u0131 de\u011fildir ve ek koltuklar \u00fccrete tabidir.<\/p>\n\n\n\n<h1 class=\"wp-block-heading\">Kim Kazan\u0131r?<\/h1>\n\n\n\n<ul class=\"wp-block-list\">\n<li>Se\u00e7mek <strong>WABOOM<\/strong> e\u011fer istersen:<br>\u2714 \u00d6ng\u00f6r\u00fclebilir maliyetler ile <strong>0% i\u015faretlemesi<\/strong><br>\u2714 Tam kapsaml\u0131 reklam ve WhatsApp kampanya y\u00f6netimi<br>\u2714 S\u0131n\u0131rs\u0131z temsilci ve otomasyon<br>\u2714 Uygulamal\u0131, proaktif destek<\/li>\n\n\n\n<li>Se\u00e7mek <strong>GALLABOX<\/strong> e\u011fer sen:<br>\u2714 Daha d\u00fc\u015f\u00fck maliyetli bir giri\u015f platformu mu istiyorsunuz?<br>\u2714 Strateji ve otomasyonu y\u00f6netmek i\u00e7in \u015firket i\u00e7i kaynaklara sahip olmak<br>\u2714 Temsilci koltuklar\u0131n\u0131, mesaj kredilerini ve kampanya optimizasyonunu y\u00f6netebilir.<\/li>\n<\/ul>\n\n\n\n<p>\u0130\u00e7in <strong>S\u00fcrprizlerden uzak bir \u015fekilde b\u00fcy\u00fcmeyi hedefleyen i\u015fletmeler<\/strong>, <strong>WABOOM a\u00e7\u0131k ara kazanan.<\/strong>. Mesele sadece aletler de\u011fil, ayn\u0131 zamanda... <strong>sonu\u00e7lar, \u00f6ng\u00f6r\u00fclebilirlik ve b\u00fcy\u00fcme uygulamas\u0131<\/strong>.<\/p>\n\n\n\n<p><\/p>","protected":false},"excerpt":{"rendered":"<p>Stop Wasting Money on Messaging Platforms That Leave You Doing All the Work Most WhatsApp platforms look great on paper shiny dashboards, automation, and chatbots. But when it comes to scaling your business, many leave you doing all the heavy lifting: managing costs, building flows, optimizing campaigns, and troubleshooting support issues. If you want predictable&#8230;<\/p>","protected":false},"author":1,"featured_media":0,"parent":0,"menu_order":0,"comment_status":"closed","ping_status":"closed","template":"","meta":{"_bbp_topic_count":0,"_bbp_reply_count":0,"_bbp_total_topic_count":0,"_bbp_total_reply_count":0,"_bbp_voice_count":0,"_bbp_anonymous_reply_count":0,"_bbp_topic_count_hidden":0,"_bbp_reply_count_hidden":0,"_bbp_forum_subforum_count":0,"_monsterinsights_skip_tracking":false,"_monsterinsights_sitenote_active":false,"_monsterinsights_sitenote_note":"","_monsterinsights_sitenote_category":0,"footnotes":""},"class_list":["post-6354","page","type-page","status-publish","hentry"],"_links":{"self":[{"href":"https:\/\/waboom.net\/tr\/wp-json\/wp\/v2\/pages\/6354","targetHints":{"allow":["GET"]}}],"collection":[{"href":"https:\/\/waboom.net\/tr\/wp-json\/wp\/v2\/pages"}],"about":[{"href":"https:\/\/waboom.net\/tr\/wp-json\/wp\/v2\/types\/page"}],"author":[{"embeddable":true,"href":"https:\/\/waboom.net\/tr\/wp-json\/wp\/v2\/users\/1"}],"replies":[{"embeddable":true,"href":"https:\/\/waboom.net\/tr\/wp-json\/wp\/v2\/comments?post=6354"}],"version-history":[{"count":0,"href":"https:\/\/waboom.net\/tr\/wp-json\/wp\/v2\/pages\/6354\/revisions"}],"wp:attachment":[{"href":"https:\/\/waboom.net\/tr\/wp-json\/wp\/v2\/media?parent=6354"}],"curies":[{"name":"wp","href":"https:\/\/api.w.org\/{rel}","templated":true}]}}