{"id":6361,"date":"2025-11-17T17:32:03","date_gmt":"2025-11-17T17:32:03","guid":{"rendered":"https:\/\/waboom.net\/?page_id=6361"},"modified":"2025-11-19T13:09:13","modified_gmt":"2025-11-19T13:09:13","slug":"waboom-vs-sleekflow","status":"publish","type":"page","link":"https:\/\/waboom.net\/tr\/waboom-vs-sleekflow\/","title":{"rendered":"WABOOM ve SleekFlow"},"content":{"rendered":"<p>Harika, i\u015fte burada <strong>WABOOM ve SleekFlow<\/strong> Kilitli, Neil Patel tarz\u0131 format\u0131n\u0131zda kar\u015f\u0131la\u015ft\u0131rma yaparak her platformun nerede \u00f6ne \u00e7\u0131kt\u0131\u011f\u0131n\u0131, nerede avantajl\u0131 oldu\u011funu ve birini di\u011ferine tercih edebilece\u011finiz zaman\u0131 g\u00f6sterin.<\/p>\n\n\n\n<h1 class=\"wp-block-heading\">T\u00fcm \u0130\u015fi Size B\u0131rakan Mesajla\u015fma Platformlar\u0131na Para Harcamay\u0131 B\u0131rak\u0131n<\/h1>\n\n\n\n<p>Bir\u00e7ok WhatsApp arac\u0131 g\u00fc\u00e7l\u00fc yapay zeka ajanlar\u0131, otomasyonlar, gelen kutular\u0131 gibi \u00f6zelliklerle geliyor ancak \u00e7o\u011fu... <em>Sen<\/em> B\u00fcy\u00fcme, kampanya stratejisi ve maliyet s\u00fcrprizlerinden sorumlusunuz. Netlik ve performansla \u00f6l\u00e7eklendirme konusunda ciddiyseniz, s\u0131radan bir sohbet uygulamas\u0131ndan daha fazlas\u0131n\u0131 hak ediyorsunuz.<\/p>\n\n\n\n<p>\u0130\u015fte bu y\u00fczden kar\u015f\u0131la\u015ft\u0131rma <strong>WABOOM<\/strong> (ger\u00e7ek bir b\u00fcy\u00fcme orta\u011f\u0131) ile <strong>\u015e\u0131k Ak\u0131\u015f<\/strong> (tam \u00f6zellikli bir API tabanl\u0131 platform) kritik \u00f6neme sahiptir. Bu sadece \u00f6zellik kontrol\u00fc de\u011fil, ayn\u0131 zamanda uygulama, \u00f6ng\u00f6r\u00fclebilirlik ve uzun vadeli yat\u0131r\u0131m getirisi ile de ilgilidir.<\/p>\n\n\n\n<h2 class=\"wp-block-heading\">\ud83d\udd25 WABOOM ve SleekFlow: \u00d6zellik \u00d6zellik Kar\u015f\u0131la\u015ft\u0131rmas\u0131<\/h2>\n\n\n\n<figure class=\"wp-block-table\"><table class=\"has-fixed-layout\"><thead><tr><th>\u00d6zellik<\/th><th><strong>WABOOM (Tam Hizmet B\u00fcy\u00fcme Orta\u011f\u0131)<\/strong><\/th><th><strong>SleekFlow (API + Otomasyon Platformu)<\/strong><\/th><\/tr><\/thead><tbody><tr><td><strong>Meta Konu\u015fma \/ Mesaj Maliyeti<\/strong><\/td><td><strong>0% i\u015faretlemesi<\/strong> Meta&#039;da konu\u015fma maliyetleri + sabit platform \u00fccreti. Sonsuza Kadar \u00dccretsiz Plan <strong>10.000 \u00fccretsiz mesaj<\/strong> ba\u015flamay\u0131 risksiz hale getirir.<\/td><td>Mesaj ba\u015f\u0131na fiyatland\u0131rma kullan\u0131l\u0131r: \u015eablon mesajlar\u0131 kategoriye (pazarlama, yard\u0131mc\u0131 program, kimlik do\u011frulama) g\u00f6re \u00fccretlendirilir. <\/td><\/tr><tr><td><strong>Fiyatland\u0131rma \u015eeffafl\u0131\u011f\u0131<\/strong><\/td><td>Basit, \u00f6ng\u00f6r\u00fclebilir: sabit platform maliyeti + ger\u00e7ek Meta \u00fccretleri.<\/td><td>Net yap\u0131: Ayl\u0131k aktif ki\u015filer (MAC) modeli + mesaj ba\u015f\u0131na \u00fccretler. <\/td><\/tr><tr><td><strong>Temsilci \/ Ekip Giri\u015fleri<\/strong><\/td><td>\u00c7o\u011fu planda s\u0131n\u0131rs\u0131z temsilci, destek veya sat\u0131\u015f ekibinizi \u00f6zg\u00fcrce \u00f6l\u00e7eklendirir.<\/td><td>\u00c7oklu ajan gelen kutusu + y\u00f6nlendirme; WhatsApp konu\u015fmalar\u0131n\u0131 y\u00f6netmek i\u00e7in roller ve ekipler atayabilirsiniz. <\/td><\/tr><tr><td><strong>Reklam Stratejisi ve Uygulamas\u0131<\/strong><\/td><td>WABOOM, Click-to-WhatsApp reklam kampanyalar\u0131n\u0131z\u0131 y\u00fcr\u00fct\u00fcr, optimize eder ve bot + temsilci ak\u0131\u015flar\u0131n\u0131za ba\u011flar.<\/td><td>SleekFlow size \u015funlar\u0131 sunar: <strong>Ak\u0131\u015f Olu\u015fturucu<\/strong> (s\u00fcr\u00fckle ve b\u0131rak) otomasyonu olu\u015fturmak i\u00e7in kullanabilirsiniz, ancak konu\u015fmalar\u0131 nas\u0131l y\u00f6nlendirece\u011finiz ve d\u00f6n\u00fc\u015ft\u00fcrece\u011finiz konusunda sorumluluk size aittir. <\/td><\/tr><tr><td><strong>T\u0131kla-WhatsApp Reklamlar\u0131<\/strong><\/td><td>Geli\u015fmi\u015f segmentasyon, CAPI yerel y\u00f6nlendirme ve ak\u0131\u015f tabanl\u0131 at\u0131f.<\/td><td>BSP yetenekleriyle desteklenen ak\u0131\u015f mant\u0131\u011f\u0131n\u0131 siz yap\u0131land\u0131r\u0131rs\u0131n\u0131z, ancak reklam stratejisi size aittir.<\/td><\/tr><tr><td><strong>Chatbot \/ Otomasyon Olu\u015fturucu<\/strong><\/td><td>Tamamen kilidi a\u00e7\u0131lm\u0131\u015f s\u00fcr\u00fckle-b\u0131rak olu\u015fturucu. \u00d6zellik s\u0131n\u0131r\u0131 yok, yapay s\u0131n\u0131rlamalar yok.<\/td><td>Konu\u015fma otomasyonlar\u0131 olu\u015fturmak ve ak\u0131ll\u0131ca y\u00f6nlendirme yapmak i\u00e7in \u00e7ok g\u00fc\u00e7l\u00fc bir Ak\u0131\u015f Olu\u015fturucu + AI ajanlar\u0131. <\/td><\/tr><tr><td><strong>API \/ Webhook Eri\u015fimi<\/strong><\/td><td>CRM, arka u\u00e7 veya \u00f6zel entegrasyonlar i\u00e7in s\u0131n\u0131rs\u0131z API eri\u015fimi.<\/td><td>CRM&#039;ler, e-ticaret ve daha fazlas\u0131yla entegrasyon i\u00e7in tasarlanm\u0131\u015f g\u00fc\u00e7l\u00fc API + webhook deste\u011fi. <\/td><\/tr><tr><td><strong>Destek Modeli<\/strong><\/td><td>\u00d6zel Hesap Y\u00f6neticisi + proaktif, y\u00fcksek temasl\u0131 destek (Zoom, telefon, sohbet).<\/td><td>Destek plana ba\u011fl\u0131d\u0131r; daha stratejik yard\u0131m i\u00e7in bir M\u00fc\u015fteri Ba\u015far\u0131 Y\u00f6neticisi ekleyebilirsiniz. <\/td><\/tr><tr><td><strong>Yay\u0131n \/ Y\u00fcksek Hacimli Mesajla\u015fma<\/strong><\/td><td>Kurumsal \u00f6l\u00e7ekte mesajlar, kampanyalar ve y\u00fcksek verimlilik i\u00e7in optimize edilmi\u015ftir.<\/td><td>Y\u00fcksek hacimli destek g\u00fc\u00e7l\u00fcd\u00fcr; otomatik i\u015f ak\u0131\u015flar\u0131, kampanyalar \u00e7al\u0131\u015ft\u0131rabilir ve API + ak\u0131\u015f olu\u015fturucusu arac\u0131l\u0131\u011f\u0131yla yay\u0131n yapabilirsiniz.<\/td><\/tr><tr><td><strong>Servis Mesajlar\u0131 i\u00e7in Maliyet Etkinli\u011fi<\/strong><\/td><td>0% i\u015faretlemesi ve \u00fccretsiz katman sayesinde ba\u015flang\u0131\u00e7 uygun fiyatl\u0131d\u0131r ve \u00f6l\u00e7ekleme \u00f6ng\u00f6r\u00fclebilirdir.<\/td><td>Yard\u0131mc\u0131 program \u015fablonlar\u0131 <em>i\u00e7eri<\/em> 24 saat m\u00fc\u015fteri hizmetleri penceresi \u00fccretsizdir. <\/td><\/tr><\/tbody><\/table><\/figure>\n\n\n\n<h2 class=\"wp-block-heading\"> Bu Farkl\u0131l\u0131klar Asl\u0131nda Neden \u00d6nemli?<\/h2>\n\n\n\n<h3 class=\"wp-block-heading\">1. \u00d6ng\u00f6r\u00fclebilirlik ve Risksiz \u00d6l\u00e7eklendirme<\/h3>\n\n\n\n<ul class=\"wp-block-list\">\n<li><strong>WABOOM Avantaj\u0131<\/strong>: The <strong>\u00fccretsiz plan + s\u0131f\u0131r kar pay\u0131<\/strong> WhatsApp otomasyonunuzu b\u00fcy\u00fck faturalar \u00f6deme riskine girmeden test edebilece\u011finiz anlam\u0131na gelir. \u00d6l\u00e7eklendik\u00e7e, maliyetleriniz hacimle birlikte \u015feffaf bir \u015fekilde artar.<\/li>\n\n\n\n<li><strong>SleekFlow Takas\u0131<\/strong>Kullan\u0131m durumunuza (pazarlama, yard\u0131mc\u0131 program vb.) ba\u011fl\u0131 olarak \u015fablon mesaj\u0131 ba\u015f\u0131na \u00f6deme yapars\u0131n\u0131z. Maliyeti ger\u00e7ek etkile\u015fime ba\u011flayan MAC tabanl\u0131 bir model sunsalar da, kullan\u0131m\u0131n\u0131z\u0131 dikkatlice tahmin etmeniz gerekir. <\/li>\n<\/ul>\n\n\n\n<h3 class=\"wp-block-heading\">2. Otomasyon ve Y\u00fcr\u00fctme G\u00fcc\u00fc<\/h3>\n\n\n\n<ul class=\"wp-block-list\">\n<li><strong>WABOOM Avantaj\u0131<\/strong>: Size sadece ara\u00e7lar\u0131 vermiyorlar <strong>uygulamak<\/strong> B\u00fcy\u00fcme stratejiniz: reklam kampanyalar\u0131 y\u00fcr\u00fctmek, ak\u0131\u015flar olu\u015fturmak ve d\u00f6n\u00fc\u015f\u00fcm i\u00e7in optimizasyon yapmak.<\/li>\n\n\n\n<li><strong>SleekFlow Takas\u0131<\/strong>Ak\u0131\u015f Olu\u015fturucu, yapay zeka arac\u0131lar\u0131 ve API ile m\u00fckemmel esneklik. Ancak bu g\u00fcc\u00fc en \u00fcst d\u00fczeye \u00e7\u0131karmak i\u00e7in ak\u0131\u015flar\u0131n\u0131z\u0131 tasarlaman\u0131z ve onlara daha fazla sahip \u00e7\u0131kman\u0131z ve daha fazla i\u015f yapman\u0131z gerekiyor.<\/li>\n<\/ul>\n\n\n\n<h3 class=\"wp-block-heading\">3. Destek, Ekip \u00d6l\u00e7e\u011fi ve \u0130\u015fbirli\u011fi<\/h3>\n\n\n\n<ul class=\"wp-block-list\">\n<li><strong>WABOOM Avantaj\u0131<\/strong>: \u00d6zel bir hesap y\u00f6neticisi, b\u00fcy\u00fcme s\u00fcrecinde yaln\u0131z kalmaman\u0131z\u0131 sa\u011flar. Mesajlar\u0131n\u0131z\u0131, kampanyalar\u0131n\u0131z\u0131 ve y\u00f6nlendirmelerinizi optimize etmenize proaktif olarak yard\u0131mc\u0131 olurlar.<\/li>\n\n\n\n<li><strong>SleekFlow Takas\u0131<\/strong>: Sa\u011flam destek, ancak stratejik ve dan\u0131\u015fmanl\u0131k deste\u011fi ek \u00fccrete tabidir. Platformlar\u0131, operasyonel ekiplerin rehberlik e\u015fli\u011finde daha az kendin yap, daha \u00e7ok kendin yap i\u015fleriyle ilgilenip \u00f6l\u00e7eklendirmelerine olanak sa\u011flamak \u00fczere tasarlanm\u0131\u015ft\u0131r.<\/li>\n<\/ul>\n\n\n\n<h2 class=\"wp-block-heading\"> Art\u0131lar\u0131 ve Eksileri: WABOOM ve SleekFlow<\/h2>\n\n\n\n<figure class=\"wp-block-table\"><table class=\"has-fixed-layout\"><thead><tr><th>Kategori<\/th><th><strong>WABOOM (B\u00fcy\u00fcme Orta\u011f\u0131)<\/strong><\/th><th><strong>SleekFlow (Platform)<\/strong><\/th><\/tr><\/thead><tbody><tr><td><strong>Art\u0131lar\u0131<\/strong><\/td><td>\u2013 Meta maliyetlerinde s\u0131f\u0131r ek \u00fccret - Ba\u015flang\u0131\u00e7ta 10.000 \u00fccretsiz mesaj - Tam hizmet reklam\u0131 + sohbet robotu y\u00fcr\u00fctme - S\u0131n\u0131rs\u0131z temsilci - \u00d6ng\u00f6r\u00fclebilir, \u00f6l\u00e7eklenebilir maliyet<\/td><td>\u2013 Ger\u00e7ek API + otomasyon g\u00fcc\u00fc - Sezgisel Ak\u0131\u015f Olu\u015fturucu + AI temsilcileri - \u00c7oklu temsilci gelen kutusu ve y\u00f6nlendirme - CRM ve e-ticarete ba\u011flant\u0131 - Etkile\u015fime ba\u011fl\u0131 esnek fiyatland\u0131rma<\/td><\/tr><tr><td><strong>Eksiler \/ \u00d6d\u00fcnler<\/strong><\/td><td>\u2013 Kampanyalar\u0131n\u0131z\u0131 y\u00fcr\u00fctmek i\u00e7in bir orta\u011fa g\u00fcvenmeniz gerekir. \u00d6l\u00e7eklendik\u00e7e sabit platform \u00fccreti uygulanabilir.<\/td><td>\u2013 Mesajla\u015fma maliyeti \u015fablonlara ba\u011fl\u0131d\u0131r. \u2013 Ak\u0131\u015flar\u0131 tasarlamal\u0131 ve optimize etmelisiniz. \u2013 Stratejik destek daha pahal\u0131 olabilir. \u2013 Yat\u0131r\u0131m getirisini en \u00fcst d\u00fczeye \u00e7\u0131karmak i\u00e7in daha fazla dahili \u00e7aba gerektirir.<\/td><\/tr><\/tbody><\/table><\/figure>\n\n\n\n<hr class=\"wp-block-separator has-alpha-channel-opacity\"\/>\n\n\n\n<h2 class=\"wp-block-heading\">\u2753 S\u0131k\u00e7a Sorulan Sorular (SSS)<\/h2>\n\n\n\n<p><strong>S: SleekFlow, Windows i\u00e7erisinde m\u00fc\u015fterilere &quot;\u00fccretsiz&quot; yan\u0131t vermenize olanak tan\u0131yor mu?<\/strong><br><strong>A:<\/strong> Evet. Bir m\u00fc\u015fteri size mesaj g\u00f6nderdi\u011finde, 24 saat a\u00e7\u0131k bir m\u00fc\u015fteri hizmetleri penceresi a\u00e7\u0131l\u0131r ve bu pencerede serbest bi\u00e7imli yan\u0131tlar g\u00f6nderebilirsiniz. <br>Ayr\u0131ca, Click-to-WhatsApp veya benzeri bir yolla ba\u015flat\u0131lmas\u0131 durumunda 72 saatlik bir \u201c\u00fccretsiz giri\u015f noktas\u0131\u201d penceresi ge\u00e7erli olabilir. <\/p>\n\n\n\n<p><strong>S: SleekFlow&#039;da \u015fablon mesajlar\u0131 (pazarlama veya yard\u0131mc\u0131 programlar gibi) nas\u0131l \u00fccretlendirilir?<\/strong><br><strong>A:<\/strong> \u015eablon ba\u015f\u0131na mesaj fiyatland\u0131rma modelini kullan\u0131rlar. Fiyatlar, mesaj kategorisine (pazarlama, fayda vb.) ba\u011fl\u0131d\u0131r.<\/p>\n\n\n\n<p><strong>S: CRM&#039;imi (HubSpot veya Shopify gibi) SleekFlow ile entegre edebilir miyim?<\/strong><br><strong>A:<\/strong> Evet SleekFlow, CRM ve e-ticaret entegrasyonlar\u0131n\u0131 destekleyerek derin otomasyon ve veri senkronizasyonuna olanak tan\u0131r. <\/p>\n\n\n\n<p><strong>S: SleekFlow, WhatsApp&#039;ta birden fazla arac\u0131 destekliyor mu?<\/strong><br><strong>A:<\/strong> Evet. Y\u00f6nlendirme kurallar\u0131 ve ekip i\u015fbirli\u011fi yetenekleri olan \u00e7oklu arac\u0131 gelen kutusu vard\u0131r. <\/p>\n\n\n\n<p><strong>S: Otomasyon olu\u015fturucular\u0131 ne kadar esnek?<\/strong><br><strong>A:<\/strong> \u00c7ok. Ak\u0131\u015f Olu\u015fturucular\u0131 g\u00f6rsel ve g\u00fc\u00e7l\u00fcd\u00fcr; \u00f6zel i\u015f ak\u0131\u015flar\u0131, yapay zeka destekli ak\u0131\u015f ve tetikleyici tabanl\u0131 y\u00f6nlendirme tasarlaman\u0131za olanak tan\u0131r. <\/p>\n\n\n\n<h2 class=\"wp-block-heading\">Kim Kazan\u0131r?<\/h2>\n\n\n\n<ul class=\"wp-block-list\">\n<li>Se\u00e7mek <strong>WABOOM<\/strong> e\u011fer sen:<br>\u2714 \u0130stiyorum <strong>y\u00fck stratejisini, reklam y\u00fcr\u00fctmeyi ve b\u00fcy\u00fcmeyi bir orta\u011fa devredin<\/strong><br>\u2714 Takdir ediyorum <strong>\u00f6ng\u00f6r\u00fclebilir fiyatland\u0131rma<\/strong> s\u0131f\u0131r i\u015faretleme + \u00fccretsiz mesajla\u015fma katman\u0131<br>\u2714 Y\u00fcksek temasl\u0131 bir ili\u015fkiyi tercih edin: d\u00f6n\u00fc\u015f\u00fcm\u00fcn\u00fcze ve \u00f6l\u00e7e\u011finize yat\u0131r\u0131m yapm\u0131\u015f biri<br>\u2714 Ger\u00e7ek kullan\u0131c\u0131larla risksiz bir \u015fekilde test etmek ve \u00f6l\u00e7eklendirmek mi istiyorsunuz?<\/li>\n\n\n\n<li>Se\u00e7mek <strong>\u015e\u0131k Ak\u0131\u015f<\/strong> e\u011fer sen:<br>\u2714 Otomasyonlar\u0131 olu\u015fturmaya ve \u00e7al\u0131\u015ft\u0131rmaya haz\u0131r \u015firket i\u00e7i strateji veya operasyon ekiplerine sahip olun<br>\u2714 Ak\u0131\u015f Olu\u015fturucu + AI ajanlar\u0131 arac\u0131l\u0131\u011f\u0131yla derin kontrole ihtiya\u00e7 var<br>\u2714 \u00c7oklu arac\u0131 i\u015fbirli\u011fi ve gelen kutusu y\u00f6netimi mi istiyorsunuz?<br>\u2714 WhatsApp&#039;\u0131 CRM&#039;iniz veya e-ticaretinizle derinlemesine entegre etmeye odaklan\u0131n<\/li>\n<\/ul>\n\n\n\n<p><strong>Sonu\u00e7 olarak:<\/strong><br>H\u0131zl\u0131 \u00f6l\u00e7ekleniyorsan\u0131z, y\u00fcr\u00fctme i\u00e7in bir orta\u011fa ihtiyac\u0131n\u0131z varsa ve maliyet \u015feffafl\u0131\u011f\u0131na \u00f6nem veriyorsan\u0131z, <strong>WABOOM<\/strong> g\u00fc\u00e7l\u00fc ve d\u00fc\u015f\u00fck riskli bir se\u00e7imdir.<br>Maksimum esneklik, kontrol ve derin otomasyon istiyorsan\u0131z, <strong>\u015e\u0131k Ak\u0131\u015f<\/strong> sana ara\u00e7lar\u0131 verir ama <strong>b\u00fcy\u00fcmeyi sen y\u00f6nlendiriyorsun<\/strong>.<\/p>","protected":false},"excerpt":{"rendered":"<p>Great here\u2019s a WABOOM vs. SleekFlow comparison in your locked, Neil\u202fPatel\u2013style format, showing where each platform shines, where they trade off, and when you might pick one over the other. Stop Wasting Money on Messaging Platforms That Leave You Doing All the Work Many WhatsApp tools feel powerful AI agents, automations, inboxes but most leave&#8230;<\/p>","protected":false},"author":1,"featured_media":0,"parent":0,"menu_order":0,"comment_status":"closed","ping_status":"closed","template":"","meta":{"_bbp_topic_count":0,"_bbp_reply_count":0,"_bbp_total_topic_count":0,"_bbp_total_reply_count":0,"_bbp_voice_count":0,"_bbp_anonymous_reply_count":0,"_bbp_topic_count_hidden":0,"_bbp_reply_count_hidden":0,"_bbp_forum_subforum_count":0,"_monsterinsights_skip_tracking":false,"_monsterinsights_sitenote_active":false,"_monsterinsights_sitenote_note":"","_monsterinsights_sitenote_category":0,"footnotes":""},"class_list":["post-6361","page","type-page","status-publish","hentry"],"_links":{"self":[{"href":"https:\/\/waboom.net\/tr\/wp-json\/wp\/v2\/pages\/6361","targetHints":{"allow":["GET"]}}],"collection":[{"href":"https:\/\/waboom.net\/tr\/wp-json\/wp\/v2\/pages"}],"about":[{"href":"https:\/\/waboom.net\/tr\/wp-json\/wp\/v2\/types\/page"}],"author":[{"embeddable":true,"href":"https:\/\/waboom.net\/tr\/wp-json\/wp\/v2\/users\/1"}],"replies":[{"embeddable":true,"href":"https:\/\/waboom.net\/tr\/wp-json\/wp\/v2\/comments?post=6361"}],"version-history":[{"count":0,"href":"https:\/\/waboom.net\/tr\/wp-json\/wp\/v2\/pages\/6361\/revisions"}],"wp:attachment":[{"href":"https:\/\/waboom.net\/tr\/wp-json\/wp\/v2\/media?parent=6361"}],"curies":[{"name":"wp","href":"https:\/\/api.w.org\/{rel}","templated":true}]}}