{"id":6333,"date":"2025-11-16T21:06:58","date_gmt":"2025-11-16T21:06:58","guid":{"rendered":"https:\/\/waboom.net\/?page_id=6333"},"modified":"2025-11-19T13:20:58","modified_gmt":"2025-11-19T13:20:58","slug":"waboom-vs-interakt","status":"publish","type":"page","link":"https:\/\/waboom.net\/vi\/waboom-vs-interakt\/","title":{"rendered":"WABOOM so v\u1edbi Interakt"},"content":{"rendered":"<p><\/p>\n\n\n\n<p>Kh\u00e1m ph\u00e1 l\u00fd do WABOOM lo\u1ea1i b\u1ecf s\u1ef1 nh\u1ea7m l\u1eabn v\u1ec1 gi\u00e1, m\u1edf kh\u00f3a kh\u1ea3 n\u0103ng t\u1ef1 \u0111\u1ed9ng h\u00f3a v\u01b0\u1ee3t tr\u1ed9i v\u00e0 cung c\u1ea5p m\u1ed1i quan h\u1ec7 \u0111\u1ed1i t\u00e1c chi\u1ebfn l\u01b0\u1ee3c m\u00e0 doanh nghi\u1ec7p c\u1ee7a b\u1ea1n c\u1ea7n \u0111\u1ec3 th\u1ef1c s\u1ef1 m\u1edf r\u1ed9ng quy m\u00f4 tr\u00ean WhatsApp.<\/p>\n\n\n\n<h1 class=\"wp-block-heading\">So s\u00e1nh t\u1eebng t\u00ednh n\u0103ng: WABOOM so v\u1edbi Interakt<\/h1>\n\n\n\n<p>D\u01b0\u1edbi \u0111\u00e2y l\u00e0 b\u1ea3ng ph\u00e2n t\u00edch r\u00f5 r\u00e0ng v\u1ec1 c\u00e1c t\u00ednh n\u0103ng th\u00fac \u0111\u1ea9y chuy\u1ec3n \u0111\u1ed5i v\u00e0 ROI.<\/p>\n\n\n\n<figure class=\"wp-block-table\"><table class=\"has-fixed-layout\"><thead><tr><th><strong>T\u00ednh n\u0103ng<\/strong><\/th><th><strong>WABOOM<\/strong><\/th><th><strong>T\u01b0\u01a1ng t\u00e1c<\/strong><\/th><\/tr><\/thead><tbody><tr><td><strong>M\u00f4 h\u00ecnh \u0111\u1ecbnh gi\u00e1<\/strong><\/td><td>K\u1ebf ho\u1ea1ch h\u00e0ng th\u00e1ng\/h\u00e0ng n\u0103m minh b\u1ea1ch<\/td><td>C\u00e1c g\u00f3i ph\u1ee9c t\u1ea1p theo qu\u00fd\/theo t\u1ea7ng<\/td><\/tr><tr><td><strong>\u0110\u00e1nh d\u1ea5u h\u1ed9i tho\u1ea1i Meta<\/strong><\/td><td>0% Markup (Chi ph\u00ed chuy\u1ec3n ti\u1ebfp)<\/td><td>Markup bi\u1ebfn \u0111\u1ed5i (T\u1ed5ng chi ph\u00ed cao h\u01a1n)<\/td><\/tr><tr><td><strong>\u0110\u0103ng nh\u1eadp \u0111\u1ea1i l\u00fd mi\u1ec5n ph\u00ed<\/strong><\/td><td>Kh\u00f4ng gi\u1edbi h\u1ea1n<\/td><td>Thay \u0111\u1ed5i t\u00f9y theo g\u00f3i; Th\u01b0\u1eddng b\u1ecb gi\u1edbi h\u1ea1n<\/td><\/tr><tr><td><strong>Tr\u00ecnh t\u1ea1o Chatbot<\/strong><\/td><td>Tr\u00ecnh t\u1ea1o h\u00ecnh \u1ea3nh k\u00e9o v\u00e0 th\u1ea3 (T\u1ea5t c\u1ea3 c\u00e1c c\u1ea5p)<\/td><td>Ch\u1ec9 h\u1ed7 tr\u1ee3 GPT \u1edf c\u00e1c c\u1ea5p cao h\u01a1n<\/td><\/tr><tr><td><strong>Thanh to\u00e1n WhatsApp<\/strong><\/td><td>T\u00edch h\u1ee3p s\u1eb5n, k\u00edch ho\u1ea1t ch\u1ec9 b\u1eb1ng m\u1ed9t c\u00fa nh\u1ea5p chu\u1ed9t<\/td><td>Y\u00eau c\u1ea7u g\u00f3i cao h\u01a1n ho\u1eb7c thi\u1ebft l\u1eadp ph\u1ee9c t\u1ea1p<\/td><\/tr><tr><td><strong>T\u00edch h\u1ee3p API\/Webhook<\/strong><\/td><td>Mi\u1ec5n ph\u00ed &amp; Kh\u00f4ng gi\u1edbi h\u1ea1n (T\u1ea5t c\u1ea3 c\u00e1c c\u1ea5p \u0111\u1ed9)<\/td><td>Gi\u1edbi h\u1ea1n trong c\u00e1c g\u00f3i Starter; \u0110\u1eaft h\u01a1n \u1edf c\u00e1c g\u00f3i cao h\u01a1n<\/td><\/tr><tr><td><strong>D\u1ecbch v\u1ee5 Chi\u1ebfn l\u01b0\u1ee3c &amp; Thi\u1ebft l\u1eadp Qu\u1ea3ng c\u00e1o<\/strong><\/td><td>Chi\u1ebfn l\u01b0\u1ee3c v\u00e0 th\u1ef1c hi\u1ec7n qu\u1ea3ng c\u00e1o \u0111\u1ea7y \u0111\u1ee7 t\u00f9y ch\u1ecdn<\/td><td>Kh\u00f4ng c\u00f3; Ch\u1ec9 t\u1ef1 ph\u1ee5c v\u1ee5<\/td><\/tr><tr><td><strong>H\u1ed7 tr\u1ee3 kh\u00e1ch h\u00e0ng<\/strong><\/td><td>Qu\u1ea3n l\u00fd t\u00e0i kho\u1ea3n chuy\u00ean d\u1ee5ng + G\u1ecdi \u0111i\u1ec7n, Thu ph\u00f3ng &amp; Tr\u00f2 chuy\u1ec7n<\/td><td>Ch\u1ec9 email; Th\u1eddi gian ph\u1ea3n h\u1ed3i ch\u1eadm \u0111\u00e3 \u0111\u01b0\u1ee3c b\u00e1o c\u00e1o<\/td><\/tr><tr><td><strong>Hi\u1ec7u su\u1ea5t ph\u00e1t s\u00f3ng<\/strong><\/td><td>Giao h\u00e0ng t\u1ed1c \u0111\u1ed9 cao \u0111\u01b0\u1ee3c t\u1ed1i \u01b0u h\u00f3a<\/td><td>Ph\u1ee5 thu\u1ed9c v\u00e0o k\u1ebf ho\u1ea1ch; C\u00f3 th\u1ec3 ch\u1eadm h\u01a1n<\/td><\/tr><tr><td><strong>X\u00e1c minh d\u1ea5u t\u00edch xanh<\/strong><\/td><td>H\u01b0\u1edbng d\u1eabn k\u1ef9 thu\u1eadt v\u00e0 chi\u1ebfn l\u01b0\u1ee3c chuy\u00ean d\u1ee5ng<\/td><td>Ch\u1ec9 tu\u00e2n th\u1ee7 k\u1ef9 thu\u1eadt c\u01a1 b\u1ea3n<\/td><\/tr><\/tbody><\/table><\/figure>\n\n\n\n<h1 class=\"wp-block-heading\">So s\u00e1nh chi ti\u1ebft: WABOOM chi\u1ebfn th\u1eafng \u1edf \u0111\u00e2u<\/h1>\n\n\n\n<h2 class=\"wp-block-heading\">I. Gi\u00e1 c\u1ea3 v\u00e0 T\u1ed5ng chi ph\u00ed s\u1edf h\u1eefu (TCO)<\/h2>\n\n\n\n<p>R\u00e0o c\u1ea3n l\u1edbn nh\u1ea5t c\u1ee7a b\u1ea1n \u0111\u1ec3 m\u1edf r\u1ed9ng quy m\u00f4 l\u00e0 <strong>chi ph\u00ed b\u1ea5t ng\u1edd<\/strong> th\u01b0\u1eddng \u1ea9n b\u00ean trong c\u00e1c c\u1ea5u tr\u00fac gi\u00e1 ph\u1ee9c t\u1ea1p.<\/p>\n\n\n\n<h3 class=\"wp-block-heading\"><strong>\u01afu \u0111i\u1ec3m c\u1ee7a WABOOM<\/strong><\/h3>\n\n\n\n<ul class=\"wp-block-list\">\n<li><strong>L\u1eddi h\u1ee9a \u0111\u00e1nh d\u1ea5u 0%:<\/strong><br>WABOOM t\u00ednh ph\u00ed <strong>kh\u00f4ng c\u00f3 \u0111\u00e1nh d\u1ea5u<\/strong> v\u1ec1 ph\u00ed tr\u00f2 chuy\u1ec7n ch\u00ednh th\u1ee9c c\u1ee7a Meta.<br>Nh\u1eefng g\u00ec Meta t\u00ednh ph\u00ed, b\u1ea1n kh\u00f4ng ph\u1ea3i tr\u1ea3 th\u00eam g\u00ec c\u1ea3.<br>\u0110\u00e2y l\u00e0 c\u00e1ch duy nh\u1ea5t \u0111\u1ec3 d\u1ef1 b\u00e1o ch\u00ednh x\u00e1c s\u1ef1 t\u0103ng tr\u01b0\u1edfng c\u1ee7a b\u1ea1n.<\/li>\n\n\n\n<li><strong>C\u00e1c k\u1ebf ho\u1ea1ch \u0111\u01a1n gi\u1ea3n:<\/strong><br>C\u00e1c t\u00ednh n\u0103ng thi\u1ebft y\u1ebfu nh\u01b0 quy\u1ec1n truy c\u1eadp API, tr\u00ecnh x\u00e2y d\u1ef1ng chatbot, ph\u00e2n kh\u00fac v\u00e0 quy tr\u00ecnh l\u00e0m vi\u1ec7c \u0111\u01b0\u1ee3c bao g\u1ed3m m\u00e0 kh\u00f4ng bu\u1ed9c b\u1ea1n ph\u1ea3i mua c\u00e1c g\u00f3i \u0111\u1eaft ti\u1ec1n.<\/li>\n<\/ul>\n\n\n\n<h3 class=\"wp-block-heading\"><strong>\u0110i\u1ec3m y\u1ebfu t\u01b0\u01a1ng t\u00e1c<\/strong><\/h3>\n\n\n\n<ul class=\"wp-block-list\">\n<li>Interakt th\u01b0\u1eddng s\u1eed d\u1ee5ng m\u1ed9t <strong>H\u1ec7 th\u1ed1ng v\u00ed tr\u1ea3 tr\u01b0\u1edbc<\/strong> v\u00e0 c\u00f3 th\u1ec3 \u00e1p d\u1ee5ng:\n<ul class=\"wp-block-list\">\n<li>Gi\u00e1 tin nh\u1eafn cao h\u01a1n<\/li>\n\n\n\n<li>\u0110\u00e1nh d\u1ea5u b\u1ed5 sung<\/li>\n\n\n\n<li>H\u1ea1n ch\u1ebf \u0111\u1ed1i v\u1edbi c\u00e1c g\u00f3i c\u01b0\u1edbc c\u1ea5p th\u1ea5p h\u01a1n<\/li>\n<\/ul>\n<\/li>\n\n\n\n<li>\u0110i\u1ec1u n\u00e0y l\u00e0m cho vi\u1ec7c thu h\u00fat kh\u00e1ch h\u00e0ng ti\u1ec1m n\u0103ng tr\u1edf n\u00ean t\u1ed1n k\u00e9m h\u01a1n v\u00e0 l\u00e0m t\u0103ng t\u00ednh ph\u1ee9c t\u1ea1p c\u1ee7a vi\u1ec7c l\u1eadp ng\u00e2n s\u00e1ch.<\/li>\n\n\n\n<li>C\u00e1c g\u00f3i c\u1ea5p th\u1ea5p h\u01a1n c\u1ee7a h\u1ecd kh\u00f3a c\u00e1c c\u00f4ng c\u1ee5 thi\u1ebft y\u1ebfu \u1edf ph\u00eda sau c\u00e1c b\u1ea3n n\u00e2ng c\u1ea5p cao h\u01a1n.<\/li>\n<\/ul>\n\n\n\n<h2 class=\"wp-block-heading\">II. T\u1ef1 \u0111\u1ed9ng h\u00f3a, Chatbot v\u00e0 Qu\u1ea3n l\u00fd kh\u00e1ch h\u00e0ng ti\u1ec1m n\u0103ng<\/h2>\n\n\n\n<p>N\u1ec1n t\u1ea3ng WhatsApp ph\u1ea3i t\u1ef1 \u0111\u1ed9ng h\u00f3a vi\u1ec7c b\u00e1n h\u00e0ng ngay l\u1eadp t\u1ee9c ch\u1ee9 kh\u00f4ng ph\u1ea3i v\u00e0i tu\u1ea7n sau \u0111\u00f3.<\/p>\n\n\n\n<h3 class=\"wp-block-heading\"><strong>\u01afu \u0111i\u1ec3m c\u1ee7a WABOOM<\/strong><\/h3>\n\n\n\n<ul class=\"wp-block-list\">\n<li><strong>Tr\u00ecnh t\u1ea1o Chatbot k\u00e9o v\u00e0 th\u1ea3 th\u1ef1c s\u1ef1:<\/strong><br>C\u00f3 s\u1eb5n tr\u00ean t\u1ea5t c\u1ea3 c\u00e1c g\u00f3i. X\u00e2y d\u1ef1ng lu\u1ed3ng, logic c\u00f3 \u0111i\u1ec1u ki\u1ec7n, menu, ph\u00e2n t\u00edch v\u00e0 k\u1ebft n\u1ed1i CRM ngay l\u1eadp t\u1ee9c.<\/li>\n\n\n\n<li><strong>Truy c\u1eadp \u0111\u1ea7y \u0111\u1ee7 t\u00ednh n\u0103ng:<\/strong><br>C\u00e1c chi\u1ebfn d\u1ecbch nh\u1ecf gi\u1ecdt, ph\u00e2n kh\u00fac n\u00e2ng cao v\u00e0 ph\u00e2n t\u00edch th\u1eddi gian th\u1ef1c \u0111\u01b0\u1ee3c t\u00edch h\u1ee3p ngay t\u1eeb ng\u00e0y \u0111\u1ea7u ti\u00ean.<\/li>\n<\/ul>\n\n\n\n<h3 class=\"wp-block-heading\"><strong>\u0110i\u1ec3m y\u1ebfu t\u01b0\u01a1ng t\u00e1c<\/strong><\/h3>\n\n\n\n<ul class=\"wp-block-list\">\n<li>Nhi\u1ec1u t\u00ednh n\u0103ng t\u1ef1 \u0111\u1ed9ng h\u00f3a c\u00f3 gi\u00e1 tr\u1ecb nh\u1ea5t c\u1ee7a Interakt, \u0111\u1eb7c bi\u1ec7t l\u00e0 chatbot AI v\u00e0 ph\u00e2n t\u00edch n\u00e2ng cao, l\u00e0 <strong>b\u1ecb kh\u00f3a sau c\u00e1c k\u1ebf ho\u1ea1ch c\u1ea5p cao h\u01a1n<\/strong>, l\u00e0m t\u0103ng t\u1ed5ng chi ph\u00ed c\u1ea7n thi\u1ebft \u0111\u1ec3 x\u00e2y d\u1ef1ng m\u1ed9t k\u00eanh b\u00e1n h\u00e0ng hi\u1ec7u qu\u1ea3.<\/li>\n<\/ul>\n\n\n\n<h2 class=\"wp-block-heading\">III. Quan h\u1ec7 \u0111\u1ed1i t\u00e1c chi\u1ebfn l\u01b0\u1ee3c v\u00e0 h\u1ed7 tr\u1ee3 qu\u1ea3ng c\u00e1o<\/h2>\n\n\n\n<p>Ch\u00fang t\u00f4i kh\u00f4ng ch\u1ec9 cung c\u1ea5p ph\u1ea7n m\u1ec1m. Ch\u00fang t\u00f4i gi\u00fap b\u1ea1n t\u1ea1o ra doanh thu th\u1ef1c s\u1ef1.<\/p>\n\n\n\n<h3 class=\"wp-block-heading\"><strong>\u01afu \u0111i\u1ec3m c\u1ee7a WABOOM<\/strong><\/h3>\n\n\n\n<ul class=\"wp-block-list\">\n<li><strong>Th\u1ef1c hi\u1ec7n qu\u1ea3ng c\u00e1o theo y\u00eau c\u1ea7u:<\/strong><br>WABOOM c\u00f3 th\u1ec3 l\u1eadp k\u1ebf ho\u1ea1ch, ra m\u1eaft, t\u1ed1i \u01b0u h\u00f3a v\u00e0 m\u1edf r\u1ed9ng quy m\u00f4 <strong>Qu\u1ea3ng c\u00e1o nh\u1ea5p v\u00e0o WhatsApp<\/strong>.<br>B\u1ea1n s\u1ebd \u0111\u01b0\u1ee3c chuy\u00ean gia th\u1ef1c hi\u1ec7n chi\u1ebfn d\u1ecbch thay v\u00ec ph\u1ea3i th\u1eed nghi\u1ec7m v\u00e0 sai s\u00f3t.<\/li>\n\n\n\n<li><strong>T\u01b0 v\u1ea5n chi\u1ebfn l\u01b0\u1ee3c mi\u1ec5n ph\u00ed:<\/strong><br>M\u1ed7i doanh nghi\u1ec7p \u0111\u1ec1u \u0111\u01b0\u1ee3c tham gia bu\u1ed5i h\u1ecdc mi\u1ec5n ph\u00ed \u0111\u1ec3 l\u1eadp s\u01a1 \u0111\u1ed3 k\u00eanh WhatsApp v\u00e0 \u0111\u1ea3m b\u1ea3o thi\u1ebft l\u1eadp c\u1ee7a b\u1ea1n \u0111\u01b0\u1ee3c t\u1ed1i \u01b0u h\u00f3a \u0111\u1ec3 mang l\u1ea1i doanh thu.<\/li>\n<\/ul>\n\n\n\n<h3 class=\"wp-block-heading\"><strong>\u0110i\u1ec3m y\u1ebfu t\u01b0\u01a1ng t\u00e1c<\/strong><\/h3>\n\n\n\n<ul class=\"wp-block-list\">\n<li>Interakt l\u00e0 m\u1ed9t <strong>t\u1ef1 ph\u1ee5c v\u1ee5<\/strong> n\u1ec1n t\u1ea3ng.<\/li>\n\n\n\n<li>Trong khi h\u1ecd cung c\u1ea5p c\u00e1c c\u00f4ng c\u1ee5, h\u1ecd l\u00e0m <strong>kh\u00f4ng<\/strong> cung c\u1ea5p h\u1ed7 tr\u1ee3 chi\u1ebfn l\u01b0\u1ee3c, l\u1eadp k\u1ebf ho\u1ea1ch k\u00eanh ti\u1ebfp th\u1ecb ho\u1eb7c th\u1ef1c hi\u1ec7n qu\u1ea3ng c\u00e1o c\u1ea7n thi\u1ebft \u0111\u1ec3 t\u1ed1i \u0111a h\u00f3a ROI.<\/li>\n<\/ul>\n\n\n\n<h1 class=\"wp-block-heading\">T\u1ea1i sao WABOOM l\u00e0 l\u1ef1a ch\u1ecdn v\u01b0\u1ee3t tr\u1ed9i<\/h1>\n\n\n\n<p>WABOOM \u0111\u01b0\u1ee3c thi\u1ebft k\u1ebf d\u00e0nh cho c\u00e1c doanh nghi\u1ec7p t\u0103ng tr\u01b0\u1edfng cao \u0111\u00f2i h\u1ecfi s\u1ef1 minh b\u1ea1ch, quy\u1ec1n l\u1ef1c v\u00e0 quan h\u1ec7 \u0111\u1ed1i t\u00e1c.<\/p>\n\n\n\n<h3 class=\"wp-block-heading\">\u2714 Hi\u1ec7u qu\u1ea3 v\u1ec1 chi ph\u00ed<\/h3>\n\n\n\n<p>Ph\u00ed t\u0103ng gi\u00e1 0% tr\u00ean Meta = h\u00e0ng ngh\u00ecn \u0111\u00f4 la \u0111\u01b0\u1ee3c ti\u1ebft ki\u1ec7m khi b\u1ea1n m\u1edf r\u1ed9ng quy m\u00f4.<\/p>\n\n\n\n<h3 class=\"wp-block-heading\">\u2714 T\u1ed1c \u0111\u1ed9 &amp; H\u1ed7 tr\u1ee3<\/h3>\n\n\n\n<p>H\u1ed7 tr\u1ee3 th\u1ef1c s\u1ef1 WhatsApp, Call, Zoom gi\u00fap b\u1ea1n kh\u1edfi ch\u1ea1y, t\u1ed1i \u01b0u h\u00f3a v\u00e0 duy tr\u00ec ho\u1ea1t \u0111\u1ed9ng tr\u1ef1c tuy\u1ebfn.<\/p>\n\n\n\n<h3 class=\"wp-block-heading\">\u2714 T\u1ef1 \u0111\u1ed9ng h\u00f3a kh\u00f4ng gi\u1edbi h\u1ea1n<\/h3>\n\n\n\n<p>Chatbot k\u00e9o v\u00e0 th\u1ea3 + t\u00edch h\u1ee3p API kh\u00f4ng gi\u1edbi h\u1ea1n ngay t\u1eeb \u0111\u1ea7u.<\/p>\n\n\n\n<h3 class=\"wp-block-heading\">\u2714 \u0110\u1ed1i t\u00e1c t\u0103ng tr\u01b0\u1edfng to\u00e0n di\u1ec7n<\/h3>\n\n\n\n<p>T\u1eeb thi\u1ebft l\u1eadp \u0111\u1ebfn qu\u1ea3ng c\u00e1o v\u00e0 chi\u1ebfn l\u01b0\u1ee3c, WABOOM gi\u00fap b\u1ea1n t\u1ea1o doanh thu ngay l\u1eadp t\u1ee9c.<\/p>\n\n\n\n<h1 class=\"wp-block-heading\">B\u1ea1n \u0111\u00e3 s\u1eb5n s\u00e0ng ng\u1eebng tr\u1ea3 ph\u00ed \u1ea9n v\u00e0 b\u1eaft \u0111\u1ea7u m\u1edf r\u1ed9ng chi\u1ebfn l\u01b0\u1ee3c WhatsApp c\u1ee7a m\u00ecnh theo \u0111\u00fang c\u00e1ch ch\u01b0a?<\/h1>\n\n\n\n<h3 class=\"wp-block-heading\"><strong>B\u1eaft \u0111\u1ea7u t\u00e0i kho\u1ea3n WABOOM MI\u1ec4N PH\u00cd c\u1ee7a b\u1ea1n ngay b\u00e2y gi\u1edd!<\/strong><\/h3>\n\n\n\n<p>Kh\u00f4ng c\u1ea7n th\u1ebb t\u00edn d\u1ee5ng. Truy c\u1eadp \u0111\u1ea7y \u0111\u1ee7 v\u00e0o c\u00e1c t\u00ednh n\u0103ng c\u1ed1t l\u00f5i.<\/p>","protected":false},"excerpt":{"rendered":"<p>Discover why WABOOM eliminates pricing confusion, unlocks superior automation, and provides the strategic partnership your business needs to truly scale on WhatsApp. Feature-by-Feature Comparison: WABOOM vs. Interakt Below is a clear side-by-side breakdown of the features that drive conversions and ROI. Feature WABOOM Interakt Pricing Model Transparent Monthly\/Annual Plans Complex Quarterly\/Tiered Plans Meta Conversation Markup&#8230;<\/p>","protected":false},"author":1,"featured_media":0,"parent":0,"menu_order":0,"comment_status":"closed","ping_status":"closed","template":"","meta":{"_bbp_topic_count":0,"_bbp_reply_count":0,"_bbp_total_topic_count":0,"_bbp_total_reply_count":0,"_bbp_voice_count":0,"_bbp_anonymous_reply_count":0,"_bbp_topic_count_hidden":0,"_bbp_reply_count_hidden":0,"_bbp_forum_subforum_count":0,"_monsterinsights_skip_tracking":false,"_monsterinsights_sitenote_active":false,"_monsterinsights_sitenote_note":"","_monsterinsights_sitenote_category":0,"footnotes":""},"class_list":["post-6333","page","type-page","status-publish","hentry"],"_links":{"self":[{"href":"https:\/\/waboom.net\/vi\/wp-json\/wp\/v2\/pages\/6333","targetHints":{"allow":["GET"]}}],"collection":[{"href":"https:\/\/waboom.net\/vi\/wp-json\/wp\/v2\/pages"}],"about":[{"href":"https:\/\/waboom.net\/vi\/wp-json\/wp\/v2\/types\/page"}],"author":[{"embeddable":true,"href":"https:\/\/waboom.net\/vi\/wp-json\/wp\/v2\/users\/1"}],"replies":[{"embeddable":true,"href":"https:\/\/waboom.net\/vi\/wp-json\/wp\/v2\/comments?post=6333"}],"version-history":[{"count":0,"href":"https:\/\/waboom.net\/vi\/wp-json\/wp\/v2\/pages\/6333\/revisions"}],"wp:attachment":[{"href":"https:\/\/waboom.net\/vi\/wp-json\/wp\/v2\/media?parent=6333"}],"curies":[{"name":"wp","href":"https:\/\/api.w.org\/{rel}","templated":true}]}}