{"id":6352,"date":"2025-11-17T17:10:49","date_gmt":"2025-11-17T17:10:49","guid":{"rendered":"https:\/\/waboom.net\/?page_id=6352"},"modified":"2025-11-19T13:16:37","modified_gmt":"2025-11-19T13:16:37","slug":"6352-2","status":"publish","type":"page","link":"https:\/\/waboom.net\/vi\/6352-2\/","title":{"rendered":"WABOOM VS WATI"},"content":{"rendered":"<h1 class=\"wp-block-heading\">\u0110\u1eebng l\u00e3ng ph\u00ed ti\u1ec1n v\u00e0o c\u00e1c n\u1ec1n t\u1ea3ng nh\u1eafn tin khi\u1ebfn b\u1ea1n ph\u1ea3i l\u00e0m h\u1ebft m\u1ecdi vi\u1ec7c<\/h1>\n\n\n\n<p>N\u00f3i th\u1eb3ng ra: h\u1ea7u h\u1ebft c\u00e1c n\u1ec1n t\u1ea3ng WhatsApp tr\u00f4ng r\u1ea5t tuy\u1ec7t tr\u00ean l\u00fd thuy\u1ebft v\u1edbi b\u1ea3ng \u0111i\u1ec1u khi\u1ec3n b\u00f3ng b\u1ea9y, bot v\u00e0 t\u1ef1 \u0111\u1ed9ng h\u00f3a. Nh\u01b0ng khi b\u1eaft \u0111\u1ea7u m\u1edf r\u1ed9ng quy m\u00f4 kinh doanh, h\u1ea7u h\u1ebft ch\u00fang \u0111\u1ec1u khi\u1ebfn b\u1ea1n ph\u1ea3i t\u1ef1 xoay x\u1edf: qu\u1ea3n l\u00fd chi ph\u00ed, t\u1ed1i \u01b0u h\u00f3a qu\u1ea3ng c\u00e1o, x\u00e2y d\u1ef1ng quy tr\u00ecnh v\u00e0 x\u1eed l\u00fd c\u00e1c v\u1ea5n \u0111\u1ec1 h\u1ed7 tr\u1ee3.<\/p>\n\n\n\n<p>N\u1ebfu b\u1ea1n mu\u1ed1n <strong>Gi\u00e1 c\u1ea3 \u1ed5n \u0111\u1ecbnh, kh\u1ea3 n\u0103ng th\u1ef1c thi chi\u1ebfn l\u01b0\u1ee3c t\u0103ng tr\u01b0\u1edfng hi\u1ec7u qu\u1ea3 v\u00e0 l\u00e0 \u0111\u1ed1i t\u00e1c th\u1ef1c s\u1ef1 trong kinh doanh c\u1ee7a b\u1ea1n.<\/strong>, B\u1ea1n c\u1ea7n ph\u1ea3i th\u1ea5y s\u1ef1 kh\u00e1c bi\u1ec7t gi\u1eefa <strong>WABOOM<\/strong> V\u00e0 <strong>WATI<\/strong>  N\u1ec1n t\u1ea3ng so v\u1edbi \u0111\u1ed1i t\u00e1c t\u0103ng tr\u01b0\u1edfng to\u00e0n di\u1ec7n. D\u01b0\u1edbi \u0111\u00e2y l\u00e0 b\u1ea3ng ph\u00e2n t\u00edch.<\/p>\n\n\n\n<h2 class=\"wp-block-heading\">WABOOM so v\u1edbi WATI: So s\u00e1nh t\u1eebng t\u00ednh n\u0103ng<\/h2>\n\n\n\n<figure class=\"wp-block-table\"><table class=\"has-fixed-layout\"><thead><tr><th>T\u00ednh n\u0103ng<\/th><th><strong>WABOOM (\u0110\u1ed1i t\u00e1c t\u0103ng tr\u01b0\u1edfng d\u1ecbch v\u1ee5 tr\u1ecdn g\u00f3i)<\/strong><\/th><th><strong>WATI (N\u1ec1n t\u1ea3ng t\u1ef1 ph\u1ee5c v\u1ee5)<\/strong><\/th><\/tr><\/thead><tbody><tr><td><strong>Chi ph\u00ed cu\u1ed9c tr\u00f2 chuy\u1ec7n si\u00eau d\u1eef li\u1ec7u \/ tin nh\u1eafn<\/strong><\/td><td><strong>\u0110\u00e1nh d\u1ea5u 0%<\/strong>  Ph\u00ed n\u1ec1n t\u1ea3ng c\u1ed1 \u0111\u1ecbnh + chi ph\u00ed Meta th\u1ef1c t\u1ebf. Minh b\u1ea1ch.<\/td><td>Thanh to\u00e1n theo t\u1eebng tin nh\u1eafn (m\u1eabu + phi\u00ean). Ph\u00ed n\u00e0y \u0111\u01b0\u1ee3c t\u00ednh th\u00eam v\u00e0o chi ph\u00ed c\u1ee7a Meta.<\/td><\/tr><tr><td><strong>Minh b\u1ea1ch v\u1ec1 gi\u00e1 c\u1ea3<\/strong><\/td><td>\u0110\u01a1n gi\u1ea3n, d\u1ec5 \u0111o\u00e1n, kh\u00f4ng c\u00f3 g\u00ec b\u1ea5t ng\u1edd.<\/td><td>G\u00f3i thu\u00ea bao + s\u1ed1 l\u01b0\u1ee3ng tin nh\u1eafn \u0111\u01b0\u1ee3c c\u1ed9ng th\u00eam. Chi ph\u00ed thay \u0111\u1ed5i t\u00f9y thu\u1ed9c v\u00e0o lo\u1ea1i v\u00e0 s\u1ed1 l\u01b0\u1ee3ng tin nh\u1eafn.<\/td><\/tr><tr><td><strong>\u0110\u0103ng nh\u1eadp \u0111\u1ea1i l\u00fd \/ nh\u00f3m<\/strong><\/td><td>H\u1ea7u h\u1ebft c\u00e1c g\u00f3i d\u1ecbch v\u1ee5 \u0111\u1ec1u cho ph\u00e9p \u0111\u0103ng nh\u1eadp kh\u00f4ng gi\u1edbi h\u1ea1n s\u1ed1 l\u01b0\u1ee3ng \u0111\u1ea1i l\u00fd.<\/td><td>Bao g\u1ed3m nhi\u1ec1u ng\u01b0\u1eddi d\u00f9ng\/ch\u1ed7 ng\u1ed3i; ng\u01b0\u1eddi d\u00f9ng b\u1ed5 sung s\u1ebd t\u00ednh ph\u00ed.<\/td><\/tr><tr><td><strong>Chi\u1ebfn l\u01b0\u1ee3c v\u00e0 th\u1ef1c hi\u1ec7n qu\u1ea3ng c\u00e1o<\/strong><\/td><td>D\u1ecbch v\u1ee5 tr\u1ecdn g\u00f3i: WABOOM x\u1eed l\u00fd qu\u1ea3ng c\u00e1o Click-to-WhatsApp, ph\u00e2n kh\u00fac kh\u00e1ch h\u00e0ng v\u00e0 t\u1ed1i \u01b0u h\u00f3a.<\/td><td>Cung c\u1ea5p c\u00e1c c\u00f4ng c\u1ee5 qu\u1ea3ng c\u00e1o, nh\u01b0ng chi\u1ebfn l\u01b0\u1ee3c v\u00e0 t\u1ed1i \u01b0u h\u00f3a do ng\u01b0\u1eddi d\u00f9ng qu\u1ea3n l\u00fd.<\/td><\/tr><tr><td><strong>Qu\u1ea3ng c\u00e1o nh\u1ea5p v\u00e0o WhatsApp<\/strong><\/td><td>Ph\u00e2n \u0111o\u1ea1n n\u00e2ng cao + t\u00edch h\u1ee3p CAPI g\u1ed1c + \u0111\u1ecbnh tuy\u1ebfn \u0111\u1ebfn c\u00e1c lu\u1ed3ng ph\u00f9 h\u1ee3p.<\/td><td>\u0110\u01b0\u1ee3c h\u1ed7 tr\u1ee3 b\u1edfi Tr\u00ecnh qu\u1ea3n l\u00fd chi\u1ebfn d\u1ecbch; y\u00eau c\u1ea7u thi\u1ebft l\u1eadp th\u1ee7 c\u00f4ng \u0111\u1ec3 t\u1ed1i \u01b0u h\u00f3a chuy\u00ean s\u00e2u.<\/td><\/tr><tr><td><strong>Tr\u00ecnh t\u1ea1o Chatbot \/ T\u1ef1 \u0111\u1ed9ng h\u00f3a<\/strong><\/td><td>Ch\u1ee9c n\u0103ng k\u00e9o th\u1ea3 \u0111\u01b0\u1ee3c m\u1edf kh\u00f3a ho\u00e0n to\u00e0n, kh\u00f4ng c\u00f3 &quot;ph\u00ed t\u00ednh n\u0103ng&quot;.\u201c<\/td><td>Tr\u00ecnh t\u1ea1o chatbot h\u1ed7 tr\u1ee3 ph\u1ea3n h\u1ed3i b\u1eb1ng AI, t\u1ef1 \u0111\u1ed9ng h\u00f3a t\u1eeb kh\u00f3a v\u00e0 bi\u1ec3u m\u1eabu. C\u00f3 gi\u1edbi h\u1ea1n v\u1ec1 s\u1ed1 phi\u00ean s\u1eed d\u1ee5ng cho m\u1ed7i g\u00f3i d\u1ecbch v\u1ee5.<\/td><\/tr><tr><td><strong>Truy c\u1eadp API \/ Webhook<\/strong><\/td><td>T\u00edch h\u1ee3p CRM v\u00e0 h\u1ec7 th\u1ed1ng qu\u1ea3n l\u00fd n\u1ed9i b\u1ed9 d\u1ec5 d\u00e0ng, kh\u00f4ng gi\u1edbi h\u1ea1n v\u00e0 kh\u00f4ng b\u1ecb r\u00e0ng bu\u1ed9c.<\/td><td>Truy c\u1eadp API \u0111\u1ea7y \u0111\u1ee7, h\u1ed7 tr\u1ee3 webhook, s\u1eb5n s\u00e0ng t\u00edch h\u1ee3p nh\u01b0ng c\u1ea7n thi\u1ebft l\u1eadp k\u1ef9 thu\u1eadt.<\/td><\/tr><tr><td><strong>M\u00f4 h\u00ecnh h\u1ed7 tr\u1ee3<\/strong><\/td><td>Qu\u1ea3n l\u00fd t\u00e0i kho\u1ea3n chuy\u00ean tr\u00e1ch + h\u1ed7 tr\u1ee3 ch\u1ee7 \u0111\u1ed9ng qua Zoom, \u0111i\u1ec7n tho\u1ea1i, tr\u00f2 chuy\u1ec7n tr\u1ef1c tuy\u1ebfn.<\/td><td>H\u1ed7 tr\u1ee3 qua chat\/email ti\u00eau chu\u1ea9n; c\u00e1c g\u00f3i d\u00e0nh cho doanh nghi\u1ec7p\/t\u1ed5 ch\u1ee9c s\u1ebd \u0111\u01b0\u1ee3c h\u1ed7 tr\u1ee3 tr\u1ef1c ti\u1ebfp nhi\u1ec1u h\u01a1n.<\/td><\/tr><tr><td><strong>Ph\u00e1t s\u00f3ng \/ Nh\u1eafn tin kh\u1ed1i l\u01b0\u1ee3ng l\u1edbn<\/strong><\/td><td>T\u1ed1c \u0111\u1ed9, \u0111\u1ed9 tin c\u1eady v\u00e0 kh\u1ea3 n\u0103ng ph\u00e2n ph\u1ed1i \u0111\u1ea1t chu\u1ea9n doanh nghi\u1ec7p.<\/td><td>H\u1ed7 tr\u1ee3 kh\u1ed1i l\u01b0\u1ee3ng l\u1edbn, nh\u01b0ng chi ph\u00ed t\u0103ng theo s\u1ed1 l\u01b0\u1ee3ng tin nh\u1eafn.<\/td><\/tr><\/tbody><\/table><\/figure>\n\n\n\n<h2 class=\"wp-block-heading\">Nh\u1eefng kh\u00e1c bi\u1ec7t th\u1ef1c s\u1ef1 quan tr\u1ecdng<\/h2>\n\n\n\n<h3 class=\"wp-block-heading\">1. Chi ph\u00ed \u1ea9n v\u00e0 l\u1ee3i t\u1ee9c \u0111\u1ea7u t\u01b0 c\u00f3 th\u1ec3 d\u1ef1 \u0111o\u00e1n \u0111\u01b0\u1ee3c<\/h3>\n\n\n\n<ul class=\"wp-block-list\">\n<li><strong>\u01afu \u0111i\u1ec3m c\u1ee7a WABOOM<\/strong><br>Kh\u00f4ng ph\u00ed hoa h\u1ed3ng = ho\u00e0n to\u00e0n minh b\u1ea1ch. Khi quy m\u00f4 kinh doanh c\u1ee7a b\u1ea1n m\u1edf r\u1ed9ng, chi ph\u00ed s\u1ebd t\u0103ng theo t\u1ef7 l\u1ec7 thu\u1eadn v\u1edbi ph\u00ed d\u1ecbch v\u1ee5 c\u1ee7a Meta. Kh\u00f4ng c\u1ea7n n\u1ea1p th\u00eam ti\u1ec1n, kh\u00f4ng c\u1ea7n ph\u1ecfng \u0111o\u00e1n.<\/li>\n\n\n\n<li><strong>S\u1ef1 \u0111\u00e1nh \u0111\u1ed5i WATI<\/strong><br>H\u1ec7 th\u1ed1ng tr\u1ea3 ph\u00ed theo t\u1eebng tin nh\u1eafn khi\u1ebfn vi\u1ec7c d\u1ef1 b\u00e1o tr\u1edf n\u00ean kh\u00f3 kh\u0103n h\u01a1n. B\u1ea1n ph\u1ea3i theo d\u00f5i m\u1ee9c s\u1eed d\u1ee5ng t\u00edn d\u1ee5ng, lo\u1ea1i tin nh\u1eafn v\u00e0 s\u1ed1 l\u01b0\u1ee3ng tin nh\u1eafn \u0111\u1ec3 tr\u00e1nh nh\u1eefng b\u1ea5t ng\u1edd kh\u00f4ng mong mu\u1ed1n.<\/li>\n<\/ul>\n\n\n\n<h3 class=\"wp-block-heading\">2. C\u00f4ng c\u1ee5 so v\u1edbi \u0110\u1ed1i t\u00e1c t\u0103ng tr\u01b0\u1edfng th\u1ef1c s\u1ef1<\/h3>\n\n\n\n<ul class=\"wp-block-list\">\n<li><strong>\u01afu \u0111i\u1ec3m c\u1ee7a WABOOM<\/strong><br>Ch\u00fang t\u00f4i kh\u00f4ng ch\u1ec9 cung c\u1ea5p cho b\u1ea1n c\u00e1c c\u00f4ng c\u1ee5, m\u00e0 c\u00f2n v\u1eadn h\u00e0nh c\u00e1c chi\u1ebfn d\u1ecbch, t\u1ed1i \u01b0u h\u00f3a quy tr\u00ecnh v\u00e0 qu\u1ea3n l\u00fd ph\u1ec5u chuy\u1ec3n \u0111\u1ed5i cho b\u1ea1n. B\u1ea1n t\u1eadp trung v\u00e0o t\u0103ng tr\u01b0\u1edfng; ch\u00fang t\u00f4i lo ph\u1ea7n th\u1ef1c thi.<\/li>\n\n\n\n<li><strong>S\u1ef1 \u0111\u00e1nh \u0111\u1ed5i WATI<\/strong><br>Tuy\u1ec7t v\u1eddi cho nh\u1eefng ng\u01b0\u1eddi th\u00edch t\u1ef1 l\u00e0m ho\u1eb7c c\u00e1c nh\u00f3m c\u00f3 ngu\u1ed3n l\u1ef1c ph\u00e1t tri\u1ec3n. Nh\u01b0ng n\u1ebfu b\u1ea1n mu\u1ed1n chi\u1ebfn l\u01b0\u1ee3c v\u00e0 t\u1ed1i \u01b0u h\u00f3a chi\u1ebfn d\u1ecbch \u0111\u01b0\u1ee3c th\u1ef1c hi\u1ec7n s\u1eb5n? \u0110\u00f3 l\u00e0 vi\u1ec7c c\u1ee7a b\u1ea1n.<\/li>\n<\/ul>\n\n\n\n<h3 class=\"wp-block-heading\">3. S\u1ef1 h\u1ed7 tr\u1ee3 m\u00e0 b\u1ea1n th\u1ef1c s\u1ef1 c\u00f3 th\u1ec3 tin t\u01b0\u1edfng<\/h3>\n\n\n\n<ul class=\"wp-block-list\">\n<li><strong>\u01afu \u0111i\u1ec3m c\u1ee7a WABOOM<\/strong><br>Qu\u1ea3n l\u00fd t\u00e0i kho\u1ea3n chuy\u00ean tr\u00e1ch, h\u1ed7 tr\u1ee3 qua Zoom, \u0111i\u1ec7n tho\u1ea1i v\u00e0 tr\u00f2 chuy\u1ec7n tr\u1ef1c tuy\u1ebfn. Gi\u00e1m s\u00e1t ch\u1ee7 \u0111\u1ed9ng \u0111\u1ea3m b\u1ea3o c\u00e1c v\u1ea5n \u0111\u1ec1 \u0111\u01b0\u1ee3c gi\u1ea3i quy\u1ebft tr\u01b0\u1edbc khi \u1ea3nh h\u01b0\u1edfng \u0111\u1ebfn doanh thu.<\/li>\n\n\n\n<li><strong>S\u1ef1 \u0111\u00e1nh \u0111\u1ed5i WATI<\/strong><br>D\u1ecbch v\u1ee5 h\u1ed7 tr\u1ee3 kh\u00e1 t\u1ed1t, \u0111\u1eb7c bi\u1ec7t l\u00e0 v\u1edbi c\u00e1c g\u00f3i cao c\u1ea5p h\u01a1n, nh\u01b0ng vi\u1ec7c kh\u1eafc ph\u1ee5c s\u1ef1 c\u1ed1 h\u00e0ng ng\u00e0y c\u00f3 th\u1ec3 ch\u1eadm h\u01a1n. B\u1ea1n s\u1ebd ph\u1ea3i d\u1ef1a nhi\u1ec1u h\u01a1n v\u00e0o t\u00e0i li\u1ec7u v\u00e0 kh\u1ea3 n\u0103ng t\u1ef1 ph\u1ee5c v\u1ee5.<\/li>\n<\/ul>\n\n\n\n<h2 class=\"wp-block-heading\"> WABOOM so v\u1edbi WATI: \u01afu \u0111i\u1ec3m v\u00e0 nh\u01b0\u1ee3c \u0111i\u1ec3m<\/h2>\n\n\n\n<figure class=\"wp-block-table\"><table class=\"has-fixed-layout\"><thead><tr><th>Lo\u1ea1i<\/th><th><strong>WABOOM (\u0110\u1ed1i t\u00e1c t\u0103ng tr\u01b0\u1edfng)<\/strong><\/th><th><strong>WATI (N\u1ec1n t\u1ea3ng)<\/strong><\/th><\/tr><\/thead><tbody><tr><td><strong>\u01afu \u0111i\u1ec3m<\/strong><\/td><td>Kh\u00f4ng t\u00ednh th\u00eam ph\u00ed cho chi ph\u00ed Meta. D\u1ecbch v\u1ee5 th\u1ef1c thi qu\u1ea3ng c\u00e1o tr\u1ecdn g\u00f3i. S\u1ed1 l\u01b0\u1ee3ng \u0111\u1ea1i l\u00fd kh\u00f4ng gi\u1edbi h\u1ea1n. H\u1ed7 tr\u1ee3 t\u1eadn t\u00e2m. M\u00f4 h\u00ecnh chi ph\u00ed c\u00f3 th\u1ec3 d\u1ef1 \u0111o\u00e1n v\u00e0 m\u1edf r\u1ed9ng.<\/td><td>Gi\u00e1 c\u1ea3 linh ho\u1ea1t theo h\u00ecnh th\u1ee9c tr\u1ea3 ti\u1ec1n theo m\u1ee9c s\u1eed d\u1ee5ng. C\u00f4ng c\u1ee5 x\u00e2y d\u1ef1ng v\u00e0 t\u1ef1 \u0111\u1ed9ng h\u00f3a chatbot m\u1ea1nh m\u1ebd. API v\u00e0 kh\u1ea3 n\u0103ng t\u00edch h\u1ee3p. H\u1ed7 tr\u1ee3 g\u1eedi tin nh\u1eafn s\u1ed1 l\u01b0\u1ee3ng l\u1edbn.<\/td><\/tr><tr><td><strong>Nh\u01b0\u1ee3c \u0111i\u1ec3m \/ \u0110\u00e1nh \u0111\u1ed5i<\/strong><\/td><td>C\u1ea7n c\u00f3 ph\u00ed n\u1ec1n t\u1ea3ng c\u1ed1 \u0111\u1ecbnh. C\u1ea7n c\u00f3 s\u1ef1 tin t\u01b0\u1edfng v\u00e0o \u0111\u1ed1i t\u00e1c.<\/td><td>D\u1ef1 b\u00e1o chi ph\u00ed c\u00f3 th\u1ec3 ph\u1ee9c t\u1ea1p. C\u1ea7n thi\u1ebft l\u1eadp k\u1ef9 thu\u1eadt nhi\u1ec1u h\u01a1n. H\u1ed7 tr\u1ee3 \u00edt ch\u1ee7 \u0111\u1ed9ng h\u01a1n tr\u1eeb khi s\u1eed d\u1ee5ng g\u00f3i doanh nghi\u1ec7p.<\/td><\/tr><\/tbody><\/table><\/figure>\n\n\n\n<h2 class=\"wp-block-heading\"> C\u00e2u h\u1ecfi th\u01b0\u1eddng g\u1eb7p<\/h2>\n\n\n\n<p><strong>H\u1ecfi: WABOOM c\u00f3 th\u1ef1c s\u1ef1 c\u00f3 m\u00e3 \u0111\u00e1nh d\u1ea5u 0% kh\u00f4ng?<\/strong><br><strong>M\u1ed8T:<\/strong> \u0110\u00fang v\u1eady, b\u1ea1n s\u1ebd tr\u1ea3 ch\u00ednh x\u00e1c chi ph\u00ed c\u1ee7a Meta c\u1ed9ng th\u00eam m\u1ed9t kho\u1ea3n ph\u00ed n\u1ec1n t\u1ea3ng c\u1ed1 \u0111\u1ecbnh. Kh\u00f4ng c\u00f3 g\u00ec ph\u00e1t sinh th\u00eam.<\/p>\n\n\n\n<p><strong>H\u1ecfi: WATI c\u00f3 th\u1ec3 ch\u1ea1y c\u00e1c chi\u1ebfn d\u1ecbch Click-to-WhatsApp kh\u00f4ng?<\/strong><br><strong>M\u1ed8T:<\/strong> \u0110\u00fang v\u1eady, nh\u01b0ng b\u1ea1n s\u1ebd qu\u1ea3n l\u00fd vi\u1ec7c th\u1ef1c thi v\u00e0 t\u1ed1i \u01b0u h\u00f3a. WABOOM s\u1ebd ch\u1ea1y v\u00e0 t\u1ed1i \u01b0u h\u00f3a c\u00e1c chi\u1ebfn d\u1ecbch cho b\u1ea1n.<\/p>\n\n\n\n<p><strong>H\u1ecfi: Ai l\u00e0 ng\u01b0\u1eddi gi\u1ecfi h\u01a1n trong vi\u1ec7c m\u1edf r\u1ed9ng quy m\u00f4 g\u1eedi tin nh\u1eafn s\u1ed1 l\u01b0\u1ee3ng l\u1edbn?<\/strong><br><strong>M\u1ed8T:<\/strong> V\u1ec1 m\u1eb7t k\u1ef9 thu\u1eadt, c\u1ea3 hai \u0111\u1ec1u c\u00f3 th\u1ec3 x\u1eed l\u00fd kh\u1ed1i l\u01b0\u1ee3ng l\u1edbn, nh\u01b0ng ph\u01b0\u01a1ng ph\u00e1p c\u1ee7a WABOOM \u0111\u01b0\u1ee3c t\u1ed1i \u01b0u h\u00f3a cho... <strong>t\u1ed1c \u0111\u1ed9, \u0111\u1ecbnh tuy\u1ebfn v\u00e0 \u0111\u1ed9 tin c\u1eady<\/strong> Ngo\u00e0i khu\u00f4n m\u1eabu.<\/p>\n\n\n\n<p><strong>H\u1ecfi: WATI c\u00f3 cung c\u1ea5p s\u1ed1 l\u01b0\u1ee3ng \u0111\u1ea1i l\u00fd kh\u00f4ng gi\u1edbi h\u1ea1n kh\u00f4ng?<\/strong><br><strong>M\u1ed8T:<\/strong> Kh\u00f4ng c\u00f3 gi\u1edbi h\u1ea1n s\u1ed1 l\u01b0\u1ee3ng gh\u1ebf d\u00e0nh cho \u0111\u1ea1i l\u00fd theo g\u00f3i d\u1ecbch v\u1ee5. Gh\u1ebf b\u1ed5 sung s\u1ebd t\u00ednh th\u00eam ph\u00ed.<\/p>\n\n\n\n<h1 class=\"wp-block-heading\">Ai th\u1eafng?<\/h1>\n\n\n\n<ul class=\"wp-block-list\">\n<li>Ch\u1ecdn <strong>WABOOM<\/strong> N\u1ebfu b\u1ea1n mu\u1ed1n:<br>\u2714 Chi ph\u00ed c\u00f3 th\u1ec3 d\u1ef1 \u0111o\u00e1n \u0111\u01b0\u1ee3c v\u1edbi <strong>\u0110\u00e1nh d\u1ea5u 0%<\/strong><br>\u2714 Qu\u1ea3n l\u00fd chi\u1ebfn d\u1ecbch qu\u1ea3ng c\u00e1o v\u00e0 WhatsApp tr\u1ecdn g\u00f3i<br>\u2714 Kh\u00f4ng gi\u1edbi h\u1ea1n s\u1ed1 l\u01b0\u1ee3ng t\u00e1c nh\u00e2n v\u00e0 t\u1ef1 \u0111\u1ed9ng h\u00f3a<br>\u2714 H\u1ed7 tr\u1ee3 ch\u1ee7 \u0111\u1ed9ng v\u00e0 t\u1eadn t\u00e2m<\/li>\n\n\n\n<li>Ch\u1ecdn <strong>WATI<\/strong> n\u1ebfu b\u1ea1n:<br>\u2714 C\u00f3 \u0111\u1ed9i ng\u0169 k\u1ef9 thu\u1eadt chuy\u00ean tr\u00e1ch t\u1ef1 \u0111\u1ed9ng h\u00f3a v\u00e0 t\u1ed1i \u01b0u h\u00f3a qu\u1ea3ng c\u00e1o.<br>\u2714 B\u1ea1n mu\u1ed1n m\u1ee9c gi\u00e1 linh ho\u1ea1t, tr\u1ea3 ti\u1ec1n theo t\u1eebng tin nh\u1eafn<br>\u2714 Th\u00e0nh th\u1ea1o trong vi\u1ec7c qu\u1ea3n l\u00fd t\u00edn d\u1ee5ng v\u00e0 d\u1ef1 b\u00e1o chi ph\u00ed<\/li>\n<\/ul>\n\n\n\n<p>V\u00ec <strong>c\u00e1c doanh nghi\u1ec7p mu\u1ed1n m\u1edf r\u1ed9ng quy m\u00f4 m\u00e0 kh\u00f4ng g\u1eb7p ph\u1ea3i b\u1ea5t ng\u1edd<\/strong>, <strong>WABOOM l\u00e0 ng\u01b0\u1eddi chi\u1ebfn th\u1eafng r\u00f5 r\u00e0ng<\/strong>. \u0110\u00e2y kh\u00f4ng ch\u1ec9 l\u00e0 v\u1ec1 c\u00f4ng c\u1ee5, m\u00e0 c\u00f2n l\u00e0 v\u1ec1... <strong>k\u1ebft qu\u1ea3, kh\u1ea3 n\u0103ng d\u1ef1 \u0111o\u00e1n v\u00e0 th\u1ef1c thi t\u0103ng tr\u01b0\u1edfng<\/strong>.<\/p>","protected":false},"excerpt":{"rendered":"<p>Stop Wasting Money on Messaging Platforms That Leave You Doing All the Work Let\u2019s cut to the chase: most WhatsApp platforms look great on paper shiny dashboards, bots, automation. But when it comes to scaling your business, most of them leave you holding the bag: managing costs, optimizing ads, building flows, and troubleshooting support issues&#8230;.<\/p>","protected":false},"author":1,"featured_media":0,"parent":0,"menu_order":0,"comment_status":"closed","ping_status":"closed","template":"","meta":{"_bbp_topic_count":0,"_bbp_reply_count":0,"_bbp_total_topic_count":0,"_bbp_total_reply_count":0,"_bbp_voice_count":0,"_bbp_anonymous_reply_count":0,"_bbp_topic_count_hidden":0,"_bbp_reply_count_hidden":0,"_bbp_forum_subforum_count":0,"_monsterinsights_skip_tracking":false,"_monsterinsights_sitenote_active":false,"_monsterinsights_sitenote_note":"","_monsterinsights_sitenote_category":0,"footnotes":""},"class_list":["post-6352","page","type-page","status-publish","hentry"],"_links":{"self":[{"href":"https:\/\/waboom.net\/vi\/wp-json\/wp\/v2\/pages\/6352","targetHints":{"allow":["GET"]}}],"collection":[{"href":"https:\/\/waboom.net\/vi\/wp-json\/wp\/v2\/pages"}],"about":[{"href":"https:\/\/waboom.net\/vi\/wp-json\/wp\/v2\/types\/page"}],"author":[{"embeddable":true,"href":"https:\/\/waboom.net\/vi\/wp-json\/wp\/v2\/users\/1"}],"replies":[{"embeddable":true,"href":"https:\/\/waboom.net\/vi\/wp-json\/wp\/v2\/comments?post=6352"}],"version-history":[{"count":0,"href":"https:\/\/waboom.net\/vi\/wp-json\/wp\/v2\/pages\/6352\/revisions"}],"wp:attachment":[{"href":"https:\/\/waboom.net\/vi\/wp-json\/wp\/v2\/media?parent=6352"}],"curies":[{"name":"wp","href":"https:\/\/api.w.org\/{rel}","templated":true}]}}