{"id":6354,"date":"2025-11-17T17:13:21","date_gmt":"2025-11-17T17:13:21","guid":{"rendered":"https:\/\/waboom.net\/?page_id=6354"},"modified":"2025-11-19T13:15:36","modified_gmt":"2025-11-19T13:15:36","slug":"waboom-vs-gallabox","status":"publish","type":"page","link":"https:\/\/waboom.net\/vi\/waboom-vs-gallabox\/","title":{"rendered":"WABOOM \u0111\u1ea5u v\u1edbi GALLABOX"},"content":{"rendered":"<h1 class=\"wp-block-heading\">\u0110\u1eebng l\u00e3ng ph\u00ed ti\u1ec1n v\u00e0o c\u00e1c n\u1ec1n t\u1ea3ng nh\u1eafn tin khi\u1ebfn b\u1ea1n ph\u1ea3i l\u00e0m h\u1ebft m\u1ecdi vi\u1ec7c<\/h1>\n\n\n\n<p>Tr\u00ean l\u00fd thuy\u1ebft, h\u1ea7u h\u1ebft c\u00e1c n\u1ec1n t\u1ea3ng WhatsApp tr\u00f4ng r\u1ea5t tuy\u1ec7t v\u1edbi b\u1ea3ng \u0111i\u1ec1u khi\u1ec3n b\u1eaft m\u1eaft, t\u1ef1 \u0111\u1ed9ng h\u00f3a v\u00e0 chatbot. Nh\u01b0ng khi b\u1eaft \u0111\u1ea7u m\u1edf r\u1ed9ng quy m\u00f4 kinh doanh, nhi\u1ec1u n\u1ec1n t\u1ea3ng l\u1ea1i \u0111\u1ec3 b\u1ea1n t\u1ef1 l\u00e0m t\u1ea5t c\u1ea3 m\u1ecdi vi\u1ec7c: qu\u1ea3n l\u00fd chi ph\u00ed, x\u00e2y d\u1ef1ng quy tr\u00ecnh, t\u1ed1i \u01b0u h\u00f3a chi\u1ebfn d\u1ecbch v\u00e0 x\u1eed l\u00fd c\u00e1c v\u1ea5n \u0111\u1ec1 h\u1ed7 tr\u1ee3.<\/p>\n\n\n\n<p>N\u1ebfu b\u1ea1n mu\u1ed1n <strong>Gi\u00e1 c\u1ea3 \u1ed5n \u0111\u1ecbnh, kh\u1ea3 n\u0103ng th\u1ef1c thi chi\u1ebfn l\u01b0\u1ee3c t\u0103ng tr\u01b0\u1edfng hi\u1ec7u qu\u1ea3 v\u00e0 l\u00e0 \u0111\u1ed1i t\u00e1c th\u1ef1c s\u1ef1 trong kinh doanh c\u1ee7a b\u1ea1n.<\/strong>, B\u1ea1n c\u1ea7n ph\u1ea3i th\u1ea5y s\u1ef1 kh\u00e1c bi\u1ec7t gi\u1eefa <strong>WABOOM<\/strong> V\u00e0 <strong>GALLABOX<\/strong>  \u0110\u1ed1i t\u00e1c t\u0103ng tr\u01b0\u1edfng to\u00e0n di\u1ec7n so v\u1edbi n\u1ec1n t\u1ea3ng t\u1ef1 ph\u1ee5c v\u1ee5. D\u01b0\u1edbi \u0111\u00e2y l\u00e0 b\u1ea3ng so s\u00e1nh.<\/p>\n\n\n\n<h2 class=\"wp-block-heading\">WABOOM vs. GALLABOX: So s\u00e1nh t\u1eebng t\u00ednh n\u0103ng<\/h2>\n\n\n\n<figure class=\"wp-block-table\"><table class=\"has-fixed-layout\"><thead><tr><th>T\u00ednh n\u0103ng<\/th><th><strong>WABOOM (\u0110\u1ed1i t\u00e1c t\u0103ng tr\u01b0\u1edfng d\u1ecbch v\u1ee5 tr\u1ecdn g\u00f3i)<\/strong><\/th><th><strong>GALLABOX (N\u1ec1n t\u1ea3ng t\u1ef1 ph\u1ee5c v\u1ee5)<\/strong><\/th><\/tr><\/thead><tbody><tr><td><strong>Chi ph\u00ed cu\u1ed9c tr\u00f2 chuy\u1ec7n si\u00eau d\u1eef li\u1ec7u \/ tin nh\u1eafn<\/strong><\/td><td><strong>\u0110\u00e1nh d\u1ea5u 0%<\/strong>  Ph\u00ed n\u1ec1n t\u1ea3ng c\u1ed1 \u0111\u1ecbnh + chi ph\u00ed Meta th\u1ef1c t\u1ebf. Minh b\u1ea1ch.<\/td><td>Thanh to\u00e1n theo t\u1eebng tin nh\u1eafn (m\u1eabu tin nh\u1eafn + phi\u00ean giao ti\u1ebfp) c\u1ed9ng th\u00eam ph\u00ed n\u1ec1n t\u1ea3ng.<\/td><\/tr><tr><td><strong>Minh b\u1ea1ch v\u1ec1 gi\u00e1 c\u1ea3<\/strong><\/td><td>\u0110\u01a1n gi\u1ea3n, d\u1ec5 \u0111o\u00e1n, kh\u00f4ng c\u00f3 g\u00ec b\u1ea5t ng\u1edd.<\/td><td>C\u00e1c g\u00f3i d\u1ecbch v\u1ee5 d\u1ef1a tr\u00ean \u0111\u0103ng k\u00fd v\u1edbi s\u1ed1 l\u01b0\u1ee3ng tin nh\u1eafn c\u00f3 h\u1ea1n; s\u1eed d\u1ee5ng v\u01b0\u1ee3t qu\u00e1 s\u1ed1 l\u01b0\u1ee3ng cho ph\u00e9p s\u1ebd ph\u00e1t sinh th\u00eam chi ph\u00ed.<\/td><\/tr><tr><td><strong>\u0110\u0103ng nh\u1eadp \u0111\u1ea1i l\u00fd \/ nh\u00f3m<\/strong><\/td><td>H\u1ea7u h\u1ebft c\u00e1c g\u00f3i d\u1ecbch v\u1ee5 \u0111\u1ec1u cho ph\u00e9p \u0111\u0103ng nh\u1eadp kh\u00f4ng gi\u1edbi h\u1ea1n s\u1ed1 l\u01b0\u1ee3ng \u0111\u1ea1i l\u00fd.<\/td><td>M\u1ed7i g\u00f3i d\u1ecbch v\u1ee5 ch\u1ec9 c\u00f3 s\u1ed1 l\u01b0\u1ee3ng ch\u1ed7 ng\u1ed3i d\u00e0nh cho \u0111\u1ea1i l\u00fd c\u00f3 h\u1ea1n; c\u00e1c ch\u1ed7 ng\u1ed3i b\u1ed5 sung s\u1ebd ph\u1ea3i tr\u1ea3 th\u00eam ph\u00ed.<\/td><\/tr><tr><td><strong>Chi\u1ebfn l\u01b0\u1ee3c v\u00e0 th\u1ef1c hi\u1ec7n qu\u1ea3ng c\u00e1o<\/strong><\/td><td>D\u1ecbch v\u1ee5 tr\u1ecdn g\u00f3i: WABOOM ch\u1ea1y qu\u1ea3ng c\u00e1o Click-to-WhatsApp, t\u1ed1i \u01b0u h\u00f3a chi\u1ebfn d\u1ecbch v\u00e0 x\u1eed l\u00fd vi\u1ec7c ph\u00e2n b\u1ed5 l\u01b0\u1ee3t t\u01b0\u01a1ng t\u00e1c.<\/td><td>Cung c\u1ea5p c\u00e1c c\u00f4ng c\u1ee5 cho c\u00e1c chi\u1ebfn d\u1ecbch Click-to-WhatsApp, nh\u01b0ng chi\u1ebfn l\u01b0\u1ee3c, thi\u1ebft l\u1eadp v\u00e0 t\u1ed1i \u01b0u h\u00f3a do ng\u01b0\u1eddi d\u00f9ng t\u1ef1 qu\u1ea3n l\u00fd.<\/td><\/tr><tr><td><strong>Qu\u1ea3ng c\u00e1o nh\u1ea5p v\u00e0o WhatsApp<\/strong><\/td><td>Ph\u00e2n \u0111o\u1ea1n n\u00e2ng cao + T\u00edch h\u1ee3p CAPI g\u1ed1c + \u0110\u1ecbnh tuy\u1ebfn ch\u00ednh x\u00e1c.<\/td><td>\u0110\u01b0\u1ee3c h\u1ed7 tr\u1ee3, nh\u01b0ng vi\u1ec7c ph\u00e2n b\u1ed5 chi ti\u1ebft v\u00e0 \u0111\u1ecbnh tuy\u1ebfn t\u1ef1 \u0111\u1ed9ng y\u00eau c\u1ea7u thi\u1ebft l\u1eadp th\u1ee7 c\u00f4ng.<\/td><\/tr><tr><td><strong>Tr\u00ecnh t\u1ea1o Chatbot \/ T\u1ef1 \u0111\u1ed9ng h\u00f3a<\/strong><\/td><td>C\u00f4ng c\u1ee5 x\u00e2y d\u1ef1ng k\u00e9o th\u1ea3 ho\u00e0n to\u00e0n kh\u00f4ng gi\u1edbi h\u1ea1n t\u00ednh n\u0103ng.<\/td><td>C\u00f4ng c\u1ee5 t\u1ea1o chatbot c\u00f3 s\u1eb5n, h\u1ed7 tr\u1ee3 t\u1ef1 \u0111\u1ed9ng h\u00f3a c\u01a1 b\u1ea3n, nh\u01b0ng c\u00e1c lu\u1ed3ng n\u00e2ng cao v\u00e0 t\u00ednh n\u0103ng AI c\u00f3 th\u1ec3 b\u1ecb h\u1ea1n ch\u1ebf ho\u1eb7c gi\u1edbi h\u1ea1n t\u00f9y thu\u1ed9c v\u00e0o g\u00f3i d\u1ecbch v\u1ee5.<\/td><\/tr><tr><td><strong>Truy c\u1eadp API \/ Webhook<\/strong><\/td><td>T\u00edch h\u1ee3p CRM v\u00e0 h\u1ec7 th\u1ed1ng qu\u1ea3n l\u00fd n\u1ed9i b\u1ed9 d\u1ec5 d\u00e0ng, kh\u00f4ng gi\u1edbi h\u1ea1n v\u00e0 kh\u00f4ng b\u1ecb r\u00e0ng bu\u1ed9c.<\/td><td>H\u1ed7 tr\u1ee3 t\u00edch h\u1ee3p API v\u00e0 webhook, nh\u01b0ng c\u00f3 th\u1ec3 y\u00eau c\u1ea7u chuy\u00ean m\u00f4n k\u1ef9 thu\u1eadt \u0111\u1ed1i v\u1edbi c\u00e1c quy tr\u00ecnh ph\u1ee9c t\u1ea1p.<\/td><\/tr><tr><td><strong>M\u00f4 h\u00ecnh h\u1ed7 tr\u1ee3<\/strong><\/td><td>Qu\u1ea3n l\u00fd t\u00e0i kho\u1ea3n chuy\u00ean tr\u00e1ch + h\u1ed7 tr\u1ee3 \u0111a k\u00eanh ch\u1ee7 \u0111\u1ed9ng (Zoom, \u0111i\u1ec7n tho\u1ea1i, tr\u00f2 chuy\u1ec7n tr\u1ef1c tuy\u1ebfn).<\/td><td>H\u1ed7 tr\u1ee3 qua chat\/email th\u00f4ng th\u01b0\u1eddng; th\u1eddi gian ph\u1ea3n h\u1ed3i c\u00f3 th\u1ec3 kh\u00e1c nhau v\u00e0 vi\u1ec7c qu\u1ea3n l\u00fd t\u00e0i kho\u1ea3n ch\u1ee7 \u0111\u1ed9ng b\u1ecb h\u1ea1n ch\u1ebf.<\/td><\/tr><tr><td><strong>Ph\u00e1t s\u00f3ng \/ Nh\u1eafn tin kh\u1ed1i l\u01b0\u1ee3ng l\u1edbn<\/strong><\/td><td>T\u1ed1c \u0111\u1ed9, \u0111\u1ed9 tin c\u1eady v\u00e0 kh\u1ea3 n\u0103ng ph\u00e2n ph\u1ed1i \u0111\u1ea1t chu\u1ea9n doanh nghi\u1ec7p.<\/td><td>H\u1ed7 tr\u1ee3 g\u1eedi tin nh\u1eafn dung l\u01b0\u1ee3ng l\u1edbn, nh\u01b0ng hi\u1ec7u su\u1ea5t v\u00e0 t\u1ed1c \u0111\u1ed9 c\u00f3 th\u1ec3 thay \u0111\u1ed5i t\u00f9y thu\u1ed9c v\u00e0o g\u00f3i c\u01b0\u1edbc v\u00e0 gi\u1edbi h\u1ea1n h\u00e0ng \u0111\u1ee3i.<\/td><\/tr><\/tbody><\/table><\/figure>\n\n\n\n<h2 class=\"wp-block-heading\">Nh\u1eefng kh\u00e1c bi\u1ec7t th\u1ef1c s\u1ef1 quan tr\u1ecdng<\/h2>\n\n\n\n<h3 class=\"wp-block-heading\">1. T\u00ednh minh b\u1ea1ch v\u1ec1 chi ph\u00ed v\u00e0 l\u1ee3i t\u1ee9c \u0111\u1ea7u t\u01b0 (ROI)<\/h3>\n\n\n\n<ul class=\"wp-block-list\">\n<li><strong>\u01afu \u0111i\u1ec3m c\u1ee7a WABOOM<\/strong><br>Kh\u00f4ng t\u00ednh ph\u00ed hoa h\u1ed3ng = chi ph\u00ed d\u1ec5 d\u1ef1 \u0111o\u00e1n. Khi b\u1ea1n m\u1edf r\u1ed9ng quy m\u00f4 tin nh\u1eafn, b\u1ea1n s\u1ebd bi\u1ebft ch\u00ednh x\u00e1c m\u00ecnh ph\u1ea3i tr\u1ea3 bao nhi\u00eau - kh\u00f4ng c\u00f3 ph\u00ed \u1ea9n, kh\u00f4ng c\u1ea7n n\u1ea1p th\u00eam ti\u1ec1n.<\/li>\n\n\n\n<li><strong>S\u1ef1 \u0111\u00e1nh \u0111\u1ed5i c\u1ee7a GALLABOX<\/strong><br>Gi\u00e1 c\u1ea3 ph\u1ee5 thu\u1ed9c v\u00e0o g\u00f3i d\u1ecbch v\u1ee5 v\u00e0 s\u1ed1 l\u01b0\u1ee3ng tin nh\u1eafn b\u1ed5 sung b\u1ea1n s\u1eed d\u1ee5ng. Chi ph\u00ed c\u00f3 th\u1ec3 tr\u1edf n\u00ean kh\u00f3 d\u1ef1 \u0111o\u00e1n khi doanh nghi\u1ec7p c\u1ee7a b\u1ea1n ph\u00e1t tri\u1ec3n.<\/li>\n<\/ul>\n\n\n\n<h3 class=\"wp-block-heading\">2. N\u1ec1n t\u1ea3ng so v\u1edbi \u0110\u1ed1i t\u00e1c t\u0103ng tr\u01b0\u1edfng<\/h3>\n\n\n\n<ul class=\"wp-block-list\">\n<li><strong>\u01afu \u0111i\u1ec3m c\u1ee7a WABOOM<\/strong><br>Ch\u00fang t\u00f4i kh\u00f4ng ch\u1ec9 cung c\u1ea5p c\u00f4ng c\u1ee5 m\u00e0 c\u00f2n v\u1eadn h\u00e0nh c\u00e1c chi\u1ebfn d\u1ecbch, t\u1ed1i \u01b0u h\u00f3a quy tr\u00ecnh v\u00e0 qu\u1ea3n l\u00fd ph\u1ec5u chuy\u1ec3n \u0111\u1ed5i. B\u1ea1n t\u1eadp trung v\u00e0o t\u0103ng tr\u01b0\u1edfng; ch\u00fang t\u00f4i lo ph\u1ea7n th\u1ef1c thi.<\/li>\n\n\n\n<li><strong>S\u1ef1 \u0111\u00e1nh \u0111\u1ed5i c\u1ee7a GALLABOX<\/strong><br>V\u1ec1 c\u01a1 b\u1ea3n, \u0111\u00e2y l\u00e0 m\u1ed9t n\u1ec1n t\u1ea3ng. B\u1ea1n ph\u1ea3i t\u1ef1 m\u00ecnh x\u1eed l\u00fd chi\u1ebfn l\u01b0\u1ee3c, t\u1ed1i \u01b0u h\u00f3a qu\u1ea3ng c\u00e1o v\u00e0 qu\u1ea3n l\u00fd chi\u1ebfn d\u1ecbch.<\/li>\n<\/ul>\n\n\n\n<h3 class=\"wp-block-heading\">3. S\u1ef1 h\u1ed7 tr\u1ee3 m\u00e0 b\u1ea1n c\u00f3 th\u1ec3 tin c\u1eady<\/h3>\n\n\n\n<ul class=\"wp-block-list\">\n<li><strong>\u01afu \u0111i\u1ec3m c\u1ee7a WABOOM<\/strong><br>Qu\u1ea3n l\u00fd t\u00e0i kho\u1ea3n chuy\u00ean tr\u00e1ch + gi\u00e1m s\u00e1t ch\u1ee7 \u0111\u1ed9ng \u0111\u1ea3m b\u1ea3o m\u1ecdi v\u1ea5n \u0111\u1ec1 \u0111\u01b0\u1ee3c gi\u1ea3i quy\u1ebft nhanh ch\u00f3ng. H\u1ed7 tr\u1ee3 \u0111a k\u00eanh bao g\u1ed3m Zoom, \u0111i\u1ec7n tho\u1ea1i v\u00e0 tr\u00f2 chuy\u1ec7n tr\u1ef1c tuy\u1ebfn.<\/li>\n\n\n\n<li><strong>S\u1ef1 \u0111\u00e1nh \u0111\u1ed5i c\u1ee7a GALLABOX<\/strong><br>H\u1ed7 tr\u1ee3 kh\u00e1ch h\u00e0ng ch\u1ee7 y\u1ebfu qua tr\u00f2 chuy\u1ec7n tr\u1ef1c tuy\u1ebfn\/email; c\u00e1c g\u00f3i d\u1ecbch v\u1ee5 cao c\u1ea5p h\u01a1n c\u00f3 th\u1ec3 \u0111\u01b0\u1ee3c h\u1ed7 tr\u1ee3 t\u1ed1t h\u01a1n, nh\u01b0ng vi\u1ec7c kh\u1eafc ph\u1ee5c s\u1ef1 c\u1ed1 h\u00e0ng ng\u00e0y ph\u1ea7n l\u1edbn l\u00e0 t\u1ef1 ph\u1ee5c v\u1ee5.<\/li>\n<\/ul>\n\n\n\n<h2 class=\"wp-block-heading\">WABOOM so v\u1edbi GALLABOX: \u01afu v\u00e0 nh\u01b0\u1ee3c \u0111i\u1ec3m<\/h2>\n\n\n\n<figure class=\"wp-block-table\"><table class=\"has-fixed-layout\"><thead><tr><th>Lo\u1ea1i<\/th><th><strong>WABOOM (\u0110\u1ed1i t\u00e1c t\u0103ng tr\u01b0\u1edfng)<\/strong><\/th><th><strong>GALLABOX (N\u1ec1n t\u1ea3ng)<\/strong><\/th><\/tr><\/thead><tbody><tr><td><strong>\u01afu \u0111i\u1ec3m<\/strong><\/td><td>Kh\u00f4ng t\u00ednh th\u00eam ph\u00ed n\u00e0o cho chi ph\u00ed Meta.<br>D\u1ecbch v\u1ee5 th\u1ef1c hi\u1ec7n qu\u1ea3ng c\u00e1o tr\u1ecdn g\u00f3i.<br>S\u1ed1 l\u01b0\u1ee3ng \u0111\u1ea1i l\u00fd kh\u00f4ng gi\u1edbi h\u1ea1n.<br>H\u1ed7 tr\u1ee3 t\u1eadn t\u00e2m.<br>M\u00f4 h\u00ecnh chi ph\u00ed c\u00f3 th\u1ec3 d\u1ef1 \u0111o\u00e1n v\u00e0 m\u1edf r\u1ed9ng.<\/td><td>C\u00e1c g\u00f3i d\u1ecbch v\u1ee5 gia nh\u1eadp th\u1ecb tr\u01b0\u1eddng v\u1edbi gi\u00e1 c\u1ea3 ph\u1ea3i ch\u0103ng.<br>T\u1ef1 \u0111\u1ed9ng h\u00f3a chatbot c\u01a1 b\u1ea3n.<br>H\u1ed7 tr\u1ee3 API cho vi\u1ec7c t\u00edch h\u1ee3p.<br>H\u1ed7 tr\u1ee3 g\u1eedi tin nh\u1eafn s\u1ed1 l\u01b0\u1ee3ng l\u1edbn.<\/td><\/tr><tr><td><strong>Nh\u01b0\u1ee3c \u0111i\u1ec3m \/ \u0110\u00e1nh \u0111\u1ed5i<\/strong><\/td><td>C\u1ea7n ph\u1ea3i tr\u1ea3 ph\u00ed n\u1ec1n t\u1ea3ng c\u1ed1 \u0111\u1ecbnh.<br>\u0110i\u1ec1u n\u00e0y \u0111\u00f2i h\u1ecfi s\u1ef1 tin t\u01b0\u1edfng v\u00e0o \u0111\u1ed1i t\u00e1c.<\/td><td>Chi ph\u00ed ph\u00e1t sinh th\u00eam cho nh\u00e2n vi\u00ean v\u00e0 tin nh\u1eafn.<br>C\u1ea7n thi\u1ebft l\u1eadp k\u1ef9 thu\u1eadt th\u00eam.<br>H\u1ed7 tr\u1ee3 ch\u1ee7 \u0111\u1ed9ng c\u00f2n h\u1ea1n ch\u1ebf.<br>Ng\u01b0\u1eddi d\u00f9ng ch\u1ecbu tr\u00e1ch nhi\u1ec7m t\u1ed1i \u01b0u h\u00f3a chi\u1ebfn d\u1ecbch.<\/td><\/tr><\/tbody><\/table><\/figure>\n\n\n\n<h2 class=\"wp-block-heading\"> C\u00e2u h\u1ecfi th\u01b0\u1eddng g\u1eb7p<\/h2>\n\n\n\n<p><strong>H\u1ecfi: WABOOM c\u00f3 th\u1ef1c s\u1ef1 c\u00f3 m\u00e3 \u0111\u00e1nh d\u1ea5u 0% kh\u00f4ng?<\/strong><br><strong>M\u1ed8T:<\/strong> \u0110\u00fang v\u1eady \u2014 b\u1ea1n s\u1ebd tr\u1ea3 \u0111\u00fang chi ph\u00ed c\u1ee7a Meta c\u1ed9ng th\u00eam m\u1ed9t kho\u1ea3n ph\u00ed n\u1ec1n t\u1ea3ng c\u1ed1 \u0111\u1ecbnh. Kh\u00f4ng c\u00f3 g\u00ec ph\u00e1t sinh th\u00eam.<\/p>\n\n\n\n<p><strong>H\u1ecfi: GALLABOX c\u00f3 th\u1ec3 ch\u1ea1y c\u00e1c chi\u1ebfn d\u1ecbch Click-to-WhatsApp kh\u00f4ng?<\/strong><br><strong>M\u1ed8T:<\/strong> \u0110\u00fang v\u1eady, nh\u01b0ng b\u1ea1n s\u1ebd t\u1ef1 qu\u1ea3n l\u00fd vi\u1ec7c th\u1ef1c thi, t\u1ed1i \u01b0u h\u00f3a v\u00e0 b\u00e1o c\u00e1o.<\/p>\n\n\n\n<p><strong>H\u1ecfi: Ai l\u00e0 ng\u01b0\u1eddi gi\u1ecfi h\u01a1n trong vi\u1ec7c m\u1edf r\u1ed9ng quy m\u00f4 g\u1eedi tin nh\u1eafn s\u1ed1 l\u01b0\u1ee3ng l\u1edbn?<\/strong><br><strong>M\u1ed8T:<\/strong> V\u1ec1 m\u1eb7t k\u1ef9 thu\u1eadt, c\u1ea3 hai \u0111\u1ec1u c\u00f3 th\u1ec3 x\u1eed l\u00fd kh\u1ed1i l\u01b0\u1ee3ng d\u1eef li\u1ec7u l\u1edbn, nh\u01b0ng WABOOM \u0111\u01b0\u1ee3c t\u1ed1i \u01b0u h\u00f3a ngay t\u1eeb \u0111\u1ea7u v\u1ec1 t\u1ed1c \u0111\u1ed9, \u0111\u1ecbnh tuy\u1ebfn v\u00e0 \u0111\u1ed9 tin c\u1eady.<\/p>\n\n\n\n<p><strong>H\u1ecfi: GALLABOX c\u00f3 cung c\u1ea5p s\u1ed1 l\u01b0\u1ee3ng \u0111\u1ea1i l\u00fd kh\u00f4ng gi\u1edbi h\u1ea1n kh\u00f4ng?<\/strong><br><strong>M\u1ed8T:<\/strong> M\u1ed7i g\u00f3i d\u1ecbch v\u1ee5 kh\u00f4ng gi\u1edbi h\u1ea1n s\u1ed1 l\u01b0\u1ee3ng ch\u1ed7 ng\u1ed3i cho \u0111\u1ea1i l\u00fd, v\u00e0 c\u00e1c ch\u1ed7 ng\u1ed3i b\u1ed5 sung s\u1ebd t\u00ednh ph\u00ed ri\u00eang.<\/p>\n\n\n\n<h1 class=\"wp-block-heading\">Ai th\u1eafng?<\/h1>\n\n\n\n<ul class=\"wp-block-list\">\n<li>Ch\u1ecdn <strong>WABOOM<\/strong> N\u1ebfu b\u1ea1n mu\u1ed1n:<br>\u2714 Chi ph\u00ed c\u00f3 th\u1ec3 d\u1ef1 \u0111o\u00e1n \u0111\u01b0\u1ee3c v\u1edbi <strong>\u0110\u00e1nh d\u1ea5u 0%<\/strong><br>\u2714 Qu\u1ea3n l\u00fd chi\u1ebfn d\u1ecbch qu\u1ea3ng c\u00e1o v\u00e0 WhatsApp tr\u1ecdn g\u00f3i<br>\u2714 Kh\u00f4ng gi\u1edbi h\u1ea1n s\u1ed1 l\u01b0\u1ee3ng t\u00e1c nh\u00e2n v\u00e0 t\u1ef1 \u0111\u1ed9ng h\u00f3a<br>\u2714 H\u1ed7 tr\u1ee3 ch\u1ee7 \u0111\u1ed9ng v\u00e0 t\u1eadn t\u00e2m<\/li>\n\n\n\n<li>Ch\u1ecdn <strong>GALLABOX<\/strong> n\u1ebfu b\u1ea1n:<br>\u2714 B\u1ea1n mu\u1ed1n m\u1ed9t n\u1ec1n t\u1ea3ng kh\u1edfi \u0111\u1ea7u v\u1edbi chi ph\u00ed th\u1ea5p h\u01a1n<br>\u2714 C\u00f3 ngu\u1ed3n l\u1ef1c n\u1ed9i b\u1ed9 \u0111\u1ec3 x\u1eed l\u00fd chi\u1ebfn l\u01b0\u1ee3c v\u00e0 t\u1ef1 \u0111\u1ed9ng h\u00f3a.<br>\u2714 C\u00f3 th\u1ec3 qu\u1ea3n l\u00fd s\u1ed1 l\u01b0\u1ee3ng nh\u00e2n vi\u00ean h\u1ed7 tr\u1ee3, s\u1ed1 l\u01b0\u1ee3ng tin nh\u1eafn v\u00e0 t\u1ed1i \u01b0u h\u00f3a chi\u1ebfn d\u1ecbch.<\/li>\n<\/ul>\n\n\n\n<p>V\u00ec <strong>c\u00e1c doanh nghi\u1ec7p mu\u1ed1n m\u1edf r\u1ed9ng quy m\u00f4 m\u00e0 kh\u00f4ng g\u1eb7p ph\u1ea3i b\u1ea5t ng\u1edd<\/strong>, <strong>WABOOM l\u00e0 ng\u01b0\u1eddi chi\u1ebfn th\u1eafng r\u00f5 r\u00e0ng<\/strong>. \u0110\u00e2y kh\u00f4ng ch\u1ec9 l\u00e0 v\u1ec1 c\u00f4ng c\u1ee5, m\u00e0 c\u00f2n l\u00e0 v\u1ec1... <strong>k\u1ebft qu\u1ea3, kh\u1ea3 n\u0103ng d\u1ef1 \u0111o\u00e1n v\u00e0 th\u1ef1c thi t\u0103ng tr\u01b0\u1edfng<\/strong>.<\/p>\n\n\n\n<p><\/p>","protected":false},"excerpt":{"rendered":"<p>Stop Wasting Money on Messaging Platforms That Leave You Doing All the Work Most WhatsApp platforms look great on paper shiny dashboards, automation, and chatbots. But when it comes to scaling your business, many leave you doing all the heavy lifting: managing costs, building flows, optimizing campaigns, and troubleshooting support issues. If you want predictable&#8230;<\/p>","protected":false},"author":1,"featured_media":0,"parent":0,"menu_order":0,"comment_status":"closed","ping_status":"closed","template":"","meta":{"_bbp_topic_count":0,"_bbp_reply_count":0,"_bbp_total_topic_count":0,"_bbp_total_reply_count":0,"_bbp_voice_count":0,"_bbp_anonymous_reply_count":0,"_bbp_topic_count_hidden":0,"_bbp_reply_count_hidden":0,"_bbp_forum_subforum_count":0,"_monsterinsights_skip_tracking":false,"_monsterinsights_sitenote_active":false,"_monsterinsights_sitenote_note":"","_monsterinsights_sitenote_category":0,"footnotes":""},"class_list":["post-6354","page","type-page","status-publish","hentry"],"_links":{"self":[{"href":"https:\/\/waboom.net\/vi\/wp-json\/wp\/v2\/pages\/6354","targetHints":{"allow":["GET"]}}],"collection":[{"href":"https:\/\/waboom.net\/vi\/wp-json\/wp\/v2\/pages"}],"about":[{"href":"https:\/\/waboom.net\/vi\/wp-json\/wp\/v2\/types\/page"}],"author":[{"embeddable":true,"href":"https:\/\/waboom.net\/vi\/wp-json\/wp\/v2\/users\/1"}],"replies":[{"embeddable":true,"href":"https:\/\/waboom.net\/vi\/wp-json\/wp\/v2\/comments?post=6354"}],"version-history":[{"count":0,"href":"https:\/\/waboom.net\/vi\/wp-json\/wp\/v2\/pages\/6354\/revisions"}],"wp:attachment":[{"href":"https:\/\/waboom.net\/vi\/wp-json\/wp\/v2\/media?parent=6354"}],"curies":[{"name":"wp","href":"https:\/\/api.w.org\/{rel}","templated":true}]}}