{"id":6357,"date":"2025-11-17T17:29:00","date_gmt":"2025-11-17T17:29:00","guid":{"rendered":"https:\/\/waboom.net\/?page_id=6357"},"modified":"2025-11-19T13:14:23","modified_gmt":"2025-11-19T13:14:23","slug":"waboom-vs-360dialog","status":"publish","type":"page","link":"https:\/\/waboom.net\/vi\/waboom-vs-360dialog\/","title":{"rendered":"WABOOM VS 360DIALOG"},"content":{"rendered":"<p>Tuy\u1ec7t v\u1eddi! T\u00f4i \u0111\u00e3 k\u1ebft h\u1ee3p <strong>G\u00f3i c\u01b0\u1edbc mi\u1ec5n ph\u00ed v\u0129nh vi\u1ec5n v\u1edbi 10.000 tin nh\u1eafn mi\u1ec5n ph\u00ed.<\/strong> \u0111\u01b0a v\u00e0o so s\u00e1nh gi\u1eefa WABOOM v\u00e0 360dialog, gi\u1eef nguy\u00ean m\u1ecdi th\u1ee9 kh\u00e1c trong \u0111\u1ecbnh d\u1ea1ng c\u1ed1 \u0111\u1ecbnh ki\u1ec3u Neil Patel:<\/p>\n\n\n\n<h1 class=\"wp-block-heading\">\u0110\u1eebng ch\u1ea5p nh\u1eadn nh\u1eefng c\u00f4ng c\u1ee5 nh\u1eafn tin khi\u1ebfn b\u1ea1n ph\u1ea3i t\u1ef1 m\u00ecnh t\u00ecm hi\u1ec3u m\u1ecdi th\u1ee9.<\/h1>\n\n\n\n<p>H\u00e3y th\u00e0nh th\u1eadt m\u00e0 n\u00f3i: ch\u1ec9 v\u00ec nh\u00e0 cung c\u1ea5p API WhatsApp m\u1ea1nh m\u1ebd kh\u00f4ng c\u00f3 ngh\u0129a l\u00e0 h\u1ecd s\u1ebd gi\u00fap \u00edch cho b\u1ea1n. <em>ph\u00e1t tri\u1ec3n<\/em>. Nhi\u1ec1u n\u1ec1n t\u1ea3ng cung c\u1ea5p cho b\u1ea1n c\u00e1c c\u00f4ng c\u1ee5 c\u01a1 b\u1ea3n, nh\u01b0ng khi b\u1ea1n th\u1ef1c s\u1ef1 mu\u1ed1n m\u1edf r\u1ed9ng quy m\u00f4, \u0111i\u1ec1u b\u1ea1n c\u1ea7n l\u00e0... <strong>th\u1ef1c thi<\/strong>, Kh\u00f4ng ch\u1ec9 l\u00e0 quy\u1ec1n truy c\u1eadp.<\/p>\n\n\n\n<p>\u0110\u00e2y l\u00e0 l\u00fd do t\u1ea1i sao <strong>WABOOM<\/strong> (\u0110\u1ed1i t\u00e1c ph\u00e1t tri\u1ec3n to\u00e0n di\u1ec7n c\u1ee7a b\u1ea1n) n\u1ed5i b\u1eadt b\u00ean c\u1ea1nh <strong>360dialog<\/strong> (M\u1ed9t nh\u00e0 cung c\u1ea5p API m\u1ea1nh m\u1ebd): S\u1ef1 kh\u00e1c bi\u1ec7t th\u1ef1c t\u1ebf v\u1ec1 chi ph\u00ed, chi\u1ebfn l\u01b0\u1ee3c v\u00e0 h\u1ed7 tr\u1ee3.<\/p>\n\n\n\n<h2 class=\"wp-block-heading\">WABOOM vs. 360dialog: So s\u00e1nh t\u1eebng t\u00ednh n\u0103ng<\/h2>\n\n\n\n<figure class=\"wp-block-table\"><table class=\"has-fixed-layout\"><thead><tr><th>T\u00ednh n\u0103ng<\/th><th><strong>WABOOM (\u0110\u1ed1i t\u00e1c t\u0103ng tr\u01b0\u1edfng d\u1ecbch v\u1ee5 tr\u1ecdn g\u00f3i)<\/strong><\/th><th><strong>360dialog (Nh\u00e0 cung c\u1ea5p API \/ BSP)<\/strong><\/th><\/tr><\/thead><tbody><tr><td><strong>Chi ph\u00ed cu\u1ed9c tr\u00f2 chuy\u1ec7n si\u00eau d\u1eef li\u1ec7u \/ tin nh\u1eafn<\/strong><\/td><td><strong>0% Markup<\/strong>  Ph\u00ed n\u1ec1n t\u1ea3ng c\u1ed1 \u0111\u1ecbnh + chi ph\u00ed h\u1ed9i tho\u1ea1i Meta ch\u00ednh x\u00e1c. Minh b\u1ea1ch. C\u0169ng cung c\u1ea5p... <strong>G\u00f3i Mi\u1ec5n Ph\u00ed V\u0129nh Vi\u1ec5n<\/strong> cho ph\u00e9p <strong>10.000 tin nh\u1eafn mi\u1ec5n ph\u00ed<\/strong>.<\/td><td>\u0110\u1ecbnh gi\u00e1 d\u1ef1a tr\u00ean cu\u1ed9c h\u1ed9i tho\u1ea1i: 360dialog t\u00ednh ph\u00ed l\u1ea1i ph\u00ed h\u1ed9i tho\u1ea1i c\u1ee7a Meta m\u00e0 kh\u00f4ng t\u00ednh th\u00eam ph\u00ed.<\/td><\/tr><tr><td><strong>Minh b\u1ea1ch v\u1ec1 gi\u00e1 c\u1ea3<\/strong><\/td><td>\u0110\u01a1n gi\u1ea3n v\u00e0 d\u1ec5 d\u1ef1 \u0111o\u00e1n: ph\u00ed c\u1ed1 \u0111\u1ecbnh + chi ph\u00ed Meta \u0111\u01b0\u1ee3c chuy\u1ec3n ti\u1ebfp.<\/td><td>Ph\u00e2n t\u00edch minh b\u1ea1ch: ph\u00ed b\u1ea3n quy\u1ec1n h\u00e0ng th\u00e1ng cho m\u1ed7i s\u1ed1 \u0111i\u1ec7n tho\u1ea1i + ph\u00ed chuy\u1ec3n \u0111\u1ed5i Meta th\u1ef1c t\u1ebf. D\u1ef1 b\u00e1o c\u00f3 th\u1ec3 ph\u1ee9c t\u1ea1p n\u1ebfu kh\u1ed1i l\u01b0\u1ee3ng giao d\u1ecbch thay \u0111\u1ed5i.<\/td><\/tr><tr><td><strong>\u0110\u0103ng nh\u1eadp \u0111\u1ea1i l\u00fd \/ nh\u00f3m<\/strong><\/td><td>H\u1ea7u h\u1ebft c\u00e1c g\u00f3i d\u1ecbch v\u1ee5 \u0111\u1ec1u kh\u00f4ng gi\u1edbi h\u1ea1n s\u1ed1 l\u01b0\u1ee3ng \u0111\u1ea1i l\u00fd, cho ph\u00e9p m\u1edf r\u1ed9ng quy m\u00f4 m\u00e0 kh\u00f4ng ph\u00e1t sinh chi ph\u00ed b\u1ea5t ng\u1edd cho m\u1ed7i ng\u01b0\u1eddi d\u00f9ng.<\/td><td>Cho ph\u00e9p t\u00edch h\u1ee3p v\u1edbi h\u1ed9p th\u01b0 \u0111\u1ebfn c\u1ee7a nh\u00f3m b\u00ean ngo\u00e0i; s\u1ed1 l\u01b0\u1ee3ng ng\u01b0\u1eddi d\u00f9ng \u0111\u01b0\u1ee3c cung c\u1ea5p th\u00f4ng qua t\u00edch h\u1ee3p \u0111\u1ed1i t\u00e1c.<\/td><\/tr><tr><td><strong>Chi\u1ebfn l\u01b0\u1ee3c v\u00e0 th\u1ef1c hi\u1ec7n qu\u1ea3ng c\u00e1o<\/strong><\/td><td>D\u1ecbch v\u1ee5 tr\u1ecdn g\u00f3i: WABOOM v\u1eadn h\u00e0nh v\u00e0 t\u1ed1i \u01b0u h\u00f3a c\u00e1c chi\u1ebfn d\u1ecbch Click-to-WhatsApp c\u1ee7a b\u1ea1n m\u00e0 kh\u00f4ng c\u1ea7n ph\u1ecfng \u0111o\u00e1n.<\/td><td>Cung c\u1ea5p c\u00e1c c\u00f4ng c\u1ee5 API; b\u1ea1n \u0111\u01b0\u1ee3c k\u1ef3 v\u1ecdng s\u1ebd x\u00e2y d\u1ef1ng, t\u1ed1i \u01b0u h\u00f3a v\u00e0 qu\u1ea3n l\u00fd c\u00e1c lu\u1ed3ng qu\u1ea3ng c\u00e1o c\u1ee7a ri\u00eang m\u00ecnh.<\/td><\/tr><tr><td><strong>Qu\u1ea3ng c\u00e1o nh\u1ea5p v\u00e0o WhatsApp<\/strong><\/td><td>Thi\u1ebft k\u1ebf lu\u1ed3ng n\u00e2ng cao + t\u00edch h\u1ee3p CAPI g\u1ed1c + \u0111\u1ecbnh tuy\u1ebfn \u0111\u1ebfn \u0111\u00fang t\u00e1c nh\u00e2n ho\u1eb7c bot.<\/td><td>\u0110\u01b0\u1ee3c h\u1ed7 tr\u1ee3: 360dialog h\u1ed7 tr\u1ee3 c\u00e1c cu\u1ed9c h\u1ed9i tho\u1ea1i c\u00f3 qu\u1ea3ng c\u00e1o th\u00f4ng qua API c\u1ee7a m\u00ecnh, nh\u01b0ng vi\u1ec7c thi\u1ebft l\u1eadp \u0111\u01b0\u1ee3c th\u1ef1c hi\u1ec7n th\u1ee7 c\u00f4ng.<\/td><\/tr><tr><td><strong>Tr\u00ecnh t\u1ea1o Chatbot \/ T\u1ef1 \u0111\u1ed9ng h\u00f3a<\/strong><\/td><td>C\u00f4ng c\u1ee5 x\u00e2y d\u1ef1ng k\u00e9o th\u1ea3 ho\u00e0n to\u00e0n t\u1ef1 do v\u1edbi logic phong ph\u00fa v\u00e0 kh\u00f4ng c\u00f3 t\u00ednh n\u0103ng n\u00e0o b\u1ecb kh\u00f3a khi tr\u1ea3 ph\u00ed.<\/td><td>B\u1ea1n c\u00f3 th\u1ec3 x\u00e2y d\u1ef1ng h\u1ec7 th\u1ed1ng t\u1ef1 \u0111\u1ed9ng h\u00f3a tr\u00f2 chuy\u1ec7n, nh\u01b0ng n\u00f3 ph\u1ee5 thu\u1ed9c v\u00e0o c\u00e1c h\u1ec7 th\u1ed1ng b\u00ean ngo\u00e0i. 360dialog t\u1eadp trung h\u01a1n v\u00e0o vi\u1ec7c cung c\u1ea5p c\u00e1c kh\u1ed1i x\u00e2y d\u1ef1ng API h\u01a1n l\u00e0 m\u1ed9t c\u00f4ng c\u1ee5 x\u00e2y d\u1ef1ng chatbot t\u00edch h\u1ee3p s\u1eb5n, kh\u00f4ng c\u1ea7n l\u1eadp tr\u00ecnh.<\/td><\/tr><tr><td><strong>Truy c\u1eadp API \/ Webhook<\/strong><\/td><td>T\u00edch h\u1ee3p s\u00e2u r\u1ed9ng, kh\u00f4ng gi\u1edbi h\u1ea1n v\u1edbi c\u00e1c h\u1ec7 th\u1ed1ng CRM, h\u1ec7 th\u1ed1ng ph\u1ee5 tr\u1ee3 ho\u1eb7c c\u00e1c c\u00f4ng c\u1ee5 c\u1ee7a ri\u00eang b\u1ea1n.<\/td><td>Gi\u1ea3i ph\u00e1p \u01b0u ti\u00ean API: h\u1ed7 tr\u1ee3 \u0111\u1ea7y \u0111\u1ee7 webhook, th\u00f4ng l\u01b0\u1ee3ng cao, kh\u1ea3 n\u0103ng m\u1edf r\u1ed9ng. Y\u00eau c\u1ea7u chuy\u00ean m\u00f4n k\u1ef9 thu\u1eadt \u0111\u1ed1i v\u1edbi c\u00e1c quy tr\u00ecnh l\u00e0m vi\u1ec7c n\u00e2ng cao.<\/td><\/tr><tr><td><strong>M\u00f4 h\u00ecnh h\u1ed7 tr\u1ee3<\/strong><\/td><td>Qu\u1ea3n l\u00fd t\u00e0i kho\u1ea3n chuy\u00ean tr\u00e1ch + h\u1ed7 tr\u1ee3 \u0111a k\u00eanh ch\u1ee7 \u0111\u1ed9ng (Zoom, \u0111i\u1ec7n tho\u1ea1i, tr\u00f2 chuy\u1ec7n tr\u1ef1c tuy\u1ebfn).<\/td><td>Ch\u1ebf \u0111\u1ed9 h\u1ed7 tr\u1ee3 ph\u1ee5 thu\u1ed9c v\u00e0o lo\u1ea1i gi\u1ea5y ph\u00e9p: g\u00f3i ti\u00eau chu\u1ea9n c\u00f3 h\u1ed7 tr\u1ee3 ph\u1ea3n h\u1ed3i th\u1ee5 \u0111\u1ed9ng, g\u00f3i cao c\u1ea5p cung c\u1ea5p c\u00e1c th\u1ecfa thu\u1eadn m\u1ee9c \u0111\u1ed9 d\u1ecbch v\u1ee5 (SLA) cao h\u01a1n.<\/td><\/tr><tr><td><strong>Ph\u00e1t s\u00f3ng \/ Nh\u1eafn tin kh\u1ed1i l\u01b0\u1ee3ng l\u1edbn<\/strong><\/td><td>\u0110\u01b0\u1ee3c t\u1ed1i \u01b0u h\u00f3a cho vi\u1ec7c g\u1eedi tin nh\u1eafn giao d\u1ecbch v\u00e0 ph\u00e1t s\u00f3ng kh\u1ed1i l\u01b0\u1ee3ng l\u1edbn \u1edf c\u1ea5p doanh nghi\u1ec7p.<\/td><td>C\u00f3 c\u00e1c t\u00f9y ch\u1ecdn th\u00f4ng l\u01b0\u1ee3ng cao, nh\u01b0ng hi\u1ec7u su\u1ea5t ph\u1ee5 thu\u1ed9c v\u00e0o g\u00f3i d\u1ecbch v\u1ee5 v\u00e0 c\u1ea5u h\u00ecnh c\u01a1 s\u1edf h\u1ea1 t\u1ea7ng.<\/td><\/tr><\/tbody><\/table><\/figure>\n\n\n\n<h2 class=\"wp-block-heading\"> T\u1ea1i sao nh\u1eefng kh\u00e1c bi\u1ec7t n\u00e0y th\u1ef1c s\u1ef1 quan tr\u1ecdng<\/h2>\n\n\n\n<h3 class=\"wp-block-heading\">1. C\u01a1 c\u1ea5u chi ph\u00ed th\u1ef1c t\u1ebf v\u00e0 t\u00ednh minh b\u1ea1ch<\/h3>\n\n\n\n<ul class=\"wp-block-list\">\n<li><strong>\u01afu \u0111i\u1ec3m c\u1ee7a WABOOM<\/strong><br>Kh\u00f4ng c\u00f3 ph\u00ed trung gian = chi ph\u00ed d\u1ec5 d\u1ef1 \u0111o\u00e1n. Khi m\u1edf r\u1ed9ng quy m\u00f4, b\u1ea1n bi\u1ebft ch\u00ednh x\u00e1c m\u00ecnh s\u1ebd ph\u1ea3i tr\u1ea3 bao nhi\u00eau, kh\u00f4ng c\u00f3 ph\u00ed \u1ea9n. Th\u00eam v\u00e0o \u0111\u00f3, b\u1ea1n c\u00f3 th\u1ec3 b\u1eaft \u0111\u1ea7u mi\u1ec5n ph\u00ed v\u1edbi <strong>Bao g\u1ed3m 10.000 tin nh\u1eafn.<\/strong>, do \u0111\u00f3 vi\u1ec7c d\u00f9ng th\u1eed l\u00e0 ho\u00e0n to\u00e0n kh\u00f4ng r\u1ee7i ro.<\/li>\n\n\n\n<li><strong>S\u1ee9c m\u1ea1nh c\u1ee7a 360dialog<\/strong><br>Ngo\u00e0i ra, ph\u00ed h\u1ed9i tho\u1ea1i Meta c\u0169ng \u0111\u01b0\u1ee3c t\u00ednh m\u00e0 kh\u00f4ng c\u00f3 ph\u00ed ph\u1ee5 thu. M\u00f4 h\u00ecnh c\u1ea5p ph\u00e9p + s\u1eed d\u1ee5ng tu\u00e2n th\u1ee7 API nh\u01b0ng vi\u1ec7c d\u1ef1 b\u00e1o \u0111\u00f2i h\u1ecfi ph\u1ea3i theo d\u00f5i kh\u1ed1i l\u01b0\u1ee3ng tin nh\u1eafn.<\/li>\n<\/ul>\n\n\n\n<h3 class=\"wp-block-heading\">2. C\u00f4ng c\u1ee5 so v\u1edbi \u0110\u1ed1i t\u00e1c th\u1ef1c thi t\u0103ng tr\u01b0\u1edfng<\/h3>\n\n\n\n<ul class=\"wp-block-list\">\n<li><strong>\u01afu \u0111i\u1ec3m c\u1ee7a WABOOM<\/strong><br>Ch\u00fang t\u00f4i kh\u00f4ng ch\u1ec9 cung c\u1ea5p c\u00e1c c\u00f4ng c\u1ee5 m\u00e0 ch\u00fang t\u00f4i <strong>ch\u1ea1y c\u00e1c chi\u1ebfn d\u1ecbch c\u1ee7a b\u1ea1n<\/strong>, H\u00e3y x\u00e2y d\u1ef1ng h\u1ec7 th\u1ed1ng t\u1ef1 \u0111\u1ed9ng h\u00f3a c\u1ee7a b\u1ea1n v\u00e0 t\u1ed1i \u01b0u h\u00f3a t\u1ef7 l\u1ec7 chuy\u1ec3n \u0111\u1ed5i. B\u1ea1n kh\u00f4ng c\u1ea7n ph\u1ea3i tuy\u1ec3n d\u1ee5ng ho\u1eb7c qu\u1ea3n l\u00fd t\u1eebng kh\u00e2u m\u1ed9t.<\/li>\n\n\n\n<li><strong>S\u1ef1 \u0111\u00e1nh \u0111\u1ed5i c\u1ee7a 360dialog<\/strong><br>C\u1ef1c k\u1ef3 m\u1ea1nh m\u1ebd d\u00e0nh cho c\u00e1c nh\u00e0 ph\u00e1t tri\u1ec3n v\u00e0 doanh nghi\u1ec7p mu\u1ed1n <strong>truy c\u1eadp API th\u00f4<\/strong>. Nh\u01b0ng n\u1ebfu b\u1ea1n kh\u00f4ng c\u00f3 \u0111\u1ed9i ng\u0169 \u0111\u1ec3 ch\u1ea1y qu\u1ea3ng c\u00e1o ho\u1eb7c t\u1ef1 \u0111\u1ed9ng h\u00f3a quy tr\u00ecnh, th\u00ec g\u00e1nh n\u1eb7ng s\u1ebd thu\u1ed9c v\u1ec1 b\u1ea1n.<\/li>\n<\/ul>\n\n\n\n<h3 class=\"wp-block-heading\">3. \u0110\u1ed9 tin c\u1eady v\u1ec1 h\u1ed7 tr\u1ee3 v\u00e0 giao h\u00e0ng<\/h3>\n\n\n\n<ul class=\"wp-block-list\">\n<li><strong>\u01afu \u0111i\u1ec3m c\u1ee7a WABOOM<\/strong><br>D\u1ecbch v\u1ee5 h\u1ed7 tr\u1ee3 ch\u1ee7 \u0111\u1ed9ng v\u00e0 t\u1eadn t\u00e2m \u0111\u1ea3m b\u1ea3o m\u1ecdi v\u1ea5n \u0111\u1ec1 \u0111\u01b0\u1ee3c gi\u1ea3i quy\u1ebft nhanh ch\u00f3ng. H\u1ed7 tr\u1ee3 \u0111a k\u00eanh bao g\u1ed3m Zoom, \u0111i\u1ec7n tho\u1ea1i v\u00e0 tr\u00f2 chuy\u1ec7n tr\u1ef1c tuy\u1ebfn.<\/li>\n\n\n\n<li><strong>S\u1ef1 \u0111\u00e1nh \u0111\u1ed5i c\u1ee7a 360dialog<\/strong><br>D\u1ecbch v\u1ee5 h\u1ed7 tr\u1ee3 kh\u00e1 t\u1ed1t nh\u01b0ng mang t\u00ednh ph\u1ea3n h\u1ed3i nhi\u1ec1u h\u01a1n, \u0111\u1eb7c bi\u1ec7t l\u00e0 v\u1edbi g\u00f3i c\u01a1 b\u1ea3n. C\u00e1c tin nh\u1eafn quan tr\u1ecdng c\u00f3 th\u1ec3 c\u1ea7n \u0111\u1ebfn g\u00f3i cao c\u1ea5p \u0111\u1ec3 \u0111\u1ea3m b\u1ea3o th\u1eddi gian ph\u1ea3n h\u1ed3i.<\/li>\n<\/ul>\n\n\n\n<h2 class=\"wp-block-heading\"> H\u1ed9p tho\u1ea1i WABOOM so v\u1edbi 360: \u01afu v\u00e0 nh\u01b0\u1ee3c \u0111i\u1ec3m<\/h2>\n\n\n\n<figure class=\"wp-block-table\"><table class=\"has-fixed-layout\"><thead><tr><th>Lo\u1ea1i<\/th><th><strong>WABOOM (\u0110\u1ed1i t\u00e1c t\u0103ng tr\u01b0\u1edfng)<\/strong><\/th><th><strong>360dialog (Nh\u00e0 cung c\u1ea5p API)<\/strong><\/th><\/tr><\/thead><tbody><tr><td><strong>\u01afu \u0111i\u1ec3m<\/strong><\/td><td>Kh\u00f4ng t\u00ednh ph\u00ed \u0111\u00e1nh d\u1ea5u cho c\u00e1c cu\u1ed9c h\u1ed9i tho\u1ea1i Meta. D\u1ecbch v\u1ee5 tr\u1ecdn g\u00f3i bao g\u1ed3m th\u1ef1c thi chi\u1ebfn d\u1ecbch v\u00e0 qu\u1ea3ng c\u00e1o. S\u1ed1 l\u01b0\u1ee3ng nh\u00e2n vi\u00ean kh\u00f4ng gi\u1edbi h\u1ea1n. H\u1ed7 tr\u1ee3 ch\u1ee7 \u0111\u1ed9ng, t\u1eadn t\u00e2m. Chi ph\u00ed c\u00f3 th\u1ec3 d\u1ef1 \u0111o\u00e1n \u0111\u01b0\u1ee3c.<strong>G\u00f3i Mi\u1ec5n Ph\u00ed V\u0129nh Vi\u1ec5n<\/strong> Bao g\u1ed3m 10.000 tin nh\u1eafn.<\/td><td>Thanh to\u00e1n API minh b\u1ea1ch. C\u00e1c c\u1ea5p \u0111\u1ed9 gi\u1ea5y ph\u00e9p linh ho\u1ea1t. Gi\u1ea3i ph\u00e1p \u01b0u ti\u00ean API th\u1ef1c s\u1ef1. Dung l\u01b0\u1ee3ng th\u00f4ng l\u01b0\u1ee3ng cao. Kh\u00f4ng t\u00ednh ph\u00ed ph\u1ee5 thu cho chi ph\u00ed chuy\u1ec3n \u0111\u1ed5i Meta.<\/td><\/tr><tr><td><strong>Nh\u01b0\u1ee3c \u0111i\u1ec3m \/ \u0110\u00e1nh \u0111\u1ed5i<\/strong><\/td><td>C\u1ea7n c\u00f3 s\u1ef1 tin t\u01b0\u1edfng \u0111\u1ed1i t\u00e1c. Ph\u00ed n\u1ec1n t\u1ea3ng\/d\u1ecbch v\u1ee5 c\u1ed1 \u0111\u1ecbnh. B\u1ea1n c\u00f3 th\u1ec3 thu\u00ea ngo\u00e0i m\u1ed9t s\u1ed1 c\u00f4ng \u0111o\u1ea1n th\u1ef1c thi thay v\u00ec t\u1ef1 m\u00ecnh th\u1ef1c hi\u1ec7n.<\/td><td>C\u1ea7n thi\u1ebft l\u1eadp k\u1ef9 thu\u1eadt ph\u1ee9c t\u1ea1p h\u01a1n. B\u1ea1n qu\u1ea3n l\u00fd vi\u1ec7c th\u1ef1c thi\/t\u1ef1 \u0111\u1ed9ng h\u00f3a chi\u1ebfn d\u1ecbch. Ch\u1ea5t l\u01b0\u1ee3ng h\u1ed7 tr\u1ee3 ph\u1ee5 thu\u1ed9c v\u00e0o g\u00f3i gi\u1ea5y ph\u00e9p c\u1ee7a b\u1ea1n. Chi ph\u00ed gi\u1ea5y ph\u00e9p + m\u1ee9c s\u1eed d\u1ee5ng c\u00f3 th\u1ec3 kh\u00f3 d\u1ef1 \u0111o\u00e1n h\u01a1n.<\/td><\/tr><\/tbody><\/table><\/figure>\n\n\n\n<h2 class=\"wp-block-heading\"> C\u00e2u h\u1ecfi th\u01b0\u1eddng g\u1eb7p<\/h2>\n\n\n\n<p><strong>H\u1ecfi: 360dialog c\u00f3 t\u00ednh ph\u00ed ph\u1ee5 thu \u0111\u1ed1i v\u1edbi ph\u00ed h\u1ed9i tho\u1ea1i Meta kh\u00f4ng?<\/strong><br><strong>M\u1ed8T:<\/strong> Kh\u00f4ng. H\u1ecd ch\u1ec9 t\u00ednh l\u1ea1i \u0111\u00fang chi ph\u00ed cu\u1ed9c tr\u00f2 chuy\u1ec7n Meta; kh\u00f4ng c\u00f3 ph\u00ed ph\u1ee5 thu n\u00e0o c\u1ea3.<\/p>\n\n\n\n<p><strong>H\u1ecfi: 360dialog c\u00f3 th\u1ec3 ch\u1ea1y c\u00e1c chi\u1ebfn d\u1ecbch ti\u1ebfp th\u1ecb Click-to-WhatsApp kh\u00f4ng?<\/strong><br><strong>M\u1ed8T:<\/strong> H\u1ecd cung c\u1ea5p h\u1ed7 tr\u1ee3 API cho c\u00e1c cu\u1ed9c h\u1ed9i tho\u1ea1i d\u1ef1a tr\u00ean qu\u1ea3ng c\u00e1o, nh\u01b0ng b\u1ea1n t\u1ef1 x\u00e2y d\u1ef1ng v\u00e0 t\u1ed1i \u01b0u h\u00f3a c\u00e1c lu\u1ed3ng h\u1ed9i tho\u1ea1i \u0111\u00f3.<\/p>\n\n\n\n<p><strong>H\u1ecfi: Ai l\u00e0 ng\u01b0\u1eddi ph\u00f9 h\u1ee3p h\u01a1n cho vi\u1ec7c ph\u00e1t s\u00f3ng tin nh\u1eafn v\u1edbi s\u1ed1 l\u01b0\u1ee3ng l\u1edbn?<\/strong><br><strong>M\u1ed8T:<\/strong> C\u1ea3 hai \u0111\u1ec1u c\u00f3 kh\u1ea3 n\u0103ng m\u1edf r\u1ed9ng quy m\u00f4, nh\u01b0ng \u0111\u1ed1i v\u1edbi c\u00e1c chi\u1ebfn d\u1ecbch l\u1edbn \u0111\u00f2i h\u1ecfi t\u1ed1i \u01b0u h\u00f3a chi\u1ebfn l\u01b0\u1ee3c v\u00e0 \u0111\u1ed9 tin c\u1eady cao, m\u00f4 h\u00ecnh d\u1ecbch v\u1ee5 tr\u1ecdn g\u00f3i c\u1ee7a WABOOM cung c\u1ea5p h\u1ed7 tr\u1ee3 s\u00e1t sao h\u01a1n.<\/p>\n\n\n\n<p><strong>H\u1ecfi: 360dialog c\u00f3 cung c\u1ea5p h\u1ed9p th\u01b0 nh\u00f3m\/h\u1ed7 tr\u1ee3 nhi\u1ec1u t\u00e1c nh\u00e2n kh\u00f4ng?<\/strong><br><strong>M\u1ed8T:<\/strong> C\u00f3, th\u00f4ng qua t\u00edch h\u1ee3p \u0111\u1ed1i t\u00e1c h\u1ed9p th\u01b0 \u0111\u1ebfn ho\u1eb7c thi\u1ebft l\u1eadp h\u1ed9p th\u01b0 \u0111\u1ebfn nh\u00f3m.<\/p>\n\n\n\n<p><strong>H\u1ecfi: WABOOM c\u00f3 g\u00f3i mi\u1ec5n ph\u00ed kh\u00f4ng?<\/strong><br><strong>M\u1ed8T:<\/strong> \u0110\u00fang v\u1eady! WABOOM cung c\u1ea5p... <strong>G\u00f3i Mi\u1ec5n Ph\u00ed V\u0129nh Vi\u1ec5n<\/strong> cho ph\u00e9p b\u1ea1n g\u1eedi <strong>10.000 tin nh\u1eafn mi\u1ec5n ph\u00ed<\/strong>, V\u00ec v\u1eady, b\u1ea1n c\u00f3 th\u1ec3 b\u1eaft \u0111\u1ea7u th\u1eed nghi\u1ec7m m\u00e0 kh\u00f4ng c\u1ea7n tr\u1ea3 tr\u01b0\u1edbc b\u1ea5t k\u1ef3 chi ph\u00ed n\u00e0o.<\/p>\n\n\n\n<h2 class=\"wp-block-heading\"> Ai th\u1eafng?<\/h2>\n\n\n\n<ul class=\"wp-block-list\">\n<li>Ch\u1ecdn <strong>WABOOM<\/strong> n\u1ebfu b\u1ea1n:<br>\u2714 B\u1ea1n mu\u1ed1n chi ph\u00ed \u1ed5n \u0111\u1ecbnh, kh\u00f4ng b\u1ecb \u0111\u1ed9i gi\u00e1<br>\u2714 C\u1ea7n ng\u01b0\u1eddi <em>Kh\u1edfi \u0111\u1ed9ng c\u00f4ng c\u1ee5 t\u0103ng tr\u01b0\u1edfng WhatsApp c\u1ee7a b\u1ea1n<\/em> (qu\u1ea3ng c\u00e1o + t\u1ef1 \u0111\u1ed9ng h\u00f3a)<br>\u2714 \u01afu ti\u00ean \u0111\u1ed1i t\u00e1c \u0111\u1ea3m nhi\u1ec7m c\u1ea3 kh\u00e2u th\u1ef1c thi v\u00e0 t\u1ed1i \u01b0u h\u00f3a<br>\u2714 B\u1ea1n mu\u1ed1n \u0111\u01b0\u1ee3c h\u1ed7 tr\u1ee3 ch\u1ee7 \u0111\u1ed9ng v\u00e0 t\u1eadn t\u00e2m?<br>\u2714 B\u1ea1n mu\u1ed1n b\u1eaft \u0111\u1ea7u mi\u1ec5n ph\u00ed v\u1edbi 10.000 tin nh\u1eafn?<\/li>\n\n\n\n<li>Ch\u1ecdn <strong>360dialog<\/strong> n\u1ebfu b\u1ea1n:<br>\u2714 Chu\u1ea9n b\u1ecb s\u1eb5n \u0111\u1ed9i ng\u0169 ph\u00e1t tri\u1ec3n ho\u1eb7c v\u1eadn h\u00e0nh \u0111\u1ec3 x\u00e2y d\u1ef1ng quy tr\u00ecnh v\u00e0 qu\u1ea3ng c\u00e1o.<br>\u2714 Mu\u1ed1n c\u00f3 quy\u1ec1n truy c\u1eadp API th\u1ef1c s\u1ef1 m\u00e0 kh\u00f4ng ph\u1ea3i tr\u1ea3 th\u00eam ph\u00ed cho tin nh\u1eafn<br>\u2714 Th\u00e0nh th\u1ea1o trong vi\u1ec7c qu\u1ea3n l\u00fd c\u01a1 s\u1edf h\u1ea1 t\u1ea7ng v\u00e0 logic chi\u1ebfn d\u1ecbch.<br>\u2714 C\u1ea7n th\u00f4ng l\u01b0\u1ee3ng cao v\u00e0 kh\u1ea3 n\u0103ng ki\u1ec3m so\u00e1t tin nh\u1eafn<\/li>\n<\/ul>\n\n\n\n<p><strong>T\u00f3m l\u1ea1i:<\/strong><br>N\u1ebfu b\u1ea1n \u0111ang ph\u00e1t tri\u1ec3n nhanh ch\u00f3ng v\u00e0 mu\u1ed1n c\u00f3 \u0111\u1ed1i t\u00e1c \u0111\u1ea3m nh\u1eadn c\u1ea3 chi\u1ebfn l\u01b0\u1ee3c v\u00e0 th\u1ef1c thi, <strong>WABOOM<\/strong> \u0110\u00f3 l\u00e0 s\u1ef1 l\u1ef1a ch\u1ecdn th\u00f4ng minh h\u01a1n.<br>N\u1ebfu b\u1ea1n am hi\u1ec3u v\u1ec1 k\u1ef9 thu\u1eadt v\u00e0 mu\u1ed1n c\u00f3 s\u1ee9c m\u1ea1nh c\u0169ng nh\u01b0 kh\u1ea3 n\u0103ng ki\u1ec3m so\u00e1t API th\u00f4, <strong>360dialog<\/strong> \u0110\u00f3 l\u00e0 m\u1ed9t n\u1ec1n t\u1ea3ng v\u1eefng ch\u1eafc.<\/p>","protected":false},"excerpt":{"rendered":"<p>Perfect! I\u2019ve incorporated the forever free plan with 10,000 free messages into the WABOOM vs 360dialog comparison, keeping everything else intact in the locked Neil Patel-style format: Stop Settling for Messaging Tools That Leave You to Figure Everything Out Let\u2019s be real: just because a WhatsApp API provider is powerful doesn\u2019t mean it helps you&#8230;<\/p>","protected":false},"author":1,"featured_media":0,"parent":0,"menu_order":0,"comment_status":"closed","ping_status":"closed","template":"","meta":{"_bbp_topic_count":0,"_bbp_reply_count":0,"_bbp_total_topic_count":0,"_bbp_total_reply_count":0,"_bbp_voice_count":0,"_bbp_anonymous_reply_count":0,"_bbp_topic_count_hidden":0,"_bbp_reply_count_hidden":0,"_bbp_forum_subforum_count":0,"_monsterinsights_skip_tracking":false,"_monsterinsights_sitenote_active":false,"_monsterinsights_sitenote_note":"","_monsterinsights_sitenote_category":0,"footnotes":""},"class_list":["post-6357","page","type-page","status-publish","hentry"],"_links":{"self":[{"href":"https:\/\/waboom.net\/vi\/wp-json\/wp\/v2\/pages\/6357","targetHints":{"allow":["GET"]}}],"collection":[{"href":"https:\/\/waboom.net\/vi\/wp-json\/wp\/v2\/pages"}],"about":[{"href":"https:\/\/waboom.net\/vi\/wp-json\/wp\/v2\/types\/page"}],"author":[{"embeddable":true,"href":"https:\/\/waboom.net\/vi\/wp-json\/wp\/v2\/users\/1"}],"replies":[{"embeddable":true,"href":"https:\/\/waboom.net\/vi\/wp-json\/wp\/v2\/comments?post=6357"}],"version-history":[{"count":0,"href":"https:\/\/waboom.net\/vi\/wp-json\/wp\/v2\/pages\/6357\/revisions"}],"wp:attachment":[{"href":"https:\/\/waboom.net\/vi\/wp-json\/wp\/v2\/media?parent=6357"}],"curies":[{"name":"wp","href":"https:\/\/api.w.org\/{rel}","templated":true}]}}