{"id":6361,"date":"2025-11-17T17:32:03","date_gmt":"2025-11-17T17:32:03","guid":{"rendered":"https:\/\/waboom.net\/?page_id=6361"},"modified":"2025-11-19T13:09:13","modified_gmt":"2025-11-19T13:09:13","slug":"waboom-vs-sleekflow","status":"publish","type":"page","link":"https:\/\/waboom.net\/vi\/waboom-vs-sleekflow\/","title":{"rendered":"WABOOM so v\u1edbi SleekFlow"},"content":{"rendered":"<p>Tuy\u1ec7t v\u1eddi \u0111\u00e2y l\u00e0 m\u1ed9t <strong>WABOOM so v\u1edbi SleekFlow<\/strong> so s\u00e1nh theo \u0111\u1ecbnh d\u1ea1ng kh\u00f3a c\u1ee7a b\u1ea1n, theo phong c\u00e1ch Neil Patel, cho th\u1ea5y t\u1eebng n\u1ec1n t\u1ea3ng n\u1ed5i b\u1eadt \u1edf \u0111\u00e2u, ch\u00fang kh\u00e1c bi\u1ec7t \u1edf \u0111i\u1ec3m n\u00e0o v\u00e0 khi n\u00e0o b\u1ea1n c\u00f3 th\u1ec3 ch\u1ecdn n\u1ec1n t\u1ea3ng n\u00e0y h\u01a1n n\u1ec1n t\u1ea3ng kia.<\/p>\n\n\n\n<h1 class=\"wp-block-heading\">\u0110\u1eebng l\u00e3ng ph\u00ed ti\u1ec1n v\u00e0o c\u00e1c n\u1ec1n t\u1ea3ng nh\u1eafn tin khi\u1ebfn b\u1ea1n ph\u1ea3i l\u00e0m h\u1ebft m\u1ecdi vi\u1ec7c<\/h1>\n\n\n\n<p>Nhi\u1ec1u c\u00f4ng c\u1ee5 WhatsApp c\u00f3 v\u1ebb m\u1ea1nh m\u1ebd nh\u01b0 c\u00e1c t\u00e1c nh\u00e2n AI, t\u1ef1 \u0111\u1ed9ng h\u00f3a, h\u1ed9p th\u01b0 \u0111\u1ebfn nh\u01b0ng h\u1ea7u h\u1ebft \u0111\u1ec1u kh\u00f4ng c\u00f3 t\u00e1c d\u1ee5ng <em>B\u1ea1n<\/em> ch\u1ecbu tr\u00e1ch nhi\u1ec7m v\u1ec1 t\u0103ng tr\u01b0\u1edfng, chi\u1ebfn l\u01b0\u1ee3c chi\u1ebfn d\u1ecbch v\u00e0 c\u00e1c b\u1ea5t ng\u1edd v\u1ec1 chi ph\u00ed. N\u1ebfu b\u1ea1n nghi\u00eam t\u00fac v\u1ec1 vi\u1ec7c m\u1edf r\u1ed9ng quy m\u00f4 v\u1edbi s\u1ef1 r\u00f5 r\u00e0ng v\u00e0 hi\u1ec7u su\u1ea5t cao, b\u1ea1n x\u1ee9ng \u0111\u00e1ng c\u00f3 \u0111\u01b0\u1ee3c nhi\u1ec1u h\u01a1n m\u1ed9t \u1ee9ng d\u1ee5ng tr\u00f2 chuy\u1ec7n \u0111\u01a1n thu\u1ea7n.<\/p>\n\n\n\n<p>\u0110\u00f3 l\u00e0 l\u00fd do t\u1ea1i sao so s\u00e1nh <strong>WABOOM<\/strong> (m\u1ed9t \u0111\u1ed1i t\u00e1c t\u0103ng tr\u01b0\u1edfng th\u1ef1c s\u1ef1) v\u1edbi <strong>SleekFlow<\/strong> (m\u1ed9t n\u1ec1n t\u1ea3ng API \u0111\u1ea7y \u0111\u1ee7 t\u00ednh n\u0103ng) l\u00e0 r\u1ea5t quan tr\u1ecdng. \u0110\u00e2y kh\u00f4ng ch\u1ec9 l\u00e0 vi\u1ec7c ki\u1ec3m tra t\u00ednh n\u0103ng m\u00e0 c\u00f2n l\u00e0 vi\u1ec7c th\u1ef1c thi, kh\u1ea3 n\u0103ng d\u1ef1 \u0111o\u00e1n v\u00e0 ROI d\u00e0i h\u1ea1n.<\/p>\n\n\n\n<h2 class=\"wp-block-heading\">\ud83d\udd25 WABOOM so v\u1edbi SleekFlow: So s\u00e1nh t\u1eebng t\u00ednh n\u0103ng<\/h2>\n\n\n\n<figure class=\"wp-block-table\"><table class=\"has-fixed-layout\"><thead><tr><th>T\u00ednh n\u0103ng<\/th><th><strong>WABOOM (\u0110\u1ed1i t\u00e1c t\u0103ng tr\u01b0\u1edfng d\u1ecbch v\u1ee5 tr\u1ecdn g\u00f3i)<\/strong><\/th><th><strong>SleekFlow (API + N\u1ec1n t\u1ea3ng t\u1ef1 \u0111\u1ed9ng h\u00f3a)<\/strong><\/th><\/tr><\/thead><tbody><tr><td><strong>Chi ph\u00ed cu\u1ed9c tr\u00f2 chuy\u1ec7n si\u00eau d\u1eef li\u1ec7u \/ tin nh\u1eafn<\/strong><\/td><td><strong>\u0110\u00e1nh d\u1ea5u 0%<\/strong> v\u1ec1 chi ph\u00ed tr\u00f2 chuy\u1ec7n Meta + ph\u00ed n\u1ec1n t\u1ea3ng c\u1ed1 \u0111\u1ecbnh. G\u00f3i mi\u1ec5n ph\u00ed v\u0129nh vi\u1ec5n v\u1edbi <strong>10.000 tin nh\u1eafn mi\u1ec5n ph\u00ed<\/strong> gi\u00fap b\u1ea1n b\u1eaft \u0111\u1ea7u m\u00e0 kh\u00f4ng g\u1eb7p r\u1ee7i ro.<\/td><td>S\u1eed d\u1ee5ng gi\u00e1 theo tin nh\u1eafn: tin nh\u1eafn m\u1eabu \u0111\u01b0\u1ee3c t\u00ednh ph\u00ed d\u1ef1a tr\u00ean danh m\u1ee5c (ti\u1ebfp th\u1ecb, ti\u1ec7n \u00edch, x\u00e1c th\u1ef1c). <\/td><\/tr><tr><td><strong>Minh b\u1ea1ch v\u1ec1 gi\u00e1 c\u1ea3<\/strong><\/td><td>\u0110\u01a1n gi\u1ea3n, c\u00f3 th\u1ec3 d\u1ef1 \u0111o\u00e1n \u0111\u01b0\u1ee3c: chi ph\u00ed n\u1ec1n t\u1ea3ng c\u1ed1 \u0111\u1ecbnh + ph\u00ed Meta th\u1ef1c t\u1ebf.<\/td><td>C\u1ea5u tr\u00fac r\u00f5 r\u00e0ng: m\u00f4 h\u00ecnh li\u00ean h\u1ec7 ho\u1ea1t \u0111\u1ed9ng h\u00e0ng th\u00e1ng (MAC) + ph\u00ed theo tin nh\u1eafn. <\/td><\/tr><tr><td><strong>\u0110\u0103ng nh\u1eadp \u0111\u1ea1i l\u00fd \/ nh\u00f3m<\/strong><\/td><td>H\u1ea7u h\u1ebft c\u00e1c g\u00f3i \u0111\u1ec1u c\u00f3 s\u1ed1 l\u01b0\u1ee3ng \u0111\u1ea1i l\u00fd kh\u00f4ng gi\u1edbi h\u1ea1n gi\u00fap b\u1ea1n t\u1ef1 do m\u1edf r\u1ed9ng \u0111\u1ed9i ng\u0169 h\u1ed7 tr\u1ee3 ho\u1eb7c b\u00e1n h\u00e0ng.<\/td><td>H\u1ed9p th\u01b0 \u0111\u1ebfn + \u0111\u1ecbnh tuy\u1ebfn \u0111a t\u00e1c nh\u00e2n; b\u1ea1n c\u00f3 th\u1ec3 ch\u1ec9 \u0111\u1ecbnh vai tr\u00f2 v\u00e0 nh\u00f3m \u0111\u1ec3 qu\u1ea3n l\u00fd c\u00e1c cu\u1ed9c tr\u00f2 chuy\u1ec7n tr\u00ean WhatsApp. <\/td><\/tr><tr><td><strong>Chi\u1ebfn l\u01b0\u1ee3c v\u00e0 th\u1ef1c hi\u1ec7n qu\u1ea3ng c\u00e1o<\/strong><\/td><td>WABOOM ch\u1ea1y c\u00e1c chi\u1ebfn d\u1ecbch qu\u1ea3ng c\u00e1o Click-to-WhatsApp c\u1ee7a b\u1ea1n, t\u1ed1i \u01b0u h\u00f3a ch\u00fang v\u00e0 li\u00ean k\u1ebft ch\u00fang v\u1edbi lu\u1ed3ng bot + \u0111\u1ea1i l\u00fd c\u1ee7a b\u1ea1n.<\/td><td>SleekFlow cung c\u1ea5p cho b\u1ea1n <strong>Tr\u00ecnh t\u1ea1o lu\u1ed3ng<\/strong> (k\u00e9o v\u00e0 th\u1ea3) \u0111\u1ec3 x\u00e2y d\u1ef1ng t\u00ednh n\u0103ng t\u1ef1 \u0111\u1ed9ng h\u00f3a, nh\u01b0ng b\u1ea1n l\u00e0 ng\u01b0\u1eddi quy\u1ebft \u0111\u1ecbnh c\u00e1ch \u0111i\u1ec1u h\u01b0\u1edbng v\u00e0 chuy\u1ec3n \u0111\u1ed5i c\u00e1c cu\u1ed9c tr\u00f2 chuy\u1ec7n. <\/td><\/tr><tr><td><strong>Qu\u1ea3ng c\u00e1o nh\u1ea5p v\u00e0o WhatsApp<\/strong><\/td><td>Ph\u00e2n \u0111o\u1ea1n n\u00e2ng cao, \u0111\u1ecbnh tuy\u1ebfn g\u1ed1c CAPI v\u00e0 ph\u00e2n b\u1ed5 d\u1ef1a tr\u00ean lu\u1ed3ng.<\/td><td>\u0110\u01b0\u1ee3c h\u1ed7 tr\u1ee3 th\u00f4ng qua kh\u1ea3 n\u0103ng BSP, b\u1ea1n c\u00f3 th\u1ec3 c\u1ea5u h\u00ecnh logic lu\u1ed3ng, nh\u01b0ng chi\u1ebfn l\u01b0\u1ee3c qu\u1ea3ng c\u00e1o l\u00e0 do b\u1ea1n quy\u1ebft \u0111\u1ecbnh.<\/td><\/tr><tr><td><strong>Tr\u00ecnh t\u1ea1o Chatbot \/ T\u1ef1 \u0111\u1ed9ng h\u00f3a<\/strong><\/td><td>Tr\u00ecnh x\u00e2y d\u1ef1ng k\u00e9o v\u00e0 th\u1ea3 ho\u00e0n to\u00e0n m\u1edf kh\u00f3a. Kh\u00f4ng gi\u1edbi h\u1ea1n t\u00ednh n\u0103ng, kh\u00f4ng gi\u1edbi h\u1ea1n nh\u00e2n t\u1ea1o.<\/td><td>Flow Builder + t\u00e1c nh\u00e2n AI c\u1ef1c k\u1ef3 m\u1ea1nh m\u1ebd \u0111\u1ec3 x\u00e2y d\u1ef1ng c\u00e1c ho\u1ea1t \u0111\u1ed9ng t\u1ef1 \u0111\u1ed9ng h\u00f3a \u0111\u00e0m tho\u1ea1i v\u00e0 \u0111\u1ecbnh tuy\u1ebfn th\u00f4ng minh. <\/td><\/tr><tr><td><strong>Truy c\u1eadp API \/ Webhook<\/strong><\/td><td>Quy\u1ec1n truy c\u1eadp API kh\u00f4ng gi\u1edbi h\u1ea1n cho CRM, ph\u1ea7n ph\u1ee5 tr\u1ee3 ho\u1eb7c t\u00edch h\u1ee3p t\u00f9y ch\u1ec9nh.<\/td><td>H\u1ed7 tr\u1ee3 API + webhook m\u1ea1nh m\u1ebd, \u0111\u01b0\u1ee3c x\u00e2y d\u1ef1ng \u0111\u1ec3 t\u00edch h\u1ee3p v\u1edbi CRM, th\u01b0\u01a1ng m\u1ea1i \u0111i\u1ec7n t\u1eed, v.v. <\/td><\/tr><tr><td><strong>M\u00f4 h\u00ecnh h\u1ed7 tr\u1ee3<\/strong><\/td><td>Qu\u1ea3n l\u00fd t\u00e0i kho\u1ea3n chuy\u00ean d\u1ee5ng + h\u1ed7 tr\u1ee3 ch\u1ee7 \u0111\u1ed9ng, t\u1eadn t\u00ecnh (Zoom, \u0111i\u1ec7n tho\u1ea1i, tr\u00f2 chuy\u1ec7n).<\/td><td>H\u1ed7 tr\u1ee3 t\u00f9y thu\u1ed9c v\u00e0o g\u00f3i; b\u1ea1n c\u00f3 th\u1ec3 th\u00eam Tr\u00ecnh qu\u1ea3n l\u00fd th\u00e0nh c\u00f4ng c\u1ee7a kh\u00e1ch h\u00e0ng \u0111\u1ec3 \u0111\u01b0\u1ee3c h\u1ed7 tr\u1ee3 chi\u1ebfn l\u01b0\u1ee3c h\u01a1n. <\/td><\/tr><tr><td><strong>Ph\u00e1t s\u00f3ng \/ Nh\u1eafn tin kh\u1ed1i l\u01b0\u1ee3ng l\u1edbn<\/strong><\/td><td>\u0110\u01b0\u1ee3c t\u1ed1i \u01b0u h\u00f3a cho c\u00e1c th\u00f4ng \u0111i\u1ec7p, chi\u1ebfn d\u1ecbch quy m\u00f4 doanh nghi\u1ec7p v\u00e0 th\u00f4ng l\u01b0\u1ee3ng cao.<\/td><td>H\u1ed7 tr\u1ee3 kh\u1ed1i l\u01b0\u1ee3ng l\u1edbn r\u1ea5t m\u1ea1nh m\u1ebd; b\u1ea1n c\u00f3 th\u1ec3 ch\u1ea1y quy tr\u00ecnh l\u00e0m vi\u1ec7c t\u1ef1 \u0111\u1ed9ng, chi\u1ebfn d\u1ecbch v\u00e0 ph\u00e1t s\u00f3ng th\u00f4ng qua API + tr\u00ecnh t\u1ea1o lu\u1ed3ng c\u1ee7a h\u1ecd.<\/td><\/tr><tr><td><strong>Hi\u1ec7u qu\u1ea3 chi ph\u00ed cho tin nh\u1eafn d\u1ecbch v\u1ee5<\/strong><\/td><td>Nh\u1edd c\u00f3 m\u1ee9c t\u0103ng gi\u00e1 0% v\u00e0 g\u00f3i mi\u1ec5n ph\u00ed, vi\u1ec7c b\u1eaft \u0111\u1ea7u c\u00f3 gi\u00e1 c\u1ea3 ph\u1ea3i ch\u0103ng v\u00e0 kh\u1ea3 n\u0103ng m\u1edf r\u1ed9ng c\u00f3 th\u1ec3 d\u1ef1 \u0111o\u00e1n \u0111\u01b0\u1ee3c.<\/td><td>M\u1eabu ti\u1ec7n \u00edch <em>b\u00ean trong<\/em> c\u1eeda s\u1ed5 d\u1ecbch v\u1ee5 kh\u00e1ch h\u00e0ng 24 gi\u1edd l\u00e0 mi\u1ec5n ph\u00ed. <\/td><\/tr><\/tbody><\/table><\/figure>\n\n\n\n<h2 class=\"wp-block-heading\"> T\u1ea1i sao nh\u1eefng kh\u00e1c bi\u1ec7t n\u00e0y th\u1ef1c s\u1ef1 quan tr\u1ecdng<\/h2>\n\n\n\n<h3 class=\"wp-block-heading\">1. Kh\u1ea3 n\u0103ng d\u1ef1 \u0111o\u00e1n v\u00e0 m\u1edf r\u1ed9ng kh\u00f4ng r\u1ee7i ro<\/h3>\n\n\n\n<ul class=\"wp-block-list\">\n<li><strong>\u01afu \u0111i\u1ec3m c\u1ee7a WABOOM<\/strong>: C\u00e1i <strong>g\u00f3i mi\u1ec5n ph\u00ed + kh\u00f4ng t\u0103ng gi\u00e1<\/strong> ngh\u0129a l\u00e0 b\u1ea1n c\u00f3 th\u1ec3 ki\u1ec3m tra t\u00ednh n\u0103ng t\u1ef1 \u0111\u1ed9ng h\u00f3a WhatsApp m\u00e0 kh\u00f4ng ph\u1ea3i ch\u1ecbu r\u1ee7i ro h\u00f3a \u0111\u01a1n l\u1edbn. Khi m\u1edf r\u1ed9ng quy m\u00f4, chi ph\u00ed c\u1ee7a b\u1ea1n s\u1ebd t\u0103ng theo kh\u1ed1i l\u01b0\u1ee3ng m\u1ed9t c\u00e1ch minh b\u1ea1ch.<\/li>\n\n\n\n<li><strong>S\u1ef1 \u0111\u00e1nh \u0111\u1ed5i c\u1ee7a SleekFlow<\/strong>: B\u1ea1n tr\u1ea3 ti\u1ec1n cho m\u1ed7i tin nh\u1eafn m\u1eabu, t\u00f9y thu\u1ed9c v\u00e0o tr\u01b0\u1eddng h\u1ee3p s\u1eed d\u1ee5ng (ti\u1ebfp th\u1ecb, ti\u1ec7n \u00edch, v.v.). M\u1eb7c d\u00f9 h\u1ecd cung c\u1ea5p m\u00f4 h\u00ecnh d\u1ef1a tr\u00ean MAC g\u1eafn chi ph\u00ed v\u1edbi m\u1ee9c \u0111\u1ed9 t\u01b0\u01a1ng t\u00e1c th\u1ef1c t\u1ebf, b\u1ea1n c\u1ea7n \u01b0\u1edbc t\u00ednh m\u1ee9c s\u1eed d\u1ee5ng c\u1ee7a m\u00ecnh m\u1ed9t c\u00e1ch c\u1ea9n th\u1eadn. <\/li>\n<\/ul>\n\n\n\n<h3 class=\"wp-block-heading\">2. T\u1ef1 \u0111\u1ed9ng h\u00f3a v\u00e0 s\u1ee9c m\u1ea1nh th\u1ef1c thi<\/h3>\n\n\n\n<ul class=\"wp-block-list\">\n<li><strong>\u01afu \u0111i\u1ec3m c\u1ee7a WABOOM<\/strong>: H\u1ecd kh\u00f4ng ch\u1ec9 cung c\u1ea5p cho b\u1ea1n c\u00e1c c\u00f4ng c\u1ee5 m\u00e0 h\u1ecd <strong>th\u1ef1c hi\u1ec7n<\/strong> chi\u1ebfn l\u01b0\u1ee3c t\u0103ng tr\u01b0\u1edfng c\u1ee7a b\u1ea1n: ch\u1ea1y chi\u1ebfn d\u1ecbch qu\u1ea3ng c\u00e1o, x\u00e2y d\u1ef1ng lu\u1ed3ng v\u00e0 t\u1ed1i \u01b0u h\u00f3a chuy\u1ec3n \u0111\u1ed5i.<\/li>\n\n\n\n<li><strong>S\u1ef1 \u0111\u00e1nh \u0111\u1ed5i c\u1ee7a SleekFlow<\/strong>: T\u00ednh linh ho\u1ea1t tuy\u1ec7t v\u1eddi v\u1edbi Flow Builder, AI agent v\u00e0 API c\u1ee7a h\u1ecd. Nh\u01b0ng \u0111\u1ec3 t\u1ed1i \u0111a h\u00f3a s\u1ee9c m\u1ea1nh \u0111\u00f3, b\u1ea1n c\u1ea7n thi\u1ebft k\u1ebf v\u00e0 s\u1edf h\u1eefu lu\u1ed3ng c\u00f4ng vi\u1ec7c c\u1ee7a m\u00ecnh, t\u1ef1 ch\u1ee7 h\u01a1n v\u00e0 l\u00e0m vi\u1ec7c nhi\u1ec1u h\u01a1n.<\/li>\n<\/ul>\n\n\n\n<h3 class=\"wp-block-heading\">3. H\u1ed7 tr\u1ee3, Quy m\u00f4 nh\u00f3m &amp; H\u1ee3p t\u00e1c<\/h3>\n\n\n\n<ul class=\"wp-block-list\">\n<li><strong>\u01afu \u0111i\u1ec3m c\u1ee7a WABOOM<\/strong>: M\u1ed9t qu\u1ea3n l\u00fd t\u00e0i kho\u1ea3n chuy\u00ean tr\u00e1ch s\u1ebd \u0111\u1ea3m b\u1ea3o b\u1ea1n kh\u00f4ng b\u1ecb b\u1ecf l\u1ea1i m\u1ed9t m\u00ecnh trong qu\u00e1 tr\u00ecnh ph\u00e1t tri\u1ec3n. H\u1ecd ch\u1ee7 \u0111\u1ed9ng gi\u00fap b\u1ea1n t\u1ed1i \u01b0u h\u00f3a th\u00f4ng \u0111i\u1ec7p, chi\u1ebfn d\u1ecbch v\u00e0 \u0111\u1ecbnh tuy\u1ebfn.<\/li>\n\n\n\n<li><strong>S\u1ef1 \u0111\u00e1nh \u0111\u1ed5i c\u1ee7a SleekFlow<\/strong>: H\u1ed7 tr\u1ee3 v\u1eefng ch\u1eafc, nh\u01b0ng chi ph\u00ed h\u1ed7 tr\u1ee3 chi\u1ebfn l\u01b0\u1ee3c v\u00e0 t\u01b0 v\u1ea5n cao h\u01a1n. N\u1ec1n t\u1ea3ng c\u1ee7a h\u1ecd \u0111\u01b0\u1ee3c thi\u1ebft k\u1ebf \u0111\u1ec3 c\u00e1c nh\u00f3m v\u1eadn h\u00e0nh x\u00e2y d\u1ef1ng v\u00e0 m\u1edf r\u1ed9ng quy m\u00f4, \u00edt l\u00e0m s\u1eb5n h\u01a1n, m\u00e0 t\u1ef1 l\u00e0m nhi\u1ec1u h\u01a1n v\u1edbi s\u1ef1 h\u01b0\u1edbng d\u1eabn.<\/li>\n<\/ul>\n\n\n\n<h2 class=\"wp-block-heading\"> \u01afu v\u00e0 nh\u01b0\u1ee3c \u0111i\u1ec3m: WABOOM so v\u1edbi SleekFlow<\/h2>\n\n\n\n<figure class=\"wp-block-table\"><table class=\"has-fixed-layout\"><thead><tr><th>Lo\u1ea1i<\/th><th><strong>WABOOM (\u0110\u1ed1i t\u00e1c t\u0103ng tr\u01b0\u1edfng)<\/strong><\/th><th><strong>SleekFlow (N\u1ec1n t\u1ea3ng)<\/strong><\/th><\/tr><\/thead><tbody><tr><td><strong>\u01afu \u0111i\u1ec3m<\/strong><\/td><td>\u2013 Kh\u00f4ng t\u00ednh th\u00eam ph\u00ed Meta- 10.000 tin nh\u1eafn mi\u1ec5n ph\u00ed khi b\u1eaft \u0111\u1ea7u- D\u1ecbch v\u1ee5 qu\u1ea3ng c\u00e1o + chatbot tr\u1ecdn g\u00f3i- Kh\u00f4ng gi\u1edbi h\u1ea1n \u0111\u1ea1i l\u00fd- Chi ph\u00ed c\u00f3 th\u1ec3 d\u1ef1 \u0111o\u00e1n v\u00e0 m\u1edf r\u1ed9ng<\/td><td>\u2013 API th\u1ef1c s\u1ef1 + s\u1ee9c m\u1ea1nh t\u1ef1 \u0111\u1ed9ng h\u00f3a - Tr\u00ecnh t\u1ea1o lu\u1ed3ng tr\u1ef1c quan + t\u00e1c nh\u00e2n AI - H\u1ed9p th\u01b0 \u0111\u1ebfn v\u00e0 \u0111\u1ecbnh tuy\u1ebfn \u0111a t\u00e1c nh\u00e2n - K\u1ebft n\u1ed1i v\u1edbi CRM v\u00e0 th\u01b0\u01a1ng m\u1ea1i \u0111i\u1ec7n t\u1eed - Gi\u00e1 linh ho\u1ea1t g\u1eafn li\u1ec1n v\u1edbi s\u1ef1 t\u01b0\u01a1ng t\u00e1c<\/td><\/tr><tr><td><strong>Nh\u01b0\u1ee3c \u0111i\u1ec3m \/ \u0110\u00e1nh \u0111\u1ed5i<\/strong><\/td><td>\u2013 Y\u00eau c\u1ea7u tin t\u01b0\u1edfng v\u00e0o \u0111\u1ed1i t\u00e1c \u0111\u1ec3 ch\u1ea1y chi\u1ebfn d\u1ecbch c\u1ee7a b\u1ea1n- Ph\u00ed n\u1ec1n t\u1ea3ng c\u1ed1 \u0111\u1ecbnh c\u00f3 th\u1ec3 \u0111\u01b0\u1ee3c \u00e1p d\u1ee5ng khi b\u1ea1n m\u1edf r\u1ed9ng quy m\u00f4<\/td><td>\u2013 Chi ph\u00ed nh\u1eafn tin ph\u1ee5 thu\u1ed9c v\u00e0o m\u1eabu- B\u1ea1n ph\u1ea3i thi\u1ebft k\u1ebf v\u00e0 t\u1ed1i \u01b0u h\u00f3a lu\u1ed3ng- H\u1ed7 tr\u1ee3 chi\u1ebfn l\u01b0\u1ee3c c\u00f3 th\u1ec3 t\u1ed1n k\u00e9m h\u01a1n- C\u1ea7n nhi\u1ec1u n\u1ed7 l\u1ef1c n\u1ed9i b\u1ed9 h\u01a1n \u0111\u1ec3 t\u1ed1i \u0111a h\u00f3a ROI<\/td><\/tr><\/tbody><\/table><\/figure>\n\n\n\n<hr class=\"wp-block-separator has-alpha-channel-opacity\"\/>\n\n\n\n<h2 class=\"wp-block-heading\">\u2753 C\u00e2u h\u1ecfi th\u01b0\u1eddng g\u1eb7p (FAQ)<\/h2>\n\n\n\n<p><strong>H: SleekFlow c\u00f3 cho ph\u00e9p b\u1ea1n tr\u1ea3 l\u1eddi kh\u00e1ch h\u00e0ng &quot;mi\u1ec5n ph\u00ed&quot; trong Windows kh\u00f4ng?<\/strong><br><strong>M\u1ed8T:<\/strong> C\u00f3. Khi kh\u00e1ch h\u00e0ng nh\u1eafn tin cho b\u1ea1n, c\u1eeda s\u1ed5 d\u1ecbch v\u1ee5 kh\u00e1ch h\u00e0ng 24 gi\u1edd s\u1ebd m\u1edf ra, trong th\u1eddi gian \u0111\u00f3 b\u1ea1n c\u00f3 th\u1ec3 g\u1eedi ph\u1ea3n h\u1ed3i t\u00f9y \u00fd. <br>Ngo\u00e0i ra, n\u1ebfu \u0111\u01b0\u1ee3c kh\u1edfi t\u1ea1o th\u00f4ng qua Click-to-WhatsApp ho\u1eb7c ph\u01b0\u01a1ng th\u1ee9c t\u01b0\u01a1ng t\u1ef1, c\u00f3 th\u1ec3 \u00e1p d\u1ee5ng th\u1eddi h\u1ea1n &quot;\u0111i\u1ec3m v\u00e0o mi\u1ec5n ph\u00ed&quot; l\u00e0 72 gi\u1edd. <\/p>\n\n\n\n<p><strong>H: Tin nh\u1eafn m\u1eabu (nh\u01b0 tin nh\u1eafn ti\u1ebfp th\u1ecb ho\u1eb7c tin nh\u1eafn ti\u1ec7n \u00edch) \u0111\u01b0\u1ee3c t\u00ednh ph\u00ed nh\u01b0 th\u1ebf n\u00e0o tr\u00ean SleekFlow?<\/strong><br><strong>M\u1ed8T:<\/strong> H\u1ecd s\u1eed d\u1ee5ng m\u00f4 h\u00ecnh \u0111\u1ecbnh gi\u00e1 theo m\u1eabu tin nh\u1eafn. M\u1ee9c gi\u00e1 ph\u1ee5 thu\u1ed9c v\u00e0o danh m\u1ee5c tin nh\u1eafn (ti\u1ebfp th\u1ecb, ti\u1ec7n \u00edch, v.v.).<\/p>\n\n\n\n<p><strong>H: T\u00f4i c\u00f3 th\u1ec3 t\u00edch h\u1ee3p CRM (nh\u01b0 HubSpot ho\u1eb7c Shopify) v\u1edbi SleekFlow kh\u00f4ng?<\/strong><br><strong>M\u1ed8T:<\/strong> C\u00f3, SleekFlow h\u1ed7 tr\u1ee3 t\u00edch h\u1ee3p CRM v\u00e0 th\u01b0\u01a1ng m\u1ea1i \u0111i\u1ec7n t\u1eed, cho ph\u00e9p t\u1ef1 \u0111\u1ed9ng h\u00f3a s\u00e2u v\u00e0 \u0111\u1ed3ng b\u1ed9 d\u1eef li\u1ec7u. <\/p>\n\n\n\n<p><strong>H: SleekFlow c\u00f3 h\u1ed7 tr\u1ee3 nhi\u1ec1u t\u00e1c nh\u00e2n tr\u00ean WhatsApp kh\u00f4ng?<\/strong><br><strong>M\u1ed8T:<\/strong> C\u00f3. N\u00f3 c\u00f3 h\u1ed9p th\u01b0 \u0111\u1ebfn cho nhi\u1ec1u t\u00e1c nh\u00e2n v\u1edbi c\u00e1c quy t\u1eafc \u0111\u1ecbnh tuy\u1ebfn v\u00e0 kh\u1ea3 n\u0103ng c\u1ed9ng t\u00e1c nh\u00f3m. <\/p>\n\n\n\n<p><strong>H: Tr\u00ecnh x\u00e2y d\u1ef1ng t\u1ef1 \u0111\u1ed9ng h\u00f3a c\u1ee7a h\u1ecd linh ho\u1ea1t \u0111\u1ebfn m\u1ee9c n\u00e0o?<\/strong><br><strong>M\u1ed8T:<\/strong> R\u1ea5t. Flow Builder c\u1ee7a h\u1ecd tr\u1ef1c quan v\u00e0 m\u1ea1nh m\u1ebd, cho ph\u00e9p b\u1ea1n thi\u1ebft k\u1ebf quy tr\u00ecnh l\u00e0m vi\u1ec7c t\u00f9y ch\u1ec9nh, lu\u1ed3ng h\u1ed7 tr\u1ee3 AI v\u00e0 \u0111\u1ecbnh tuy\u1ebfn d\u1ef1a tr\u00ean k\u00edch ho\u1ea1t. <\/p>\n\n\n\n<h2 class=\"wp-block-heading\">Ai th\u1eafng?<\/h2>\n\n\n\n<ul class=\"wp-block-list\">\n<li>Ch\u1ecdn <strong>WABOOM<\/strong> n\u1ebfu b\u1ea1n:<br>\u2714 Mu\u1ed1n <strong>chuy\u1ec3n giao chi\u1ebfn l\u01b0\u1ee3c, th\u1ef1c hi\u1ec7n qu\u1ea3ng c\u00e1o v\u00e0 t\u0103ng tr\u01b0\u1edfng cho \u0111\u1ed1i t\u00e1c<\/strong><br>\u2714 Tr\u00e2n tr\u1ecdng <strong>gi\u00e1 c\u1ea3 c\u00f3 th\u1ec3 d\u1ef1 \u0111o\u00e1n \u0111\u01b0\u1ee3c<\/strong> kh\u00f4ng c\u00f3 \u0111\u00e1nh d\u1ea5u + m\u1ed9t t\u1ea7ng nh\u1eafn tin mi\u1ec5n ph\u00ed<br>\u2714 Th\u00edch m\u1ed1i quan h\u1ec7 t\u01b0\u01a1ng t\u00e1c cao: ai \u0111\u00f3 \u0111\u1ea7u t\u01b0 v\u00e0o qu\u00e1 tr\u00ecnh chuy\u1ec3n \u0111\u1ed5i v\u00e0 m\u1edf r\u1ed9ng quy m\u00f4 c\u1ee7a b\u1ea1n<br>\u2714 Mu\u1ed1n th\u1eed nghi\u1ec7m v\u00e0 m\u1edf r\u1ed9ng quy m\u00f4 m\u00e0 kh\u00f4ng c\u00f3 r\u1ee7i ro v\u1edbi ng\u01b0\u1eddi d\u00f9ng th\u1ef1c t\u1ebf<\/li>\n\n\n\n<li>Ch\u1ecdn <strong>SleekFlow<\/strong> n\u1ebfu b\u1ea1n:<br>\u2714 C\u00f3 \u0111\u1ed9i ng\u0169 chi\u1ebfn l\u01b0\u1ee3c ho\u1eb7c v\u1eadn h\u00e0nh n\u1ed9i b\u1ed9 s\u1eb5n s\u00e0ng x\u00e2y d\u1ef1ng v\u00e0 v\u1eadn h\u00e0nh t\u1ef1 \u0111\u1ed9ng h\u00f3a<br>\u2714 C\u1ea7n ki\u1ec3m so\u00e1t s\u00e2u th\u00f4ng qua Flow Builder + t\u00e1c nh\u00e2n AI<br>\u2714 Mu\u1ed1n c\u1ed9ng t\u00e1c nhi\u1ec1u t\u00e1c nh\u00e2n v\u00e0 qu\u1ea3n l\u00fd h\u1ed9p th\u01b0 \u0111\u1ebfn<br>\u2714 T\u1eadp trung v\u00e0o vi\u1ec7c t\u00edch h\u1ee3p WhatsApp s\u00e2u s\u1eafc v\u1edbi CRM ho\u1eb7c th\u01b0\u01a1ng m\u1ea1i \u0111i\u1ec7n t\u1eed c\u1ee7a b\u1ea1n<\/li>\n<\/ul>\n\n\n\n<p><strong>T\u00f3m l\u1ea1i:<\/strong><br>N\u1ebfu b\u1ea1n \u0111ang m\u1edf r\u1ed9ng quy m\u00f4 nhanh ch\u00f3ng, mu\u1ed1n c\u00f3 m\u1ed9t \u0111\u1ed1i t\u00e1c th\u1ef1c hi\u1ec7n v\u00e0 quan t\u00e2m \u0111\u1ebfn t\u00ednh minh b\u1ea1ch v\u1ec1 chi ph\u00ed, <strong>WABOOM<\/strong> l\u00e0 m\u1ed9t l\u1ef1a ch\u1ecdn m\u1ea1nh m\u1ebd v\u00e0 \u00edt r\u1ee7i ro.<br>N\u1ebfu b\u1ea1n mu\u1ed1n c\u00f3 s\u1ef1 linh ho\u1ea1t, ki\u1ec3m so\u00e1t v\u00e0 t\u1ef1 \u0111\u1ed9ng h\u00f3a s\u00e2u t\u1ed1i \u0111a, <strong>SleekFlow<\/strong> cung c\u1ea5p cho b\u1ea1n c\u00e1c c\u00f4ng c\u1ee5 nh\u01b0ng <strong>b\u1ea1n th\u00fac \u0111\u1ea9y s\u1ef1 t\u0103ng tr\u01b0\u1edfng<\/strong>.<\/p>","protected":false},"excerpt":{"rendered":"<p>Great here\u2019s a WABOOM vs. SleekFlow comparison in your locked, Neil\u202fPatel\u2013style format, showing where each platform shines, where they trade off, and when you might pick one over the other. Stop Wasting Money on Messaging Platforms That Leave You Doing All the Work Many WhatsApp tools feel powerful AI agents, automations, inboxes but most leave&#8230;<\/p>","protected":false},"author":1,"featured_media":0,"parent":0,"menu_order":0,"comment_status":"closed","ping_status":"closed","template":"","meta":{"_bbp_topic_count":0,"_bbp_reply_count":0,"_bbp_total_topic_count":0,"_bbp_total_reply_count":0,"_bbp_voice_count":0,"_bbp_anonymous_reply_count":0,"_bbp_topic_count_hidden":0,"_bbp_reply_count_hidden":0,"_bbp_forum_subforum_count":0,"_monsterinsights_skip_tracking":false,"_monsterinsights_sitenote_active":false,"_monsterinsights_sitenote_note":"","_monsterinsights_sitenote_category":0,"footnotes":""},"class_list":["post-6361","page","type-page","status-publish","hentry"],"_links":{"self":[{"href":"https:\/\/waboom.net\/vi\/wp-json\/wp\/v2\/pages\/6361","targetHints":{"allow":["GET"]}}],"collection":[{"href":"https:\/\/waboom.net\/vi\/wp-json\/wp\/v2\/pages"}],"about":[{"href":"https:\/\/waboom.net\/vi\/wp-json\/wp\/v2\/types\/page"}],"author":[{"embeddable":true,"href":"https:\/\/waboom.net\/vi\/wp-json\/wp\/v2\/users\/1"}],"replies":[{"embeddable":true,"href":"https:\/\/waboom.net\/vi\/wp-json\/wp\/v2\/comments?post=6361"}],"version-history":[{"count":0,"href":"https:\/\/waboom.net\/vi\/wp-json\/wp\/v2\/pages\/6361\/revisions"}],"wp:attachment":[{"href":"https:\/\/waboom.net\/vi\/wp-json\/wp\/v2\/media?parent=6361"}],"curies":[{"name":"wp","href":"https:\/\/api.w.org\/{rel}","templated":true}]}}