{"id":6371,"date":"2025-11-17T19:30:25","date_gmt":"2025-11-17T19:30:25","guid":{"rendered":"https:\/\/waboom.net\/?page_id=6371"},"modified":"2025-11-19T13:05:46","modified_gmt":"2025-11-19T13:05:46","slug":"waboom-vs-wasender","status":"publish","type":"page","link":"https:\/\/waboom.net\/vi\/waboom-vs-wasender\/","title":{"rendered":"WABOOM \u0111\u1ea5u v\u1edbi WASender"},"content":{"rendered":"<h1 class=\"wp-block-heading\">Ng\u1eebng tr\u1ea3 ti\u1ec1n cho c\u00e1c c\u00f4ng c\u1ee5 nh\u1eafn tin khi\u1ebfn b\u1ea1n ph\u1ea3i l\u00e0m t\u1ea5t c\u1ea3 m\u1ecdi vi\u1ec7c<\/h1>\n\n\n\n<p>Nhi\u1ec1u c\u00f4ng c\u1ee5 &quot;WhatsApp blast&quot; tr\u00f4ng c\u00f3 v\u1ebb r\u1ebb ti\u1ec1n, nh\u01b0ng khi b\u1ea1n mu\u1ed1n <strong>m\u1edf r\u1ed9ng quy m\u00f4, chuy\u1ec3n \u0111\u1ed5i v\u00e0 t\u1ef1 \u0111\u1ed9ng h\u00f3a<\/strong>, ch\u00fang th\u01b0\u1eddng kh\u00f4ng \u0111\u1ea1t y\u00eau c\u1ea7u. N\u1ebfu b\u1ea1n c\u1ea7n <strong>gi\u00e1 c\u1ea3 c\u00f3 th\u1ec3 d\u1ef1 \u0111o\u00e1n \u0111\u01b0\u1ee3c, th\u1ef1c hi\u1ec7n d\u1ecbch v\u1ee5 \u0111\u1ea7y \u0111\u1ee7 v\u00e0 m\u1ed9t \u0111\u1ed1i t\u00e1c th\u00fac \u0111\u1ea9y t\u0103ng tr\u01b0\u1edfng<\/strong>, b\u1ea1n n\u00ean so s\u00e1nh WABOOM v\u1edbi WASender \u2014 v\u00ec th\u1ee9 b\u1ea1n th\u1ef1c s\u1ef1 mu\u1ed1n kh\u00f4ng ph\u1ea3i l\u00e0 m\u1ed9t c\u00f4ng c\u1ee5 kh\u00e1c, m\u00e0 l\u00e0 <strong>k\u1ebft qu\u1ea3<\/strong>.<\/p>\n\n\n\n<h2 class=\"wp-block-heading\">\ud83d\udd25 WABOOM so v\u1edbi WASender: So s\u00e1nh t\u1eebng t\u00ednh n\u0103ng<\/h2>\n\n\n\n<figure class=\"wp-block-table\"><table class=\"has-fixed-layout\"><thead><tr><th>T\u00ednh n\u0103ng<\/th><th><strong>WABOOM (\u0110\u1ed1i t\u00e1c t\u0103ng tr\u01b0\u1edfng d\u1ecbch v\u1ee5 tr\u1ecdn g\u00f3i)<\/strong><\/th><th><strong>WASender (C\u00f4ng c\u1ee5 WhatsApp h\u00e0ng lo\u1ea1t \/ N\u1ec1n t\u1ea3ng t\u1ef1 ph\u1ee5c v\u1ee5)<\/strong><\/th><\/tr><\/thead><tbody><tr><td><strong>Chi ph\u00ed tin nh\u1eafn v\u00e0 \u0111\u00e1nh d\u1ea5u<\/strong><\/td><td>Ph\u00ed tr\u00f2 chuy\u1ec7n 0% tr\u00ean WhatsApp (Meta) + ph\u00ed n\u1ec1n t\u1ea3ng c\u1ed1 \u0111\u1ecbnh. G\u00f3i Mi\u1ec5n ph\u00ed V\u0129nh vi\u1ec5n v\u1edbi <strong>10.000 tin nh\u1eafn mi\u1ec5n ph\u00ed<\/strong> bao g\u1ed3m.<\/td><td>Ch\u1ee7 y\u1ebfu l\u00e0 m\u1ed9t c\u00f4ng c\u1ee5 nh\u1eafn tin h\u00e0ng lo\u1ea1t \u2014 c\u00f3 th\u1ec3 c\u1ea7n n\u00e2ng c\u1ea5p ho\u1eb7c phi\u00ean b\u1ea3n chuy\u00ean nghi\u1ec7p \u0111\u1ec3 c\u00f3 c\u00e1c t\u00ednh n\u0103ng n\u00e2ng cao. Chi ph\u00ed v\u00e0 gi\u1edbi h\u1ea1n th\u01b0\u1eddng ph\u1ee5 thu\u1ed9c v\u00e0o c\u00e1ch s\u1eed d\u1ee5ng, gi\u1ea5y ph\u00e9p ho\u1eb7c phi\u00ean b\u1ea3n plugin. <\/td><\/tr><tr><td><strong>Minh b\u1ea1ch v\u1ec1 gi\u00e1 c\u1ea3<\/strong><\/td><td>C\u00f3 th\u1ec3 d\u1ef1 \u0111o\u00e1n \u0111\u01b0\u1ee3c: n\u1ec1n t\u1ea3ng c\u1ed1 \u0111\u1ecbnh + chi ph\u00ed WhatsApp th\u1ef1c s\u1ef1.<\/td><td>Minh b\u1ea1ch nh\u01b0 qu\u1ea3ng c\u00e1o, nh\u01b0ng m\u00f4 h\u00ecnh chi ph\u00ed kh\u00f4ng ph\u00f9 h\u1ee3p cho vi\u1ec7c ph\u00e1t tri\u1ec3n to\u00e0n di\u1ec7n: plugin g\u1eedi h\u00e0ng lo\u1ea1t + ph\u00ed c\u1ea5p ph\u00e9p thay v\u00ec d\u1ecbch v\u1ee5 \u0111\u1ea7y \u0111\u1ee7.<\/td><\/tr><tr><td><strong>\u0110\u0103ng nh\u1eadp c\u1ee7a \u0110\u1ea1i l\u00fd\/Nh\u00f3m v\u00e0 C\u1ed9ng t\u00e1c Nhi\u1ec1u ng\u01b0\u1eddi d\u00f9ng<\/strong><\/td><td>S\u1ed1 l\u01b0\u1ee3ng \u0111\u1ea1i l\u00fd kh\u00f4ng gi\u1edbi h\u1ea1n tr\u00ean h\u1ea7u h\u1ebft c\u00e1c g\u00f3i \u2014 t\u1ef1 do m\u1edf r\u1ed9ng \u0111\u1ed9i ng\u0169 h\u1ed7 tr\u1ee3 ho\u1eb7c b\u00e1n h\u00e0ng c\u1ee7a b\u1ea1n.<\/td><td>\u0110\u01b0\u1ee3c thi\u1ebft k\u1ebf d\u00e0nh cho m\u1ee5c \u0111\u00edch s\u1eed d\u1ee5ng c\u00e1 nh\u00e2n ho\u1eb7c nh\u00f3m nh\u1ecf h\u01a1n; h\u1ed9p th\u01b0 \u0111\u1ebfn c\u1ee7a nh\u00f3m, c\u1ea5p ph\u00e9p ch\u1ed7 ng\u1ed3i ng\u01b0\u1eddi d\u00f9ng v\u00e0 quy tr\u00ecnh l\u00e0m vi\u1ec7c c\u1ee7a nhi\u1ec1u t\u00e1c nh\u00e2n c\u00f3 th\u1ec3 b\u1ecb h\u1ea1n ch\u1ebf ho\u1eb7c y\u00eau c\u1ea7u c\u00e1c c\u00f4ng c\u1ee5 ri\u00eang bi\u1ec7t.<\/td><\/tr><tr><td><strong>Chi\u1ebfn l\u01b0\u1ee3c v\u00e0 th\u1ef1c hi\u1ec7n qu\u1ea3ng c\u00e1o<\/strong><\/td><td>D\u1ecbch v\u1ee5 \u0111\u1ea7y \u0111\u1ee7: WABOOM x\u1eed l\u00fd qu\u1ea3ng c\u00e1o Click-to-WhatsApp, x\u00e2y d\u1ef1ng lu\u1ed3ng, t\u1ed1i \u01b0u h\u00f3a chi\u1ebfn d\u1ecbch \u0111\u1ec3 chuy\u1ec3n \u0111\u1ed5i.<\/td><td>WASender l\u00e0 c\u00f4ng c\u1ee5 d\u1ef1a tr\u00ean: b\u1ea1n ph\u1ea3i thi\u1ebft l\u1eadp c\u00e1c chi\u1ebfn d\u1ecbch, lu\u1ed3ng v\u00e0 t\u1ed1i \u01b0u h\u00f3a \u2014 n\u00f3 kh\u00f4ng \u0111\u00f3ng vai tr\u00f2 l\u00e0 \u0111\u1ed1i t\u00e1c t\u0103ng tr\u01b0\u1edfng.<\/td><\/tr><tr><td><strong>Qu\u1ea3ng c\u00e1o nh\u1ea5p v\u00e0o WhatsApp &amp; Ghi nh\u1eadn s\u00e2u<\/strong><\/td><td>Ph\u00e2n kh\u00fac n\u00e2ng cao + t\u00edch h\u1ee3p CAPI g\u1ed1c + \u0111\u1ecbnh tuy\u1ebfn \u0111\u1ebfn \u0111\u00fang t\u00e1c nh\u00e2n\/lu\u1ed3ng \u2014 \u0111\u01b0\u1ee3c x\u00e2y d\u1ef1ng cho m\u1ee5c \u0111\u00edch chuy\u1ec3n \u0111\u1ed5i.<\/td><td>T\u1eadp trung v\u00e0o nh\u1eafn tin h\u00e0ng lo\u1ea1t: t\u1ea3i l\u00ean Excel, c\u00e1 nh\u00e2n h\u00f3a, t\u1ec7p \u0111\u00ednh k\u00e8m. N\u00f3 thi\u1ebfu chi\u1ebfn l\u01b0\u1ee3c t\u00edch h\u1ee3p ho\u1eb7c khu\u00f4n kh\u1ed5 ph\u00e2n b\u1ed5 s\u00e2u. <\/td><\/tr><tr><td><strong>Tr\u00ecnh t\u1ea1o Chatbot \/ T\u1ef1 \u0111\u1ed9ng h\u00f3a<\/strong><\/td><td>Tr\u00ecnh x\u00e2y d\u1ef1ng k\u00e9o v\u00e0 th\u1ea3 \u0111\u01b0\u1ee3c m\u1edf kh\u00f3a ho\u00e0n to\u00e0n, lu\u1ed3ng logic, kh\u00f4ng c\u00f3 &quot;thu\u1ebf t\u00ednh n\u0103ng&quot; \u0111\u1ed1i v\u1edbi logic ho\u1eb7c \u0111\u1ed9 ph\u1ee9c t\u1ea1p.<\/td><td>C\u00f3 c\u00e1c c\u00f4ng c\u1ee5 t\u1ef1 \u0111\u1ed9ng h\u00f3a cho nh\u1eafn tin h\u00e0ng lo\u1ea1t (t\u1ea3i l\u00ean Excel, c\u00e1 nh\u00e2n h\u00f3a, t\u1ec7p \u0111\u00ednh k\u00e8m), nh\u01b0ng kh\u00f4ng nh\u1ea5t thi\u1ebft ph\u1ea3i c\u00f3 kh\u1ea3 n\u0103ng t\u1ef1 \u0111\u1ed9ng h\u00f3a to\u00e0n di\u1ec7n \u1edf c\u1ea5p \u0111\u1ed9 doanh nghi\u1ec7p ho\u1eb7c \u0111\u1ecbnh tuy\u1ebfn bot \u1edf quy m\u00f4 l\u1edbn.<\/td><\/tr><tr><td><strong>Truy c\u1eadp &amp; T\u00edch h\u1ee3p API \/ Webhook<\/strong><\/td><td>Quy\u1ec1n truy c\u1eadp API kh\u00f4ng gi\u1edbi h\u1ea1n, kh\u00f4ng h\u1ea1n ch\u1ebf \u0111\u1ec3 b\u1ea1n c\u00f3 th\u1ec3 t\u00edch h\u1ee3p s\u00e2u v\u1edbi CRM, h\u1ec7 th\u1ed1ng ph\u1ee5 tr\u1ee3, ph\u00e2n t\u00edch, quy tr\u00ecnh l\u00e0m vi\u1ec7c.<\/td><td>\u0110\u01b0\u1ee3c thi\u1ebft k\u1ebf chuy\u00ean bi\u1ec7t cho vi\u1ec7c g\u1eedi tin nh\u1eafn h\u00e0ng lo\u1ea1t qua Excel\/CSV ho\u1eb7c plugin. H\u1ed7 tr\u1ee3 API\/webhook b\u1ecb h\u1ea1n ch\u1ebf h\u01a1n ho\u1eb7c c\u00f3 th\u1ec3 y\u00eau c\u1ea7u thi\u1ebft l\u1eadp ho\u1eb7c gi\u1ea5y ph\u00e9p b\u1ed5 sung.<\/td><\/tr><tr><td><strong>M\u00f4 h\u00ecnh h\u1ed7 tr\u1ee3 &amp; \u0110\u1ed1i t\u00e1c t\u0103ng tr\u01b0\u1edfng<\/strong><\/td><td>Qu\u1ea3n l\u00fd t\u00e0i kho\u1ea3n chuy\u00ean d\u1ee5ng + h\u1ed7 tr\u1ee3 ch\u1ee7 \u0111\u1ed9ng (cu\u1ed9c g\u1ecdi, Zoom, tr\u00f2 chuy\u1ec7n) + \u0111i\u1ec1u ch\u1ec9nh chi\u1ebfn l\u01b0\u1ee3c t\u0103ng tr\u01b0\u1edfng.<\/td><td>H\u1ed7 tr\u1ee3 mang t\u00ednh t\u1ef1 ph\u1ee5c v\u1ee5 h\u01a1n: b\u1ea1n s\u1eed d\u1ee5ng c\u00f4ng c\u1ee5 v\u00e0 t\u1ef1 qu\u1ea3n l\u00fd c\u00e1c chi\u1ebfn d\u1ecbch \u2014 \u00edt c\u1ea7n s\u1ef1 h\u1ed7 tr\u1ee3 t\u1eeb \u0111\u1ed1i t\u00e1c h\u01a1n.<\/td><\/tr><tr><td><strong>Ph\u00e1t s\u00f3ng \/ Nh\u1eafn tin kh\u1ed1i l\u01b0\u1ee3ng l\u1edbn &amp; Quy m\u00f4<\/strong><\/td><td>\u0110\u01b0\u1ee3c x\u00e2y d\u1ef1ng cho quy m\u00f4 c\u1ea5p doanh nghi\u1ec7p: th\u00f4ng l\u01b0\u1ee3ng cao, nh\u1eafn tin theo chi\u1ebfn d\u1ecbch, \u0111\u01b0\u1ee3c t\u1ed1i \u01b0u h\u00f3a \u0111\u1ec3 ph\u00e2n ph\u1ed1i v\u00e0 \u0111\u1ecbnh tuy\u1ebfn.<\/td><td>C\u00f3 kh\u1ea3 n\u0103ng x\u1eed l\u00fd kh\u1ed1i l\u01b0\u1ee3ng tin nh\u1eafn l\u1edbn, \u0111\u1eb7c bi\u1ec7t l\u00e0 \u0111\u1ed1i v\u1edbi tin nh\u1eafn g\u1eedi \u0111i, nh\u01b0ng c\u00f3 th\u1ec3 thi\u1ebfu kh\u1ea3 n\u0103ng t\u1ed1i \u01b0u h\u00f3a chi\u1ebfn l\u01b0\u1ee3c, logic \u0111\u1ecbnh tuy\u1ebfn, ph\u00e2n b\u1ed5 v\u00e0 c\u01a1 s\u1edf h\u1ea1 t\u1ea7ng quy m\u00f4 \u0111\u1ea7y \u0111\u1ee7 c\u1ea7n thi\u1ebft cho t\u0103ng tr\u01b0\u1edfng ROI cao.<\/td><\/tr><tr><td><strong>\u01afu \u0111\u00e3i mi\u1ec5n ph\u00ed \/ nh\u1eadp c\u1ea3nh<\/strong><\/td><td>C\u00f3: G\u00f3i mi\u1ec5n ph\u00ed v\u0129nh vi\u1ec5n bao g\u1ed3m 10.000 tin nh\u1eafn \u2014 gi\u00fap vi\u1ec7c th\u1eed nghi\u1ec7m c\u00f3 r\u1ee7i ro th\u1ea5p.<\/td><td>C\u00f3 nh\u1eefng phi\u00ean b\u1ea3n g\u1eedi th\u01b0 h\u00e0ng lo\u1ea1t mi\u1ec5n ph\u00ed ho\u1eb7c gi\u00e1 r\u1ea5t th\u1ea5p, nh\u01b0ng th\u01b0\u1eddng c\u00f3 gi\u1edbi h\u1ea1n ho\u1eb7c \u00edt t\u00ednh n\u0103ng h\u01a1n; \u0111\u01b0\u1ee3c thi\u1ebft k\u1ebf nhi\u1ec1u h\u01a1n cho m\u1ee5c \u0111\u00edch g\u1eedi th\u01b0 h\u00e0ng lo\u1ea1t t\u1ef1 ph\u1ee5c v\u1ee5.<\/td><\/tr><\/tbody><\/table><\/figure>\n\n\n\n<h2 class=\"wp-block-heading\"> T\u1ea1i sao nh\u1eefng kh\u00e1c bi\u1ec7t n\u00e0y th\u1ef1c s\u1ef1 quan tr\u1ecdng<\/h2>\n\n\n\n<h3 class=\"wp-block-heading\">1. R\u1ee7i ro chi ph\u00ed so v\u1edbi kh\u1ea3 n\u0103ng d\u1ef1 \u0111o\u00e1n<\/h3>\n\n\n\n<ul class=\"wp-block-list\">\n<li><strong>\u01afu \u0111i\u1ec3m c\u1ee7a WABOOM<\/strong>:V\u1edbi m\u1ee9c gi\u00e1 b\u1eb1ng kh\u00f4ng v\u00e0 g\u00f3i tin nh\u1eafn mi\u1ec5n ph\u00ed, b\u1ea1n c\u00f3 th\u1ec3 b\u1eaft \u0111\u1ea7u th\u1eed nghi\u1ec7m, sau \u0111\u00f3 m\u1edf r\u1ed9ng quy m\u00f4 v\u1edbi chi ph\u00ed d\u1ef1 \u0111o\u00e1n \u0111\u01b0\u1ee3c ph\u00f9 h\u1ee3p v\u1edbi kh\u1ed1i l\u01b0\u1ee3ng.<\/li>\n\n\n\n<li><strong>\u0110\u00e1nh \u0111\u1ed5i WASender<\/strong>:C\u00e1c c\u00f4ng c\u1ee5 h\u00e0ng lo\u1ea1t c\u00f3 v\u1ebb r\u1ebb l\u00fac \u0111\u1ea7u, nh\u01b0ng khi b\u1ea1n m\u1edf r\u1ed9ng quy m\u00f4, vi\u1ec7c qu\u1ea3n l\u00fd chi ph\u00ed, tu\u00e2n th\u1ee7, kh\u1ea3 n\u0103ng ph\u00e2n ph\u1ed1i v\u00e0 hi\u1ec7u su\u1ea5t tr\u1edf n\u00ean kh\u00f3 kh\u0103n h\u01a1n \u2014 \u00edt c\u01a1 ch\u1ebf t\u00edch h\u1ee3p s\u1eb5n cho chi\u1ebfn l\u01b0\u1ee3c ho\u1eb7c t\u1ed1i \u01b0u h\u00f3a h\u01a1n.<\/li>\n<\/ul>\n\n\n\n<h3 class=\"wp-block-heading\">2. C\u00f4ng c\u1ee5 so v\u1edbi \u0110\u1ed1i t\u00e1c t\u0103ng tr\u01b0\u1edfng<\/h3>\n\n\n\n<ul class=\"wp-block-list\">\n<li><strong>\u01afu \u0111i\u1ec3m c\u1ee7a WABOOM<\/strong>:B\u1ea1n kh\u00f4ng ch\u1ec9 nh\u1eadn \u0111\u01b0\u1ee3c m\u1ed9t c\u00f4ng c\u1ee5; b\u1ea1n c\u00f2n nh\u1eadn \u0111\u01b0\u1ee3c m\u1ed9t \u0111\u1ed1i t\u00e1c gi\u00fap x\u00e2y d\u1ef1ng chi\u1ebfn d\u1ecbch, t\u1ed1i \u01b0u h\u00f3a, \u0111\u1ecbnh tuy\u1ebfn kh\u00e1ch h\u00e0ng ti\u1ec1m n\u0103ng v\u00e0 th\u00fac \u0111\u1ea9y chuy\u1ec3n \u0111\u1ed5i.<\/li>\n\n\n\n<li><strong>\u0110\u00e1nh \u0111\u1ed5i WASender<\/strong>: Th\u00edch h\u1ee3p cho c\u00e1c chi\u1ebfn d\u1ecbch nh\u1ecf h\u01a1n ho\u1eb7c g\u1eedi h\u00e0ng lo\u1ea1t, nh\u01b0ng b\u1ea1n s\u1ebd ph\u1ea3i \u0111\u1ea3m nhi\u1ec7m nhi\u1ec1u c\u00f4ng vi\u1ec7c n\u1eb7ng nh\u1ecdc: x\u00e2y d\u1ef1ng quy tr\u00ecnh, t\u1ed1i \u01b0u h\u00f3a, qu\u1ea3n l\u00fd chi ph\u00ed, \u0111\u1ea3m b\u1ea3o kh\u1ea3 n\u0103ng ph\u00e2n ph\u1ed1i.<\/li>\n<\/ul>\n\n\n\n<h3 class=\"wp-block-heading\">3. H\u1ed7 tr\u1ee3 &amp; S\u1eb5n s\u00e0ng cho Doanh nghi\u1ec7p<\/h3>\n\n\n\n<ul class=\"wp-block-list\">\n<li><strong>\u01afu \u0111i\u1ec3m c\u1ee7a WABOOM<\/strong>:H\u1ed7 tr\u1ee3 chuy\u00ean d\u1ee5ng, s\u1ef1 t\u01b0\u01a1ng t\u00e1c cao v\u00e0 s\u1ef1 li\u00ean k\u1ebft chi\u1ebfn l\u01b0\u1ee3c c\u00f3 ngh\u0129a l\u00e0 b\u1ea1n \u0111\u01b0\u1ee3c trang b\u1ecb t\u1ed1t h\u01a1n \u0111\u1ec3 \u0111\u00e1p \u1ee9ng quy m\u00f4, quy tr\u00ecnh l\u00e0m vi\u1ec7c ph\u1ee9c t\u1ea1p v\u00e0 r\u1ee7i ro cao.<\/li>\n\n\n\n<li><strong>\u0110\u00e1nh \u0111\u1ed5i WASender<\/strong>: \u0110\u01b0\u1ee3c thi\u1ebft k\u1ebf cho quy tr\u00ecnh l\u00e0m vi\u1ec7c \u0111\u01a1n gi\u1ea3n h\u01a1n, nh\u00f3m nh\u1ecf h\u01a1n ho\u1eb7c t\u1ef1 ph\u1ee5c v\u1ee5. N\u1ebfu b\u1ea1n \u0111ang m\u1edf r\u1ed9ng quy m\u00f4 nhanh ho\u1eb7c c\u1ea7n \u0111\u1ecbnh tuy\u1ebfn s\u00e2u v\u00e0 \u0111\u1ed9 tin c\u1eady cao, b\u1ea1n c\u00f3 th\u1ec3 g\u1eb7p ph\u1ea3i gi\u1edbi h\u1ea1n.<\/li>\n<\/ul>\n\n\n\n<h2 class=\"wp-block-heading\"> \u01afu v\u00e0 nh\u01b0\u1ee3c \u0111i\u1ec3m: WABOOM so v\u1edbi WASender<\/h2>\n\n\n\n<figure class=\"wp-block-table\"><table class=\"has-fixed-layout\"><thead><tr><th><\/th><th><strong>WABOOM (\u0110\u1ed1i t\u00e1c t\u0103ng tr\u01b0\u1edfng)<\/strong><\/th><th><strong>WASender (N\u1ec1n t\u1ea3ng\/C\u00f4ng c\u1ee5)<\/strong><\/th><\/tr><\/thead><tbody><tr><td><strong>\u01afu \u0111i\u1ec3m<\/strong><\/td><td>\u2022 Kh\u00f4ng t\u0103ng gi\u00e1 c\u01b0\u1edbc tr\u00f2 chuy\u1ec7n tr\u00ean WhatsApp.<br>\u2022 10.000 tin nh\u1eafn mi\u1ec5n ph\u00ed \u0111\u1ec3 th\u1eed nghi\u1ec7m.<br>\u2022 D\u1ecbch v\u1ee5 qu\u1ea3ng c\u00e1o tr\u1ecdn g\u00f3i + t\u1ef1 \u0111\u1ed9ng h\u00f3a + qu\u1ea3n l\u00fd chuy\u1ec3n \u0111\u1ed5i.<br>\u2022 Kh\u00f4ng gi\u1edbi h\u1ea1n \u0111\u1ea1i l\u00fd (trong h\u1ea7u h\u1ebft c\u00e1c g\u00f3i).<br>\u2022 M\u00f4 h\u00ecnh m\u1edf r\u1ed9ng c\u00f3 th\u1ec3 d\u1ef1 \u0111o\u00e1n \u0111\u01b0\u1ee3c cho s\u1ef1 t\u0103ng tr\u01b0\u1edfng.<\/td><td>\u2022 \u0110i\u1ec3m v\u00e0o c\u00f3 chi ph\u00ed th\u1ea5p.<br>\u2022 H\u1eefu \u00edch cho vi\u1ec7c g\u1eedi tin nh\u1eafn h\u00e0ng lo\u1ea1t.<br>\u2022 C\u00f4ng c\u1ee5 \u0111\u01a1n gi\u1ea3n\u2014t\u1ea3i l\u00ean danh b\u1ea1, g\u1eedi tin nh\u1eafn, c\u00e1 nh\u00e2n h\u00f3a.<br>\u2022 Ph\u00f9 h\u1ee3p v\u1edbi c\u00e1c chi\u1ebfn d\u1ecbch c\u00f3 quy m\u00f4 nh\u1ecf\/ng\u00e2n s\u00e1ch th\u1ea5p.<\/td><\/tr><tr><td><strong>Nh\u01b0\u1ee3c \u0111i\u1ec3m \/ \u0110\u00e1nh \u0111\u1ed5i<\/strong><\/td><td>\u2022 B\u1ea1n d\u1ef1a v\u00e0o m\u1ed9t \u0111\u1ed1i t\u00e1c \u0111\u1ec3 th\u1ef1c hi\u1ec7n \u2014 n\u1ebfu b\u1ea1n th\u00edch ki\u1ec3m so\u00e1t n\u1ed9i b\u1ed9 ho\u00e0n to\u00e0n, \u0111i\u1ec1u \u0111\u00f3 c\u00f3 th\u1ec3 khi\u1ebfn b\u1ea1n c\u1ea3m th\u1ea5y \u00edt th\u1ef1c t\u1ebf h\u01a1n.<br>\u2022 Ph\u00ed n\u1ec1n t\u1ea3ng\/d\u1ecbch v\u1ee5 c\u1ed1 \u0111\u1ecbnh c\u00f3 th\u1ec3 \u0111\u01b0\u1ee3c \u00e1p d\u1ee5ng khi b\u1ea1n m\u1edf r\u1ed9ng quy m\u00f4.<\/td><td>\u2022 Chi ph\u00ed, kh\u1ea3 n\u0103ng ph\u00e2n ph\u1ed1i, t\u1ed1i \u01b0u h\u00f3a v\u00e0 \u0111\u1ecbnh tuy\u1ebfn l\u00e0 tr\u00e1ch nhi\u1ec7m c\u1ee7a b\u1ea1n.<br>\u2022 H\u1ed7 tr\u1ee3 chi\u1ebfn l\u01b0\u1ee3c h\u1ea1n ch\u1ebf; b\u1ea1n c\u00f3 th\u1ec3 s\u1ebd c\u1ea7n nhi\u1ec1u ngu\u1ed3n l\u1ef1c n\u1ed9i b\u1ed9 h\u01a1n \u0111\u1ec3 t\u1ed1i \u0111a h\u00f3a ROI.<br>\u2022 C\u00f3 th\u1ec3 thi\u1ebfu t\u00edch h\u1ee3p chi\u1ebfn d\u1ecbch qu\u1ea3ng c\u00e1o n\u00e2ng cao, ph\u00e2n b\u1ed5 s\u00e2u, t\u1ef1 \u0111\u1ed9ng h\u00f3a doanh nghi\u1ec7p.<\/td><\/tr><\/tbody><\/table><\/figure>\n\n\n\n<h2 class=\"wp-block-heading\"> Nh\u1eefng c\u00e2u h\u1ecfi th\u01b0\u1eddng g\u1eb7p (FAQ)<\/h2>\n\n\n\n<p><strong>H: WABOOM c\u00f3 th\u1ef1c s\u1ef1 cung c\u1ea5p g\u00f3i mi\u1ec5n ph\u00ed cho 10.000 tin nh\u1eafn kh\u00f4ng?<\/strong><br><strong>M\u1ed8T:<\/strong> C\u00f3 \u2014 m\u1ed9t trong nh\u1eefng l\u1ee3i th\u1ebf \u0111\u1ed9c \u0111\u00e1o c\u1ee7a h\u1ecd l\u00e0 \u201cG\u00f3i mi\u1ec5n ph\u00ed v\u0129nh vi\u1ec5n\u201d bao g\u1ed3m 10.000 tin nh\u1eafn tr\u1ea3 tr\u01b0\u1edbc, cho ph\u00e9p b\u1ea1n th\u1eed nghi\u1ec7m m\u00e0 kh\u00f4ng c\u00f3 r\u1ee7i ro l\u1edbn.<\/p>\n\n\n\n<p><strong>H: WASender c\u00f3 ph\u00f9 h\u1ee3p v\u1edbi quy tr\u00ecnh l\u00e0m vi\u1ec7c t\u1ef1 \u0111\u1ed9ng h\u00f3a quy m\u00f4 l\u1edbn v\u00e0 nhi\u1ec1u t\u00e1c nh\u00e2n kh\u00f4ng?<\/strong><br><strong>M\u1ed8T:<\/strong> N\u00f3 c\u00f3 th\u1ec3 ho\u1ea1t \u0111\u1ed9ng v\u1edbi tin nh\u1eafn g\u1eedi \u0111i h\u00e0ng lo\u1ea1t, nh\u01b0ng n\u1ebfu b\u1ea1n c\u1ea7n quy tr\u00ecnh l\u00e0m vi\u1ec7c \u0111a t\u00e1c nh\u00e2n, \u0111\u1ecbnh tuy\u1ebfn s\u00e2u, k\u00eanh chuy\u1ec3n \u0111\u1ed5i d\u1ef1a tr\u00ean qu\u1ea3ng c\u00e1o v\u00e0 quy m\u00f4 doanh nghi\u1ec7p, b\u1ea1n c\u00f3 th\u1ec3 th\u1ea5y n\u00f3 \u00edt ph\u00f9 h\u1ee3p h\u01a1n so v\u1edbi c\u00e1c n\u1ec1n t\u1ea3ng \u0111\u01b0\u1ee3c x\u00e2y d\u1ef1ng \u0111\u1ec3 th\u1ef1c hi\u1ec7n t\u0103ng tr\u01b0\u1edfng.<\/p>\n\n\n\n<p><strong>H: C\u00e1i n\u00e0o t\u1ed1t h\u01a1n cho qu\u1ea3ng c\u00e1o Click-to-WhatsApp v\u00e0 t\u1ed1i \u01b0u h\u00f3a to\u00e0n b\u1ed9 k\u00eanh?<\/strong><br><strong>M\u1ed8T:<\/strong> WABOOM r\u00f5 r\u00e0ng m\u1ea1nh h\u01a1n v\u00ec n\u00f3 cung c\u1ea5p chi\u1ebfn l\u01b0\u1ee3c + th\u1ef1c thi + t\u1ed1i \u01b0u h\u00f3a. WASender thi\u00ean v\u1ec1 g\u1eedi tin nh\u1eafn h\u00e0ng lo\u1ea1t h\u01a1n l\u00e0 ch\u1ea1y c\u00e1c chi\u1ebfn d\u1ecbch qu\u1ea3ng c\u00e1o to\u00e0n k\u00eanh.<\/p>\n\n\n\n<p><strong>H: S\u1ed1 gh\u1ebf \u0111\u1ea1i l\u00fd tr\u00ean WASender c\u00f3 kh\u00f4ng gi\u1edbi h\u1ea1n nh\u01b0 tr\u00ean WABOOM kh\u00f4ng?<\/strong><br><strong>M\u1ed8T:<\/strong> Kh\u00f4ng nh\u1ea5t thi\u1ebft. WASender t\u1eadp trung v\u00e0o nh\u1eafn tin h\u00e0ng lo\u1ea1t h\u01a1n l\u00e0 c\u1ed9ng t\u00e1c nh\u00f3m doanh nghi\u1ec7p \u2014 b\u1ea1n s\u1ebd mu\u1ed1n xem x\u00e9t s\u1ed1 l\u01b0\u1ee3ng nh\u00e2n vi\u00ean\/ng\u01b0\u1eddi d\u00f9ng \u0111\u01b0\u1ee3c c\u1ea5p v\u00e0 li\u1ec7u c\u00f3 ph\u00e1t sinh th\u00eam chi ph\u00ed hay kh\u00f4ng.<\/p>\n\n\n\n<h2 class=\"wp-block-heading\">Ai th\u1eafng?<\/h2>\n\n\n\n<ul class=\"wp-block-list\">\n<li>Ch\u1ecdn <strong>WABOOM<\/strong> n\u1ebfu b\u1ea1n:<br>\u2714 Mu\u1ed1n <strong>chi\u1ebfn l\u01b0\u1ee3c chuy\u1ec3n giao, chi\u1ebfn d\u1ecbch v\u00e0 th\u1ef1c hi\u1ec7n t\u0103ng tr\u01b0\u1edfng<\/strong> cho m\u1ed9t \u0111\u1ed1i t\u00e1c<br>\u2714 C\u1ea7n <strong>gi\u00e1 c\u1ea3 c\u00f3 th\u1ec3 d\u1ef1 \u0111o\u00e1n \u0111\u01b0\u1ee3c, kh\u00f4ng t\u0103ng gi\u00e1<\/strong> v\u1edbi m\u1ed9t c\u00e1ch mi\u1ec5n ph\u00ed \u0111\u1ec3 ki\u1ec3m tra<br>\u2714 Mu\u1ed1n c\u00f3 m\u1ed9t \u0111\u1ed1i t\u00e1c th\u00fac \u0111\u1ea9y lu\u1ed3ng qu\u1ea3ng c\u00e1o \u0111\u1ebfn WhatsApp, \u0111\u1ecbnh tuy\u1ebfn, chuy\u1ec3n \u0111\u1ed5i, t\u1ef1 \u0111\u1ed9ng h\u00f3a<br>\u2714 \u0110ang m\u1edf r\u1ed9ng quy m\u00f4 v\u00e0 y\u00eau c\u1ea7u c\u01a1 s\u1edf h\u1ea1 t\u1ea7ng \u0111\u00e1ng tin c\u1eady, s\u1eb5n s\u00e0ng cho doanh nghi\u1ec7p<\/li>\n\n\n\n<li>Ch\u1ecdn <strong>WASender<\/strong> n\u1ebfu b\u1ea1n:<br>\u2714 C\u00f3 ng\u00e2n s\u00e1ch nh\u1ecf h\u01a1n v\u00e0 ch\u1ee7 y\u1ebfu c\u1ea7n m\u1ed9t <strong>c\u00f4ng c\u1ee5 ti\u1ebfp c\u1eadn h\u00e0ng lo\u1ea1t<\/strong><br>\u2714 Tho\u1ea3i m\u00e1i x\u00e2y d\u1ef1ng v\u00e0 qu\u1ea3n l\u00fd lu\u1ed3ng, chi\u1ebfn d\u1ecbch v\u00e0 t\u1ed1i \u01b0u h\u00f3a c\u1ee7a ri\u00eang b\u1ea1n<br>\u2714 Ch\u01b0a c\u1ea7n t\u00edch h\u1ee3p qu\u1ea3ng c\u00e1o \u0111\u1ea7y \u0111\u1ee7, logic \u0111\u1ecbnh tuy\u1ebfn ho\u1eb7c h\u1ed7 tr\u1ee3 nh\u00f3m doanh nghi\u1ec7p<br>\u2714 Mu\u1ed1n c\u00f3 m\u1ed9t \u0111i\u1ec3m v\u00e0o \u0111\u01a1n gi\u1ea3n h\u01a1n, chi ph\u00ed th\u1ea5p h\u01a1n cho tin nh\u1eafn WhatsApp<\/li>\n<\/ul>\n\n\n\n<p><strong>T\u00f3m l\u1ea1i:<\/strong><br>N\u1ebfu b\u1ea1n nghi\u00eam t\u00fac v\u1ec1 vi\u1ec7c s\u1eed d\u1ee5ng WhatsApp \u0111\u1ec3 ph\u00e1t tri\u1ec3n \u2014 kh\u00f4ng ch\u1ec9 l\u00e0 tin nh\u1eafn \u2014 th\u00ec <strong>WABOOM<\/strong> l\u00e0 l\u1ef1a ch\u1ecdn t\u1ed1t h\u01a1n v\u00ec n\u00f3 mang l\u1ea1i cho b\u1ea1n c\u1ea5u tr\u00fac, chi\u1ebfn l\u01b0\u1ee3c v\u00e0 quan h\u1ec7 \u0111\u1ed1i t\u00e1c.<br>N\u1ebfu b\u1ea1n \u0111ang th\u1eed nghi\u1ec7m c\u00e1c chi\u1ebfn d\u1ecbch nh\u1ecf h\u01a1n ho\u1eb7c th\u1ef1c hi\u1ec7n ti\u1ebfp c\u1eadn \u0111\u01a1n gi\u1ea3n h\u01a1n, <strong>WASender<\/strong> cung c\u1ea5p m\u1ed9t c\u00f4ng c\u1ee5 kh\u1ea3 thi v\u1edbi chi ph\u00ed th\u1ea5p.<\/p>","protected":false},"excerpt":{"rendered":"<p>Stop Paying for Messaging Tools That Leave You Doing All the Work Many \u201cWhatsApp blast\u201d tools look cheap, but when you want to scale, convert, and automate, they often fall short. If you need predictable pricing, full-service execution, and a partner who drives growth, you should compare WABOOM vs. WASender \u2014 because what you really&#8230;<\/p>","protected":false},"author":1,"featured_media":0,"parent":0,"menu_order":0,"comment_status":"closed","ping_status":"closed","template":"","meta":{"_bbp_topic_count":0,"_bbp_reply_count":0,"_bbp_total_topic_count":0,"_bbp_total_reply_count":0,"_bbp_voice_count":0,"_bbp_anonymous_reply_count":0,"_bbp_topic_count_hidden":0,"_bbp_reply_count_hidden":0,"_bbp_forum_subforum_count":0,"_monsterinsights_skip_tracking":false,"_monsterinsights_sitenote_active":false,"_monsterinsights_sitenote_note":"","_monsterinsights_sitenote_category":0,"footnotes":""},"class_list":["post-6371","page","type-page","status-publish","hentry"],"_links":{"self":[{"href":"https:\/\/waboom.net\/vi\/wp-json\/wp\/v2\/pages\/6371","targetHints":{"allow":["GET"]}}],"collection":[{"href":"https:\/\/waboom.net\/vi\/wp-json\/wp\/v2\/pages"}],"about":[{"href":"https:\/\/waboom.net\/vi\/wp-json\/wp\/v2\/types\/page"}],"author":[{"embeddable":true,"href":"https:\/\/waboom.net\/vi\/wp-json\/wp\/v2\/users\/1"}],"replies":[{"embeddable":true,"href":"https:\/\/waboom.net\/vi\/wp-json\/wp\/v2\/comments?post=6371"}],"version-history":[{"count":0,"href":"https:\/\/waboom.net\/vi\/wp-json\/wp\/v2\/pages\/6371\/revisions"}],"wp:attachment":[{"href":"https:\/\/waboom.net\/vi\/wp-json\/wp\/v2\/media?parent=6371"}],"curies":[{"name":"wp","href":"https:\/\/api.w.org\/{rel}","templated":true}]}}