{"id":6375,"date":"2025-11-17T19:39:02","date_gmt":"2025-11-17T19:39:02","guid":{"rendered":"https:\/\/waboom.net\/?page_id=6375"},"modified":"2025-11-19T13:02:35","modified_gmt":"2025-11-19T13:02:35","slug":"waboom-vs-twilio","status":"publish","type":"page","link":"https:\/\/waboom.net\/vi\/waboom-vs-twilio\/","title":{"rendered":"WABOOM so v\u1edbi Twilio"},"content":{"rendered":"<p><\/p>\n\n\n\n<h1 class=\"wp-block-heading\">H\u00e3y ng\u1eebng tr\u1ea3 ti\u1ec1n cho d\u1ecbch v\u1ee5 nh\u1eafn tin m\u00e0 l\u1ea1i \u0111\u1ec3 b\u1ea1n ph\u1ea3i t\u1ef1 l\u00e0m m\u1ecdi vi\u1ec7c.<\/h1>\n\n\n\n<p>Nhi\u1ec1u gi\u1ea3i ph\u00e1p WhatsApp cung c\u1ea5p cho b\u1ea1n <strong>c\u00f4ng c\u1ee5<\/strong>, nh\u01b0ng kh\u00f4ng ph\u1ea3i l\u00e0 <strong>chi\u1ebfn l\u01b0\u1ee3c<\/strong>. N\u1ebfu b\u1ea1n mu\u1ed1n gi\u00e1 c\u1ea3 \u1ed5n \u0111\u1ecbnh, kh\u1ea3 n\u0103ng th\u1ef1c thi th\u1ef1c t\u1ebf v\u00e0 m\u1ed9t \u0111\u1ed1i t\u00e1c gi\u00fap b\u1ea1n m\u1edf r\u1ed9ng quy m\u00f4, h\u00e3y so s\u00e1nh... <strong>WABOOM<\/strong> so v\u1edbi <strong>Twilio<\/strong> \u0110i\u1ec1u n\u00e0y cho th\u1ea5y t\u1ea1i sao vi\u1ec7c th\u1ef1c thi l\u1ea1i quan tr\u1ecdng h\u01a1n ch\u1ec9 l\u00e0 API.<\/p>\n\n\n\n<h2 class=\"wp-block-heading\">\ud83d\udd25 So s\u00e1nh WABOOM v\u00e0 Twilio: T\u1eebng t\u00ednh n\u0103ng m\u1ed9t<\/h2>\n\n\n\n<figure class=\"wp-block-table\"><table class=\"has-fixed-layout\"><thead><tr><th>T\u00ednh n\u0103ng<\/th><th><strong>WABOOM (\u0110\u1ed1i t\u00e1c t\u0103ng tr\u01b0\u1edfng d\u1ecbch v\u1ee5 tr\u1ecdn g\u00f3i)<\/strong><\/th><th><strong>Twilio (API \/ N\u1ec1n t\u1ea3ng nh\u1eafn tin t\u1ef1 ph\u1ee5c v\u1ee5)<\/strong><\/th><\/tr><\/thead><tbody><tr><td><strong>Chi ph\u00ed v\u00e0 ph\u00ed d\u1ecbch v\u1ee5 tin nh\u1eafn WhatsApp<\/strong><\/td><td>Ph\u00ed hoa h\u1ed3ng 0% tr\u00ean chi ph\u00ed h\u1ed9i tho\u1ea1i Meta + ph\u00ed n\u1ec1n t\u1ea3ng c\u1ed1 \u0111\u1ecbnh. G\u00f3i mi\u1ec5n ph\u00ed v\u0129nh vi\u1ec5n bao g\u1ed3m 10.000 tin nh\u1eafn mi\u1ec5n ph\u00ed.<\/td><td>Thanh to\u00e1n theo t\u1eebng tin nh\u1eafn th\u00f4ng qua API c\u1ee7a Twilio; kh\u00f4ng c\u00f3 g\u00f3i mi\u1ec5n ph\u00ed. Chi ph\u00ed ph\u1ee5 thu\u1ed9c v\u00e0o lo\u1ea1i m\u1eabu tin nh\u1eafn (ti\u1ebfp th\u1ecb ho\u1eb7c giao d\u1ecbch).<\/td><\/tr><tr><td><strong>Minh b\u1ea1ch v\u1ec1 gi\u00e1 c\u1ea3<\/strong><\/td><td>Chi ph\u00ed d\u1ef1 ki\u1ebfn: ph\u00ed n\u1ec1n t\u1ea3ng + chi ph\u00ed th\u1ef1c t\u1ebf c\u1ee7a cu\u1ed9c tr\u00f2 chuy\u1ec7n WhatsApp.<\/td><td>Minh b\u1ea1ch nh\u01b0ng linh ho\u1ea1t: gi\u00e1 c\u1ea3 thay \u0111\u1ed5i theo s\u1ed1 l\u01b0\u1ee3ng v\u00e0 lo\u1ea1i tin nh\u1eafn; chi ph\u00ed t\u0103ng theo m\u1ee9c \u0111\u1ed9 s\u1eed d\u1ee5ng API.<\/td><\/tr><tr><td><strong>\u0110\u0103ng nh\u1eadp \u0111\u1ea1i l\u00fd \/ nh\u00f3m<\/strong><\/td><td>H\u1ea7u h\u1ebft c\u00e1c g\u00f3i d\u1ecbch v\u1ee5 \u0111\u1ec1u cung c\u1ea5p s\u1ed1 l\u01b0\u1ee3ng ch\u1ed7 ng\u1ed3i cho \u0111\u1ea1i l\u00fd kh\u00f4ng gi\u1edbi h\u1ea1n \u2014 cho ph\u00e9p b\u1ea1n m\u1edf r\u1ed9ng \u0111\u1ed9i ng\u0169 c\u1ee7a m\u00ecnh m\u1ed9t c\u00e1ch t\u1ef1 do.<\/td><td>Twilio cung c\u1ea5p quy\u1ec1n truy c\u1eadp API; b\u1ea1n t\u1ef1 x\u00e2y d\u1ef1ng c\u01a1 s\u1edf h\u1ea1 t\u1ea7ng \u0111a t\u00e1c nh\u00e2n c\u1ee7a ri\u00eang m\u00ecnh. T\u00ednh n\u0103ng n\u00e0y kh\u00f4ng \u0111\u01b0\u1ee3c bao g\u1ed3m s\u1eb5n.<\/td><\/tr><tr><td><strong>Chi\u1ebfn l\u01b0\u1ee3c v\u00e0 th\u1ef1c hi\u1ec7n qu\u1ea3ng c\u00e1o<\/strong><\/td><td>D\u1ecbch v\u1ee5 tr\u1ecdn g\u00f3i: WABOOM x\u00e2y d\u1ef1ng chi\u1ebfn d\u1ecbch, ch\u1ea1y qu\u1ea3ng c\u00e1o Click-to-WhatsApp v\u00e0 t\u1ed1i \u01b0u h\u00f3a t\u1ef7 l\u1ec7 chuy\u1ec3n \u0111\u1ed5i.<\/td><td>Twilio ch\u1ec9 \u0111\u01a1n thu\u1ea7n l\u00e0 m\u1ed9t c\u00f4ng c\u1ee5: b\u1ea1n t\u1ef1 qu\u1ea3n l\u00fd t\u1ea5t c\u1ea3 c\u00e1c chi\u1ebfn d\u1ecbch, quy tr\u00ecnh v\u00e0 t\u00edch h\u1ee3p qu\u1ea3ng c\u00e1o.<\/td><\/tr><tr><td><strong>Tr\u00ecnh t\u1ea1o Chatbot \/ T\u1ef1 \u0111\u1ed9ng h\u00f3a<\/strong><\/td><td>C\u00f4ng c\u1ee5 x\u00e2y d\u1ef1ng k\u00e9o th\u1ea3 ho\u00e0n to\u00e0n kh\u00f4ng b\u1ecb kh\u00f3a v\u1edbi logic, lu\u1ed3ng n\u00e2ng cao v\u00e0 kh\u00f4ng c\u00f3 gi\u1edbi h\u1ea1n truy c\u1eadp.<\/td><td>Twilio cung c\u1ea5p API v\u00e0 c\u00e1c th\u01b0 vi\u1ec7n h\u1ed7 tr\u1ee3; b\u1ea1n t\u1ef1 x\u00e2y d\u1ef1ng logic v\u00e0 quy tr\u00ecnh l\u00e0m vi\u1ec7c cho chatbot c\u1ee7a m\u00ecnh.<\/td><\/tr><tr><td><strong>Truy c\u1eadp API \/ Webhook<\/strong><\/td><td>Truy c\u1eadp API kh\u00f4ng gi\u1edbi h\u1ea1n, t\u00edch h\u1ee3p \u0111\u1ea7y \u0111\u1ee7 v\u1edbi CRM, h\u1ec7 th\u1ed1ng ph\u1ee5 tr\u1ee3 v\u00e0 ph\u00e2n t\u00edch d\u1eef li\u1ec7u.<\/td><td>Twilio \u01b0u ti\u00ean API v\u1edbi b\u1ed9 c\u00f4ng c\u1ee5 ph\u00e1t tri\u1ec3n m\u1edf r\u1ed9ng, webhook v\u00e0 SDK, nh\u01b0ng \u0111\u00f2i h\u1ecfi thi\u1ebft l\u1eadp v\u00e0 b\u1ea3o tr\u00ec k\u1ef9 thu\u1eadt.<\/td><\/tr><tr><td><strong>M\u1edf r\u1ed9ng quy m\u00f4 &amp; Kh\u1ed1i l\u01b0\u1ee3ng<\/strong><\/td><td>S\u1eb5n s\u00e0ng cho doanh nghi\u1ec7p: g\u1eedi tin nh\u1eafn s\u1ed1 l\u01b0\u1ee3ng l\u1edbn, \u0111\u1ecbnh tuy\u1ebfn chi\u1ebfn d\u1ecbch v\u00e0 ph\u00e2n ph\u1ed1i t\u1ed1i \u01b0u.<\/td><td>Kh\u1ea3 n\u0103ng m\u1edf r\u1ed9ng \u1edf c\u1ea5p \u0111\u1ed9 API: kh\u1ed1i l\u01b0\u1ee3ng l\u1edbn l\u00e0 c\u00f3 th\u1ec3, nh\u01b0ng b\u1ea1n ph\u1ea3i qu\u1ea3n l\u00fd vi\u1ec7c m\u1edf r\u1ed9ng quy m\u00f4, \u0111\u1ecbnh tuy\u1ebfn tin nh\u1eafn v\u00e0 x\u1eed l\u00fd l\u1ed7i.<\/td><\/tr><tr><td><strong>Tu\u00e2n th\u1ee7 &amp; R\u1ee7i ro<\/strong><\/td><td>S\u1eed d\u1ee5ng API ch\u00ednh th\u1ee9c c\u1ee7a WhatsApp Business v\u1edbi chi ph\u00ed b\u1eb1ng kh\u00f4ng; tu\u00e2n th\u1ee7 quy \u0111\u1ecbnh v\u00e0 r\u1ee7i ro th\u1ea5p.<\/td><td>Truy c\u1eadp API WhatsApp ch\u00ednh th\u1ee9c \u0111\u1ea7y \u0111\u1ee7, tu\u00e2n th\u1ee7 c\u00e1c quy \u0111\u1ecbnh, nh\u01b0ng y\u00eau c\u1ea7u qu\u1ea3n l\u00fd t\u00e0i kho\u1ea3n c\u1ea9n th\u1eadn v\u00e0 s\u1ef1 gi\u00e1m s\u00e1t c\u1ee7a nh\u00e0 ph\u00e1t tri\u1ec3n.<\/td><\/tr><tr><td><strong>H\u1ed7 tr\u1ee3 &amp; T\u00edch h\u1ee3p<\/strong><\/td><td>Qu\u1ea3n l\u00fd t\u00e0i kho\u1ea3n chuy\u00ean tr\u00e1ch + h\u1ed7 tr\u1ee3 t\u1eadn t\u00e2m cho c\u00e1c chi\u1ebfn d\u1ecbch v\u00e0 t\u1ef1 \u0111\u1ed9ng h\u00f3a.<\/td><td>H\u1ed7 tr\u1ee3 t\u1eadp trung v\u00e0o nh\u00e0 ph\u00e1t tri\u1ec3n; ch\u1ee7 y\u1ebfu l\u00e0 h\u01b0\u1edbng d\u1eabn k\u1ef9 thu\u1eadt, \u00edt h\u1ed7 tr\u1ee3 chi\u1ebfn l\u01b0\u1ee3c.<\/td><\/tr><\/tbody><\/table><\/figure>\n\n\n\n<h2 class=\"wp-block-heading\">\ud83d\udca5 T\u1ea1i sao nh\u1eefng kh\u00e1c bi\u1ec7t n\u00e0y l\u1ea1i quan tr\u1ecdng<\/h2>\n\n\n\n<ul class=\"wp-block-list\">\n<li><strong>Chi ph\u00ed v\u00e0 kh\u1ea3 n\u0103ng d\u1ef1 \u0111o\u00e1n<\/strong><br>WABOOM cung c\u1ea5p m\u00f4 h\u00ecnh chi ph\u00ed minh b\u1ea1ch, kh\u00f4ng t\u00ednh ph\u00ed hoa h\u1ed3ng v\u1edbi g\u00f3i d\u00f9ng th\u1eed mi\u1ec5n ph\u00ed. Gi\u00e1 c\u01b0\u1edbc t\u00ednh theo t\u1eebng tin nh\u1eafn c\u1ee7a Twilio c\u00f3 th\u1ec3 t\u0103ng nhanh n\u1ebfu s\u1ed1 l\u01b0\u1ee3ng tin nh\u1eafn c\u1ee7a b\u1ea1n t\u0103ng l\u00ean.<\/li>\n\n\n\n<li><strong>Th\u1ef1c thi so v\u1edbi c\u00f4ng c\u1ee5<\/strong><br>WABOOM v\u1eadn h\u00e0nh c\u00e1c chi\u1ebfn d\u1ecbch, x\u00e2y d\u1ef1ng quy tr\u00ecnh v\u00e0 t\u1ed1i \u01b0u h\u00f3a tin nh\u1eafn cho b\u1ea1n. Twilio l\u00e0 m\u1ed9t n\u1ec1n t\u1ea3ng\/API: b\u1ea1n ch\u1ecbu tr\u00e1ch nhi\u1ec7m cho m\u1ecdi th\u1ee9, t\u1eeb thi\u1ebft l\u1eadp \u0111\u1ebfn th\u1ef1c thi t\u0103ng tr\u01b0\u1edfng.<\/li>\n\n\n\n<li><strong>Kh\u1ea3 n\u0103ng m\u1edf r\u1ed9ng v\u00e0 r\u1ee7i ro<\/strong><br>WABOOM \u0111\u01b0\u1ee3c thi\u1ebft k\u1ebf cho s\u1ef1 t\u0103ng tr\u01b0\u1edfng quy m\u00f4 doanh nghi\u1ec7p, t\u1eadp trung v\u00e0o chuy\u1ec3n \u0111\u1ed5i. Twilio c\u00f3 kh\u1ea3 n\u0103ng m\u1edf r\u1ed9ng v\u1ec1 m\u1eb7t k\u1ef9 thu\u1eadt nh\u01b0ng y\u00eau c\u1ea7u ngu\u1ed3n l\u1ef1c ph\u00e1t tri\u1ec3n, c\u1ea5u h\u00ecnh c\u1ea9n th\u1eadn v\u00e0 b\u1ea3o tr\u00ec \u0111\u1ec3 duy tr\u00ec kh\u1ea3 n\u0103ng g\u1eedi email.<\/li>\n<\/ul>\n\n\n\n<h2 class=\"wp-block-heading\">\u2b50 \u01afu v\u00e0 nh\u01b0\u1ee3c \u0111i\u1ec3m: WABOOM so v\u1edbi Twilio<\/h2>\n\n\n\n<figure class=\"wp-block-table\"><table class=\"has-fixed-layout\"><thead><tr><th><\/th><th><strong>WABOOM (\u0110\u1ed1i t\u00e1c t\u0103ng tr\u01b0\u1edfng)<\/strong><\/th><th><strong>Twilio (N\u1ec1n t\u1ea3ng\/API)<\/strong><\/th><\/tr><\/thead><tbody><tr><td><strong>\u01afu \u0111i\u1ec3m<\/strong><\/td><td>\u2022 M\u1ee9c ph\u00ed hoa h\u1ed3ng 0% tr\u00ean WhatsApp \u2022 10.000 tin nh\u1eafn mi\u1ec5n ph\u00ed \u0111\u1ec3 th\u1eed nghi\u1ec7m \u2022 D\u1ecbch v\u1ee5 qu\u1ea3ng c\u00e1o tr\u1ecdn g\u00f3i + t\u1ef1 \u0111\u1ed9ng h\u00f3a \u2022 S\u1ed1 l\u01b0\u1ee3ng ng\u01b0\u1eddi d\u00f9ng kh\u00f4ng gi\u1edbi h\u1ea1n \u2022 Chi ph\u00ed c\u00f3 th\u1ec3 d\u1ef1 \u0111o\u00e1n \u0111\u01b0\u1ee3c<\/td><td>\u2022 API c\u1ef1c k\u1ef3 linh ho\u1ea1t \u2022 SDK v\u00e0 webhook th\u00e2n thi\u1ec7n v\u1edbi nh\u00e0 ph\u00e1t tri\u1ec3n \u2022 Ki\u1ec3m so\u00e1t ho\u00e0n to\u00e0n c\u01a1 s\u1edf h\u1ea1 t\u1ea7ng v\u00e0 lu\u1ed3ng tin nh\u1eafn \u2022 Kh\u1ea3 n\u0103ng m\u1edf r\u1ed9ng v\u1ec1 m\u1eb7t k\u1ef9 thu\u1eadt v\u1edbi h\u1ec7 th\u1ed1ng nh\u1eafn tin c\u1ea5p doanh nghi\u1ec7p<\/td><\/tr><tr><td><strong>Nh\u01b0\u1ee3c \u0111i\u1ec3m \/ \u0110\u00e1nh \u0111\u1ed5i<\/strong><\/td><td>\u2022 B\u1ea1n d\u1ef1a v\u00e0o \u0111\u1ed1i t\u00e1c \u0111\u1ec3 th\u1ef1c hi\u1ec7n \u2022 Ph\u00ed n\u1ec1n t\u1ea3ng c\u1ed1 \u0111\u1ecbnh \u1edf quy m\u00f4 l\u1edbn<\/td><td>\u2022 C\u1ea7n ngu\u1ed3n l\u1ef1c c\u1ee7a nh\u00e0 ph\u00e1t tri\u1ec3n \u0111\u1ec3 tri\u1ec3n khai v\u00e0 b\u1ea3o tr\u00ec \u2022 Kh\u00f4ng c\u00f3 ch\u1ee9c n\u0103ng th\u1ef1c thi chi\u1ebfn d\u1ecbch ho\u1eb7c t\u1ed1i \u01b0u h\u00f3a qu\u1ea3ng c\u00e1o t\u00edch h\u1ee3p s\u1eb5n \u2022 Chi ph\u00ed t\u0103ng theo s\u1ed1 l\u01b0\u1ee3ng v\u00e0 lo\u1ea1i tin nh\u1eafn<\/td><\/tr><\/tbody><\/table><\/figure>\n\n\n\n<hr class=\"wp-block-separator has-alpha-channel-opacity\"\/>\n\n\n\n<h2 class=\"wp-block-heading\">\u2753 C\u00e2u h\u1ecfi th\u01b0\u1eddng g\u1eb7p (FAQ)<\/h2>\n\n\n\n<p><strong>H\u1ecfi: WABOOM c\u00f3 cung c\u1ea5p g\u00f3i mi\u1ec5n ph\u00ed kh\u00f4ng?<\/strong><br><strong>M\u1ed8T:<\/strong> \u0110\u00fang v\u1eady \u2014 G\u00f3i Mi\u1ec5n Ph\u00ed V\u0129nh Vi\u1ec5n bao g\u1ed3m 10.000 tin nh\u1eafn \u0111\u1ec3 b\u1ea1n d\u00f9ng th\u1eed m\u00e0 kh\u00f4ng g\u1eb7p r\u1ee7i ro.<\/p>\n\n\n\n<p><strong>H\u1ecfi: Twilio c\u00f3 bao g\u1ed3m qu\u1ea3n l\u00fd chi\u1ebfn d\u1ecbch ho\u1eb7c th\u1ef1c thi qu\u1ea3ng c\u00e1o kh\u00f4ng?<\/strong><br><strong>M\u1ed8T:<\/strong> Kh\u00f4ng \u2014 Twilio l\u00e0 m\u1ed9t n\u1ec1n t\u1ea3ng \u01b0u ti\u00ean API. B\u1ea1n ph\u1ea3i t\u1ef1 x\u00e2y d\u1ef1ng, v\u1eadn h\u00e0nh v\u00e0 t\u1ed1i \u01b0u h\u00f3a c\u00e1c chi\u1ebfn d\u1ecbch.<\/p>\n\n\n\n<p><strong>H\u1ecfi: T\u00f4i c\u00f3 th\u1ec3 x\u00e2y d\u1ef1ng chatbot tr\u00ean Twilio kh\u00f4ng?<\/strong><br><strong>M\u1ed8T:<\/strong> \u0110\u00fang v\u1eady, nh\u01b0ng b\u1ea1n ph\u1ea3i s\u1eed d\u1ee5ng API, th\u01b0 vi\u1ec7n v\u00e0 webhook c\u1ee7a h\u1ecd \u0111\u1ec3 x\u00e2y d\u1ef1ng logic t\u00f9y ch\u1ec9nh; kh\u00f4ng c\u00f3 c\u00f4ng c\u1ee5 x\u00e2y d\u1ef1ng d\u1ecbch v\u1ee5 ho\u00e0n ch\u1ec9nh \u0111\u01b0\u1ee3c t\u00edch h\u1ee3p s\u1eb5n.<\/p>\n\n\n\n<p><strong>H\u1ecfi: WABOOM x\u1eed l\u00fd vi\u1ec7c m\u1edf r\u1ed9ng quy m\u00f4 nh\u01b0 th\u1ebf n\u00e0o?<\/strong><br><strong>M\u1ed8T:<\/strong> WABOOM s\u1eb5n s\u00e0ng cho doanh nghi\u1ec7p, cung c\u1ea5p t\u00ednh n\u0103ng \u0111\u1ecbnh tuy\u1ebfn, t\u1ef1 \u0111\u1ed9ng h\u00f3a v\u00e0 t\u1ed1i \u01b0u h\u00f3a chi\u1ebfn d\u1ecbch nh\u01b0 m\u1ed9t ph\u1ea7n c\u1ee7a d\u1ecbch v\u1ee5 \u2014 b\u1ea1n c\u00f3 th\u1ec3 m\u1edf r\u1ed9ng quy m\u00f4 m\u00e0 kh\u00f4ng c\u1ea7n lo l\u1eafng v\u1ec1 c\u01a1 s\u1edf h\u1ea1 t\u1ea7ng.<\/p>\n\n\n\n<h2 class=\"wp-block-heading\">\ud83d\ude80 K\u1ebft lu\u1eadn cu\u1ed1i c\u00f9ng: Ai th\u1eafng?<\/h2>\n\n\n\n<ul class=\"wp-block-list\">\n<li><strong>Ch\u1ecdn WABOOM<\/strong> n\u1ebfu b\u1ea1n:<br>\u2714 B\u1ea1n mu\u1ed1n t\u00ecm \u0111\u1ed1i t\u00e1c qu\u1ea3n l\u00fd c\u00e1c chi\u1ebfn d\u1ecbch, t\u1ef1 \u0111\u1ed9ng h\u00f3a v\u00e0 qu\u1ea3ng c\u00e1o Click-to-WhatsApp?<br>\u2714 \u01afu ti\u00ean chi ph\u00ed \u1ed5n \u0111\u1ecbnh v\u00e0 g\u00f3i d\u00f9ng th\u1eed mi\u1ec5n ph\u00ed<br>\u2714 C\u1ea7n h\u1ed7 tr\u1ee3 v\u00e0 \u0111\u1ecbnh tuy\u1ebfn c\u1ea5p doanh nghi\u1ec7p<br>\u2714 Kh\u00f4ng mu\u1ed1n t\u1ef1 m\u00ecnh x\u1eed l\u00fd vi\u1ec7c b\u1ea3o tr\u00ec API<\/li>\n\n\n\n<li><strong>H\u00e3y ch\u1ecdn Twilio<\/strong> n\u1ebfu b\u1ea1n:<br>\u2714 C\u00f3 \u0111\u1ed9i ng\u0169 k\u1ef9 thu\u1eadt s\u1eb5n s\u00e0ng tri\u1ec3n khai v\u00e0 qu\u1ea3n l\u00fd API<br>\u2714 B\u1ea1n mu\u1ed1n ki\u1ec3m so\u00e1t ho\u00e0n to\u00e0n lu\u1ed3ng tin nh\u1eafn, t\u00edch h\u1ee3p v\u00e0 c\u01a1 s\u1edf h\u1ea1 t\u1ea7ng.<br>\u2714 B\u1ea1n c\u00f3 th\u1ec3 t\u1ef1 m\u00ecnh qu\u1ea3n l\u00fd vi\u1ec7c m\u1edf r\u1ed9ng quy m\u00f4, b\u1ea3o tr\u00ec v\u00e0 t\u1ed1i \u01b0u h\u00f3a chi\u1ebfn d\u1ecbch kh\u00f4ng?<br>\u2714 Kh\u00f4ng c\u1ea7n th\u1ef1c hi\u1ec7n chi\u1ebfn d\u1ecbch qu\u1ea3ng c\u00e1o ho\u1eb7c h\u1ed7 tr\u1ee3 chuy\u00ean s\u00e2u.<\/li>\n<\/ul>\n\n\n\n<p><strong>T\u00f3m l\u1ea1i:<\/strong><br>V\u00ec <strong>th\u1ef1c thi h\u01b0\u1edbng \u0111\u1ebfn t\u0103ng tr\u01b0\u1edfng v\u00e0 s\u1ef1 \u0111\u01a1n gi\u1ea3n<\/strong>, WABOOM l\u00e0 l\u1ef1a ch\u1ecdn m\u1ea1nh m\u1ebd h\u01a1n.<br>V\u00ec <strong>c\u00e1c nh\u00f3m \u01b0u ti\u00ean c\u00f4ng ngh\u1ec7 c\u1ea7n t\u00ednh linh ho\u1ea1t c\u1ee7a API<\/strong>, Twilio cung c\u1ea5p c\u00e1c c\u00f4ng c\u1ee5 m\u1ea1nh m\u1ebd, nh\u01b0ng b\u1ea1n l\u00e0 ng\u01b0\u1eddi qu\u1ea3n l\u00fd m\u1ecdi th\u1ee9.<\/p>","protected":false},"excerpt":{"rendered":"<p>Stop Paying for Messaging That Leaves You Doing All the Work Many WhatsApp solutions give you the tools, but not the strategy. If you want predictable pricing, real execution, and a partner who helps you scale, comparing WABOOM vs Twilio shows why execution matters more than just an API. \ud83d\udd25 WABOOM vs. Twilio: Feature-by-Feature Comparison&#8230;<\/p>","protected":false},"author":1,"featured_media":0,"parent":0,"menu_order":0,"comment_status":"closed","ping_status":"closed","template":"","meta":{"_bbp_topic_count":0,"_bbp_reply_count":0,"_bbp_total_topic_count":0,"_bbp_total_reply_count":0,"_bbp_voice_count":0,"_bbp_anonymous_reply_count":0,"_bbp_topic_count_hidden":0,"_bbp_reply_count_hidden":0,"_bbp_forum_subforum_count":0,"_monsterinsights_skip_tracking":false,"_monsterinsights_sitenote_active":false,"_monsterinsights_sitenote_note":"","_monsterinsights_sitenote_category":0,"footnotes":""},"class_list":["post-6375","page","type-page","status-publish","hentry"],"_links":{"self":[{"href":"https:\/\/waboom.net\/vi\/wp-json\/wp\/v2\/pages\/6375","targetHints":{"allow":["GET"]}}],"collection":[{"href":"https:\/\/waboom.net\/vi\/wp-json\/wp\/v2\/pages"}],"about":[{"href":"https:\/\/waboom.net\/vi\/wp-json\/wp\/v2\/types\/page"}],"author":[{"embeddable":true,"href":"https:\/\/waboom.net\/vi\/wp-json\/wp\/v2\/users\/1"}],"replies":[{"embeddable":true,"href":"https:\/\/waboom.net\/vi\/wp-json\/wp\/v2\/comments?post=6375"}],"version-history":[{"count":0,"href":"https:\/\/waboom.net\/vi\/wp-json\/wp\/v2\/pages\/6375\/revisions"}],"wp:attachment":[{"href":"https:\/\/waboom.net\/vi\/wp-json\/wp\/v2\/media?parent=6375"}],"curies":[{"name":"wp","href":"https:\/\/api.w.org\/{rel}","templated":true}]}}